{"id":580,"date":"2025-05-20T19:31:40","date_gmt":"2025-05-20T22:31:40","guid":{"rendered":"https:\/\/wp.ufpel.edu.br\/sacsociais\/?page_id=580"},"modified":"2025-06-16T17:40:59","modified_gmt":"2025-06-16T20:40:59","slug":"inscricao","status":"publish","type":"page","link":"https:\/\/wp.ufpel.edu.br\/sacsociais\/inscricao\/","title":{"rendered":"Inscri\u00e7\u00f5es"},"content":{"rendered":"<ul>\n<li>\n<h4>Fa\u00e7a sua inscri\u00e7\u00e3o para apresentar seu trabalho\u00a0<a href=\"https:\/\/docs.google.com\/forms\/d\/1H1z1CFQkfr8q5jtvXB-BoGk1AFx2jzPZY9CXTGXJwAQ\/edit\" target=\"_blank\" rel=\"noopener\">aqui<\/a>.<\/h4>\n<\/li>\n<li>\n<h4>Fa\u00e7a sua inscri\u00e7\u00e3o para ouvinte <a href=\"https:\/\/docs.google.com\/forms\/d\/13UMf2hakeCb8XXQy5pmORjXyaJk09Dfc59ZmOEjTrTw\/edit\" target=\"_blank\" rel=\"noopener\">aqui<\/a>.<\/h4>\n<\/li>\n<li>\n<h4>Fa\u00e7a sua inscri\u00e7\u00e3o para as oficinas e minicursos\u00a0<a href=\"https:\/\/wp.ufpel.edu.br\/sacsociais\/inscricao-para-mini-cursos\/\" target=\"_blank\" rel=\"noopener\">aqui<\/a>.<\/h4>\n<\/li>\n<\/ul>\n","protected":false},"excerpt":{"rendered":"<p>Fa\u00e7a sua inscri\u00e7\u00e3o para apresentar seu trabalho\u00a0aqui. Fa\u00e7a sua inscri\u00e7\u00e3o para ouvinte aqui. Fa\u00e7a sua inscri\u00e7\u00e3o para as oficinas e minicursos\u00a0aqui.<\/p>\n","protected":false},"author":1430,"featured_media":0,"parent":0,"menu_order":0,"comment_status":"closed","ping_status":"closed","template":"","meta":{"footnotes":""},"class_list":["post-580","page","type-page","status-publish","hentry"],"_links":{"self":[{"href":"https:\/\/wp.ufpel.edu.br\/sacsociais\/wp-json\/wp\/v2\/pages\/580","targetHints":{"allow":["GET"]}}],"collection":[{"href":"https:\/\/wp.ufpel.edu.br\/sacsociais\/wp-json\/wp\/v2\/pages"}],"about":[{"href":"https:\/\/wp.ufpel.edu.br\/sacsociais\/wp-json\/wp\/v2\/types\/page"}],"author":[{"embeddable":true,"href":"https:\/\/wp.ufpel.edu.br\/sacsociais\/wp-json\/wp\/v2\/users\/1430"}],"replies":[{"embeddable":true,"href":"https:\/\/wp.ufpel.edu.br\/sacsociais\/wp-json\/wp\/v2\/comments?post=580"}],"version-history":[{"count":4,"href":"https:\/\/wp.ufpel.edu.br\/sacsociais\/wp-json\/wp\/v2\/pages\/580\/revisions"}],"predecessor-version":[{"id":666,"href":"https:\/\/wp.ufpel.edu.br\/sacsociais\/wp-json\/wp\/v2\/pages\/580\/revisions\/666"}],"wp:attachment":[{"href":"https:\/\/wp.ufpel.edu.br\/sacsociais\/wp-json\/wp\/v2\/media?parent=580"}],"curies":[{"name":"wp","href":"https:\/\/api.w.org\/{rel}","templated":true}]}}