{"id":58,"date":"2012-04-05T15:24:34","date_gmt":"2012-04-05T18:24:34","guid":{"rendered":"https:\/\/wp.ufpel.edu.br\/sacsociais\/"},"modified":"2025-06-10T21:25:52","modified_gmt":"2025-06-11T00:25:52","slug":"programacao","status":"publish","type":"page","link":"https:\/\/wp.ufpel.edu.br\/sacsociais\/programacao\/","title":{"rendered":"Programa\u00e7\u00e3o"},"content":{"rendered":"<h3>Programa\u00e7\u00e3o da <strong>XV Semana Acad\u00eamica de Ci\u00eancias Sociais<\/strong> da UFPel!<\/h3>\n<p>Confira os eventos que preparamos para a Semana Acad\u00eamica, que ir\u00e1 acontecer entre os <strong>23 e 27 de junho<\/strong>. Teremos diversas mesas com palestrantes convidados e GT&#8217;s para apresenta\u00e7\u00e3o de trabalhos, tamb\u00e9m ser\u00e3o ofertados minicursos e oficinas!<\/p>\n<p>N\u00e3o esque\u00e7a de se inscrever como ouvinte para participar do evento!<\/p>\n<p>A data para submiss\u00e3o de trabalhos foi <strong>prorrogada<\/strong> at\u00e9 o dia <strong>14\/06<\/strong> (s\u00e1bado), ent\u00e3o n\u00e3o esque\u00e7a de conferir o modelo de resumo dispon\u00edvel!<\/p>\n<p>Se voc\u00ea possuir qualquer d\u00favida sobre o evento, \u00e9 s\u00f3 entrar em contato conosco pelo nosso Instagram <strong>@caffufpel<\/strong> ou pelo e-mail: <strong>ufpel.caff@gmail.com<\/strong><\/p>\n<p style=\"text-align: justify;\"><a href=\"https:\/\/wp.ufpel.edu.br\/sacsociais\/files\/2025\/06\/1-3-scaled.png\"><img loading=\"lazy\" decoding=\"async\" class=\"aligncenter wp-image-648\" src=\"https:\/\/wp.ufpel.edu.br\/sacsociais\/files\/2025\/06\/1-3-300x300.png\" alt=\"\" width=\"585\" height=\"585\" srcset=\"https:\/\/wp.ufpel.edu.br\/sacsociais\/files\/2025\/06\/1-3-300x300.png 300w, https:\/\/wp.ufpel.edu.br\/sacsociais\/files\/2025\/06\/1-3-1024x1024.png 1024w, https:\/\/wp.ufpel.edu.br\/sacsociais\/files\/2025\/06\/1-3-150x150.png 150w, https:\/\/wp.ufpel.edu.br\/sacsociais\/files\/2025\/06\/1-3-768x768.png 768w\" sizes=\"auto, (max-width: 585px) 100vw, 585px\" \/><\/a><a href=\"https:\/\/wp.ufpel.edu.br\/sacsociais\/files\/2025\/06\/2-1-scaled.png\"><img loading=\"lazy\" decoding=\"async\" class=\"aligncenter wp-image-649\" src=\"https:\/\/wp.ufpel.edu.br\/sacsociais\/files\/2025\/06\/2-1-300x300.png\" alt=\"\" width=\"585\" height=\"585\" srcset=\"https:\/\/wp.ufpel.edu.br\/sacsociais\/files\/2025\/06\/2-1-300x300.png 300w, https:\/\/wp.ufpel.edu.br\/sacsociais\/files\/2025\/06\/2-1-1024x1024.png 1024w, https:\/\/wp.ufpel.edu.br\/sacsociais\/files\/2025\/06\/2-1-150x150.png 150w, https:\/\/wp.ufpel.edu.br\/sacsociais\/files\/2025\/06\/2-1-768x768.png 768w, https:\/\/wp.ufpel.edu.br\/sacsociais\/files\/2025\/06\/2-1-1536x1536.png 1536w, https:\/\/wp.ufpel.edu.br\/sacsociais\/files\/2025\/06\/2-1-2048x2048.png 2048w\" sizes=\"auto, (max-width: 585px) 100vw, 585px\" \/><\/a><a href=\"https:\/\/wp.ufpel.edu.br\/sacsociais\/files\/2025\/06\/3-1-scaled.png\"><img loading=\"lazy\" decoding=\"async\" class=\"aligncenter wp-image-650\" src=\"https:\/\/wp.ufpel.edu.br\/sacsociais\/files\/2025\/06\/3-1-300x300.png\" alt=\"\" width=\"585\" height=\"585\" srcset=\"https:\/\/wp.ufpel.edu.br\/sacsociais\/files\/2025\/06\/3-1-300x300.png 300w, https:\/\/wp.ufpel.edu.br\/sacsociais\/files\/2025\/06\/3-1-1024x1024.png 1024w, https:\/\/wp.ufpel.edu.br\/sacsociais\/files\/2025\/06\/3-1-150x150.png 150w, https:\/\/wp.ufpel.edu.br\/sacsociais\/files\/2025\/06\/3-1-768x768.png 768w, https:\/\/wp.ufpel.edu.br\/sacsociais\/files\/2025\/06\/3-1-1536x1536.png 1536w, https:\/\/wp.ufpel.edu.br\/sacsociais\/files\/2025\/06\/3-1-2048x2048.png 2048w\" sizes=\"auto, (max-width: 585px) 100vw, 585px\" \/><\/a><\/p>\n<p style=\"text-align: center;\"><a href=\"https:\/\/wp.ufpel.edu.br\/sacsociais\/files\/2025\/06\/4-1-scaled.png\"><img loading=\"lazy\" decoding=\"async\" class=\"aligncenter wp-image-651\" src=\"https:\/\/wp.ufpel.edu.br\/sacsociais\/files\/2025\/06\/4-1-300x300.png\" alt=\"\" width=\"585\" height=\"585\" srcset=\"https:\/\/wp.ufpel.edu.br\/sacsociais\/files\/2025\/06\/4-1-300x300.png 300w, https:\/\/wp.ufpel.edu.br\/sacsociais\/files\/2025\/06\/4-1-1024x1024.png 1024w, https:\/\/wp.ufpel.edu.br\/sacsociais\/files\/2025\/06\/4-1-150x150.png 150w, https:\/\/wp.ufpel.edu.br\/sacsociais\/files\/2025\/06\/4-1-768x768.png 768w, https:\/\/wp.ufpel.edu.br\/sacsociais\/files\/2025\/06\/4-1-1536x1536.png 1536w, https:\/\/wp.ufpel.edu.br\/sacsociais\/files\/2025\/06\/4-1-2048x2048.png 2048w\" sizes=\"auto, (max-width: 585px) 100vw, 585px\" \/><\/a><a href=\"https:\/\/wp.ufpel.edu.br\/sacsociais\/files\/2025\/06\/5-1-scaled.png\"><img loading=\"lazy\" decoding=\"async\" class=\"aligncenter wp-image-652\" src=\"https:\/\/wp.ufpel.edu.br\/sacsociais\/files\/2025\/06\/5-1-300x300.png\" alt=\"\" width=\"585\" height=\"585\" srcset=\"https:\/\/wp.ufpel.edu.br\/sacsociais\/files\/2025\/06\/5-1-300x300.png 300w, https:\/\/wp.ufpel.edu.br\/sacsociais\/files\/2025\/06\/5-1-1024x1024.png 1024w, https:\/\/wp.ufpel.edu.br\/sacsociais\/files\/2025\/06\/5-1-150x150.png 150w, https:\/\/wp.ufpel.edu.br\/sacsociais\/files\/2025\/06\/5-1-768x768.png 768w, https:\/\/wp.ufpel.edu.br\/sacsociais\/files\/2025\/06\/5-1-1536x1536.png 1536w, https:\/\/wp.ufpel.edu.br\/sacsociais\/files\/2025\/06\/5-1-2048x2048.png 2048w\" sizes=\"auto, (max-width: 585px) 100vw, 585px\" \/><\/a><\/p>\n","protected":false},"excerpt":{"rendered":"<p>Programa\u00e7\u00e3o da XV Semana Acad\u00eamica de Ci\u00eancias Sociais da UFPel! Confira os eventos que preparamos para a Semana Acad\u00eamica, que ir\u00e1 acontecer entre os 23 e 27 de junho. Teremos diversas mesas com palestrantes convidados e GT&#8217;s para apresenta\u00e7\u00e3o de &hellip; <a href=\"https:\/\/wp.ufpel.edu.br\/sacsociais\/programacao\/\">Continue lendo <span class=\"meta-nav\">&rarr;<\/span><\/a><\/p>\n","protected":false},"author":170,"featured_media":0,"parent":0,"menu_order":4,"comment_status":"closed","ping_status":"closed","template":"","meta":{"footnotes":""},"class_list":["post-58","page","type-page","status-publish","hentry"],"_links":{"self":[{"href":"https:\/\/wp.ufpel.edu.br\/sacsociais\/wp-json\/wp\/v2\/pages\/58","targetHints":{"allow":["GET"]}}],"collection":[{"href":"https:\/\/wp.ufpel.edu.br\/sacsociais\/wp-json\/wp\/v2\/pages"}],"about":[{"href":"https:\/\/wp.ufpel.edu.br\/sacsociais\/wp-json\/wp\/v2\/types\/page"}],"author":[{"embeddable":true,"href":"https:\/\/wp.ufpel.edu.br\/sacsociais\/wp-json\/wp\/v2\/users\/170"}],"replies":[{"embeddable":true,"href":"https:\/\/wp.ufpel.edu.br\/sacsociais\/wp-json\/wp\/v2\/comments?post=58"}],"version-history":[{"count":31,"href":"https:\/\/wp.ufpel.edu.br\/sacsociais\/wp-json\/wp\/v2\/pages\/58\/revisions"}],"predecessor-version":[{"id":656,"href":"https:\/\/wp.ufpel.edu.br\/sacsociais\/wp-json\/wp\/v2\/pages\/58\/revisions\/656"}],"wp:attachment":[{"href":"https:\/\/wp.ufpel.edu.br\/sacsociais\/wp-json\/wp\/v2\/media?parent=58"}],"curies":[{"name":"wp","href":"https:\/\/api.w.org\/{rel}","templated":true}]}}