{"id":478,"date":"2013-10-14T00:18:50","date_gmt":"2013-10-14T03:18:50","guid":{"rendered":"https:\/\/wp.ufpel.edu.br\/sacsociais\/?page_id=478"},"modified":"2013-10-14T00:20:16","modified_gmt":"2013-10-14T03:20:16","slug":"semana-academica-2010","status":"publish","type":"page","link":"https:\/\/wp.ufpel.edu.br\/sacsociais\/semana-academica-2010\/","title":{"rendered":"Semana Acad\u00eamica 2010"},"content":{"rendered":"<p style=\"text-align: justify\">De 29 de novembro a 03 de dezembro aconteceu a semana acad\u00eamica de 2010. Nesta edi\u00e7\u00e3o de 2010, o evento abordou o tema <span style=\"color: #ff9900\"><strong><span style=\"text-decoration: underline\"><span style=\"text-decoration: underline\">\u201cCi\u00eancias Sociais e Interdisciplinaridade: Utopia ou Realidade?\u201d<\/span><\/span><\/strong><\/span>, visando promover a reflex\u00e3o sobre as quest\u00f5es que perpassam o cen\u00e1rio atual, bem como o papel do cientista em pleno s\u00e9culo XXI, seus novos rumos e desafios.<\/p>\n<p style=\"text-align: justify\">Neste ano a Semana Acad\u00eamica foi promovida pelo Diret\u00f3rio Acad\u00eamico em parceria com os alunos do curso, contando tamb\u00e9m com a colabora\u00e7\u00e3o dos professores.<\/p>\n<p style=\"text-align: justify\">O evento foi organizado na forma de debates, palestras, mesas-redondas, pain\u00e9is, feira de livros, mini-cursos, mostra de pesquisa e apresenta\u00e7\u00f5es cinematogr\u00e1ficas.<\/p>\n","protected":false},"excerpt":{"rendered":"<p>De 29 de novembro a 03 de dezembro aconteceu a semana acad\u00eamica de 2010. Nesta edi\u00e7\u00e3o de 2010, o evento abordou o tema \u201cCi\u00eancias Sociais e Interdisciplinaridade: Utopia ou Realidade?\u201d, visando promover a reflex\u00e3o sobre as quest\u00f5es que perpassam o &hellip; <a href=\"https:\/\/wp.ufpel.edu.br\/sacsociais\/semana-academica-2010\/\">Continue lendo <span class=\"meta-nav\">&rarr;<\/span><\/a><\/p>\n","protected":false},"author":170,"featured_media":0,"parent":0,"menu_order":0,"comment_status":"open","ping_status":"open","template":"","meta":{"footnotes":""},"class_list":["post-478","page","type-page","status-publish","hentry"],"_links":{"self":[{"href":"https:\/\/wp.ufpel.edu.br\/sacsociais\/wp-json\/wp\/v2\/pages\/478","targetHints":{"allow":["GET"]}}],"collection":[{"href":"https:\/\/wp.ufpel.edu.br\/sacsociais\/wp-json\/wp\/v2\/pages"}],"about":[{"href":"https:\/\/wp.ufpel.edu.br\/sacsociais\/wp-json\/wp\/v2\/types\/page"}],"author":[{"embeddable":true,"href":"https:\/\/wp.ufpel.edu.br\/sacsociais\/wp-json\/wp\/v2\/users\/170"}],"replies":[{"embeddable":true,"href":"https:\/\/wp.ufpel.edu.br\/sacsociais\/wp-json\/wp\/v2\/comments?post=478"}],"version-history":[{"count":3,"href":"https:\/\/wp.ufpel.edu.br\/sacsociais\/wp-json\/wp\/v2\/pages\/478\/revisions"}],"predecessor-version":[{"id":481,"href":"https:\/\/wp.ufpel.edu.br\/sacsociais\/wp-json\/wp\/v2\/pages\/478\/revisions\/481"}],"wp:attachment":[{"href":"https:\/\/wp.ufpel.edu.br\/sacsociais\/wp-json\/wp\/v2\/media?parent=478"}],"curies":[{"name":"wp","href":"https:\/\/api.w.org\/{rel}","templated":true}]}}