{"id":439,"date":"2013-10-13T02:23:19","date_gmt":"2013-10-13T05:23:19","guid":{"rendered":"https:\/\/wp.ufpel.edu.br\/sacsociais\/?page_id=439"},"modified":"2025-05-22T10:55:47","modified_gmt":"2025-05-22T13:55:47","slug":"apresentador-de-trabalho","status":"publish","type":"page","link":"https:\/\/wp.ufpel.edu.br\/sacsociais\/apresentador-de-trabalho\/","title":{"rendered":"Apresentador de trabalho"},"content":{"rendered":"<h3>Inscreva-se para apresentar seu trabalho <a href=\"https:\/\/docs.google.com\/forms\/d\/e\/1FAIpQLSfsCyBYJZ4B6SUKxgJz0jAQwvO6ZMEIgke5LmMPoUOoBKY5MA\/viewform\" target=\"_blank\" rel=\"noopener\">aqui.<\/a><\/h3>\n<p>Em breve divulgaremos a rela\u00e7\u00e3o dos candidatos aprovados, salas e hor\u00e1rios!<\/p>\n<p>&nbsp;<\/p>\n<p>&nbsp;<\/p>\n","protected":false},"excerpt":{"rendered":"<p>Inscreva-se para apresentar seu trabalho aqui. Em breve divulgaremos a rela\u00e7\u00e3o dos candidatos aprovados, salas e hor\u00e1rios! &nbsp; &nbsp;<\/p>\n","protected":false},"author":170,"featured_media":0,"parent":0,"menu_order":0,"comment_status":"closed","ping_status":"closed","template":"","meta":{"footnotes":""},"class_list":["post-439","page","type-page","status-publish","hentry"],"_links":{"self":[{"href":"https:\/\/wp.ufpel.edu.br\/sacsociais\/wp-json\/wp\/v2\/pages\/439","targetHints":{"allow":["GET"]}}],"collection":[{"href":"https:\/\/wp.ufpel.edu.br\/sacsociais\/wp-json\/wp\/v2\/pages"}],"about":[{"href":"https:\/\/wp.ufpel.edu.br\/sacsociais\/wp-json\/wp\/v2\/types\/page"}],"author":[{"embeddable":true,"href":"https:\/\/wp.ufpel.edu.br\/sacsociais\/wp-json\/wp\/v2\/users\/170"}],"replies":[{"embeddable":true,"href":"https:\/\/wp.ufpel.edu.br\/sacsociais\/wp-json\/wp\/v2\/comments?post=439"}],"version-history":[{"count":15,"href":"https:\/\/wp.ufpel.edu.br\/sacsociais\/wp-json\/wp\/v2\/pages\/439\/revisions"}],"predecessor-version":[{"id":635,"href":"https:\/\/wp.ufpel.edu.br\/sacsociais\/wp-json\/wp\/v2\/pages\/439\/revisions\/635"}],"wp:attachment":[{"href":"https:\/\/wp.ufpel.edu.br\/sacsociais\/wp-json\/wp\/v2\/media?parent=439"}],"curies":[{"name":"wp","href":"https:\/\/api.w.org\/{rel}","templated":true}]}}