{"id":951,"date":"2019-10-10T09:26:07","date_gmt":"2019-10-10T12:26:07","guid":{"rendered":"https:\/\/wp.ufpel.edu.br\/sacomp\/?page_id=951"},"modified":"2026-05-05T12:13:40","modified_gmt":"2026-05-05T15:13:40","slug":"inscricoes","status":"publish","type":"page","link":"https:\/\/wp.ufpel.edu.br\/sacomp\/inscricoes\/","title":{"rendered":"Inscri\u00e7\u00e3o"},"content":{"rendered":"<p style=\"text-align: justify;\" data-start=\"107\" data-end=\"192\">\ud83d\udcb0 <strong data-start=\"297\" data-end=\"320\">Valor da inscri\u00e7\u00e3o:<\/strong> R$ 45,00<br data-start=\"329\" data-end=\"332\" \/>Esse valor garante sua participa\u00e7\u00e3o nas principais atividades da SACOMP 26, incluindo palestras, coffee breaks e certifica\u00e7\u00e3o.<\/p>\n<p style=\"text-align: justify;\" data-start=\"194\" data-end=\"305\">Para confirmar sua participa\u00e7\u00e3o, preencha o formul\u00e1rio abaixo, efetue o pagamento\u00a0e envie o <strong data-start=\"268\" data-end=\"283\">comprovante. <\/strong><\/p>\n<p style=\"text-align: justify;\" data-start=\"194\" data-end=\"305\"><strong>Aten\u00e7\u00e3o: <\/strong>Somente ap\u00f3s o envio do comprovante sua inscri\u00e7\u00e3o ser\u00e1 validada.<\/p>\n<div><a class=\"btn btn-preencher-forms\" href=\"https:\/\/forms.gle\/3JFLGE4pzft6EHuA6\" target=\"_blank\" rel=\"noopener\">Inscri\u00e7\u00e3o SACOMP<\/a><\/div>\n<p>&nbsp;<\/p>\n","protected":false},"excerpt":{"rendered":"<p>\ud83d\udcb0 Valor da inscri\u00e7\u00e3o: R$ 45,00Esse valor garante sua participa\u00e7\u00e3o nas principais atividades da SACOMP 26, incluindo palestras, coffee breaks e certifica\u00e7\u00e3o. Para confirmar sua participa\u00e7\u00e3o, preencha o formul\u00e1rio abaixo, efetue o pagamento\u00a0e envie o comprovante. Aten\u00e7\u00e3o: Somente ap\u00f3s o envio do comprovante sua inscri\u00e7\u00e3o ser\u00e1 validada. Inscri\u00e7\u00e3o SACOMP &nbsp;<\/p>\n","protected":false},"author":785,"featured_media":0,"parent":0,"menu_order":0,"comment_status":"closed","ping_status":"closed","template":"","meta":{"footnotes":""},"class_list":["post-951","page","type-page","status-publish","hentry"],"jetpack_sharing_enabled":true,"_links":{"self":[{"href":"https:\/\/wp.ufpel.edu.br\/sacomp\/wp-json\/wp\/v2\/pages\/951","targetHints":{"allow":["GET"]}}],"collection":[{"href":"https:\/\/wp.ufpel.edu.br\/sacomp\/wp-json\/wp\/v2\/pages"}],"about":[{"href":"https:\/\/wp.ufpel.edu.br\/sacomp\/wp-json\/wp\/v2\/types\/page"}],"author":[{"embeddable":true,"href":"https:\/\/wp.ufpel.edu.br\/sacomp\/wp-json\/wp\/v2\/users\/785"}],"replies":[{"embeddable":true,"href":"https:\/\/wp.ufpel.edu.br\/sacomp\/wp-json\/wp\/v2\/comments?post=951"}],"version-history":[{"count":3,"href":"https:\/\/wp.ufpel.edu.br\/sacomp\/wp-json\/wp\/v2\/pages\/951\/revisions"}],"predecessor-version":[{"id":1882,"href":"https:\/\/wp.ufpel.edu.br\/sacomp\/wp-json\/wp\/v2\/pages\/951\/revisions\/1882"}],"wp:attachment":[{"href":"https:\/\/wp.ufpel.edu.br\/sacomp\/wp-json\/wp\/v2\/media?parent=951"}],"curies":[{"name":"wp","href":"https:\/\/api.w.org\/{rel}","templated":true}]}}