{"id":1681,"date":"2025-07-11T14:31:48","date_gmt":"2025-07-11T17:31:48","guid":{"rendered":"https:\/\/wp.ufpel.edu.br\/sacomp\/?page_id=1681"},"modified":"2026-03-31T13:47:22","modified_gmt":"2026-03-31T16:47:22","slug":"inscricao-em-breve","status":"publish","type":"page","link":"https:\/\/wp.ufpel.edu.br\/sacomp\/inscricao-em-breve\/","title":{"rendered":"Inscri\u00e7\u00e3o em breve"},"content":{"rendered":"<p style=\"text-align: justify;\"><strong>Prepare-se para a SACOMP 26!<\/strong><\/p>\n<p style=\"text-align: justify;\">A Semana Acad\u00eamica da Computa\u00e7\u00e3o est\u00e1 chegando, e estamos preparando um evento incr\u00edvel, repleto de conhecimento, inova\u00e7\u00e3o e networking.<\/p>\n<p style=\"text-align: justify;\">As inscri\u00e7\u00f5es para a edi\u00e7\u00e3o deste ano ainda n\u00e3o est\u00e3o abertas, mas a espera valer\u00e1 a pena! Estamos finalizando os \u00faltimos detalhes para garantir a melhor experi\u00eancia para todos os participantes.<\/p>\n<p style=\"text-align: justify;\"><b>Fique de olho!<\/b> As inscri\u00e7\u00f5es ser\u00e3o liberadas em breve nesta mesma p\u00e1gina.<\/p>\n<p style=\"text-align: justify;\">Para n\u00e3o perder nenhuma novidade, siga nossas redes sociais e seja o primeiro a saber quando as inscri\u00e7\u00f5es forem abertas. Mal podemos esperar para ver voc\u00ea no evento!<\/p>\n<p style=\"text-align: justify;\">\n","protected":false},"excerpt":{"rendered":"<p>Prepare-se para a SACOMP 26! A Semana Acad\u00eamica da Computa\u00e7\u00e3o est\u00e1 chegando, e estamos preparando um evento incr\u00edvel, repleto de conhecimento, inova\u00e7\u00e3o e networking. As inscri\u00e7\u00f5es para a edi\u00e7\u00e3o deste ano ainda n\u00e3o est\u00e3o abertas, mas a espera valer\u00e1 a pena! Estamos finalizando os \u00faltimos detalhes para garantir a melhor experi\u00eancia para todos os participantes&#8230;. <\/p>\n<div class=\"link-more\"><a href=\"https:\/\/wp.ufpel.edu.br\/sacomp\/inscricao-em-breve\/\">Leia mais<\/a><\/div>\n","protected":false},"author":785,"featured_media":0,"parent":0,"menu_order":0,"comment_status":"closed","ping_status":"closed","template":"","meta":{"footnotes":""},"class_list":["post-1681","page","type-page","status-publish","hentry"],"jetpack_sharing_enabled":true,"_links":{"self":[{"href":"https:\/\/wp.ufpel.edu.br\/sacomp\/wp-json\/wp\/v2\/pages\/1681","targetHints":{"allow":["GET"]}}],"collection":[{"href":"https:\/\/wp.ufpel.edu.br\/sacomp\/wp-json\/wp\/v2\/pages"}],"about":[{"href":"https:\/\/wp.ufpel.edu.br\/sacomp\/wp-json\/wp\/v2\/types\/page"}],"author":[{"embeddable":true,"href":"https:\/\/wp.ufpel.edu.br\/sacomp\/wp-json\/wp\/v2\/users\/785"}],"replies":[{"embeddable":true,"href":"https:\/\/wp.ufpel.edu.br\/sacomp\/wp-json\/wp\/v2\/comments?post=1681"}],"version-history":[{"count":3,"href":"https:\/\/wp.ufpel.edu.br\/sacomp\/wp-json\/wp\/v2\/pages\/1681\/revisions"}],"predecessor-version":[{"id":1841,"href":"https:\/\/wp.ufpel.edu.br\/sacomp\/wp-json\/wp\/v2\/pages\/1681\/revisions\/1841"}],"wp:attachment":[{"href":"https:\/\/wp.ufpel.edu.br\/sacomp\/wp-json\/wp\/v2\/media?parent=1681"}],"curies":[{"name":"wp","href":"https:\/\/api.w.org\/{rel}","templated":true}]}}