{"id":1645,"date":"2025-07-11T14:39:23","date_gmt":"2025-07-11T17:39:23","guid":{"rendered":"https:\/\/wp.ufpel.edu.br\/sacomp\/?page_id=1645"},"modified":"2026-04-02T09:43:22","modified_gmt":"2026-04-02T12:43:22","slug":"programacao","status":"publish","type":"page","link":"https:\/\/wp.ufpel.edu.br\/sacomp\/programacao\/","title":{"rendered":"Programa\u00e7\u00e3o"},"content":{"rendered":"<p style=\"text-align: justify;\"><b>Confira agora as palestras e os <strong data-start=\"210\" data-end=\"224\">minicursos<\/strong> que far\u00e3o parte da SACOMP 26!<\/b><\/p>\n<p><!--\n\n<div class=\"container-botoes\"><a class=\"btn btn-palestras\" href=\"https:\/\/wp.ufpel.edu.br\/sacomp\/palestras\/\">Palestras<\/a>\n<a class=\"btn btn-minicursos\" href=\"https:\/\/wp.ufpel.edu.br\/sacomp\/minicursos\/\">Minicursos<\/a><\/div>\n\n\n&nbsp;--><\/p>\n<p style=\"text-align: justify;\">Estamos montando uma agenda diversificada e cheia de conte\u00fado relevante para todos os apaixonados por tecnologia. Espere por palestras com especialistas do mercado, minicursos pr\u00e1ticos e muitas outras atividades que ir\u00e3o expandir seus horizontes na \u00e1rea da computa\u00e7\u00e3o.<\/p>\n<p style=\"text-align: justify;\">\ud83d\udce2 Enquanto o evento n\u00e3o chega, que tal seguir nossas redes sociais para receber spoilers do que vem por a\u00ed?<\/p>\n<p style=\"text-align: justify;\">Nos vemos na SACOMP! \ud83d\ude80\ud83d\udcbb<\/p>\n<p style=\"text-align: justify;\">\n","protected":false},"excerpt":{"rendered":"<p>Confira agora as palestras e os minicursos que far\u00e3o parte da SACOMP 26! Estamos montando uma agenda diversificada e cheia de conte\u00fado relevante para todos os apaixonados por tecnologia. Espere por palestras com especialistas do mercado, minicursos pr\u00e1ticos e muitas outras atividades que ir\u00e3o expandir seus horizontes na \u00e1rea da computa\u00e7\u00e3o. \ud83d\udce2 Enquanto o evento&#8230; <\/p>\n<div class=\"link-more\"><a href=\"https:\/\/wp.ufpel.edu.br\/sacomp\/programacao\/\">Leia mais<\/a><\/div>\n","protected":false},"author":785,"featured_media":0,"parent":0,"menu_order":0,"comment_status":"closed","ping_status":"closed","template":"","meta":{"footnotes":""},"class_list":["post-1645","page","type-page","status-publish","hentry"],"jetpack_sharing_enabled":true,"_links":{"self":[{"href":"https:\/\/wp.ufpel.edu.br\/sacomp\/wp-json\/wp\/v2\/pages\/1645","targetHints":{"allow":["GET"]}}],"collection":[{"href":"https:\/\/wp.ufpel.edu.br\/sacomp\/wp-json\/wp\/v2\/pages"}],"about":[{"href":"https:\/\/wp.ufpel.edu.br\/sacomp\/wp-json\/wp\/v2\/types\/page"}],"author":[{"embeddable":true,"href":"https:\/\/wp.ufpel.edu.br\/sacomp\/wp-json\/wp\/v2\/users\/785"}],"replies":[{"embeddable":true,"href":"https:\/\/wp.ufpel.edu.br\/sacomp\/wp-json\/wp\/v2\/comments?post=1645"}],"version-history":[{"count":3,"href":"https:\/\/wp.ufpel.edu.br\/sacomp\/wp-json\/wp\/v2\/pages\/1645\/revisions"}],"predecessor-version":[{"id":1871,"href":"https:\/\/wp.ufpel.edu.br\/sacomp\/wp-json\/wp\/v2\/pages\/1645\/revisions\/1871"}],"wp:attachment":[{"href":"https:\/\/wp.ufpel.edu.br\/sacomp\/wp-json\/wp\/v2\/media?parent=1645"}],"curies":[{"name":"wp","href":"https:\/\/api.w.org\/{rel}","templated":true}]}}