{"id":639,"date":"2017-08-15T16:29:13","date_gmt":"2017-08-15T19:29:13","guid":{"rendered":"https:\/\/wp.ufpel.edu.br\/saberesesaboresdacolonia\/?page_id=639"},"modified":"2017-11-25T17:57:27","modified_gmt":"2017-11-25T19:57:27","slug":"sudoktoberfest","status":"publish","type":"page","link":"https:\/\/wp.ufpel.edu.br\/saberesesaboresdacolonia\/sobre\/fototeca\/alimentar-a-cidade-consumir-o-rural\/sudoktoberfest\/","title":{"rendered":"S\u00fcdoktoberfest &#8211; S\u00e3o Louren\u00e7o do Sul"},"content":{"rendered":"\n","protected":false},"excerpt":{"rendered":"","protected":false},"author":646,"featured_media":0,"parent":621,"menu_order":5,"comment_status":"closed","ping_status":"closed","template":"","meta":{"jetpack_post_was_ever_published":false,"footnotes":""},"class_list":["post-639","page","type-page","status-publish","hentry"],"jetpack_sharing_enabled":true,"jetpack_shortlink":"https:\/\/wp.me\/P80jcK-aj","_links":{"self":[{"href":"https:\/\/wp.ufpel.edu.br\/saberesesaboresdacolonia\/wp-json\/wp\/v2\/pages\/639","targetHints":{"allow":["GET"]}}],"collection":[{"href":"https:\/\/wp.ufpel.edu.br\/saberesesaboresdacolonia\/wp-json\/wp\/v2\/pages"}],"about":[{"href":"https:\/\/wp.ufpel.edu.br\/saberesesaboresdacolonia\/wp-json\/wp\/v2\/types\/page"}],"author":[{"embeddable":true,"href":"https:\/\/wp.ufpel.edu.br\/saberesesaboresdacolonia\/wp-json\/wp\/v2\/users\/646"}],"replies":[{"embeddable":true,"href":"https:\/\/wp.ufpel.edu.br\/saberesesaboresdacolonia\/wp-json\/wp\/v2\/comments?post=639"}],"version-history":[{"count":5,"href":"https:\/\/wp.ufpel.edu.br\/saberesesaboresdacolonia\/wp-json\/wp\/v2\/pages\/639\/revisions"}],"predecessor-version":[{"id":3761,"href":"https:\/\/wp.ufpel.edu.br\/saberesesaboresdacolonia\/wp-json\/wp\/v2\/pages\/639\/revisions\/3761"}],"up":[{"embeddable":true,"href":"https:\/\/wp.ufpel.edu.br\/saberesesaboresdacolonia\/wp-json\/wp\/v2\/pages\/621"}],"wp:attachment":[{"href":"https:\/\/wp.ufpel.edu.br\/saberesesaboresdacolonia\/wp-json\/wp\/v2\/media?parent=639"}],"curies":[{"name":"wp","href":"https:\/\/api.w.org\/{rel}","templated":true}]}}