{"id":503,"date":"2017-08-15T15:50:35","date_gmt":"2017-08-15T18:50:35","guid":{"rendered":"https:\/\/wp.ufpel.edu.br\/saberesesaboresdacolonia\/?page_id=503"},"modified":"2017-11-22T17:09:13","modified_gmt":"2017-11-22T19:09:13","slug":"universo-da-cozinha","status":"publish","type":"page","link":"https:\/\/wp.ufpel.edu.br\/saberesesaboresdacolonia\/sobre\/fototeca\/universo-da-cozinha\/","title":{"rendered":"Universo da cozinha"},"content":{"rendered":"\n<p><a href=\"https:\/\/wp.ufpel.edu.br\/saberesesaboresdacolonia\/sobre\/fototeca\/universo-da-cozinha\/fornos-e-fogoes\/\" target=\"_blank\" rel=\"noopener\">FOG\u00d5ES E FORNOS<\/a><br \/>\n<a href=\"https:\/\/wp.ufpel.edu.br\/saberesesaboresdacolonia\/sobre\/fototeca\/universo-da-cozinha\/cozinhas\/\" target=\"_blank\" rel=\"noopener\">COZINHAS<\/a><br \/>\n<a href=\"https:\/\/wp.ufpel.edu.br\/saberesesaboresdacolonia\/sobre\/fototeca\/universo-da-cozinha\/utensilios-e-equipamentos\/\" target=\"_blank\" rel=\"noopener\">UTENS\u00cdLIOS E EQUIPAMENTOS<\/a><br \/>\n<a href=\"https:\/\/wp.ufpel.edu.br\/saberesesaboresdacolonia\/sobre\/fototeca\/universo-da-cozinha\/refeicoes\/\" target=\"_blank\" rel=\"noopener\">REFEI\u00c7\u00d5ES<\/a><\/p>\n","protected":false},"excerpt":{"rendered":"<p>FOG\u00d5ES E FORNOS COZINHAS UTENS\u00cdLIOS E EQUIPAMENTOS REFEI\u00c7\u00d5ES<\/p>\n","protected":false},"author":646,"featured_media":0,"parent":38,"menu_order":3,"comment_status":"closed","ping_status":"closed","template":"","meta":{"jetpack_post_was_ever_published":false,"footnotes":""},"class_list":["post-503","page","type-page","status-publish","hentry"],"jetpack_sharing_enabled":true,"jetpack_shortlink":"https:\/\/wp.me\/P80jcK-87","_links":{"self":[{"href":"https:\/\/wp.ufpel.edu.br\/saberesesaboresdacolonia\/wp-json\/wp\/v2\/pages\/503","targetHints":{"allow":["GET"]}}],"collection":[{"href":"https:\/\/wp.ufpel.edu.br\/saberesesaboresdacolonia\/wp-json\/wp\/v2\/pages"}],"about":[{"href":"https:\/\/wp.ufpel.edu.br\/saberesesaboresdacolonia\/wp-json\/wp\/v2\/types\/page"}],"author":[{"embeddable":true,"href":"https:\/\/wp.ufpel.edu.br\/saberesesaboresdacolonia\/wp-json\/wp\/v2\/users\/646"}],"replies":[{"embeddable":true,"href":"https:\/\/wp.ufpel.edu.br\/saberesesaboresdacolonia\/wp-json\/wp\/v2\/comments?post=503"}],"version-history":[{"count":4,"href":"https:\/\/wp.ufpel.edu.br\/saberesesaboresdacolonia\/wp-json\/wp\/v2\/pages\/503\/revisions"}],"predecessor-version":[{"id":3685,"href":"https:\/\/wp.ufpel.edu.br\/saberesesaboresdacolonia\/wp-json\/wp\/v2\/pages\/503\/revisions\/3685"}],"up":[{"embeddable":true,"href":"https:\/\/wp.ufpel.edu.br\/saberesesaboresdacolonia\/wp-json\/wp\/v2\/pages\/38"}],"wp:attachment":[{"href":"https:\/\/wp.ufpel.edu.br\/saberesesaboresdacolonia\/wp-json\/wp\/v2\/media?parent=503"}],"curies":[{"name":"wp","href":"https:\/\/api.w.org\/{rel}","templated":true}]}}