{"id":49,"date":"2017-03-19T00:24:36","date_gmt":"2017-03-19T03:24:36","guid":{"rendered":"https:\/\/saberesesaboresteste.wordpress.com\/?page_id=49"},"modified":"2018-01-08T13:17:00","modified_gmt":"2018-01-08T15:17:00","slug":"lugares-de-morada-fazeres-da-terra","status":"publish","type":"page","link":"https:\/\/wp.ufpel.edu.br\/saberesesaboresdacolonia\/sobre\/fototeca\/lugares-de-morada-fazeres-da-terra\/","title":{"rendered":"Lugares de morada, fazeres da terra"},"content":{"rendered":"\n<p><a href=\"https:\/\/wp.ufpel.edu.br\/saberesesaboresdacolonia\/sobre\/fototeca\/lugares-de-morada-fazeres-da-terra\/butia\/\" target=\"_blank\" rel=\"noopener\">BUTI\u00c1<\/a><br \/>\n<a href=\"https:\/\/wp.ufpel.edu.br\/saberesesaboresdacolonia\/sobre\/fototeca\/lugares-de-morada-fazeres-da-terra\/colonia-schiavon\/\" target=\"_blank\" rel=\"noopener\">SANTA AUGUSTA<\/a><br \/>\n<a href=\"https:\/\/wp.ufpel.edu.br\/saberesesaboresdacolonia\/sobre\/fototeca\/lugares-de-morada-fazeres-da-terra\/comunidade-quilombola-vila-do-torrao\/\" target=\"_blank\" rel=\"noopener\">COMUNIDADE QUILOMBOLA VILA DO TORR\u00c3O<\/a><br \/>\n<a href=\"https:\/\/wp.ufpel.edu.br\/saberesesaboresdacolonia\/sobre\/fototeca\/lugares-de-morada-fazeres-da-terra\/comunidade-sls\/\" target=\"_blank\" rel=\"noopener\">COMUNIDADE QUILOMBOLA DA PICADA<\/a><br \/>\n<a href=\"https:\/\/wp.ufpel.edu.br\/saberesesaboresdacolonia\/sobre\/fototeca\/lugares-de-morada-fazeres-da-terra\/agrofloresta\/\" target=\"_blank\" rel=\"noopener\">COMUNIDADE QUILOMBOLA DO ALTO DO CAIX\u00c3O<\/a><br \/>\n<a href=\"https:\/\/wp.ufpel.edu.br\/saberesesaboresdacolonia\/sobre\/fototeca\/lugares-de-morada-fazeres-da-terra\/rincao-dos-maia-dona-santa\/\" target=\"_blank\" rel=\"noopener\">RINC\u00c3O DOS MAIAS<\/a><br \/>\n<a href=\"https:\/\/wp.ufpel.edu.br\/saberesesaboresdacolonia\/sobre\/fototeca\/lugares-de-morada-fazeres-da-terra\/colonia-triunfo-pelotas\/\" target=\"_blank\" rel=\"noopener\">COL\u00d4NIA TRIUNFO<\/a><br \/>\n<a href=\"https:\/\/wp.ufpel.edu.br\/saberesesaboresdacolonia\/sobre\/fototeca\/lugares-de-morada-fazeres-da-terra\/trabalho-agricola-e-instrumentos\/\" target=\"_blank\" rel=\"noopener\">COL\u00d4NIA MACIEL<\/a><br \/>\n<a href=\"https:\/\/wp.ufpel.edu.br\/saberesesaboresdacolonia\/sobre\/fototeca\/lugares-de-morada-fazeres-da-terra\/colonia-sao-manuel-pelotas\/\" target=\"_blank\" rel=\"noopener\">COL\u00d4NIA S\u00c3O MANOEL<\/a><br \/>\n<a href=\"https:\/\/wp.ufpel.edu.br\/saberesesaboresdacolonia\/sobre\/fototeca\/lugares-de-morada-fazeres-da-terra\/coxilha\/\" target=\"_blank\" rel=\"noopener\">COXILHA DOS CAMPOS<\/a><br \/>\n<a href=\"https:\/\/wp.ufpel.edu.br\/saberesesaboresdacolonia\/sobre\/fototeca\/lugares-de-morada-fazeres-da-terra\/comunidade-quilombola-rincao-das-almas\/\" target=\"_blank\" rel=\"noopener\">COMUNIDADE QUILOMBOLA RINC\u00c3O DAS ALMAS<\/a><\/p>\n","protected":false},"excerpt":{"rendered":"<p>BUTI\u00c1 SANTA AUGUSTA COMUNIDADE QUILOMBOLA VILA DO TORR\u00c3O COMUNIDADE QUILOMBOLA DA PICADA COMUNIDADE QUILOMBOLA DO ALTO DO CAIX\u00c3O RINC\u00c3O DOS MAIAS COL\u00d4NIA TRIUNFO COL\u00d4NIA MACIEL COL\u00d4NIA S\u00c3O MANOEL COXILHA DOS CAMPOS COMUNIDADE QUILOMBOLA RINC\u00c3O DAS ALMAS<\/p>\n","protected":false},"author":646,"featured_media":0,"parent":38,"menu_order":2,"comment_status":"closed","ping_status":"closed","template":"","meta":{"jetpack_post_was_ever_published":false,"footnotes":""},"class_list":["post-49","page","type-page","status-publish","hentry"],"jetpack_sharing_enabled":true,"jetpack_shortlink":"https:\/\/wp.me\/P80jcK-N","_links":{"self":[{"href":"https:\/\/wp.ufpel.edu.br\/saberesesaboresdacolonia\/wp-json\/wp\/v2\/pages\/49","targetHints":{"allow":["GET"]}}],"collection":[{"href":"https:\/\/wp.ufpel.edu.br\/saberesesaboresdacolonia\/wp-json\/wp\/v2\/pages"}],"about":[{"href":"https:\/\/wp.ufpel.edu.br\/saberesesaboresdacolonia\/wp-json\/wp\/v2\/types\/page"}],"author":[{"embeddable":true,"href":"https:\/\/wp.ufpel.edu.br\/saberesesaboresdacolonia\/wp-json\/wp\/v2\/users\/646"}],"replies":[{"embeddable":true,"href":"https:\/\/wp.ufpel.edu.br\/saberesesaboresdacolonia\/wp-json\/wp\/v2\/comments?post=49"}],"version-history":[{"count":8,"href":"https:\/\/wp.ufpel.edu.br\/saberesesaboresdacolonia\/wp-json\/wp\/v2\/pages\/49\/revisions"}],"predecessor-version":[{"id":3903,"href":"https:\/\/wp.ufpel.edu.br\/saberesesaboresdacolonia\/wp-json\/wp\/v2\/pages\/49\/revisions\/3903"}],"up":[{"embeddable":true,"href":"https:\/\/wp.ufpel.edu.br\/saberesesaboresdacolonia\/wp-json\/wp\/v2\/pages\/38"}],"wp:attachment":[{"href":"https:\/\/wp.ufpel.edu.br\/saberesesaboresdacolonia\/wp-json\/wp\/v2\/media?parent=49"}],"curies":[{"name":"wp","href":"https:\/\/api.w.org\/{rel}","templated":true}]}}