{"id":40,"date":"2017-03-19T00:17:10","date_gmt":"2017-03-19T00:17:10","guid":{"rendered":"https:\/\/saberesesaboresteste.wordpress.com\/?page_id=35"},"modified":"2022-01-27T17:37:02","modified_gmt":"2022-01-27T20:37:02","slug":"videoteca","status":"publish","type":"page","link":"https:\/\/wp.ufpel.edu.br\/saberesesaboresdacolonia\/sobre\/videoteca\/","title":{"rendered":"Videoteca"},"content":{"rendered":"<p><strong><a href=\"https:\/\/youtu.be\/1Tk-6RyACqQ\">Inventos<\/a><\/strong>| S\u00e9rie Saberes e Sabores da Col\u00f4nia | realiza\u00e7\u00e3o: Patr\u00edcia Pinheiro | 2022.<\/p>\n<p><a href=\"https:\/\/vimeo.com\/200803767\" target=\"_blank\" rel=\"noopener\"><strong>P\u00e3o na Pedra<\/strong><\/a>\u00a0| S\u00e9rie Saberes e Sabores da Col\u00f4nia | realiza\u00e7\u00e3o: Carmen Janaina Machado e Patr\u00edcia Pinheiro | 2016.<\/p>\n<p><strong><a href=\"https:\/\/vimeo.com\/115165809\" target=\"_blank\" rel=\"noopener\">Mem\u00f3rias negras sobre alimenta\u00e7\u00e3o<\/a><\/strong>\u00a0| S\u00e9rie Saberes e Sabores da Col\u00f4nia | realiza\u00e7\u00e3o: Patr\u00edcia dos Santos Pinheiro | 2014.<\/p>\n<p><a href=\"https:\/\/vimeo.com\/108127792\" target=\"_blank\" rel=\"noopener\"><strong>Festa na col\u00f4nia, festa de Sant`Ana<\/strong><\/a>\u00a0| S\u00e9rie Saberes e Sabores da Col\u00f4nia | realiza\u00e7\u00e3o: Carmen Jana\u00edna Machado | 2014.<\/p>\n<p><a href=\"https:\/\/vimeo.com\/112713967\" target=\"_blank\" rel=\"noopener\"><strong>Festa da Comunidade Cat\u00f3tica de S\u00e3o Miguel<\/strong><\/a>\u00a0| S\u00e9rie Saberes e Sabores da Col\u00f4nia | realiza\u00e7\u00e3o: Evander Elo\u00ed Krone | 2014.<\/p>\n<p><strong><a href=\"https:\/\/vimeo.com\/115972212\" target=\"_blank\" rel=\"noopener\">Terno de Reis<\/a><\/strong>\u00a0| S\u00e9rie Saberes e Sabores da Col\u00f4nia | realiza\u00e7\u00e3o: Patr\u00edcia dos Santos Pinheiro | 2014.<\/p>\n<p align=\"justify\"><a href=\"https:\/\/vimeo.com\/106583243\" target=\"_blank\" rel=\"noopener\"><strong>Schmier de melancia de porco<\/strong><\/a>\u00a0| S\u00e9rie Saberes e Sabores da Col\u00f4nia | realiza\u00e7\u00e3o: Maur\u00edcio Schneider | 2014.<\/p>\n<p align=\"justify\"><strong><a href=\"https:\/\/vimeo.com\/113921683\" target=\"_blank\" rel=\"noopener\">Schimia de melancia de porco<\/a><\/strong>\u00a0| S\u00e9rie Saberes e Sabores da Col\u00f4nia | realiza\u00e7\u00e3o: Patr\u00edcia dos Santos Pinheiro | 2014.<\/p>\n<p align=\"justify\"><a href=\"https:\/\/vimeo.com\/112060933\" target=\"_blank\" rel=\"noopener\"><strong>Fam\u00edlia Camelato, do vinho e do suco<\/strong><\/a>\u00a0| S\u00e9rie Saberes e Sabores da Col\u00f4nia | realiza\u00e7\u00e3o: Carmen Jana\u00edna Machado | 2014.<\/p>\n<p align=\"justify\"><a href=\"https:\/\/vimeo.com\/113286420\" target=\"_blank\" rel=\"noopener\"><strong>Peito de ganso defumado<\/strong><\/a>\u00a0| S\u00e9rie Saberes e Sabores da Col\u00f4nia | realiza\u00e7\u00e3o: Evander Elo\u00ed Krone | 2014.<\/p>\n<p align=\"justify\"><strong><a href=\"https:\/\/vimeo.com\/115562269\" target=\"_blank\" rel=\"noopener\">Carnea\u00e7\u00e3o de porco<\/a><\/strong>\u00a0| S\u00e9rie Saberes e Sabores da Col\u00f4nia | realiza\u00e7\u00e3o: Patr\u00edcia dos Santos Pinheiro | 2014.<\/p>\n<p align=\"justify\"><strong><a href=\"https:\/\/vimeo.com\/116531994\" target=\"_blank\" rel=\"noopener\">Oficinas sobre h\u00e1bitos alimentares: trocas de saberes<\/a><\/strong>\u00a0| S\u00e9rie Saberes e Sabores da Col\u00f4nia | realiza\u00e7\u00e3o: Carmen Jana\u00edna Machado | 2014.<\/p>\n","protected":false},"excerpt":{"rendered":"<p>Inventos| S\u00e9rie Saberes e Sabores da Col\u00f4nia | realiza\u00e7\u00e3o: Patr\u00edcia Pinheiro | 2022. P\u00e3o na Pedra\u00a0| S\u00e9rie Saberes e Sabores da Col\u00f4nia | realiza\u00e7\u00e3o: Carmen Janaina Machado e Patr\u00edcia Pinheiro | 2016. Mem\u00f3rias negras sobre alimenta\u00e7\u00e3o\u00a0| S\u00e9rie Saberes e Sabores &hellip; <a href=\"https:\/\/wp.ufpel.edu.br\/saberesesaboresdacolonia\/sobre\/videoteca\/\">Continue lendo <span class=\"meta-nav\">&rarr;<\/span><\/a><\/p>\n","protected":false},"author":646,"featured_media":0,"parent":32,"menu_order":3,"comment_status":"closed","ping_status":"closed","template":"","meta":{"jetpack_post_was_ever_published":false,"footnotes":""},"class_list":["post-40","page","type-page","status-publish","hentry"],"jetpack_sharing_enabled":true,"jetpack_shortlink":"https:\/\/wp.me\/P80jcK-E","_links":{"self":[{"href":"https:\/\/wp.ufpel.edu.br\/saberesesaboresdacolonia\/wp-json\/wp\/v2\/pages\/40","targetHints":{"allow":["GET"]}}],"collection":[{"href":"https:\/\/wp.ufpel.edu.br\/saberesesaboresdacolonia\/wp-json\/wp\/v2\/pages"}],"about":[{"href":"https:\/\/wp.ufpel.edu.br\/saberesesaboresdacolonia\/wp-json\/wp\/v2\/types\/page"}],"author":[{"embeddable":true,"href":"https:\/\/wp.ufpel.edu.br\/saberesesaboresdacolonia\/wp-json\/wp\/v2\/users\/646"}],"replies":[{"embeddable":true,"href":"https:\/\/wp.ufpel.edu.br\/saberesesaboresdacolonia\/wp-json\/wp\/v2\/comments?post=40"}],"version-history":[{"count":3,"href":"https:\/\/wp.ufpel.edu.br\/saberesesaboresdacolonia\/wp-json\/wp\/v2\/pages\/40\/revisions"}],"predecessor-version":[{"id":4146,"href":"https:\/\/wp.ufpel.edu.br\/saberesesaboresdacolonia\/wp-json\/wp\/v2\/pages\/40\/revisions\/4146"}],"up":[{"embeddable":true,"href":"https:\/\/wp.ufpel.edu.br\/saberesesaboresdacolonia\/wp-json\/wp\/v2\/pages\/32"}],"wp:attachment":[{"href":"https:\/\/wp.ufpel.edu.br\/saberesesaboresdacolonia\/wp-json\/wp\/v2\/media?parent=40"}],"curies":[{"name":"wp","href":"https:\/\/api.w.org\/{rel}","templated":true}]}}