{"id":3779,"date":"2017-11-26T15:06:07","date_gmt":"2017-11-26T17:06:07","guid":{"rendered":"https:\/\/wp.ufpel.edu.br\/saberesesaboresdacolonia\/?page_id=3779"},"modified":"2017-11-26T15:51:06","modified_gmt":"2017-11-26T17:51:06","slug":"trabalhos-de-conclusao-de-curso-de-graduacao","status":"publish","type":"page","link":"https:\/\/wp.ufpel.edu.br\/saberesesaboresdacolonia\/contato\/trabalhos-de-conclusao-de-curso-de-graduacao\/","title":{"rendered":"Trabalhos de Conclus\u00e3o de Curso de Gradua\u00e7\u00e3o"},"content":{"rendered":"<p>&nbsp;<\/p>\n<p><a href=\"https:\/\/www.ufrgs.br\/gepac\/arquivos\/2013%2003%20monografia%20mauricio%20schneider.pdf\" target=\"_blank\" rel=\"noopener\"><span style=\"font-size: 14pt\">ENTRE<\/span> <span style=\"font-size: 14pt\">AGROECOLOGIA E A FUMICULTURA<\/span><\/a><\/p>\n<p>SCHNEIDER, Maur\u00edcio Dias.\u00a0<b>Entre a agroecologia e a fumicultura<\/b>: uma etnografia sobre trabalho na terra, cosmologias e pertencimentos entre camponeses pomeranos. Bacharelado em Antropologia da Universidade Federal de Pelotas. 2013.<\/p>\n<p><span style=\"font-size: 14pt\"><a href=\"https:\/\/www.ufrgs.br\/gepac\/arquivos\/TCC%20carmen%20machado.pdf\" target=\"_blank\" rel=\"noopener\">COMIDA, SIMBOLISMO E IDENTIDADE<\/a><\/span><\/p>\n<p>MACHADO, Carmen Jana\u00edna Batista.<b>\u00a0Comida, simbolismo e identidade<\/b>: um olhar sobre a constitui\u00e7\u00e3o da italianidade nas col\u00f4nias Maciel e S\u00e3o Manoel Pelotas (RS). Licenciatura em Geografia da Universidade Federal de Pelotas. 2011.<\/p>\n<p>&nbsp;<\/p>\n","protected":false},"excerpt":{"rendered":"<p>&nbsp; ENTRE AGROECOLOGIA E A FUMICULTURA SCHNEIDER, Maur\u00edcio Dias.\u00a0Entre a agroecologia e a fumicultura: uma etnografia sobre trabalho na terra, cosmologias e pertencimentos entre camponeses pomeranos. Bacharelado em Antropologia da Universidade Federal de Pelotas. 2013. COMIDA, SIMBOLISMO E IDENTIDADE MACHADO, &hellip; <a href=\"https:\/\/wp.ufpel.edu.br\/saberesesaboresdacolonia\/contato\/trabalhos-de-conclusao-de-curso-de-graduacao\/\">Continue lendo <span class=\"meta-nav\">&rarr;<\/span><\/a><\/p>\n","protected":false},"author":646,"featured_media":0,"parent":3,"menu_order":1,"comment_status":"closed","ping_status":"closed","template":"","meta":{"jetpack_post_was_ever_published":false,"footnotes":""},"class_list":["post-3779","page","type-page","status-publish","hentry"],"jetpack_sharing_enabled":true,"jetpack_shortlink":"https:\/\/wp.me\/P80jcK-YX","_links":{"self":[{"href":"https:\/\/wp.ufpel.edu.br\/saberesesaboresdacolonia\/wp-json\/wp\/v2\/pages\/3779","targetHints":{"allow":["GET"]}}],"collection":[{"href":"https:\/\/wp.ufpel.edu.br\/saberesesaboresdacolonia\/wp-json\/wp\/v2\/pages"}],"about":[{"href":"https:\/\/wp.ufpel.edu.br\/saberesesaboresdacolonia\/wp-json\/wp\/v2\/types\/page"}],"author":[{"embeddable":true,"href":"https:\/\/wp.ufpel.edu.br\/saberesesaboresdacolonia\/wp-json\/wp\/v2\/users\/646"}],"replies":[{"embeddable":true,"href":"https:\/\/wp.ufpel.edu.br\/saberesesaboresdacolonia\/wp-json\/wp\/v2\/comments?post=3779"}],"version-history":[{"count":1,"href":"https:\/\/wp.ufpel.edu.br\/saberesesaboresdacolonia\/wp-json\/wp\/v2\/pages\/3779\/revisions"}],"predecessor-version":[{"id":3781,"href":"https:\/\/wp.ufpel.edu.br\/saberesesaboresdacolonia\/wp-json\/wp\/v2\/pages\/3779\/revisions\/3781"}],"up":[{"embeddable":true,"href":"https:\/\/wp.ufpel.edu.br\/saberesesaboresdacolonia\/wp-json\/wp\/v2\/pages\/3"}],"wp:attachment":[{"href":"https:\/\/wp.ufpel.edu.br\/saberesesaboresdacolonia\/wp-json\/wp\/v2\/media?parent=3779"}],"curies":[{"name":"wp","href":"https:\/\/api.w.org\/{rel}","templated":true}]}}