{"id":3580,"date":"2017-11-21T20:57:23","date_gmt":"2017-11-21T22:57:23","guid":{"rendered":"https:\/\/wp.ufpel.edu.br\/saberesesaboresdacolonia\/?page_id=3580"},"modified":"2019-04-09T21:38:09","modified_gmt":"2019-04-10T00:38:09","slug":"bem-vindos","status":"publish","type":"page","link":"https:\/\/wp.ufpel.edu.br\/saberesesaboresdacolonia\/","title":{"rendered":"Saberes e Sabores da Col\u00f4nia"},"content":{"rendered":"<p>&nbsp;<\/p>\n<p style=\"text-align: justify\">\u00a0\u00a0\u00a0\u00a0 Desde 2011 a equipe reunida em torno da agen<a href=\"https:\/\/www.ufrgs.br\/gepac\/\" target=\"_blank\" rel=\"noopener noreferrer\"><img loading=\"lazy\" decoding=\"async\" class=\"wp-image-4021 alignright\" src=\"https:\/\/wp.ufpel.edu.br\/saberesesaboresdacolonia\/files\/2019\/03\/gepac-2.png\" alt=\"\" width=\"88\" height=\"81\" \/><\/a>da de pesquisa Saberes e Sabores da Col\u00f4nia tem percorrido a Serra dos Tapes, buscando conhecer, especialmente a partir da observa\u00e7\u00e3o das pr\u00e1ticas alimentares, um pouco da col\u00f4nia da regi\u00e3o de Pelotas e de sua gente, da diversidade que contempla colonos de distintas origens \u00e9tnicas e da cultura camponesa que compartilham.O trabalho tem sido realizado, sob coordena\u00e7\u00e3o da professora <a href=\"https:\/\/wp.ufpel.edu.br\/leaa\/inicio\/\" target=\"_blank\" rel=\"noopener noreferrer\"><img loading=\"lazy\" decoding=\"async\" class=\"wp-image-4022 alignright\" src=\"https:\/\/wp.ufpel.edu.br\/saberesesaboresdacolonia\/files\/2019\/03\/leaa.png\" alt=\"\" width=\"91\" height=\"83\" \/><\/a>Renata Menasche, atrav\u00e9s da parceria entre Grupo de Estudos e Pesquisas em Alimenta\u00e7\u00e3o, Consumo e Cultura \u2013 GEPAC, Laborat\u00f3rio de Estudos Agr\u00e1rios e Ambientais \u2013 LEAA\/UFPel e Laborat\u00f3rio de Ensino, Pesquisa e Produ\u00e7\u00e3o em Antropologia da Imagem e do Som \u2013 LEPPAIS\/UFPel.<\/p>\n<p style=\"text-align: justify\">\u00a0\u00a0\u00a0 O estudo contou com apoio do Conselho Nacional de<a href=\"https:\/\/wp.ufpel.edu.br\/leppais\/\"><img loading=\"lazy\" decoding=\"async\" class=\"wp-image-4023 alignright\" src=\"https:\/\/wp.ufpel.edu.br\/saberesesaboresdacolonia\/files\/2019\/03\/leppais.png\" alt=\"\" width=\"91\" height=\"73\" \/><\/a> Desenvolvimento Cient\u00edfico e Tecnol\u00f3gico \u2013 CNPq e da Funda\u00e7\u00e3o de Amparo \u00e0 Pesquisa do Estado do Rio Grande do Sul \u2013 FAPERGS, atrav\u00e9s dos projetos de pesquisa Cultura, patrim\u00f4nio e seguran\u00e7a alimentar entre fam\u00edlias rurais: etnografias de casos significativos (CNPq 559565\/2010-0), Saberes e sabores da<a href=\"https:\/\/wp.ufpel.edu.br\/ppgant\/\"><img loading=\"lazy\" decoding=\"async\" class=\"wp-image-4024 alignright\" style=\"font-family: inherit;font-size: inherit;text-align: justify\" src=\"https:\/\/wp.ufpel.edu.br\/saberesesaboresdacolonia\/files\/2019\/03\/ppgant.png\" alt=\"\" width=\"88\" height=\"90\" \/><\/a> col\u00f4nia: modos de vida e patrim\u00f4nio alimentar entre pomeranos no Brasil meridional (FAPERGS 1018354\/2010) e Saberes e sabores, objetos e imagens da col\u00f4nia (FAPERGS 2067-2551\/13-0).<\/p>\n<p style=\"text-align: justify\">\u00a0\u00a0\u00a0\u00a0 Os resultados do trabalho est\u00e3o contidos em c<a href=\"https:\/\/wp.ufpel.edu.br\/antropologia\/\"><img loading=\"lazy\" decoding=\"async\" class=\"wp-image-4018 alignright\" style=\"font-family: inherit;font-size: inherit\" src=\"https:\/\/wp.ufpel.edu.br\/saberesesaboresdacolonia\/files\/2019\/03\/antropologia.png\" alt=\"\" width=\"91\" height=\"68\" \/><\/a>omunica\u00e7\u00f5es apresentadas em congressos cient\u00edficos, artigos publicados, monografias, disserta\u00e7\u00f5es e no livro Saberes e Sabores da Col\u00f4nia (publicado pela Ed. UFRGS, em 2015, e dispon\u00edvel no link https:\/\/www.ufrgs.br\/gepac\/arquivos\/livros\/saberes-e-sabores_livro.pdf ). E tamb\u00e9m nos produtos imag\u00e9ticos<a href=\"http:\/\/portal.ufpel.edu.br\/\" target=\"_blank\" rel=\"noopener noreferrer\"><img loading=\"lazy\" decoding=\"async\" class=\"alignright wp-image-4025\" src=\"https:\/\/wp.ufpel.edu.br\/saberesesaboresdacolonia\/files\/2019\/03\/ufpel.png\" alt=\"\" width=\"93\" height=\"77\" \/><\/a> elaborados (a\u00ed inclu\u00eddo um DVD interativo) e neste site, que pretendem faz\u00ea-los chegar a cada canto desta Serra dos Tapes, \u00e0s suas escolas e organiza\u00e7\u00f5es rurais, no intuito de fortalecer as iniciativas que buscam valorizar os saberes e sabores da col\u00f4nia. Ainda atrav\u00e9s desses produtos, com a restitui\u00e7\u00e3o<a href=\"https:\/\/fapergs.rs.gov.br\/inicial\"><img loading=\"lazy\" decoding=\"async\" class=\"wp-image-4020 alignright\" style=\"font-family: inherit;font-size: inherit\" src=\"https:\/\/wp.ufpel.edu.br\/saberesesaboresdacolonia\/files\/2019\/03\/fapergs.png\" alt=\"\" width=\"93\" height=\"69\" \/><\/a> dos resultados \u00e0s fam\u00edlias e comunidades rurais que participaram da pesquisa, agradecemos a acolhida e parceria no trabalho e reafirmamos a solidariedade com sua luta e o compromisso com a salvaguarda de sua cultura alimentar.<\/p>\n<p><a href=\"http:\/\/www.cnpq.br\/\"><img loading=\"lazy\" decoding=\"async\" class=\"wp-image-4019 alignright\" src=\"https:\/\/wp.ufpel.edu.br\/saberesesaboresdacolonia\/files\/2019\/03\/cnpq.png\" alt=\"\" width=\"89\" height=\"77\" \/><\/a><\/p>\n<p>Ao longo do desenvolvimento da agenda de pesquisa Saberes e Sabores da Col\u00f4nia, as seguintes pessoas participaram da elabora\u00e7\u00e3o do material aqui disponibilizado:<\/p>\n<blockquote>\n<h6>Caio Moreto Mazzilli<\/h6>\n<h6>Carmen Janaina Machado<\/h6>\n<h6>Carolina Vergara Rodrigues<\/h6>\n<h6>Claudia Turra Magni<\/h6>\n<h6>Danielle Neugebauer Wille<\/h6>\n<h6>Evander Eloi Krone<\/h6>\n<h6>Fl\u00e1via Char\u00e3o Marques<\/h6>\n<h6>Gabriela Rodrigues Gois<\/h6>\n<h6>Giancarla Salamoni<\/h6>\n<h6>Guilherme Rodrigues de Rodrigues<\/h6>\n<h6>Hamilton Bittencourt<\/h6>\n<h6>Larissa Mattos da Fonseca<\/h6>\n<h6>Losane Hartwig Schwartz<\/h6>\n<h6>Luana Schiavon<\/h6>\n<h6>Maur\u00edcio Schneider<\/h6>\n<h6>Mauro Bruschi<\/h6>\n<h6>Patr\u00edcia dos Santos Pinheiro<\/h6>\n<h6>Raquel Rau<\/h6>\n<h6>Renata Menasche<\/h6>\n<h6>Sablina Clasen de Paula<\/h6>\n<h6>Sara Coradi<\/h6>\n<h6>Vania Grim Thies<\/h6>\n<\/blockquote>\n<p><img loading=\"lazy\" decoding=\"async\" class=\"wp-image-3981 alignleft\" src=\"https:\/\/wp.ufpel.edu.br\/saberesesaboresdacolonia\/files\/2018\/07\/cd-room.jpg\" alt=\"\" width=\"146\" height=\"151\" srcset=\"https:\/\/wp.ufpel.edu.br\/saberesesaboresdacolonia\/files\/2018\/07\/cd-room.jpg 722w, https:\/\/wp.ufpel.edu.br\/saberesesaboresdacolonia\/files\/2018\/07\/cd-room-154x159.jpg 154w, https:\/\/wp.ufpel.edu.br\/saberesesaboresdacolonia\/files\/2018\/07\/cd-room-307x318.jpg 307w, https:\/\/wp.ufpel.edu.br\/saberesesaboresdacolonia\/files\/2018\/07\/cd-room-290x300.jpg 290w\" sizes=\"auto, (max-width: 146px) 100vw, 146px\" \/><\/p>\n<p><img loading=\"lazy\" decoding=\"async\" class=\"wp-image-3982 alignleft\" src=\"https:\/\/wp.ufpel.edu.br\/saberesesaboresdacolonia\/files\/2018\/07\/livro-de-receitas.jpg\" alt=\"\" width=\"133\" height=\"141\" srcset=\"https:\/\/wp.ufpel.edu.br\/saberesesaboresdacolonia\/files\/2018\/07\/livro-de-receitas.jpg 735w, https:\/\/wp.ufpel.edu.br\/saberesesaboresdacolonia\/files\/2018\/07\/livro-de-receitas-149x159.jpg 149w, https:\/\/wp.ufpel.edu.br\/saberesesaboresdacolonia\/files\/2018\/07\/livro-de-receitas-299x318.jpg 299w, https:\/\/wp.ufpel.edu.br\/saberesesaboresdacolonia\/files\/2018\/07\/livro-de-receitas-282x300.jpg 282w\" sizes=\"auto, (max-width: 133px) 100vw, 133px\" \/><\/p>\n<p><img loading=\"lazy\" decoding=\"async\" class=\"wp-image-3983 alignleft\" src=\"https:\/\/wp.ufpel.edu.br\/saberesesaboresdacolonia\/files\/2018\/07\/videos.jpg\" alt=\"\" width=\"140\" height=\"140\" srcset=\"https:\/\/wp.ufpel.edu.br\/saberesesaboresdacolonia\/files\/2018\/07\/videos.jpg 708w, https:\/\/wp.ufpel.edu.br\/saberesesaboresdacolonia\/files\/2018\/07\/videos-159x159.jpg 159w, https:\/\/wp.ufpel.edu.br\/saberesesaboresdacolonia\/files\/2018\/07\/videos-318x318.jpg 318w, https:\/\/wp.ufpel.edu.br\/saberesesaboresdacolonia\/files\/2018\/07\/videos-300x300.jpg 300w\" sizes=\"auto, (max-width: 140px) 100vw, 140px\" \/><\/p>\n<p>&nbsp;<\/p>\n<p>&nbsp;<\/p>\n<p>&nbsp;<\/p>\n","protected":false},"excerpt":{"rendered":"<p>&nbsp; \u00a0\u00a0\u00a0\u00a0 Desde 2011 a equipe reunida em torno da agenda de pesquisa Saberes e Sabores da Col\u00f4nia tem percorrido a Serra dos Tapes, buscando conhecer, especialmente a partir da observa\u00e7\u00e3o das pr\u00e1ticas alimentares, um pouco da col\u00f4nia da regi\u00e3o &hellip; <a href=\"https:\/\/wp.ufpel.edu.br\/saberesesaboresdacolonia\/\">Continue lendo <span class=\"meta-nav\">&rarr;<\/span><\/a><\/p>\n","protected":false},"author":646,"featured_media":0,"parent":0,"menu_order":0,"comment_status":"closed","ping_status":"closed","template":"","meta":{"jetpack_post_was_ever_published":false,"footnotes":""},"class_list":["post-3580","page","type-page","status-publish","hentry"],"jetpack_sharing_enabled":true,"jetpack_shortlink":"https:\/\/wp.me\/P80jcK-VK","_links":{"self":[{"href":"https:\/\/wp.ufpel.edu.br\/saberesesaboresdacolonia\/wp-json\/wp\/v2\/pages\/3580","targetHints":{"allow":["GET"]}}],"collection":[{"href":"https:\/\/wp.ufpel.edu.br\/saberesesaboresdacolonia\/wp-json\/wp\/v2\/pages"}],"about":[{"href":"https:\/\/wp.ufpel.edu.br\/saberesesaboresdacolonia\/wp-json\/wp\/v2\/types\/page"}],"author":[{"embeddable":true,"href":"https:\/\/wp.ufpel.edu.br\/saberesesaboresdacolonia\/wp-json\/wp\/v2\/users\/646"}],"replies":[{"embeddable":true,"href":"https:\/\/wp.ufpel.edu.br\/saberesesaboresdacolonia\/wp-json\/wp\/v2\/comments?post=3580"}],"version-history":[{"count":35,"href":"https:\/\/wp.ufpel.edu.br\/saberesesaboresdacolonia\/wp-json\/wp\/v2\/pages\/3580\/revisions"}],"predecessor-version":[{"id":4017,"href":"https:\/\/wp.ufpel.edu.br\/saberesesaboresdacolonia\/wp-json\/wp\/v2\/pages\/3580\/revisions\/4017"}],"wp:attachment":[{"href":"https:\/\/wp.ufpel.edu.br\/saberesesaboresdacolonia\/wp-json\/wp\/v2\/media?parent=3580"}],"curies":[{"name":"wp","href":"https:\/\/api.w.org\/{rel}","templated":true}]}}