{"id":764,"date":"2026-02-17T21:27:17","date_gmt":"2026-02-18T00:27:17","guid":{"rendered":"https:\/\/wp.ufpel.edu.br\/saberesdasmissoes\/?page_id=764"},"modified":"2026-03-06T18:00:57","modified_gmt":"2026-03-06T21:00:57","slug":"sao-nicolau","status":"publish","type":"page","link":"https:\/\/wp.ufpel.edu.br\/saberesdasmissoes\/material-de-apoio\/sao-nicolau\/","title":{"rendered":"S\u00e3o Nicolau"},"content":{"rendered":"<div>\n<p>Na cidade de S\u00e3o Miguel das Miss\u00f5es o material de apoio para a\u00e7\u00f5es de educa\u00e7\u00e3o patrimonial desenvolvido foi um livro-objeto, que conta a hist\u00f3ria da cidade e de seus lugares de refer\u00eancia cultural. A visita guiada \u00e9 conduzida pela personagem Coruja-buraqueira. O livro se desenvolve a partir de um mapa, com pop-ups e recursos interativos, que pode ser utilizado tamb\u00e9m em forma de jogo de tabuleiro. O material foi constru\u00eddo de forma colaborativa entre a equipe e as professoras de 4\u00ba e 5\u00ba ano do ensino fundamental, da rede p\u00fablica municipal de S\u00e3o Miguel das Miss\u00f5es.<\/p>\n<\/div>\n<div>\n<div><\/div>\n<\/div>\n<div><\/div>\n<div>\n<p>Para realizar o download do material elaborado, clique nos \u00edcones abaixo:<\/p>\n<p><a href=\"https:\/\/wp.ufpel.edu.br\/saberesdasmissoes\/educacaopatrimonial\/dinamicas\/\"><img loading=\"lazy\" decoding=\"async\" class=\"wp-image-780 alignleft\" src=\"https:\/\/wp.ufpel.edu.br\/saberesdasmissoes\/files\/2026\/03\/0.impressao-pb.png\" alt=\"\" width=\"200\" height=\"200\" \/><\/a><\/p>\n<p>&nbsp;<\/p>\n<p>Livro-objeto<\/p>\n<p>para impress\u00e3o<\/p>\n<p>em preto e branco<\/p>\n<p>&nbsp;<\/p>\n<\/div>\n<p>&nbsp;<\/p>\n<p>&nbsp;<\/p>\n<div>\n<p><a href=\"https:\/\/wp.ufpel.edu.br\/saberesdasmissoes\/educacaopatrimonial\/dinamicas\/\"><img loading=\"lazy\" decoding=\"async\" class=\" wp-image-781 alignleft\" src=\"https:\/\/wp.ufpel.edu.br\/saberesdasmissoes\/files\/2026\/03\/0.impressao-colorida.png\" alt=\"\" width=\"202\" height=\"202\" \/><\/a><\/p>\n<p>&nbsp;<\/p>\n<\/div>\n<p>&nbsp;<\/p>\n<p>Livro-objeto<\/p>\n<p>para impress\u00e3o<\/p>\n<p>colorida<\/p>\n<p>&nbsp;<\/p>\n<p>&nbsp;<\/p>\n<p><a href=\"https:\/\/wp.ufpel.edu.br\/saberesdasmissoes\/educacaopatrimonial\/dinamicas\/\"><img loading=\"lazy\" decoding=\"async\" class=\"wp-image-779 alignleft\" src=\"https:\/\/wp.ufpel.edu.br\/saberesdasmissoes\/files\/2026\/03\/0.tutorial-de-montagem.png\" alt=\"\" width=\"202\" height=\"202\" \/><\/a><\/p>\n<p>&nbsp;<\/p>\n<p>&nbsp;<\/p>\n<p>Tutorial<\/p>\n<p>de montagem<\/p>\n<p>&nbsp;<\/p>\n<p>&nbsp;<\/p>\n<p>&nbsp;<\/p>\n<p><b>Ficha t\u00e9cnica<\/b><\/p>\n<p>Concep\u00e7\u00e3o:<\/p>\n<p>Professores da rede p\u00fablica municipal de S\u00e3o Miguel das Miss\u00f5es: Cleni Teresa Nunes da Silva, D\u00e9bora Sommavilla, Dilete dos Santos, Erediane Koch Henke, Fabiane Flores, Glaucia Benvenutti da Rosa, Hilde Birck, Isolde Koch Lemos, Janeti Teresinha Jablonski Pezzini, Jaqueline Anai Rolim Gonzatto, Joceane Machado Cassiano, Josiane Marques Beck, Jussara Ana Bittencourt, Katarine Elisabeth Dalpiaz Marcon, Lisiane Machado Galvam Adams, Simoni Massoco, Tain\u00e1 Escobar Sandri, Tatiane da Rosa, Thalia Souza Aguiar, Val\u00e9ria Ropke, Viviane Ropke<\/p>\n<p>Equipe do projeto: Helena Bulloza Trigo Passos, Henrique da Rosa Dias, Iara Giroldo, Karine Chalmes Braga, Marcela da Rosa Dias.<\/p>\n<p>Engenharia de papel: Iara Giroldo<\/p>\n<p>Ilustra\u00e7\u00f5es: Henrique da Rosa Dias<\/p>\n<p>Consultoria: Aline Montagna da Silveira e Maria Matilde Villegas Jaramillo<\/p>\n<p>Apoio: Secretaria Municipal de Educa\u00e7\u00e3o da Prefeitura Municipal de S\u00e3o Miguel das Miss\u00f5es<\/p>\n","protected":false},"excerpt":{"rendered":"<p>Na cidade de S\u00e3o Miguel das Miss\u00f5es o material de apoio para a\u00e7\u00f5es de educa\u00e7\u00e3o patrimonial desenvolvido foi um livro-objeto, que conta a hist\u00f3ria da cidade e de seus lugares de refer\u00eancia cultural. A visita guiada \u00e9 conduzida pela personagem Coruja-buraqueira. O livro se desenvolve a partir de um mapa, com pop-ups e recursos interativos, [&hellip;]<\/p>\n","protected":false},"author":1548,"featured_media":0,"parent":676,"menu_order":0,"comment_status":"closed","ping_status":"closed","template":"","meta":{"footnotes":""},"class_list":["post-764","page","type-page","status-publish","hentry","post"],"_links":{"self":[{"href":"https:\/\/wp.ufpel.edu.br\/saberesdasmissoes\/wp-json\/wp\/v2\/pages\/764","targetHints":{"allow":["GET"]}}],"collection":[{"href":"https:\/\/wp.ufpel.edu.br\/saberesdasmissoes\/wp-json\/wp\/v2\/pages"}],"about":[{"href":"https:\/\/wp.ufpel.edu.br\/saberesdasmissoes\/wp-json\/wp\/v2\/types\/page"}],"author":[{"embeddable":true,"href":"https:\/\/wp.ufpel.edu.br\/saberesdasmissoes\/wp-json\/wp\/v2\/users\/1548"}],"replies":[{"embeddable":true,"href":"https:\/\/wp.ufpel.edu.br\/saberesdasmissoes\/wp-json\/wp\/v2\/comments?post=764"}],"version-history":[{"count":4,"href":"https:\/\/wp.ufpel.edu.br\/saberesdasmissoes\/wp-json\/wp\/v2\/pages\/764\/revisions"}],"predecessor-version":[{"id":819,"href":"https:\/\/wp.ufpel.edu.br\/saberesdasmissoes\/wp-json\/wp\/v2\/pages\/764\/revisions\/819"}],"up":[{"embeddable":true,"href":"https:\/\/wp.ufpel.edu.br\/saberesdasmissoes\/wp-json\/wp\/v2\/pages\/676"}],"wp:attachment":[{"href":"https:\/\/wp.ufpel.edu.br\/saberesdasmissoes\/wp-json\/wp\/v2\/media?parent=764"}],"curies":[{"name":"wp","href":"https:\/\/api.w.org\/{rel}","templated":true}]}}