{"id":762,"date":"2026-02-17T21:27:04","date_gmt":"2026-02-18T00:27:04","guid":{"rendered":"https:\/\/wp.ufpel.edu.br\/saberesdasmissoes\/?page_id=762"},"modified":"2026-03-06T18:01:45","modified_gmt":"2026-03-06T21:01:45","slug":"sao-luiz-gonzaga","status":"publish","type":"page","link":"https:\/\/wp.ufpel.edu.br\/saberesdasmissoes\/material-de-apoio\/sao-luiz-gonzaga\/","title":{"rendered":"S\u00e3o Luiz Gonzaga"},"content":{"rendered":"<p>Na cidade de S\u00e3o Luiz Gonzaga o material de apoio para a\u00e7\u00f5es de educa\u00e7\u00e3o patrimonial desenvolvido foi um jogo de investiga\u00e7\u00e3o intitulado <i>Pistas Missioneiras, <\/i>que aborda as refer\u00eancias culturais do munic\u00edpio. O material foi constru\u00eddo de forma colaborativa entre a equipe e as professoras de 4\u00ba e 5\u00ba ano do ensino fundamental, da rede p\u00fablica municipal de S\u00e3o Luiz Gonzaga.<\/p>\n<div>\n<div><\/div>\n<\/div>\n<div><\/div>\n<div>\n<p>Para realizar o download do material elaborado, clique nos \u00edcones abaixo:<\/p>\n<p><a href=\"https:\/\/wp.ufpel.edu.br\/saberesdasmissoes\/educacaopatrimonial\/dinamicas\/\"><img loading=\"lazy\" decoding=\"async\" class=\"wp-image-780 alignleft\" src=\"https:\/\/wp.ufpel.edu.br\/saberesdasmissoes\/files\/2026\/03\/0.impressao-pb.png\" alt=\"\" width=\"200\" height=\"200\" \/><\/a><\/p>\n<p>&nbsp;<\/p>\n<p>Livro-objeto<\/p>\n<p>para impress\u00e3o<\/p>\n<p>em preto e branco<\/p>\n<p>&nbsp;<\/p>\n<\/div>\n<p>&nbsp;<\/p>\n<p>&nbsp;<\/p>\n<div>\n<p><a href=\"https:\/\/wp.ufpel.edu.br\/saberesdasmissoes\/educacaopatrimonial\/dinamicas\/\"><img loading=\"lazy\" decoding=\"async\" class=\" wp-image-781 alignleft\" src=\"https:\/\/wp.ufpel.edu.br\/saberesdasmissoes\/files\/2026\/03\/0.impressao-colorida.png\" alt=\"\" width=\"202\" height=\"202\" \/><\/a><\/p>\n<p>&nbsp;<\/p>\n<\/div>\n<p>&nbsp;<\/p>\n<p>Livro-objeto<\/p>\n<p>para impress\u00e3o<\/p>\n<p>colorida<\/p>\n<p>&nbsp;<\/p>\n<p>&nbsp;<\/p>\n<p><a href=\"https:\/\/wp.ufpel.edu.br\/saberesdasmissoes\/educacaopatrimonial\/dinamicas\/\"><img loading=\"lazy\" decoding=\"async\" class=\"wp-image-779 alignleft\" src=\"https:\/\/wp.ufpel.edu.br\/saberesdasmissoes\/files\/2026\/03\/0.tutorial-de-montagem.png\" alt=\"\" width=\"202\" height=\"202\" \/><\/a><\/p>\n<p>&nbsp;<\/p>\n<p>&nbsp;<\/p>\n<p>Tutorial<\/p>\n<p>de montagem<\/p>\n<p>&nbsp;<\/p>\n<p>&nbsp;<\/p>\n<p>&nbsp;<\/p>\n<p><b>Ficha t\u00e9cnica<\/b><\/p>\n<p>Concep\u00e7\u00e3o:<\/p>\n<p>Professores da rede p\u00fablica municipal de S\u00e3o Luiz Gonzaga: Adelina Martinez Feij\u00f3 de Matos, Angelise Crestani Zwan, Elaine Hendges Welter, Eloa Carlos Borges Antunes, Fernanda Wenzel Lopes, Francieli Brun Maciel Schmitt, Gisela Comaretto dos Santos, Ivete Venilda Grundemann Beer, Izolda Maria Gomes Bica, Jane de C\u00e1ssia dos Santos Silveira Berdet, Lenise Aquino Litter, Luciane Nogueira Pinto, Manoela Fernanda Schuster, Maribel Aparecida Lobo de Mello, Marta Machado Moraes, Nara Verley Bolacel da Cruz, Neida Haff Ribeiro, Neusa Maria Hoff Ceribola, Rejane de F\u00e1tima Dami\u00e3o<\/p>\n<p>Equipe do projeto: Helena Bulloza Trigo Passos, Henrique da Rosa Dias, Iara Giroldo, Karine Chalmes Braga, Marcela da Rosa Dias.<\/p>\n<p>Diagrama\u00e7\u00e3o e Ilustra\u00e7\u00f5es: Maria Alice Rodrigues Cezarino<\/p>\n<p>Consultoria: Aline Montagna da Silveira e Maria Matilde Villegas Jaramillo<\/p>\n<p>Apoio: Secretaria de Educa\u00e7\u00e3o da Prefeitura de S\u00e3o Luiz Gonzaga<\/p>\n","protected":false},"excerpt":{"rendered":"<p>Na cidade de S\u00e3o Luiz Gonzaga o material de apoio para a\u00e7\u00f5es de educa\u00e7\u00e3o patrimonial desenvolvido foi um jogo de investiga\u00e7\u00e3o intitulado Pistas Missioneiras, que aborda as refer\u00eancias culturais do munic\u00edpio. O material foi constru\u00eddo de forma colaborativa entre a equipe e as professoras de 4\u00ba e 5\u00ba ano do ensino fundamental, da rede p\u00fablica [&hellip;]<\/p>\n","protected":false},"author":1548,"featured_media":0,"parent":676,"menu_order":0,"comment_status":"closed","ping_status":"closed","template":"","meta":{"footnotes":""},"class_list":["post-762","page","type-page","status-publish","hentry","post"],"_links":{"self":[{"href":"https:\/\/wp.ufpel.edu.br\/saberesdasmissoes\/wp-json\/wp\/v2\/pages\/762","targetHints":{"allow":["GET"]}}],"collection":[{"href":"https:\/\/wp.ufpel.edu.br\/saberesdasmissoes\/wp-json\/wp\/v2\/pages"}],"about":[{"href":"https:\/\/wp.ufpel.edu.br\/saberesdasmissoes\/wp-json\/wp\/v2\/types\/page"}],"author":[{"embeddable":true,"href":"https:\/\/wp.ufpel.edu.br\/saberesdasmissoes\/wp-json\/wp\/v2\/users\/1548"}],"replies":[{"embeddable":true,"href":"https:\/\/wp.ufpel.edu.br\/saberesdasmissoes\/wp-json\/wp\/v2\/comments?post=762"}],"version-history":[{"count":3,"href":"https:\/\/wp.ufpel.edu.br\/saberesdasmissoes\/wp-json\/wp\/v2\/pages\/762\/revisions"}],"predecessor-version":[{"id":822,"href":"https:\/\/wp.ufpel.edu.br\/saberesdasmissoes\/wp-json\/wp\/v2\/pages\/762\/revisions\/822"}],"up":[{"embeddable":true,"href":"https:\/\/wp.ufpel.edu.br\/saberesdasmissoes\/wp-json\/wp\/v2\/pages\/676"}],"wp:attachment":[{"href":"https:\/\/wp.ufpel.edu.br\/saberesdasmissoes\/wp-json\/wp\/v2\/media?parent=762"}],"curies":[{"name":"wp","href":"https:\/\/api.w.org\/{rel}","templated":true}]}}