{"id":685,"date":"2026-02-17T17:43:47","date_gmt":"2026-02-17T20:43:47","guid":{"rendered":"https:\/\/wp.ufpel.edu.br\/saberesdasmissoes\/?page_id=685"},"modified":"2026-02-17T21:05:17","modified_gmt":"2026-02-18T00:05:17","slug":"guias-de-turismo","status":"publish","type":"page","link":"https:\/\/wp.ufpel.edu.br\/saberesdasmissoes\/guias-de-turismo\/","title":{"rendered":"Guias de Turismo"},"content":{"rendered":"<p style=\"text-align: justify;\">As a\u00e7\u00f5es envolveram integrantes da <a href=\"https:\/\/agmissoes.wordpress.com\/\"><b>Associa\u00e7\u00e3o dos Guias de Turismo da Regi\u00e3o das Miss\u00f5es<\/b> (AGTM)<\/a>.<\/p>\n<p style=\"text-align: justify;\">As din\u00e2micas ocorreram no per\u00edodo de mar\u00e7o a maio de 2025, com a participa\u00e7\u00e3o de 9 guias de turismo, em 4 oficinas realizadas em formato presencial e remoto.<\/p>\n<p style=\"text-align: justify;\">As media\u00e7\u00f5es contemplaram as <a href=\"https:\/\/wp.ufpel.edu.br\/saberesdasmissoes\/educacaopatrimonial\/dinamicas\/\">din\u00e2micas<\/a>: C\u00e1psula do tempo e Roda de conversa.<\/p>\n<p><a href=\"https:\/\/wp.ufpel.edu.br\/saberesdasmissoes\/educacaopatrimonial\/dinamicas\/\"><img loading=\"lazy\" decoding=\"async\" class=\"alignnone  wp-image-720\" src=\"https:\/\/wp.ufpel.edu.br\/saberesdasmissoes\/files\/2026\/02\/1.-icones-guias-400x65.png\" alt=\"\" width=\"1126\" height=\"183\" srcset=\"https:\/\/wp.ufpel.edu.br\/saberesdasmissoes\/files\/2026\/02\/1.-icones-guias-400x65.png 400w, https:\/\/wp.ufpel.edu.br\/saberesdasmissoes\/files\/2026\/02\/1.-icones-guias-1024x167.png 1024w, https:\/\/wp.ufpel.edu.br\/saberesdasmissoes\/files\/2026\/02\/1.-icones-guias-768x125.png 768w, https:\/\/wp.ufpel.edu.br\/saberesdasmissoes\/files\/2026\/02\/1.-icones-guias.png 1350w\" sizes=\"auto, (max-width: 1126px) 100vw, 1126px\" \/><\/a><\/p>\n<div><\/div>\n","protected":false},"excerpt":{"rendered":"<p>As a\u00e7\u00f5es envolveram integrantes da Associa\u00e7\u00e3o dos Guias de Turismo da Regi\u00e3o das Miss\u00f5es (AGTM). As din\u00e2micas ocorreram no per\u00edodo de mar\u00e7o a maio de 2025, com a participa\u00e7\u00e3o de 9 guias de turismo, em 4 oficinas realizadas em formato presencial e remoto. As media\u00e7\u00f5es contemplaram as din\u00e2micas: C\u00e1psula do tempo e Roda de conversa.<\/p>\n","protected":false},"author":1548,"featured_media":0,"parent":0,"menu_order":0,"comment_status":"closed","ping_status":"closed","template":"","meta":{"footnotes":""},"class_list":["post-685","page","type-page","status-publish","hentry","post"],"_links":{"self":[{"href":"https:\/\/wp.ufpel.edu.br\/saberesdasmissoes\/wp-json\/wp\/v2\/pages\/685","targetHints":{"allow":["GET"]}}],"collection":[{"href":"https:\/\/wp.ufpel.edu.br\/saberesdasmissoes\/wp-json\/wp\/v2\/pages"}],"about":[{"href":"https:\/\/wp.ufpel.edu.br\/saberesdasmissoes\/wp-json\/wp\/v2\/types\/page"}],"author":[{"embeddable":true,"href":"https:\/\/wp.ufpel.edu.br\/saberesdasmissoes\/wp-json\/wp\/v2\/users\/1548"}],"replies":[{"embeddable":true,"href":"https:\/\/wp.ufpel.edu.br\/saberesdasmissoes\/wp-json\/wp\/v2\/comments?post=685"}],"version-history":[{"count":3,"href":"https:\/\/wp.ufpel.edu.br\/saberesdasmissoes\/wp-json\/wp\/v2\/pages\/685\/revisions"}],"predecessor-version":[{"id":727,"href":"https:\/\/wp.ufpel.edu.br\/saberesdasmissoes\/wp-json\/wp\/v2\/pages\/685\/revisions\/727"}],"wp:attachment":[{"href":"https:\/\/wp.ufpel.edu.br\/saberesdasmissoes\/wp-json\/wp\/v2\/media?parent=685"}],"curies":[{"name":"wp","href":"https:\/\/api.w.org\/{rel}","templated":true}]}}