{"id":676,"date":"2026-02-17T17:37:53","date_gmt":"2026-02-17T20:37:53","guid":{"rendered":"https:\/\/wp.ufpel.edu.br\/saberesdasmissoes\/?page_id=676"},"modified":"2026-04-09T15:48:20","modified_gmt":"2026-04-09T18:48:20","slug":"material-de-apoio","status":"publish","type":"page","link":"https:\/\/wp.ufpel.edu.br\/saberesdasmissoes\/material-de-apoio\/","title":{"rendered":"Material de Apoio"},"content":{"rendered":"<p><a href=\"https:\/\/wp.ufpel.edu.br\/saberesdasmissoes\/material-de-apoio\/entre-ijuis\/\" rel=\"https:\/\/wp.ufpel.edu.br\/saberesdasmissoes\/material-de-apoio\/entre-ijuis\/\"><img loading=\"lazy\" decoding=\"async\" class=\"alignleft wp-image-914 size-full\" src=\"https:\/\/wp.ufpel.edu.br\/saberesdasmissoes\/files\/2026\/04\/icone_entreijuis.png\" alt=\"\" width=\"150\" height=\"150\" \/><\/a><\/p>\n<p>&nbsp;<\/p>\n<p>&nbsp;<\/p>\n<p><strong>Entre-Iju\u00eds<\/strong><\/p>\n<p>&nbsp;<\/p>\n<p>&nbsp;<\/p>\n<p><a href=\"https:\/\/wp.ufpel.edu.br\/saberesdasmissoes\/material-de-apoio\/sao-miguel-das-missoes\/\" rel=\"https:\/\/wp.ufpel.edu.br\/saberesdasmissoes\/material-de-apoio\/sao-miguel-das-missoes\/\"><img loading=\"lazy\" decoding=\"async\" class=\"alignleft wp-image-912 size-full\" src=\"https:\/\/wp.ufpel.edu.br\/saberesdasmissoes\/files\/2026\/04\/icone_saomiguel.png\" alt=\"\" width=\"150\" height=\"150\" \/><\/a><\/p>\n<p>&nbsp;<\/p>\n<p>&nbsp;<\/p>\n<p><strong>S\u00e3o Miguel das Miss\u00f5es<\/strong><\/p>\n<p>&nbsp;<\/p>\n<p>&nbsp;<\/p>\n<p><a href=\"https:\/\/wp.ufpel.edu.br\/saberesdasmissoes\/material-de-apoio\/sao-luiz-gonzaga\/\" rel=\"https:\/\/wp.ufpel.edu.br\/saberesdasmissoes\/material-de-apoio\/sao-luiz-gonzaga\/\"><img loading=\"lazy\" decoding=\"async\" class=\"alignleft wp-image-915 size-full\" src=\"https:\/\/wp.ufpel.edu.br\/saberesdasmissoes\/files\/2026\/04\/icone_saoluiz.png\" alt=\"\" width=\"150\" height=\"150\" \/><\/a><\/p>\n<p>&nbsp;<\/p>\n<p>&nbsp;<\/p>\n<p><strong>S\u00e3o Luiz Gonzaga<\/strong><\/p>\n<p>&nbsp;<\/p>\n<p>&nbsp;<\/p>\n<p><a href=\"https:\/\/wp.ufpel.edu.br\/saberesdasmissoes\/material-de-apoio\/sao-nicolau\/\" rel=\"https:\/\/wp.ufpel.edu.br\/saberesdasmissoes\/material-de-apoio\/sao-nicolau\/\"><img loading=\"lazy\" decoding=\"async\" class=\"alignleft wp-image-913 size-full\" src=\"https:\/\/wp.ufpel.edu.br\/saberesdasmissoes\/files\/2026\/04\/icone_saonicolau.png\" alt=\"\" width=\"150\" height=\"150\" \/><\/a><\/p>\n<p>&nbsp;<\/p>\n<p>&nbsp;<\/p>\n<p><strong>S\u00e3o Nicolau<\/strong><\/p>\n<p>&nbsp;<\/p>\n<p>&nbsp;<\/p>\n<p><a href=\"https:\/\/wp.ufpel.edu.br\/saberesdasmissoes\/material-de-apoio\/coruja-buraqueira\/\" rel=\"https:\/\/wp.ufpel.edu.br\/saberesdasmissoes\/material-de-apoio\/coruja-buraqueira\/\"><img loading=\"lazy\" decoding=\"async\" class=\"alignleft wp-image-916 size-full\" src=\"https:\/\/wp.ufpel.edu.br\/saberesdasmissoes\/files\/2026\/04\/icone_coruja.png\" alt=\"\" width=\"150\" height=\"150\" \/><\/a><\/p>\n<p>&nbsp;<\/p>\n<p>&nbsp;<\/p>\n<p><strong>Coruja-Buraqueira<\/strong><\/p>\n","protected":false},"excerpt":{"rendered":"<p>&nbsp; &nbsp; Entre-Iju\u00eds &nbsp; &nbsp; &nbsp; &nbsp; S\u00e3o Miguel das Miss\u00f5es &nbsp; &nbsp; &nbsp; &nbsp; S\u00e3o Luiz Gonzaga &nbsp; &nbsp; &nbsp; &nbsp; S\u00e3o Nicolau &nbsp; &nbsp; &nbsp; &nbsp; Coruja-Buraqueira<\/p>\n","protected":false},"author":1548,"featured_media":0,"parent":0,"menu_order":0,"comment_status":"closed","ping_status":"closed","template":"","meta":{"footnotes":""},"class_list":["post-676","page","type-page","status-publish","hentry","post"],"_links":{"self":[{"href":"https:\/\/wp.ufpel.edu.br\/saberesdasmissoes\/wp-json\/wp\/v2\/pages\/676","targetHints":{"allow":["GET"]}}],"collection":[{"href":"https:\/\/wp.ufpel.edu.br\/saberesdasmissoes\/wp-json\/wp\/v2\/pages"}],"about":[{"href":"https:\/\/wp.ufpel.edu.br\/saberesdasmissoes\/wp-json\/wp\/v2\/types\/page"}],"author":[{"embeddable":true,"href":"https:\/\/wp.ufpel.edu.br\/saberesdasmissoes\/wp-json\/wp\/v2\/users\/1548"}],"replies":[{"embeddable":true,"href":"https:\/\/wp.ufpel.edu.br\/saberesdasmissoes\/wp-json\/wp\/v2\/comments?post=676"}],"version-history":[{"count":3,"href":"https:\/\/wp.ufpel.edu.br\/saberesdasmissoes\/wp-json\/wp\/v2\/pages\/676\/revisions"}],"predecessor-version":[{"id":918,"href":"https:\/\/wp.ufpel.edu.br\/saberesdasmissoes\/wp-json\/wp\/v2\/pages\/676\/revisions\/918"}],"wp:attachment":[{"href":"https:\/\/wp.ufpel.edu.br\/saberesdasmissoes\/wp-json\/wp\/v2\/media?parent=676"}],"curies":[{"name":"wp","href":"https:\/\/api.w.org\/{rel}","templated":true}]}}