{"id":674,"date":"2026-02-17T17:37:41","date_gmt":"2026-02-17T20:37:41","guid":{"rendered":"https:\/\/wp.ufpel.edu.br\/saberesdasmissoes\/?page_id=674"},"modified":"2026-04-09T15:41:49","modified_gmt":"2026-04-09T18:41:49","slug":"participantes","status":"publish","type":"page","link":"https:\/\/wp.ufpel.edu.br\/saberesdasmissoes\/participantes\/","title":{"rendered":"Participantes"},"content":{"rendered":"<p><a href=\"https:\/\/wp.ufpel.edu.br\/saberesdasmissoes\/artifices-em-formacao\/\" rel=\"https:\/\/wp.ufpel.edu.br\/saberesdasmissoes\/artifices-em-formacao\/\"><img loading=\"lazy\" decoding=\"async\" class=\"alignleft wp-image-903 size-full\" src=\"https:\/\/wp.ufpel.edu.br\/saberesdasmissoes\/files\/2026\/04\/icone_artifices.png\" alt=\"\" width=\"150\" height=\"150\" \/><\/a><\/p>\n<p>&nbsp;<\/p>\n<p><strong>Art\u00edfices em Forma\u00e7\u00e3o<\/strong><\/p>\n<p>&nbsp;<\/p>\n<p>&nbsp;<\/p>\n<p><a href=\"https:\/\/wp.ufpel.edu.br\/saberesdasmissoes\/funcionarios-do-phnm\/\" rel=\"https:\/\/wp.ufpel.edu.br\/saberesdasmissoes\/funcionarios-do-phnm\/\"><img loading=\"lazy\" decoding=\"async\" class=\"alignleft wp-image-904 size-full\" src=\"https:\/\/wp.ufpel.edu.br\/saberesdasmissoes\/files\/2026\/04\/icone_funcionarios.png\" alt=\"\" width=\"150\" height=\"150\" \/><\/a><\/p>\n<p>&nbsp;<\/p>\n<p>&nbsp;<\/p>\n<p><strong>Funcion\u00e1rios do PHNM<\/strong><\/p>\n<p>&nbsp;<\/p>\n<p>&nbsp;<\/p>\n<p><a href=\"https:\/\/wp.ufpel.edu.br\/saberesdasmissoes\/guias-de-turismo\/\" rel=\"https:\/\/wp.ufpel.edu.br\/saberesdasmissoes\/guias-de-turismo\/\"><img loading=\"lazy\" decoding=\"async\" class=\"alignleft wp-image-905 size-full\" src=\"https:\/\/wp.ufpel.edu.br\/saberesdasmissoes\/files\/2026\/04\/icone_guias.png\" alt=\"\" width=\"150\" height=\"150\" \/><\/a><\/p>\n<p>&nbsp;<\/p>\n<p>&nbsp;<\/p>\n<p><strong>Guias de Turismo<\/strong><\/p>\n<p>&nbsp;<\/p>\n<p>&nbsp;<\/p>\n<p><a href=\"https:\/\/wp.ufpel.edu.br\/saberesdasmissoes\/professores\/\" rel=\"https:\/\/wp.ufpel.edu.br\/saberesdasmissoes\/professores\/\"><img loading=\"lazy\" decoding=\"async\" class=\"alignleft wp-image-906 size-full\" src=\"https:\/\/wp.ufpel.edu.br\/saberesdasmissoes\/files\/2026\/04\/icone_professores.png\" alt=\"\" width=\"150\" height=\"150\" \/><\/a><\/p>\n<p>&nbsp;<\/p>\n<p>&nbsp;<\/p>\n<p><strong>Professores<\/strong><\/p>\n","protected":false},"excerpt":{"rendered":"<p>&nbsp; Art\u00edfices em Forma\u00e7\u00e3o &nbsp; &nbsp; &nbsp; &nbsp; Funcion\u00e1rios do PHNM &nbsp; &nbsp; &nbsp; &nbsp; Guias de Turismo &nbsp; &nbsp; &nbsp; &nbsp; Professores<\/p>\n","protected":false},"author":1548,"featured_media":0,"parent":0,"menu_order":0,"comment_status":"closed","ping_status":"closed","template":"","meta":{"footnotes":""},"class_list":["post-674","page","type-page","status-publish","hentry","post"],"_links":{"self":[{"href":"https:\/\/wp.ufpel.edu.br\/saberesdasmissoes\/wp-json\/wp\/v2\/pages\/674","targetHints":{"allow":["GET"]}}],"collection":[{"href":"https:\/\/wp.ufpel.edu.br\/saberesdasmissoes\/wp-json\/wp\/v2\/pages"}],"about":[{"href":"https:\/\/wp.ufpel.edu.br\/saberesdasmissoes\/wp-json\/wp\/v2\/types\/page"}],"author":[{"embeddable":true,"href":"https:\/\/wp.ufpel.edu.br\/saberesdasmissoes\/wp-json\/wp\/v2\/users\/1548"}],"replies":[{"embeddable":true,"href":"https:\/\/wp.ufpel.edu.br\/saberesdasmissoes\/wp-json\/wp\/v2\/comments?post=674"}],"version-history":[{"count":3,"href":"https:\/\/wp.ufpel.edu.br\/saberesdasmissoes\/wp-json\/wp\/v2\/pages\/674\/revisions"}],"predecessor-version":[{"id":907,"href":"https:\/\/wp.ufpel.edu.br\/saberesdasmissoes\/wp-json\/wp\/v2\/pages\/674\/revisions\/907"}],"wp:attachment":[{"href":"https:\/\/wp.ufpel.edu.br\/saberesdasmissoes\/wp-json\/wp\/v2\/media?parent=674"}],"curies":[{"name":"wp","href":"https:\/\/api.w.org\/{rel}","templated":true}]}}