{"id":558,"date":"2026-01-28T18:39:14","date_gmt":"2026-01-28T21:39:14","guid":{"rendered":"https:\/\/wp.ufpel.edu.br\/saberesdasmissoes\/?page_id=558"},"modified":"2026-02-01T13:22:34","modified_gmt":"2026-02-01T16:22:34","slug":"consolidacao-equipe","status":"publish","type":"page","link":"https:\/\/wp.ufpel.edu.br\/saberesdasmissoes\/consolidacao-equipe\/","title":{"rendered":"Equipe"},"content":{"rendered":"<p data-start=\"3658\" data-end=\"3977\"><strong>EQUIPE RESPONS\u00c1VEL PELA SEGURAN\u00c7A DO TRABALHO E CONSERVA\u00c7\u00c3O PREVENTIVA<\/strong><\/p>\n<p data-start=\"3658\" data-end=\"3977\"><strong>CAROLINA DE MESQUITA DUARTE<\/strong><\/p>\n<p style=\"text-align: justify;\" data-start=\"3658\" data-end=\"3977\">Doutoranda no Programa de P\u00f3s-Gradua\u00e7\u00e3o em Arquitetura e Urbanismo (PROGRAU\/UFPel). Mestra no Programa de P\u00f3s-Gradua\u00e7\u00e3o em Arquitetura e Urbanismo (PROGRAU\/UFPel). Arquiteta e Urbanista pela Universidade Federal de Pelotas (UFPEL). Atuou como bolsista de inicia\u00e7\u00e3o cient\u00edfica pela Funda\u00e7\u00e3o de Amparo \u00e0 Pesquisa do Estado do Rio Grande do Sul (FAPERGS), no Laborat\u00f3rio de Efici\u00eancia Energ\u00e9rtica (LABCEE). Atualmente \u00e9 colaboradora do Grupo de Estudos em Simula\u00e7\u00e3o e Efici\u00eancia Energ\u00e9tica em Edifica\u00e7\u00f5es (GES3E) da Faculdade de Arquitetura e Urbanismo (FAURB) da Universidade Federal de Pelotas (UFPEL). Possui experi\u00eancia em Simula\u00e7\u00f5es Computacionais de Conforto e Efici\u00eancia Energ\u00e9tica.<\/p>\n<p data-start=\"3658\" data-end=\"3977\">Lattes: <a href=\"http:\/\/lattes.cnpq.br\/2411745631488167\">http:\/\/lattes.cnpq.br\/2411745631488167<\/a><\/p>\n<p>Orcid: <a href=\"https:\/\/orcid.org\/0000-0001-6809-5323\">https:\/\/orcid.org\/0000-0001-6809-5323<\/a><\/p>\n<p>&nbsp;<\/p>\n<p><strong>LUCIANE ANDREOLA BEBER<\/strong><\/p>\n<p style=\"text-align: justify;\">Doutoranda em Arquitetura e Urbanismo pela Universidade Federal de Pelotas (UFPel), na mesma linha de pesquisa do mestrado, com foco em Conforto e Sustentabilidade do Ambiente Constru\u00eddo. \u00c9 Mestre em Arquitetura e Urbanismo pela UFPel e possui gradua\u00e7\u00e3o em Arquitetura e Urbanismo pela mesma institui\u00e7\u00e3o. Possui P\u00f3s-Gradua\u00e7\u00e3o em Decora\u00e7\u00e3o e Ilumina\u00e7\u00e3o de Interiores pelo Instituto de P\u00f3s-Gradua\u00e7\u00e3o e Gradua\u00e7\u00e3o (IPOG), al\u00e9m de Forma\u00e7\u00e3o Pedag\u00f3gica para Docentes, realizada na Universidade Cat\u00f3lica de Pelotas (UCPel).<\/p>\n<p>Lattes: \u00a0<a href=\"http:\/\/lattes.cnpq.br\/0077548107420014\">http:\/\/lattes.cnpq.br\/0077548107420014<\/a><\/p>\n<p>Orcid: <a href=\"https:\/\/orcid.org\/0000-0001-6690-8028\">https:\/\/orcid.org\/0000-0001-6690-8028<\/a><\/p>\n<p>&nbsp;<\/p>\n<p data-start=\"3658\" data-end=\"3977\"><strong>TALITA MARINI BRANDELLI<\/strong><\/p>\n<p style=\"text-align: justify;\" data-start=\"3658\" data-end=\"3977\">Mestre em Arquitetura e Urbanismo pela Universidade Federal de Pelotas (2024). Graduada em Engenharia Civil pela Universidade Federal do Rio Grande (2015), com per\u00edodo de gradua\u00e7\u00e3o sandu\u00edche na Universit\u00e0 degli Studi di Trento, na It\u00e1lia, no curso de Ingegneria Civile (2013-2014). Cursa especializa\u00e7\u00e3o em Engenharia de Seguran\u00e7a do Trabalho. \u00c9 servidora T\u00e9cnico-Administrativa em Educa\u00e7\u00e3o no Instituto Federal do Paran\u00e1, atuando na \u00e1rea de Edifica\u00e7\u00f5es.<\/p>\n<p data-start=\"3658\" data-end=\"3977\">Lattes: <a href=\"http:\/\/lattes.cnpq.br\/7320844444964326\">http:\/\/lattes.cnpq.br\/7320844444964326<\/a><\/p>\n<p data-start=\"3658\" data-end=\"3977\">Orcid:<a href=\"https:\/\/orcid.org\/0009-0009-8321-7865\"> https:\/\/orcid.org\/0009-0009-8321-7865<\/a><\/p>\n","protected":false},"excerpt":{"rendered":"<p>EQUIPE RESPONS\u00c1VEL PELA SEGURAN\u00c7A DO TRABALHO E CONSERVA\u00c7\u00c3O PREVENTIVA CAROLINA DE MESQUITA DUARTE Doutoranda no Programa de P\u00f3s-Gradua\u00e7\u00e3o em Arquitetura e Urbanismo (PROGRAU\/UFPel). Mestra no Programa de P\u00f3s-Gradua\u00e7\u00e3o em Arquitetura e Urbanismo (PROGRAU\/UFPel). Arquiteta e Urbanista pela Universidade Federal de Pelotas (UFPEL). Atuou como bolsista de inicia\u00e7\u00e3o cient\u00edfica pela Funda\u00e7\u00e3o de Amparo \u00e0 Pesquisa do [&hellip;]<\/p>\n","protected":false},"author":1547,"featured_media":0,"parent":0,"menu_order":0,"comment_status":"closed","ping_status":"closed","template":"","meta":{"footnotes":""},"class_list":["post-558","page","type-page","status-publish","hentry","post"],"_links":{"self":[{"href":"https:\/\/wp.ufpel.edu.br\/saberesdasmissoes\/wp-json\/wp\/v2\/pages\/558","targetHints":{"allow":["GET"]}}],"collection":[{"href":"https:\/\/wp.ufpel.edu.br\/saberesdasmissoes\/wp-json\/wp\/v2\/pages"}],"about":[{"href":"https:\/\/wp.ufpel.edu.br\/saberesdasmissoes\/wp-json\/wp\/v2\/types\/page"}],"author":[{"embeddable":true,"href":"https:\/\/wp.ufpel.edu.br\/saberesdasmissoes\/wp-json\/wp\/v2\/users\/1547"}],"replies":[{"embeddable":true,"href":"https:\/\/wp.ufpel.edu.br\/saberesdasmissoes\/wp-json\/wp\/v2\/comments?post=558"}],"version-history":[{"count":3,"href":"https:\/\/wp.ufpel.edu.br\/saberesdasmissoes\/wp-json\/wp\/v2\/pages\/558\/revisions"}],"predecessor-version":[{"id":592,"href":"https:\/\/wp.ufpel.edu.br\/saberesdasmissoes\/wp-json\/wp\/v2\/pages\/558\/revisions\/592"}],"wp:attachment":[{"href":"https:\/\/wp.ufpel.edu.br\/saberesdasmissoes\/wp-json\/wp\/v2\/media?parent=558"}],"curies":[{"name":"wp","href":"https:\/\/api.w.org\/{rel}","templated":true}]}}