{"id":104,"date":"2025-07-15T16:40:40","date_gmt":"2025-07-15T19:40:40","guid":{"rendered":"https:\/\/wp.ufpel.edu.br\/saberesdasmissoes\/?page_id=104"},"modified":"2026-01-13T13:08:17","modified_gmt":"2026-01-13T16:08:17","slug":"manual","status":"publish","type":"page","link":"https:\/\/wp.ufpel.edu.br\/saberesdasmissoes\/manual\/","title":{"rendered":"Manual"},"content":{"rendered":"<p style=\"text-align: justify;\">O Manual de Especifica\u00e7\u00f5es para Consolida\u00e7\u00e3o de Estruturas em Pedra das Ru\u00ednas dos S\u00edtios Hist\u00f3ricos Missioneiros tem por finalidade orientar a execu\u00e7\u00e3o de a\u00e7\u00f5es b\u00e1sicas de consolida\u00e7\u00e3o de estruturas em pedra nos s\u00edtios missioneiros, oferecendo subs\u00eddios t\u00e9cnicos para deter e reverter os processos de degrada\u00e7\u00e3o aos quais essas estruturas est\u00e3o submetidas.<\/p>\n<p style=\"text-align: justify;\">Foi elaborado com o objetivo de atender, prioritariamente, aos profissionais, t\u00e9cnicos e art\u00edfices que atuam nos s\u00edtios missioneiros, servindo como instrumento de apoio \u00e0s atividades de conserva\u00e7\u00e3o e manuten\u00e7\u00e3o.<\/p>\n<p style=\"text-align: justify;\">O manual apresenta-se como um guia introdut\u00f3rio \u00e0 preserva\u00e7\u00e3o e \u00e0 conserva\u00e7\u00e3o dos s\u00edtios missioneiros, remanescentes das antigas redu\u00e7\u00f5es jesu\u00edtico-guaranis localizadas no estado do Rio Grande do Sul. Busca fornecer informa\u00e7\u00f5es t\u00e9cnicas, crit\u00e9rios de interven\u00e7\u00e3o e orienta\u00e7\u00f5es metodol\u00f3gicas para a realiza\u00e7\u00e3o de a\u00e7\u00f5es de preserva\u00e7\u00e3o compat\u00edveis com o valor cultural desses bens.<\/p>\n<p style=\"text-align: justify;\">O conte\u00fado inicia com um breve hist\u00f3rico das redu\u00e7\u00f5es, seguido de uma explica\u00e7\u00e3o sobre a natureza e as principais caracter\u00edsticas da arquitetura missioneira, seus materiais construtivos e o estado atual de conserva\u00e7\u00e3o. Apresenta, ainda, diretrizes para a elabora\u00e7\u00e3o de projetos de preserva\u00e7\u00e3o, bem como orienta\u00e7\u00f5es gerais para a execu\u00e7\u00e3o de obras de conserva\u00e7\u00e3o e consolida\u00e7\u00e3o das estruturas.<\/p>\n","protected":false},"excerpt":{"rendered":"<p>O Manual de Especifica\u00e7\u00f5es para Consolida\u00e7\u00e3o de Estruturas em Pedra das Ru\u00ednas dos S\u00edtios Hist\u00f3ricos Missioneiros tem por finalidade orientar a execu\u00e7\u00e3o de a\u00e7\u00f5es b\u00e1sicas de consolida\u00e7\u00e3o de estruturas em pedra nos s\u00edtios missioneiros, oferecendo subs\u00eddios t\u00e9cnicos para deter e reverter os processos de degrada\u00e7\u00e3o aos quais essas estruturas est\u00e3o submetidas. Foi elaborado com o [&hellip;]<\/p>\n","protected":false},"author":1358,"featured_media":0,"parent":0,"menu_order":0,"comment_status":"closed","ping_status":"closed","template":"","meta":{"footnotes":""},"class_list":["post-104","page","type-page","status-publish","hentry","post"],"_links":{"self":[{"href":"https:\/\/wp.ufpel.edu.br\/saberesdasmissoes\/wp-json\/wp\/v2\/pages\/104","targetHints":{"allow":["GET"]}}],"collection":[{"href":"https:\/\/wp.ufpel.edu.br\/saberesdasmissoes\/wp-json\/wp\/v2\/pages"}],"about":[{"href":"https:\/\/wp.ufpel.edu.br\/saberesdasmissoes\/wp-json\/wp\/v2\/types\/page"}],"author":[{"embeddable":true,"href":"https:\/\/wp.ufpel.edu.br\/saberesdasmissoes\/wp-json\/wp\/v2\/users\/1358"}],"replies":[{"embeddable":true,"href":"https:\/\/wp.ufpel.edu.br\/saberesdasmissoes\/wp-json\/wp\/v2\/comments?post=104"}],"version-history":[{"count":3,"href":"https:\/\/wp.ufpel.edu.br\/saberesdasmissoes\/wp-json\/wp\/v2\/pages\/104\/revisions"}],"predecessor-version":[{"id":307,"href":"https:\/\/wp.ufpel.edu.br\/saberesdasmissoes\/wp-json\/wp\/v2\/pages\/104\/revisions\/307"}],"wp:attachment":[{"href":"https:\/\/wp.ufpel.edu.br\/saberesdasmissoes\/wp-json\/wp\/v2\/media?parent=104"}],"curies":[{"name":"wp","href":"https:\/\/api.w.org\/{rel}","templated":true}]}}