{"id":6,"date":"2015-11-23T14:14:36","date_gmt":"2015-11-23T16:14:36","guid":{"rendered":"https:\/\/wp.ufpel.edu.br\/rrt\/?page_id=6"},"modified":"2015-12-22T12:42:12","modified_gmt":"2015-12-22T14:42:12","slug":"curso","status":"publish","type":"page","link":"https:\/\/wp.ufpel.edu.br\/rrt\/curso\/","title":{"rendered":"Curso"},"content":{"rendered":"<p style=\"text-align: justify\">O Curso Bacharelado em Letras \u2013 Reda\u00e7\u00e3o e Revis\u00e3o de Textos \u00e9 uma proposta inovadora, pioneira, cujo principal objetivo \u00e9 propiciar a aquisi\u00e7\u00e3o de compet\u00eancias lingu\u00edsticas espec\u00edficas articuladas ao dom\u00ednio de tecnologias que se utilizam da l\u00edngua escrita em diferentes registros, formando, dessa maneira, profissionais aptos a desempenharem suas habilidades no contexto atual.<\/p>\n<p style=\"text-align: justify\">O perfil do Bacharel\u00a0em Letras \u2013\u00a0Reda\u00e7\u00e3o e Revis\u00e3o de Textos caracteriza-se por m\u00faltiplas compet\u00eancias e habilidades, desenvolvidas\u00a0ao longo de\u00a0sua forma\u00e7\u00e3o acad\u00eamica. Nesse sentido, \u00e9 necess\u00e1rio apresentar compet\u00eancias e habilidades como:<\/p>\n<ul>\n<li style=\"text-align: justify\">Dominar o uso da l\u00edngua portuguesa em suas diferentes modalidades, na express\u00e3o tanto oral\u00a0mas principalmente na\u00a0escrita, nos diversos contextos sociais;<\/li>\n<li style=\"text-align: justify\">Desenvolver habilidade de leitura em l\u00edngua estrangeira;<\/li>\n<li style=\"text-align: justify\">Utilizar com efici\u00eancia recursos da inform\u00e1tica necess\u00e1rios \u00e0 atividade de produ\u00e7\u00e3o e de revis\u00e3o de textos;<\/li>\n<li style=\"text-align: justify\">Adequar o uso da linguagem aos diferentes g\u00eaneros textuais \u2013 liter\u00e1rios, acad\u00eamicos, jur\u00eddicos, jornal\u00edsticos etc; dominar, de acordo com os princ\u00edpios \u00e9ticos, t\u00e9cnicas e procedimentos de reda\u00e7\u00e3o e revis\u00e3o de textos;<\/li>\n<li style=\"text-align: justify\">Dominar os recursos e as ferramentas de editora\u00e7\u00e3o de textos gr\u00e1ficos e virtuais.<\/li>\n<\/ul>\n","protected":false},"excerpt":{"rendered":"<p>O Curso Bacharelado em Letras \u2013 Reda\u00e7\u00e3o e Revis\u00e3o de Textos \u00e9 uma proposta inovadora, pioneira, cujo principal objetivo \u00e9 propiciar a aquisi\u00e7\u00e3o de compet\u00eancias lingu\u00edsticas espec\u00edficas articuladas ao dom\u00ednio de tecnologias que se utilizam da l\u00edngua escrita em diferentes registros, formando, dessa maneira, profissionais aptos a desempenharem suas habilidades no contexto atual. O perfil &hellip; <\/p>\n<p><a class=\"more-link btn\" href=\"https:\/\/wp.ufpel.edu.br\/rrt\/curso\/\">Continue lendo<\/a><\/p>\n","protected":false},"author":50,"featured_media":0,"parent":0,"menu_order":0,"comment_status":"closed","ping_status":"closed","template":"","meta":{"jetpack_post_was_ever_published":false,"footnotes":""},"class_list":["post-6","page","type-page","status-publish","hentry","nodate","item-wrap"],"jetpack_sharing_enabled":true,"jetpack_shortlink":"https:\/\/wp.me\/P8FzgV-6","jetpack-related-posts":[],"_links":{"self":[{"href":"https:\/\/wp.ufpel.edu.br\/rrt\/wp-json\/wp\/v2\/pages\/6","targetHints":{"allow":["GET"]}}],"collection":[{"href":"https:\/\/wp.ufpel.edu.br\/rrt\/wp-json\/wp\/v2\/pages"}],"about":[{"href":"https:\/\/wp.ufpel.edu.br\/rrt\/wp-json\/wp\/v2\/types\/page"}],"author":[{"embeddable":true,"href":"https:\/\/wp.ufpel.edu.br\/rrt\/wp-json\/wp\/v2\/users\/50"}],"replies":[{"embeddable":true,"href":"https:\/\/wp.ufpel.edu.br\/rrt\/wp-json\/wp\/v2\/comments?post=6"}],"version-history":[{"count":3,"href":"https:\/\/wp.ufpel.edu.br\/rrt\/wp-json\/wp\/v2\/pages\/6\/revisions"}],"predecessor-version":[{"id":45,"href":"https:\/\/wp.ufpel.edu.br\/rrt\/wp-json\/wp\/v2\/pages\/6\/revisions\/45"}],"wp:attachment":[{"href":"https:\/\/wp.ufpel.edu.br\/rrt\/wp-json\/wp\/v2\/media?parent=6"}],"curies":[{"name":"wp","href":"https:\/\/api.w.org\/{rel}","templated":true}]}}