{"id":25,"date":"2015-11-23T14:16:48","date_gmt":"2015-11-23T16:16:48","guid":{"rendered":"https:\/\/wp.ufpel.edu.br\/rrt\/?page_id=25"},"modified":"2026-03-25T14:56:45","modified_gmt":"2026-03-25T17:56:45","slug":"documentos","status":"publish","type":"page","link":"https:\/\/wp.ufpel.edu.br\/rrt\/documentos\/","title":{"rendered":"Documentos e Formul\u00e1rios"},"content":{"rendered":"<p><a href=\"https:\/\/wp.ufpel.edu.br\/rrt\/files\/2020\/07\/PPC_-_versao_final_2019-1.pdf\">Projeto Pedag\u00f3gico de Curso \u2013 Reda\u00e7\u00e3o e Revis\u00e3o de Textos<\/a><\/p>\n<p><strong>TCC &#8211; Documentos para elabora\u00e7\u00e3o e defesa<\/strong><\/p>\n<p>Orienta\u00e7\u00f5es gerais &#8211; <a href=\"https:\/\/docs.google.com\/document\/d\/1GciH54Uuvz0KgKVGntwvRC_WpSeUtmRIWV403Har5Tc\/edit?usp=sharing\">Link<\/a><\/p>\n<p>Manual de Normas da UFPel &#8211;<strong><a href=\"https:\/\/wp.ufpel.edu.br\/ppgh\/documentos\/manual-de-normas-para-trabalhos-academicos-ufpel-atualizado\/\">Link<\/a><\/strong><\/p>\n<p>Modelo de Declara\u00e7\u00e3o de Orientador &#8211; <a href=\"https:\/\/docs.google.com\/document\/d\/1JP9BR0P2TEG4kBlWXRGuXGjOQXyBDAZk-wRTa4FaqzA\/edit?usp=sharing\">Link<\/a><\/p>\n<p>Modelo de Ficha de Avalia\u00e7\u00e3o do TCC &#8211; <a href=\"https:\/\/docs.google.com\/document\/d\/1e2FSAPJBzPMvBSB1bAERADOdl_uGGQRO\/edit?usp=drive_link&amp;ouid=104653516061705319688&amp;rtpof=true&amp;sd=true\">Link<\/a><\/p>\n<p>Modelo de Ata de Defesa do TCC &#8211; <a href=\"https:\/\/docs.google.com\/document\/d\/1x8NwdftACXFuDBLCJMUaE2fD1jcUIw8B\/edit?usp=drive_link&amp;ouid=104653516061705319688&amp;rtpof=true&amp;sd=true\">Link<\/a><\/p>\n<p><strong>Est\u00e1gios &#8211; Documentos<\/strong><\/p>\n<p><a href=\"https:\/\/docs.google.com\/document\/d\/1Yj-5eHXqr2AGadNTNa6kG_eVWMckQk6X2ZQBSYuVvxQ\/edit?usp=sharing\">Orienta\u00e7\u00f5es gerais &#8211; Link<\/a><\/p>\n<p><a href=\"https:\/\/wp.ufpel.edu.br\/clc\/files\/2024\/07\/RRT-Modelos-Termo-de-Compromisso-Estagio-na-UFPel.docx\">Modelo de Termo de Compromisso I<\/a> (est\u00e1gios feitos na pr\u00f3pria UFPel &#8211; ex: N\u00facleo de Revis\u00e3o; Editora)<\/p>\n<p><a href=\"https:\/\/wp.ufpel.edu.br\/clc\/files\/2024\/07\/RRT-Modelos-Termo-de-Compromisso-Estagio-em-empresa-ou-instituicao.docx\">Modelo de Termo de Compromisso II<\/a> (est\u00e1gios feitos fora da UFPel &#8211; ex.: Correios)<\/p>\n<p><a href=\"https:\/\/wp.ufpel.edu.br\/clc\/files\/2024\/07\/Plano-de-trabalho-Estagio.docx\">Modelo de Plano de Atividades<\/a><\/p>\n<p><a href=\"https:\/\/wp.ufpel.edu.br\/clc\/files\/2024\/07\/RRT-Modelos-Lista-de-Presenca-Estagiario-2.docx\">Modelo de Folha de Frequ\u00eancia no est\u00e1gio<\/a><\/p>\n<p>Modelo de Relat\u00f3rio de Est\u00e1gio &#8211; <a href=\"https:\/\/docs.google.com\/document\/d\/1pfO08jMfYKUXCpOOLoo59qMtmIOLjUb7uyN3LRsEyj4\/edit?usp=sharing\">Link<\/a><\/p>\n<p>Modelo Parecer Supervisor &#8211; <a href=\"https:\/\/docs.google.com\/document\/d\/1l6AgFbckLj9zV-FE2C7upvIf7LTng-hfUbGrbdVkcZI\/edit?usp=sharing\">Link<\/a><\/p>\n<p>Modelo Parecer Orientador &#8211; <a href=\"https:\/\/docs.google.com\/document\/d\/1cpK59IMZYB5H-AEBaKPmfV7Hi6ZNWbWrLJzF_STVLg4\/edit?usp=sharing\">Link\u00a0<\/a><\/p>\n","protected":false},"excerpt":{"rendered":"<p>Projeto Pedag\u00f3gico de Curso \u2013 Reda\u00e7\u00e3o e Revis\u00e3o de Textos TCC &#8211; Documentos para elabora\u00e7\u00e3o e defesa Orienta\u00e7\u00f5es gerais &#8211; Link Manual de Normas da UFPel &#8211;Link Modelo de Declara\u00e7\u00e3o de Orientador &#8211; Link Modelo de Ficha de Avalia\u00e7\u00e3o do TCC &#8211; Link Modelo de Ata de Defesa do TCC &#8211; Link Est\u00e1gios &#8211; Documentos &hellip; <\/p>\n<p><a class=\"more-link btn\" href=\"https:\/\/wp.ufpel.edu.br\/rrt\/documentos\/\">Continue lendo<\/a><\/p>\n","protected":false},"author":50,"featured_media":0,"parent":0,"menu_order":0,"comment_status":"closed","ping_status":"closed","template":"","meta":{"jetpack_post_was_ever_published":false,"footnotes":""},"class_list":["post-25","page","type-page","status-publish","hentry","nodate","item-wrap"],"jetpack_sharing_enabled":true,"jetpack_shortlink":"https:\/\/wp.me\/P8FzgV-p","jetpack-related-posts":[],"_links":{"self":[{"href":"https:\/\/wp.ufpel.edu.br\/rrt\/wp-json\/wp\/v2\/pages\/25","targetHints":{"allow":["GET"]}}],"collection":[{"href":"https:\/\/wp.ufpel.edu.br\/rrt\/wp-json\/wp\/v2\/pages"}],"about":[{"href":"https:\/\/wp.ufpel.edu.br\/rrt\/wp-json\/wp\/v2\/types\/page"}],"author":[{"embeddable":true,"href":"https:\/\/wp.ufpel.edu.br\/rrt\/wp-json\/wp\/v2\/users\/50"}],"replies":[{"embeddable":true,"href":"https:\/\/wp.ufpel.edu.br\/rrt\/wp-json\/wp\/v2\/comments?post=25"}],"version-history":[{"count":5,"href":"https:\/\/wp.ufpel.edu.br\/rrt\/wp-json\/wp\/v2\/pages\/25\/revisions"}],"predecessor-version":[{"id":530,"href":"https:\/\/wp.ufpel.edu.br\/rrt\/wp-json\/wp\/v2\/pages\/25\/revisions\/530"}],"wp:attachment":[{"href":"https:\/\/wp.ufpel.edu.br\/rrt\/wp-json\/wp\/v2\/media?parent=25"}],"curies":[{"name":"wp","href":"https:\/\/api.w.org\/{rel}","templated":true}]}}