{"id":16,"date":"2015-11-23T14:15:25","date_gmt":"2015-11-23T16:15:25","guid":{"rendered":"https:\/\/wp.ufpel.edu.br\/rrt\/?page_id=16"},"modified":"2025-06-10T11:31:23","modified_gmt":"2025-06-10T14:31:23","slug":"horarios","status":"publish","type":"page","link":"https:\/\/wp.ufpel.edu.br\/rrt\/horarios\/","title":{"rendered":"Hor\u00e1rios"},"content":{"rendered":"<p><strong>Hor\u00e1rios\u00a0<\/strong><\/p>\n<p><strong>Hor\u00e1rios de atendimento presencial no colegiado, Secretaria e Coordena\u00e7\u00e3<\/strong>o: segunda a sexta-feira, das 15h \u00e0s 21h<\/p>\n<p>Hor\u00e1rios das aulas: segunda a sexta-feira, das 19h \u00e0s 22h20min<\/p>\n<p>Confira os hor\u00e1rios, a cada in\u00edcio de semestre, no site:<a href=\"https:\/\/letras.ufpel.edu.br\/\"> https:\/\/letras.ufpel.edu.br\/<\/a><\/p>\n","protected":false},"excerpt":{"rendered":"<p>Hor\u00e1rios\u00a0 Hor\u00e1rios de atendimento presencial no colegiado, Secretaria e Coordena\u00e7\u00e3o: segunda a sexta-feira, das 15h \u00e0s 21h Hor\u00e1rios das aulas: segunda a sexta-feira, das 19h \u00e0s 22h20min Confira os hor\u00e1rios, a cada in\u00edcio de semestre, no site: https:\/\/letras.ufpel.edu.br\/<\/p>\n","protected":false},"author":50,"featured_media":0,"parent":0,"menu_order":0,"comment_status":"closed","ping_status":"closed","template":"","meta":{"jetpack_post_was_ever_published":false,"footnotes":""},"class_list":["post-16","page","type-page","status-publish","hentry","nodate","item-wrap"],"jetpack_sharing_enabled":true,"jetpack_shortlink":"https:\/\/wp.me\/P8FzgV-g","jetpack-related-posts":[],"_links":{"self":[{"href":"https:\/\/wp.ufpel.edu.br\/rrt\/wp-json\/wp\/v2\/pages\/16","targetHints":{"allow":["GET"]}}],"collection":[{"href":"https:\/\/wp.ufpel.edu.br\/rrt\/wp-json\/wp\/v2\/pages"}],"about":[{"href":"https:\/\/wp.ufpel.edu.br\/rrt\/wp-json\/wp\/v2\/types\/page"}],"author":[{"embeddable":true,"href":"https:\/\/wp.ufpel.edu.br\/rrt\/wp-json\/wp\/v2\/users\/50"}],"replies":[{"embeddable":true,"href":"https:\/\/wp.ufpel.edu.br\/rrt\/wp-json\/wp\/v2\/comments?post=16"}],"version-history":[{"count":14,"href":"https:\/\/wp.ufpel.edu.br\/rrt\/wp-json\/wp\/v2\/pages\/16\/revisions"}],"predecessor-version":[{"id":512,"href":"https:\/\/wp.ufpel.edu.br\/rrt\/wp-json\/wp\/v2\/pages\/16\/revisions\/512"}],"wp:attachment":[{"href":"https:\/\/wp.ufpel.edu.br\/rrt\/wp-json\/wp\/v2\/media?parent=16"}],"curies":[{"name":"wp","href":"https:\/\/api.w.org\/{rel}","templated":true}]}}