{"id":34,"date":"2023-05-23T10:02:30","date_gmt":"2023-05-23T13:02:30","guid":{"rendered":"https:\/\/wp.ufpel.edu.br\/rpcienciasufpel\/?page_id=34"},"modified":"2024-06-07T18:06:07","modified_gmt":"2024-06-07T21:06:07","slug":"5-materiais-e-publicacoes","status":"publish","type":"page","link":"https:\/\/wp.ufpel.edu.br\/rpcienciasufpel\/5-materiais-e-publicacoes\/","title":{"rendered":"5 &#8211; Materiais e Publica\u00e7\u00f5es"},"content":{"rendered":"<p><img class=\"aligncenter wp-image-11 size-full\" src=\"https:\/\/wp.ufpel.edu.br\/rpcienciasufpel\/files\/2023\/05\/2.jpg\" alt=\"\" width=\"984\" height=\"220\" srcset=\"https:\/\/wp.ufpel.edu.br\/rpcienciasufpel\/files\/2023\/05\/2.jpg 984w, https:\/\/wp.ufpel.edu.br\/rpcienciasufpel\/files\/2023\/05\/2-400x89.jpg 400w, https:\/\/wp.ufpel.edu.br\/rpcienciasufpel\/files\/2023\/05\/2-768x172.jpg 768w\" sizes=\"(max-width: 984px) 100vw, 984px\" \/><\/p>\n<p>\u2ba9 <strong>Videoaulas<\/strong>:<\/p>\n<p>&#8212; Embriologia (<span style=\"color: #3366ff;\"><a style=\"color: #3366ff;\" href=\"https:\/\/www.youtube.com\/watch?v=v_Bum7vw32Q\" target=\"_blank\" rel=\"noopener\">1<\/a><\/span>, <span style=\"color: #3366ff;\"><a style=\"color: #3366ff;\" href=\"https:\/\/www.youtube.com\/watch?v=YTvdqSLqKOQ\" target=\"_blank\" rel=\"noopener\">2<\/a><\/span>, <span style=\"color: #3366ff;\"><a style=\"color: #3366ff;\" href=\"https:\/\/www.youtube.com\/watch?v=7ctn-8DQ58U\" target=\"_blank\" rel=\"noopener\">3<\/a><\/span>, <span style=\"color: #3366ff;\"><a style=\"color: #3366ff;\" href=\"https:\/\/www.youtube.com\/watch?v=za4fhI3Pfpo\" target=\"_blank\" rel=\"noopener\">4<\/a><\/span>, <span style=\"color: #3366ff;\"><a style=\"color: #3366ff;\" href=\"https:\/\/www.youtube.com\/watch?v=w6xBSEjJKCA\" target=\"_blank\" rel=\"noopener\">5<\/a><\/span>)<\/p>\n<p>&#8212; Gen\u00e9tica (<span style=\"color: #3366ff;\"><a style=\"color: #3366ff;\" href=\"https:\/\/www.youtube.com\/watch?v=_o4VpUugYKM&amp;t=30s\" target=\"_blank\" rel=\"noopener\">1<\/a><\/span>, <span style=\"color: #3366ff;\"><a style=\"color: #3366ff;\" href=\"https:\/\/www.youtube.com\/watch?v=h0O9Vrq5PS0\" target=\"_blank\" rel=\"noopener\">2<\/a><\/span>, <span style=\"color: #3366ff;\"><a style=\"color: #3366ff;\" href=\"https:\/\/www.youtube.com\/watch?v=w6xBSEjJKCA\" target=\"_blank\" rel=\"noopener\">3<\/a><\/span>)<\/p>\n<p>&nbsp;<\/p>\n<p>\u2ba9 <strong>Projeto de ensino com temas transversais na escola<\/strong><\/p>\n<p>&nbsp;<\/p>\n<p>&nbsp;<\/p>\n<p>\u2ba9 <strong>Publica\u00e7\u00f5es &#8211; Anais SIIEPE-UFPel<\/strong>:<\/p>\n<p>&nbsp;<\/p>\n<p>&nbsp;<\/p>\n<p>\u2ba9 <strong>Publica\u00e7\u00f5es &#8211; Anais ENALIC<\/strong>:<\/p>\n<p>&nbsp;<\/p>\n<p>&nbsp;<\/p>\n<p>\u2ba9 <strong>Relat\u00f3rios (M\u00f3dulos I, II e III)<br \/>\n<\/strong><\/p>\n<ul>\n<li><span style=\"color: #3366ff;\"><a style=\"color: #3366ff;\" href=\"https:\/\/drive.google.com\/drive\/folders\/15BlMBVGE-K6_NCZ0YyWg7rG0KfLfObIo?usp=share_link\" target=\"_blank\" rel=\"noopener\">Col\u00e9gio Estadual Dom Jo\u00e3o Braga<\/a><\/span><\/li>\n<li><span style=\"color: #3366ff;\"><a style=\"color: #3366ff;\" href=\"https:\/\/drive.google.com\/drive\/folders\/1Qkf0cg7Di7x61hK0zMDXKYPxu1tqLfDo?usp=share_link\" target=\"_blank\" rel=\"noopener\">Col\u00e9gio Municipal Pelotense<\/a><\/span><\/li>\n<li><span style=\"color: #3366ff;\"><a style=\"color: #3366ff;\" href=\"https:\/\/drive.google.com\/open?id=1Ha1PAHKCxW1opDaB87AmjbJq_6vX_KVW&amp;authuser=lenon-mabeijon%40educar.rs.gov.br&amp;usp=drive_fs\" target=\"_blank\" rel=\"noopener\">IEE Assis Brasil<\/a><\/span><\/li>\n<li><span style=\"color: #3366ff;\"><a style=\"color: #3366ff;\" href=\"https:\/\/drive.google.com\/drive\/folders\/1wIYJNw8Z7-43Zk-rjPrBdSCv4MeSNncv\" target=\"_blank\" rel=\"noopener\">EEEM Santa Rita<\/a><\/span><\/li>\n<li><span style=\"color: #3366ff;\"><a style=\"color: #3366ff;\" href=\"https:\/\/drive.google.com\/drive\/folders\/19VdJwtjhaFIIPsUwetHNgeg_7ek6chET\" target=\"_blank\" rel=\"noopener\">Transi\u00e7\u00e3o &#8211; Monsenhor\/Assis Brasil<\/a><\/span><\/li>\n<li><span style=\"color: #3366ff;\"><a style=\"color: #3366ff;\" href=\"https:\/\/drive.google.com\/drive\/folders\/14P2kf5_PXpIF0DwHp-4FHBpVRw8UoFZv\" target=\"_blank\" rel=\"noopener\">IFSul-Campus Pelotas<\/a><\/span><\/li>\n<\/ul>\n<p>&nbsp;<\/p>\n<p>\u2ba9 <strong>Relatos de experi\u00eancia, evento de integra\u00e7\u00e3o (m\u00f3dulo II):<br \/>\n<\/strong><span style=\"color: #3366ff;\"><a style=\"color: #3366ff;\" href=\"https:\/\/drive.google.com\/file\/d\/17lZJojrG-8e5C5zAVbDvM421zzwRJ2QY\/view\" target=\"_blank\" rel=\"noopener\">https:\/\/drive.google.com\/file\/d\/17lZJojrG-8e5C5zAVbDvM421zzwRJ2QY\/view<\/a><\/span><strong><br \/>\n<\/strong><\/p>\n<p>\u2ba9 <strong>Relatos de experi\u00eancia, evento de integra\u00e7\u00e3o (m\u00f3dulo III):<br \/>\n<\/strong><span style=\"color: #3366ff;\"><a style=\"color: #3366ff;\" href=\"https:\/\/docs.google.com\/spreadsheets\/d\/1qdfNcPMoCwNuwRjvQIsRZiNax1XEFQFD\/edit?gid=2073450594#gid=2073450594\" target=\"_blank\" rel=\"noopener\">https:\/\/docs.google.com\/spreadsheets\/d\/1qdfNcPMoCwNuwRjvQIsRZiNax1XEFQFD\/edit?gid=2073450594#gid=2073450594<\/a><\/span><strong><br \/>\n<\/strong><span style=\"color: #3366ff;\"><a style=\"color: #3366ff;\" href=\"https:\/\/wp.ufpel.edu.br\/residenciapedagogica\/2024\/05\/09\/avaliacao-do-programa-residencia-pedagogica-da-ufpel-formularios\/\" target=\"_blank\" rel=\"noopener\">https:\/\/wp.ufpel.edu.br\/residenciapedagogica\/2024\/05\/09\/avaliacao-do-programa-residencia-pedagogica-da-ufpel-formularios\/<\/a><\/span><strong><br \/>\n<\/strong><\/p>\n<p>&nbsp;<\/p>\n","protected":false},"excerpt":{"rendered":"<p>\u2ba9 Videoaulas: &#8212; Embriologia (1, 2, 3, 4, 5) &#8212; Gen\u00e9tica (1, 2, 3) &nbsp; \u2ba9 Projeto de ensino com temas transversais na escola &nbsp; &nbsp; \u2ba9 Publica\u00e7\u00f5es &#8211; Anais SIIEPE-UFPel: &nbsp; &nbsp; \u2ba9 Publica\u00e7\u00f5es &#8211; Anais ENALIC: &nbsp; &nbsp; \u2ba9 Relat\u00f3rios (M\u00f3dulos I, II e III) Col\u00e9gio Estadual Dom Jo\u00e3o Braga Col\u00e9gio Municipal Pelotense [&hellip;]<\/p>\n","protected":false},"author":457,"featured_media":0,"parent":0,"menu_order":0,"comment_status":"closed","ping_status":"closed","template":"","meta":{"footnotes":""},"class_list":["post-34","page","type-page","status-publish","hentry"],"_links":{"self":[{"href":"https:\/\/wp.ufpel.edu.br\/rpcienciasufpel\/wp-json\/wp\/v2\/pages\/34","targetHints":{"allow":["GET"]}}],"collection":[{"href":"https:\/\/wp.ufpel.edu.br\/rpcienciasufpel\/wp-json\/wp\/v2\/pages"}],"about":[{"href":"https:\/\/wp.ufpel.edu.br\/rpcienciasufpel\/wp-json\/wp\/v2\/types\/page"}],"author":[{"embeddable":true,"href":"https:\/\/wp.ufpel.edu.br\/rpcienciasufpel\/wp-json\/wp\/v2\/users\/457"}],"replies":[{"embeddable":true,"href":"https:\/\/wp.ufpel.edu.br\/rpcienciasufpel\/wp-json\/wp\/v2\/comments?post=34"}],"version-history":[{"count":15,"href":"https:\/\/wp.ufpel.edu.br\/rpcienciasufpel\/wp-json\/wp\/v2\/pages\/34\/revisions"}],"predecessor-version":[{"id":120,"href":"https:\/\/wp.ufpel.edu.br\/rpcienciasufpel\/wp-json\/wp\/v2\/pages\/34\/revisions\/120"}],"wp:attachment":[{"href":"https:\/\/wp.ufpel.edu.br\/rpcienciasufpel\/wp-json\/wp\/v2\/media?parent=34"}],"curies":[{"name":"wp","href":"https:\/\/api.w.org\/{rel}","templated":true}]}}