{"id":22,"date":"2023-05-23T09:52:51","date_gmt":"2023-05-23T12:52:51","guid":{"rendered":"https:\/\/wp.ufpel.edu.br\/rpcienciasufpel\/?page_id=22"},"modified":"2023-11-07T20:23:57","modified_gmt":"2023-11-07T23:23:57","slug":"2-equipe","status":"publish","type":"page","link":"https:\/\/wp.ufpel.edu.br\/rpcienciasufpel\/2-equipe\/","title":{"rendered":"2 &#8211; Equipe"},"content":{"rendered":"<p><img class=\"aligncenter wp-image-11 size-full\" src=\"https:\/\/wp.ufpel.edu.br\/rpcienciasufpel\/files\/2023\/05\/2.jpg\" alt=\"\" width=\"984\" height=\"220\" srcset=\"https:\/\/wp.ufpel.edu.br\/rpcienciasufpel\/files\/2023\/05\/2.jpg 984w, https:\/\/wp.ufpel.edu.br\/rpcienciasufpel\/files\/2023\/05\/2-400x89.jpg 400w, https:\/\/wp.ufpel.edu.br\/rpcienciasufpel\/files\/2023\/05\/2-768x172.jpg 768w\" sizes=\"(max-width: 984px) 100vw, 984px\" \/><\/p>\n<p>&nbsp;<\/p>\n<p>&#8211; Equipe 2022-2024<\/p>\n<ul>\n<li>Docentes orientadores:<\/li>\n<\/ul>\n<p>Vera Lucia Bobrowski (Biologia)<\/p>\n<p>Alessandro Cury Soares (Qu\u00edmica)<\/p>\n<p>Rafael Cavagnoli (F\u00edsica)<\/p>\n<p>&nbsp;<\/p>\n<ul>\n<li>Preceptores (atuais e que j\u00e1 passaram pelo edital 2022):<\/li>\n<\/ul>\n<p>Adriane da Concei\u00e7\u00e3o Oliveira (preceptora: Qu\u00edmica \u2013 Dom Jo\u00e3o Braga)<br \/>\nAline Colvara de Almeida Pinheiro (preceptora: Qu\u00edmica &#8211; Col\u00e9gio Municipal Pelotense)<br \/>\nDaniel Flach (preceptor: F\u00edsica &#8211; IFSul Campus Pelotas)<br \/>\nGreice de Almeida Schiavon (preceptora: Biologia &#8211; EEEM Santa Rita )<br \/>\nLenon Morales Abeijon (preceptor: Biologia &#8211; IEE Assis Brasil)<br \/>\nTatiane Pacheco Fernandes (preceptora: Biologia &#8211; EEEM Monsenhor Queiroz)<br \/>\nLidiane Assis (preceptora: Biologia &#8211; IEE Assis Brasil)<\/p>\n<p>&nbsp;<\/p>\n<ul>\n<li>Estudantes (atuais e que j\u00e1 passaram pelo edital 2022):<\/li>\n<\/ul>\n<p>Adriele de Avila Soares (Biologia)<br \/>\nAline Isler Garcia (F\u00edsica)<br \/>\nAline Pinheiro (Qu\u00edmica)<br \/>\nAmanda Victoria Neumann (Biologia)<br \/>\nArthur Rodrigues Tavares (Biologia)<br \/>\nBeatriz Augusta Raymundo Sot\u00e9rio (Biologia)<br \/>\nBruno Barreto (Biologia)<br \/>\nCarolina da Cunha Aires (Biologia)<br \/>\nChristiellen Aldrighi (Biologia)<br \/>\nDiego Nascimento da Costa (Qu\u00edmica)<br \/>\nEric Fonseca (Biologia)<br \/>\nFl\u00e1via S. Scaglioni (Biologia)<br \/>\nFl\u00e1vio da Costa Gon\u00e7alves<br \/>\nGabriel Keisuke Kimura (Ci\u00eancias Biol\u00f3gicas)<br \/>\nGuilherme Negri Golin (Biologia)<br \/>\nIngrid de \u00c1vila (Qu\u00edmica)<br \/>\nIsabel Gomes Vieira (Biologia)<br \/>\nJeniffer Batista Carvalho (Qu\u00edmica)<br \/>\nJ\u00falia Costa de Moura (Biologia)<br \/>\nJ\u00falia Farias Ferreira (F\u00edsica)<br \/>\nJuliana Goulart Nogueira (Biologia)<br \/>\nLaura Bardini (Qu\u00edmica)<br \/>\nMaria Carolina Domingues dos Santos (Bio)<br \/>\nMaria das Gra\u00e7as Rodrigues ( biologia)<br \/>\nMaria L\u00facia Bretanha (Biologia)<br \/>\nMaruan Santos (F\u00edsica)<br \/>\nMiguel Kurz dos Santos (biologia)<br \/>\nMuriel Belo Pereira (Qu\u00edmica)<br \/>\nNatalia Amoza (Biologia)<br \/>\nRicardo Padilha de Oliveira (Bio)<br \/>\nRoger Bruno de Mendon\u00e7a (Qu\u00edmica)<br \/>\nSamantha Cardoso Alves (F\u00edsica)<br \/>\nSharon Beatriz da Cunha Garcia Dias (Biologia)<br \/>\nVitor Rodrigues da Silva (Biologia)<\/p>\n","protected":false},"excerpt":{"rendered":"<p>&nbsp; &#8211; Equipe 2022-2024 Docentes orientadores: Vera Lucia Bobrowski (Biologia) Alessandro Cury Soares (Qu\u00edmica) Rafael Cavagnoli (F\u00edsica) &nbsp; Preceptores (atuais e que j\u00e1 passaram pelo edital 2022): Adriane da Concei\u00e7\u00e3o Oliveira (preceptora: Qu\u00edmica \u2013 Dom Jo\u00e3o Braga) Aline Colvara de Almeida Pinheiro (preceptora: Qu\u00edmica &#8211; Col\u00e9gio Municipal Pelotense) Daniel Flach (preceptor: F\u00edsica &#8211; IFSul Campus [&hellip;]<\/p>\n","protected":false},"author":457,"featured_media":0,"parent":0,"menu_order":0,"comment_status":"closed","ping_status":"closed","template":"","meta":{"footnotes":""},"class_list":["post-22","page","type-page","status-publish","hentry"],"_links":{"self":[{"href":"https:\/\/wp.ufpel.edu.br\/rpcienciasufpel\/wp-json\/wp\/v2\/pages\/22","targetHints":{"allow":["GET"]}}],"collection":[{"href":"https:\/\/wp.ufpel.edu.br\/rpcienciasufpel\/wp-json\/wp\/v2\/pages"}],"about":[{"href":"https:\/\/wp.ufpel.edu.br\/rpcienciasufpel\/wp-json\/wp\/v2\/types\/page"}],"author":[{"embeddable":true,"href":"https:\/\/wp.ufpel.edu.br\/rpcienciasufpel\/wp-json\/wp\/v2\/users\/457"}],"replies":[{"embeddable":true,"href":"https:\/\/wp.ufpel.edu.br\/rpcienciasufpel\/wp-json\/wp\/v2\/comments?post=22"}],"version-history":[{"count":13,"href":"https:\/\/wp.ufpel.edu.br\/rpcienciasufpel\/wp-json\/wp\/v2\/pages\/22\/revisions"}],"predecessor-version":[{"id":114,"href":"https:\/\/wp.ufpel.edu.br\/rpcienciasufpel\/wp-json\/wp\/v2\/pages\/22\/revisions\/114"}],"wp:attachment":[{"href":"https:\/\/wp.ufpel.edu.br\/rpcienciasufpel\/wp-json\/wp\/v2\/media?parent=22"}],"curies":[{"name":"wp","href":"https:\/\/api.w.org\/{rel}","templated":true}]}}