{"id":2,"date":"2023-04-24T15:36:59","date_gmt":"2023-04-24T18:36:59","guid":{"rendered":"https:\/\/wp.ufpel.edu.br\/rpcienciasufpel\/?page_id=2"},"modified":"2023-11-07T20:38:28","modified_gmt":"2023-11-07T23:38:28","slug":"pagina-exemplo","status":"publish","type":"page","link":"https:\/\/wp.ufpel.edu.br\/rpcienciasufpel\/","title":{"rendered":"1 &#8211; In\u00edcio"},"content":{"rendered":"<p><img class=\"aligncenter wp-image-11 size-full\" src=\"https:\/\/wp.ufpel.edu.br\/rpcienciasufpel\/files\/2023\/05\/2.jpg\" alt=\"\" width=\"984\" height=\"220\" srcset=\"https:\/\/wp.ufpel.edu.br\/rpcienciasufpel\/files\/2023\/05\/2.jpg 984w, https:\/\/wp.ufpel.edu.br\/rpcienciasufpel\/files\/2023\/05\/2-400x89.jpg 400w, https:\/\/wp.ufpel.edu.br\/rpcienciasufpel\/files\/2023\/05\/2-768x172.jpg 768w\" sizes=\"(max-width: 984px) 100vw, 984px\" \/><\/p>\n<p style=\"text-align: center;\">Esta \u00e9 a p\u00e1gina do Programa Resid\u00eancia Pedag\u00f3gica (PRP) &#8211; subprojeto Ci\u00eancias &#8211; UFPel.<\/p>\n<hr \/>\n<p>&nbsp;<\/p>\n<p>&nbsp;<\/p>\n<p>&nbsp;<\/p>\n<p>Forma\u00e7\u00f5es:<\/p>\n<p>&nbsp;<\/p>\n<ul>\n<li>11\/04\/2023<\/li>\n<\/ul>\n<p><img class=\"alignnone size-medium wp-image-101\" src=\"https:\/\/wp.ufpel.edu.br\/rpcienciasufpel\/files\/2023\/11\/card_divulgacao_3-400x400.jpg\" alt=\"\" width=\"400\" height=\"400\" srcset=\"https:\/\/wp.ufpel.edu.br\/rpcienciasufpel\/files\/2023\/11\/card_divulgacao_3-400x400.jpg 400w, https:\/\/wp.ufpel.edu.br\/rpcienciasufpel\/files\/2023\/11\/card_divulgacao_3-1024x1024.jpg 1024w, https:\/\/wp.ufpel.edu.br\/rpcienciasufpel\/files\/2023\/11\/card_divulgacao_3-200x200.jpg 200w, https:\/\/wp.ufpel.edu.br\/rpcienciasufpel\/files\/2023\/11\/card_divulgacao_3-768x768.jpg 768w, https:\/\/wp.ufpel.edu.br\/rpcienciasufpel\/files\/2023\/11\/card_divulgacao_3.jpg 1126w\" sizes=\"(max-width: 400px) 100vw, 400px\" \/><\/p>\n<p>&nbsp;<\/p>\n<p>&nbsp;<\/p>\n<ul>\n<li>28\/03\/2023<\/li>\n<\/ul>\n<p><img class=\"alignnone wp-image-100\" src=\"https:\/\/wp.ufpel.edu.br\/rpcienciasufpel\/files\/2023\/11\/photo_2023-03-28-b-274x400.jpg\" alt=\"\" width=\"346\" height=\"505\" srcset=\"https:\/\/wp.ufpel.edu.br\/rpcienciasufpel\/files\/2023\/11\/photo_2023-03-28-b-274x400.jpg 274w, https:\/\/wp.ufpel.edu.br\/rpcienciasufpel\/files\/2023\/11\/photo_2023-03-28-b-702x1024.jpg 702w, https:\/\/wp.ufpel.edu.br\/rpcienciasufpel\/files\/2023\/11\/photo_2023-03-28-b.jpg 720w\" sizes=\"(max-width: 346px) 100vw, 346px\" \/><\/p>\n<p>&nbsp;<\/p>\n<p>&nbsp;<\/p>\n<ul>\n<li>28\/02\/2023<\/li>\n<\/ul>\n<p><img class=\"alignnone size-medium wp-image-99\" src=\"https:\/\/wp.ufpel.edu.br\/rpcienciasufpel\/files\/2023\/11\/01photo_2023-02-28-rita-400x300.jpg\" alt=\"\" width=\"400\" height=\"300\" srcset=\"https:\/\/wp.ufpel.edu.br\/rpcienciasufpel\/files\/2023\/11\/01photo_2023-02-28-rita-400x300.jpg 400w, https:\/\/wp.ufpel.edu.br\/rpcienciasufpel\/files\/2023\/11\/01photo_2023-02-28-rita-768x576.jpg 768w, https:\/\/wp.ufpel.edu.br\/rpcienciasufpel\/files\/2023\/11\/01photo_2023-02-28-rita.jpg 960w\" sizes=\"(max-width: 400px) 100vw, 400px\" \/><\/p>\n<p>&nbsp;<\/p>\n<p>&nbsp;<\/p>\n<ul>\n<li>10\/01\/2023<\/li>\n<\/ul>\n<p>Prof. Alessandro Cury<br \/>\n<b>&#8220;Planos de Ensino e seus desdobramentos<\/b>&#8221;<\/p>\n<p>&nbsp;<\/p>\n<p>&nbsp;<\/p>\n<ul>\n<li>20\/12\/2022<\/li>\n<\/ul>\n<p><img class=\"alignnone size-medium wp-image-97\" src=\"https:\/\/wp.ufpel.edu.br\/rpcienciasufpel\/files\/2023\/11\/formacao-20-12-2022-400x400.jpg\" alt=\"\" width=\"400\" height=\"400\" srcset=\"https:\/\/wp.ufpel.edu.br\/rpcienciasufpel\/files\/2023\/11\/formacao-20-12-2022-400x400.jpg 400w, https:\/\/wp.ufpel.edu.br\/rpcienciasufpel\/files\/2023\/11\/formacao-20-12-2022-1024x1024.jpg 1024w, https:\/\/wp.ufpel.edu.br\/rpcienciasufpel\/files\/2023\/11\/formacao-20-12-2022-200x200.jpg 200w, https:\/\/wp.ufpel.edu.br\/rpcienciasufpel\/files\/2023\/11\/formacao-20-12-2022-768x768.jpg 768w, https:\/\/wp.ufpel.edu.br\/rpcienciasufpel\/files\/2023\/11\/formacao-20-12-2022.jpg 1080w\" sizes=\"(max-width: 400px) 100vw, 400px\" \/><\/p>\n<p>&nbsp;<\/p>\n<p>&nbsp;<\/p>\n<ul>\n<li>29\/11\/2022<\/li>\n<\/ul>\n<p><img class=\"alignnone size-medium wp-image-96\" src=\"https:\/\/wp.ufpel.edu.br\/rpcienciasufpel\/files\/2023\/11\/card-formacao-Verno-PRP-29-11-2022-400x400.jpg\" alt=\"\" width=\"400\" height=\"400\" srcset=\"https:\/\/wp.ufpel.edu.br\/rpcienciasufpel\/files\/2023\/11\/card-formacao-Verno-PRP-29-11-2022-400x400.jpg 400w, https:\/\/wp.ufpel.edu.br\/rpcienciasufpel\/files\/2023\/11\/card-formacao-Verno-PRP-29-11-2022-200x200.jpg 200w, https:\/\/wp.ufpel.edu.br\/rpcienciasufpel\/files\/2023\/11\/card-formacao-Verno-PRP-29-11-2022-768x768.jpg 768w, https:\/\/wp.ufpel.edu.br\/rpcienciasufpel\/files\/2023\/11\/card-formacao-Verno-PRP-29-11-2022.jpg 1024w\" sizes=\"(max-width: 400px) 100vw, 400px\" \/><\/p>\n","protected":false},"excerpt":{"rendered":"<p>Esta \u00e9 a p\u00e1gina do Programa Resid\u00eancia Pedag\u00f3gica (PRP) &#8211; subprojeto Ci\u00eancias &#8211; UFPel. &nbsp; &nbsp; &nbsp; Forma\u00e7\u00f5es: &nbsp; 11\/04\/2023 &nbsp; &nbsp; 28\/03\/2023 &nbsp; &nbsp; 28\/02\/2023 &nbsp; &nbsp; 10\/01\/2023 Prof. Alessandro Cury &#8220;Planos de Ensino e seus desdobramentos&#8221; &nbsp; &nbsp; 20\/12\/2022 &nbsp; &nbsp; 29\/11\/2022<\/p>\n","protected":false},"author":457,"featured_media":11,"parent":0,"menu_order":0,"comment_status":"closed","ping_status":"closed","template":"","meta":{"footnotes":""},"class_list":["post-2","page","type-page","status-publish","has-post-thumbnail","hentry"],"_links":{"self":[{"href":"https:\/\/wp.ufpel.edu.br\/rpcienciasufpel\/wp-json\/wp\/v2\/pages\/2","targetHints":{"allow":["GET"]}}],"collection":[{"href":"https:\/\/wp.ufpel.edu.br\/rpcienciasufpel\/wp-json\/wp\/v2\/pages"}],"about":[{"href":"https:\/\/wp.ufpel.edu.br\/rpcienciasufpel\/wp-json\/wp\/v2\/types\/page"}],"author":[{"embeddable":true,"href":"https:\/\/wp.ufpel.edu.br\/rpcienciasufpel\/wp-json\/wp\/v2\/users\/457"}],"replies":[{"embeddable":true,"href":"https:\/\/wp.ufpel.edu.br\/rpcienciasufpel\/wp-json\/wp\/v2\/comments?post=2"}],"version-history":[{"count":14,"href":"https:\/\/wp.ufpel.edu.br\/rpcienciasufpel\/wp-json\/wp\/v2\/pages\/2\/revisions"}],"predecessor-version":[{"id":115,"href":"https:\/\/wp.ufpel.edu.br\/rpcienciasufpel\/wp-json\/wp\/v2\/pages\/2\/revisions\/115"}],"wp:featuredmedia":[{"embeddable":true,"href":"https:\/\/wp.ufpel.edu.br\/rpcienciasufpel\/wp-json\/wp\/v2\/media\/11"}],"wp:attachment":[{"href":"https:\/\/wp.ufpel.edu.br\/rpcienciasufpel\/wp-json\/wp\/v2\/media?parent=2"}],"curies":[{"name":"wp","href":"https:\/\/api.w.org\/{rel}","templated":true}]}}