{"id":614,"date":"2021-11-29T17:08:21","date_gmt":"2021-11-29T20:08:21","guid":{"rendered":"https:\/\/wp.ufpel.edu.br\/roquettepinto\/?page_id=614"},"modified":"2021-11-29T17:12:36","modified_gmt":"2021-11-29T20:12:36","slug":"4a-edicao-da-revista-roquette-pinto-a-revista-do-video-estudantil-2","status":"publish","type":"page","link":"https:\/\/wp.ufpel.edu.br\/roquettepinto\/4a-edicao-da-revista-roquette-pinto-a-revista-do-video-estudantil-2\/","title":{"rendered":"Revista 04\u00aa Roquette-Pinto"},"content":{"rendered":"<p style=\"text-align: justify\">A 4\u00aa edi\u00e7\u00e3o da revista<strong> Roquette-Pinto: A revista do v\u00eddeo estudantil<\/strong>, sendo o primeiro <span style=\"color: #ff6600\"><strong>Dossi\u00ea Especial<\/strong>,<\/span> traz publica\u00e7\u00f5es de trabalhos apresentados junto ao <strong><em>2\u00ba Semin\u00e1rio de Audiovisual e Educa\u00e7\u00e3o: metodologias na constru\u00e7\u00e3o de conhecimento<\/em><\/strong>, que aconteceu paralelamente a <strong><em>9\u00aa Mostra Audiovisual Estudantil Joaquim Ven\u00e2ncio<\/em><\/strong>, nos dias 26 e 27 de junho de 2019, na Escola Polit\u00e9cnica de Sa\u00fade Joaquim Ven\u00e2ncio (EPSJV\/Fiocruz), na cidade do Rio de Janeiro, RJ.<\/p>\n<p>ISSN: <strong>2526-6128<\/strong><\/p>\n<p style=\"text-align: center\"><a href=\"https:\/\/wp.ufpel.edu.br\/roquettepinto\/files\/2020\/06\/Roquette-Pinto_Dossi\u00ea-Especial_4-edi\u00e7\u00e3o-2020.pdf\" target=\"_blank\" rel=\"noopener noreferrer\"><span style=\"color: #0000ff\">Download (PDF) da 4\u00aa edi\u00e7\u00e3o. <\/span><\/a><\/p>\n<p style=\"text-align: center\"><a href=\"https:\/\/pt.calameo.com\/read\/006092030352b96590e85\" target=\"_blank\" rel=\"noopener noreferrer\"><span style=\"color: #0000ff\">Link de acesso para leitura online.<\/span><\/a><\/p>\n<figure id=\"attachment_427\" aria-describedby=\"caption-attachment-427\" style=\"width: 300px\" class=\"wp-caption aligncenter\"><a href=\"https:\/\/wp.ufpel.edu.br\/roquettepinto\/files\/2020\/06\/Capa-dossi\u00ea.jpg\"><img loading=\"lazy\" decoding=\"async\" class=\"wp-image-427\" src=\"https:\/\/wp.ufpel.edu.br\/roquettepinto\/files\/2020\/06\/Capa-dossi\u00ea.jpg\" alt=\"\" width=\"300\" height=\"429\" srcset=\"https:\/\/wp.ufpel.edu.br\/roquettepinto\/files\/2020\/06\/Capa-dossi\u00ea.jpg 583w, https:\/\/wp.ufpel.edu.br\/roquettepinto\/files\/2020\/06\/Capa-dossi\u00ea-223x318.jpg 223w, https:\/\/wp.ufpel.edu.br\/roquettepinto\/files\/2020\/06\/Capa-dossi\u00ea-111x159.jpg 111w, https:\/\/wp.ufpel.edu.br\/roquettepinto\/files\/2020\/06\/Capa-dossi\u00ea-210x300.jpg 210w\" sizes=\"auto, (max-width: 300px) 100vw, 300px\" \/><\/a><figcaption id=\"caption-attachment-427\" class=\"wp-caption-text\">4\u00aa Edi\u00e7\u00e3o &#8211; JUN\/2020<\/figcaption><\/figure>\n<p>&nbsp;<\/p>\n<p style=\"text-align: center\"><span style=\"font-size: 14pt\"><strong>SUM\u00c1RIO<\/strong><\/span><\/p>\n<p style=\"text-align: center\"><strong>1. <a href=\"https:\/\/wp.ufpel.edu.br\/roquettepinto\/files\/2021\/06\/Seminario-Audiovisual-e-Educacao.pdf\">Semin\u00e1rio Audiovisual e Educa\u00e7\u00e3o<\/a> &#8230;&#8230;&#8230;&#8230;&#8230;&#8230;&#8230;&#8230;&#8230;&#8230;&#8230;&#8230;&#8230;&#8230;&#8230;&#8230;&#8230;&#8230;&#8230;&#8230;&#8230;&#8230;&#8230;&#8230;&#8230;&#8230;&#8230;. 5<\/strong><br \/>\nGregorio Albuquerque<\/p>\n<p style=\"text-align: center\"><strong>2. <a href=\"https:\/\/wp.ufpel.edu.br\/roquettepinto\/files\/2021\/06\/A-producao-de-novos-formatos-audiovisuais.pdf\">A produ\u00e7\u00e3o de novos formatos audiovisuais<\/a>&#8230;&#8230;&#8230;&#8230;&#8230;&#8230;&#8230;&#8230;&#8230;&#8230;&#8230;&#8230;&#8230;&#8230;&#8230;&#8230;&#8230;&#8230;&#8230;&#8230;&#8230;.. 9<\/strong><br \/>\nAmanda Menger<\/p>\n<p style=\"text-align: center\"><strong>3. <a href=\"https:\/\/wp.ufpel.edu.br\/roquettepinto\/files\/2021\/06\/Ensaios-sobre-o-Vidigal.pdf\">Ensaios sobre o Vidigal<\/a> &#8230;&#8230;&#8230;&#8230;&#8230;&#8230;&#8230;&#8230;&#8230;&#8230;&#8230;&#8230;&#8230;&#8230;&#8230;&#8230;&#8230;&#8230;&#8230;&#8230;&#8230;&#8230;&#8230;&#8230;&#8230;&#8230;&#8230;&#8230;&#8230;&#8230;&#8230;&#8230;&#8230;.. 22<\/strong><br \/>\nMarta Cardoso Guedes<\/p>\n<p style=\"text-align: center\"><strong>4. <a href=\"https:\/\/wp.ufpel.edu.br\/roquettepinto\/files\/2021\/06\/Experiencias-de-um-grupo-de-cinema-formado-por-professores-da-Educacao-Basica-\u2013-Relatos-de-praticas-em-grupo-promovidas-por-dispositivos.pdf\">Experi\u00eancias de um grupo de cinema formado por professores da Educa\u00e7\u00e3o B\u00e1sica \u2013 Relatos de pr\u00e1ticas em grupo promovidas por dispositivos<\/a><\/strong><strong>\u00a0&#8230;&#8230;&#8230;&#8230;&#8230;&#8230;&#8230;&#8230;&#8230;&#8230;&#8230;.. 35<\/strong><br \/>\nAna Luisa Reis; Diogo Ribeiro; Keven Fonseca; Viviane Cid; Walber Martins<\/p>\n<p style=\"text-align: center\"><strong>5. <a href=\"https:\/\/wp.ufpel.edu.br\/roquettepinto\/files\/2021\/06\/Foca-na-Educacao-Educomunicacao-e-Protagonismo.pdf\">Foca na Educa\u00e7\u00e3o: Educomunica\u00e7\u00e3o e Protagonismo<\/a> &#8230;&#8230;&#8230;&#8230;&#8230;&#8230;&#8230;&#8230;&#8230;&#8230;&#8230;&#8230;&#8230;&#8230;.. 48<\/strong><br \/>\nElza Santos; Maria Silva; Raphaella Ara\u00fajo<\/p>\n<p style=\"text-align: center\"><strong>6. <a href=\"https:\/\/wp.ufpel.edu.br\/roquettepinto\/files\/2021\/06\/O-primeiro-semestre-do-projeto-Cinema-Sujeitos-e-Territorios-Experiencias-com-a-pratica-em-grupo-no-Cinema-Educacao.pdf\">O primeiro semestre do projeto \u201cCinema, Sujeitos e Territ\u00f3rios\u201d &#8211; Experi\u00eancias com a pr\u00e1tica em grupo no Cinema-Educa\u00e7\u00e3o<\/a><\/strong><strong>\u00a0&#8230;&#8230;&#8230;&#8230;&#8230;&#8230;&#8230;&#8230;&#8230;&#8230;&#8230;. 58<\/strong><br \/>\nAna Lu\u00edsa Reis; Keven Fonseca<\/p>\n<p style=\"text-align: center\"><strong>7. <a href=\"https:\/\/wp.ufpel.edu.br\/roquettepinto\/files\/2021\/06\/Quando-eu-crescer-movimentos-em-rede-e-aprendizagem-colaborativa-na-producao-audiovisual-escolar.pdf\">Quando eu crescer: movimentos em rede e aprendizagem colaborativa na produ\u00e7\u00e3o audiovisual escolar<\/a><\/strong><strong>\u00a0&#8230;&#8230;&#8230;&#8230;&#8230;&#8230;&#8230;&#8230;&#8230;&#8230;&#8230;&#8230;&#8230;&#8230;&#8230;&#8230;&#8230;&#8230;&#8230;&#8230;. 74<\/strong><br \/>\nCristina Lemos; Luciana Ramos<\/p>\n<p style=\"text-align: center\"><strong>8. <a href=\"https:\/\/wp.ufpel.edu.br\/roquettepinto\/files\/2021\/06\/Uso-e-producao-de-videos-didaticos-por-professores-da-Educacao-Basica.pdf\">Uso e produ\u00e7\u00e3o de v\u00eddeos did\u00e1ticos por professores da Educa\u00e7\u00e3o B\u00e1sica<\/a> &#8230;&#8230;. 84<\/strong><br \/>\nVanessa Oechsler; Carlos Eduardo Pereira<\/p>\n<p style=\"text-align: center\"><strong>9. <a href=\"https:\/\/wp.ufpel.edu.br\/roquettepinto\/files\/2021\/06\/Videodanca-na-escola-processos-de-criacao-entre-criancas-e-uma-artista-docente-no-ensino-fundamental-1.pdf\">Videodan\u00e7a na escola: processos de cria\u00e7\u00e3o entre crian\u00e7as e uma artista-docente no ensino fundamental 1<\/a><\/strong><strong>\u00a0&#8230;&#8230;&#8230;&#8230;&#8230;&#8230;&#8230;&#8230;&#8230;&#8230;&#8230;&#8230;&#8230;&#8230;&#8230;&#8230;&#8230;&#8230;&#8230;&#8230; 98<\/strong><br \/>\nAna Carolina de Ara\u00fajo<\/p>\n<p>&nbsp;<\/p>\n","protected":false},"excerpt":{"rendered":"<p>A 4\u00aa edi\u00e7\u00e3o da revista Roquette-Pinto: A revista do v\u00eddeo estudantil, sendo o primeiro Dossi\u00ea Especial, traz publica\u00e7\u00f5es de trabalhos apresentados junto ao 2\u00ba Semin\u00e1rio de Audiovisual e Educa\u00e7\u00e3o: metodologias na constru\u00e7\u00e3o de conhecimento, que aconteceu paralelamente a 9\u00aa Mostra Audiovisual Estudantil Joaquim Ven\u00e2ncio, nos dias 26 e 27 de junho de 2019, na Escola&#8230; <\/p>\n<div class=\"link-more\"><a href=\"https:\/\/wp.ufpel.edu.br\/roquettepinto\/4a-edicao-da-revista-roquette-pinto-a-revista-do-video-estudantil-2\/\">Leia mais<\/a><\/div>\n","protected":false},"author":578,"featured_media":0,"parent":0,"menu_order":0,"comment_status":"closed","ping_status":"closed","template":"","meta":{"footnotes":""},"class_list":["post-614","page","type-page","status-publish","hentry"],"yoast_head":"<!-- This site is optimized with the Yoast SEO plugin v26.7 - https:\/\/yoast.com\/wordpress\/plugins\/seo\/ -->\n<title>Revista 04\u00aa Roquette-Pinto - Roquette-Pinto<\/title>\n<meta name=\"robots\" content=\"index, follow, max-snippet:-1, max-image-preview:large, max-video-preview:-1\" \/>\n<link rel=\"canonical\" href=\"https:\/\/wp.ufpel.edu.br\/roquettepinto\/4a-edicao-da-revista-roquette-pinto-a-revista-do-video-estudantil-2\/\" \/>\n<meta property=\"og:locale\" content=\"pt_BR\" \/>\n<meta property=\"og:type\" content=\"article\" \/>\n<meta property=\"og:title\" content=\"Revista 04\u00aa Roquette-Pinto - Roquette-Pinto\" \/>\n<meta property=\"og:description\" content=\"A 4\u00aa edi\u00e7\u00e3o da revista Roquette-Pinto: A revista do v\u00eddeo estudantil, sendo o primeiro Dossi\u00ea Especial, traz publica\u00e7\u00f5es de trabalhos apresentados junto ao 2\u00ba Semin\u00e1rio de Audiovisual e Educa\u00e7\u00e3o: metodologias na constru\u00e7\u00e3o de conhecimento, que aconteceu paralelamente a 9\u00aa Mostra Audiovisual Estudantil Joaquim Ven\u00e2ncio, nos dias 26 e 27 de junho de 2019, na Escola... Leia mais\" \/>\n<meta property=\"og:url\" content=\"https:\/\/wp.ufpel.edu.br\/roquettepinto\/4a-edicao-da-revista-roquette-pinto-a-revista-do-video-estudantil-2\/\" \/>\n<meta property=\"og:site_name\" content=\"Roquette-Pinto\" \/>\n<meta property=\"article:modified_time\" content=\"2021-11-29T20:12:36+00:00\" \/>\n<meta property=\"og:image\" content=\"https:\/\/wp.ufpel.edu.br\/roquettepinto\/files\/2020\/06\/Capa-dossi\u00ea.jpg\" \/>\n<meta name=\"twitter:card\" content=\"summary_large_image\" \/>\n<meta name=\"twitter:label1\" content=\"Est. tempo de leitura\" \/>\n\t<meta name=\"twitter:data1\" content=\"1 minuto\" \/>\n<script type=\"application\/ld+json\" class=\"yoast-schema-graph\">{\"@context\":\"https:\/\/schema.org\",\"@graph\":[{\"@type\":\"WebPage\",\"@id\":\"https:\/\/wp.ufpel.edu.br\/roquettepinto\/4a-edicao-da-revista-roquette-pinto-a-revista-do-video-estudantil-2\/\",\"url\":\"https:\/\/wp.ufpel.edu.br\/roquettepinto\/4a-edicao-da-revista-roquette-pinto-a-revista-do-video-estudantil-2\/\",\"name\":\"Revista 04\u00aa Roquette-Pinto - Roquette-Pinto\",\"isPartOf\":{\"@id\":\"https:\/\/wp.ufpel.edu.br\/roquettepinto\/#website\"},\"datePublished\":\"2021-11-29T20:08:21+00:00\",\"dateModified\":\"2021-11-29T20:12:36+00:00\",\"breadcrumb\":{\"@id\":\"https:\/\/wp.ufpel.edu.br\/roquettepinto\/4a-edicao-da-revista-roquette-pinto-a-revista-do-video-estudantil-2\/#breadcrumb\"},\"inLanguage\":\"pt-BR\",\"potentialAction\":[{\"@type\":\"ReadAction\",\"target\":[\"https:\/\/wp.ufpel.edu.br\/roquettepinto\/4a-edicao-da-revista-roquette-pinto-a-revista-do-video-estudantil-2\/\"]}]},{\"@type\":\"BreadcrumbList\",\"@id\":\"https:\/\/wp.ufpel.edu.br\/roquettepinto\/4a-edicao-da-revista-roquette-pinto-a-revista-do-video-estudantil-2\/#breadcrumb\",\"itemListElement\":[{\"@type\":\"ListItem\",\"position\":1,\"name\":\"In\u00edcio\",\"item\":\"https:\/\/wp.ufpel.edu.br\/roquettepinto\/\"},{\"@type\":\"ListItem\",\"position\":2,\"name\":\"Revista 04\u00aa Roquette-Pinto\"}]},{\"@type\":\"WebSite\",\"@id\":\"https:\/\/wp.ufpel.edu.br\/roquettepinto\/#website\",\"url\":\"https:\/\/wp.ufpel.edu.br\/roquettepinto\/\",\"name\":\"Roquette-Pinto\",\"description\":\"A Revista do V\u00eddeo Estudantil\",\"potentialAction\":[{\"@type\":\"SearchAction\",\"target\":{\"@type\":\"EntryPoint\",\"urlTemplate\":\"https:\/\/wp.ufpel.edu.br\/roquettepinto\/?s={search_term_string}\"},\"query-input\":{\"@type\":\"PropertyValueSpecification\",\"valueRequired\":true,\"valueName\":\"search_term_string\"}}],\"inLanguage\":\"pt-BR\"}]}<\/script>\n<!-- \/ Yoast SEO plugin. -->","yoast_head_json":{"title":"Revista 04\u00aa Roquette-Pinto - Roquette-Pinto","robots":{"index":"index","follow":"follow","max-snippet":"max-snippet:-1","max-image-preview":"max-image-preview:large","max-video-preview":"max-video-preview:-1"},"canonical":"https:\/\/wp.ufpel.edu.br\/roquettepinto\/4a-edicao-da-revista-roquette-pinto-a-revista-do-video-estudantil-2\/","og_locale":"pt_BR","og_type":"article","og_title":"Revista 04\u00aa Roquette-Pinto - Roquette-Pinto","og_description":"A 4\u00aa edi\u00e7\u00e3o da revista Roquette-Pinto: A revista do v\u00eddeo estudantil, sendo o primeiro Dossi\u00ea Especial, traz publica\u00e7\u00f5es de trabalhos apresentados junto ao 2\u00ba Semin\u00e1rio de Audiovisual e Educa\u00e7\u00e3o: metodologias na constru\u00e7\u00e3o de conhecimento, que aconteceu paralelamente a 9\u00aa Mostra Audiovisual Estudantil Joaquim Ven\u00e2ncio, nos dias 26 e 27 de junho de 2019, na Escola... Leia mais","og_url":"https:\/\/wp.ufpel.edu.br\/roquettepinto\/4a-edicao-da-revista-roquette-pinto-a-revista-do-video-estudantil-2\/","og_site_name":"Roquette-Pinto","article_modified_time":"2021-11-29T20:12:36+00:00","og_image":[{"url":"https:\/\/wp.ufpel.edu.br\/roquettepinto\/files\/2020\/06\/Capa-dossi\u00ea.jpg","type":"","width":"","height":""}],"twitter_card":"summary_large_image","twitter_misc":{"Est. tempo de leitura":"1 minuto"},"schema":{"@context":"https:\/\/schema.org","@graph":[{"@type":"WebPage","@id":"https:\/\/wp.ufpel.edu.br\/roquettepinto\/4a-edicao-da-revista-roquette-pinto-a-revista-do-video-estudantil-2\/","url":"https:\/\/wp.ufpel.edu.br\/roquettepinto\/4a-edicao-da-revista-roquette-pinto-a-revista-do-video-estudantil-2\/","name":"Revista 04\u00aa Roquette-Pinto - Roquette-Pinto","isPartOf":{"@id":"https:\/\/wp.ufpel.edu.br\/roquettepinto\/#website"},"datePublished":"2021-11-29T20:08:21+00:00","dateModified":"2021-11-29T20:12:36+00:00","breadcrumb":{"@id":"https:\/\/wp.ufpel.edu.br\/roquettepinto\/4a-edicao-da-revista-roquette-pinto-a-revista-do-video-estudantil-2\/#breadcrumb"},"inLanguage":"pt-BR","potentialAction":[{"@type":"ReadAction","target":["https:\/\/wp.ufpel.edu.br\/roquettepinto\/4a-edicao-da-revista-roquette-pinto-a-revista-do-video-estudantil-2\/"]}]},{"@type":"BreadcrumbList","@id":"https:\/\/wp.ufpel.edu.br\/roquettepinto\/4a-edicao-da-revista-roquette-pinto-a-revista-do-video-estudantil-2\/#breadcrumb","itemListElement":[{"@type":"ListItem","position":1,"name":"In\u00edcio","item":"https:\/\/wp.ufpel.edu.br\/roquettepinto\/"},{"@type":"ListItem","position":2,"name":"Revista 04\u00aa Roquette-Pinto"}]},{"@type":"WebSite","@id":"https:\/\/wp.ufpel.edu.br\/roquettepinto\/#website","url":"https:\/\/wp.ufpel.edu.br\/roquettepinto\/","name":"Roquette-Pinto","description":"A Revista do V\u00eddeo Estudantil","potentialAction":[{"@type":"SearchAction","target":{"@type":"EntryPoint","urlTemplate":"https:\/\/wp.ufpel.edu.br\/roquettepinto\/?s={search_term_string}"},"query-input":{"@type":"PropertyValueSpecification","valueRequired":true,"valueName":"search_term_string"}}],"inLanguage":"pt-BR"}]}},"jetpack_sharing_enabled":true,"_links":{"self":[{"href":"https:\/\/wp.ufpel.edu.br\/roquettepinto\/wp-json\/wp\/v2\/pages\/614","targetHints":{"allow":["GET"]}}],"collection":[{"href":"https:\/\/wp.ufpel.edu.br\/roquettepinto\/wp-json\/wp\/v2\/pages"}],"about":[{"href":"https:\/\/wp.ufpel.edu.br\/roquettepinto\/wp-json\/wp\/v2\/types\/page"}],"author":[{"embeddable":true,"href":"https:\/\/wp.ufpel.edu.br\/roquettepinto\/wp-json\/wp\/v2\/users\/578"}],"replies":[{"embeddable":true,"href":"https:\/\/wp.ufpel.edu.br\/roquettepinto\/wp-json\/wp\/v2\/comments?post=614"}],"version-history":[{"count":3,"href":"https:\/\/wp.ufpel.edu.br\/roquettepinto\/wp-json\/wp\/v2\/pages\/614\/revisions"}],"predecessor-version":[{"id":619,"href":"https:\/\/wp.ufpel.edu.br\/roquettepinto\/wp-json\/wp\/v2\/pages\/614\/revisions\/619"}],"wp:attachment":[{"href":"https:\/\/wp.ufpel.edu.br\/roquettepinto\/wp-json\/wp\/v2\/media?parent=614"}],"curies":[{"name":"wp","href":"https:\/\/api.w.org\/{rel}","templated":true}]}}