{"id":603,"date":"2021-10-29T10:20:11","date_gmt":"2021-10-29T13:20:11","guid":{"rendered":"https:\/\/wp.ufpel.edu.br\/roquettepinto\/?page_id=603"},"modified":"2021-10-29T10:20:11","modified_gmt":"2021-10-29T13:20:11","slug":"como-citar-a-revista","status":"publish","type":"page","link":"https:\/\/wp.ufpel.edu.br\/roquettepinto\/como-citar-a-revista\/","title":{"rendered":"Como citar a revista"},"content":{"rendered":"<p>como citar a revista segundo a ABNT:<\/p>\n<p>\u00daLTIMO NOME, Primeiro nome do autor do artigo. T\u00edtulo do artigo.\u00a0<b>T\u00edtulo da Revista<\/b>, local de publica\u00e7\u00e3o, volume do exemplar, n\u00famero do exemplar, p. (p\u00e1gina inicial e final do artigo), m\u00eas, ano de publica\u00e7\u00e3o. Dispon\u00edvel em: link. Acesso em: data de acesso.<\/p>\n<p><strong>Exemplo<\/strong><\/p>\n<p>PEREIRA, Josias; DALPONT, V\u00e2nia. A Forma\u00e7\u00e3o de Professores na Produ\u00e7\u00e3o de V\u00eddeo Estudantil: Import\u00e2ncia dos Cursos de Licenciatura se Abrirem para Novas Metodologias.<strong> Roquette Pinto: A Revista do V\u00eddeo Estudantil,<\/strong> Pelotas, 5<a href=\"https:\/\/wp.ufpel.edu.br\/roquettepinto\/files\/2021\/10\/Revista-5-Nova-Roquette-Pinto3.pdf\">\u00ba<\/a> Edi\u00e7\u00e3o. p. 17 &#8211; 24p, 01, 2021. dispon\u00edvel em https:\/\/wp.ufpel.edu.br\/roquettepinto\/files\/2021\/10\/2-A-Formacao-de-Professores-na-Producao-de-Video-Estudantil-Importancia-dos-Cursos-de-Licenciatura-se-Abrirem-para-Novas-Metodologias.pdf.\u00a0 Data de acesso 02\/11\/2021.<\/p>\n","protected":false},"excerpt":{"rendered":"<p>como citar a revista segundo a ABNT: \u00daLTIMO NOME, Primeiro nome do autor do artigo. T\u00edtulo do artigo.\u00a0T\u00edtulo da Revista, local de publica\u00e7\u00e3o, volume do exemplar, n\u00famero do exemplar, p. (p\u00e1gina inicial e final do artigo), m\u00eas, ano de publica\u00e7\u00e3o. Dispon\u00edvel em: link. Acesso em: data de acesso. Exemplo PEREIRA, Josias; DALPONT, V\u00e2nia. A Forma\u00e7\u00e3o&#8230; <\/p>\n<div class=\"link-more\"><a href=\"https:\/\/wp.ufpel.edu.br\/roquettepinto\/como-citar-a-revista\/\">Leia mais<\/a><\/div>\n","protected":false},"author":578,"featured_media":0,"parent":0,"menu_order":0,"comment_status":"closed","ping_status":"closed","template":"","meta":{"footnotes":""},"class_list":["post-603","page","type-page","status-publish","hentry"],"yoast_head":"<!-- This site is optimized with the Yoast SEO plugin v26.7 - https:\/\/yoast.com\/wordpress\/plugins\/seo\/ -->\n<title>Como citar a revista - Roquette-Pinto<\/title>\n<meta name=\"robots\" content=\"index, follow, max-snippet:-1, max-image-preview:large, max-video-preview:-1\" \/>\n<link rel=\"canonical\" href=\"https:\/\/wp.ufpel.edu.br\/roquettepinto\/como-citar-a-revista\/\" \/>\n<meta property=\"og:locale\" content=\"pt_BR\" \/>\n<meta property=\"og:type\" content=\"article\" \/>\n<meta property=\"og:title\" content=\"Como citar a revista - Roquette-Pinto\" \/>\n<meta property=\"og:description\" content=\"como citar a revista segundo a ABNT: \u00daLTIMO NOME, Primeiro nome do autor do artigo. T\u00edtulo do artigo.\u00a0T\u00edtulo da Revista, local de publica\u00e7\u00e3o, volume do exemplar, n\u00famero do exemplar, p. (p\u00e1gina inicial e final do artigo), m\u00eas, ano de publica\u00e7\u00e3o. Dispon\u00edvel em: link. Acesso em: data de acesso. Exemplo PEREIRA, Josias; DALPONT, V\u00e2nia. A Forma\u00e7\u00e3o... Leia mais\" \/>\n<meta property=\"og:url\" content=\"https:\/\/wp.ufpel.edu.br\/roquettepinto\/como-citar-a-revista\/\" \/>\n<meta property=\"og:site_name\" content=\"Roquette-Pinto\" \/>\n<meta name=\"twitter:card\" content=\"summary_large_image\" \/>\n<meta name=\"twitter:label1\" content=\"Est. tempo de leitura\" \/>\n\t<meta name=\"twitter:data1\" content=\"1 minuto\" \/>\n<script type=\"application\/ld+json\" class=\"yoast-schema-graph\">{\"@context\":\"https:\/\/schema.org\",\"@graph\":[{\"@type\":\"WebPage\",\"@id\":\"https:\/\/wp.ufpel.edu.br\/roquettepinto\/como-citar-a-revista\/\",\"url\":\"https:\/\/wp.ufpel.edu.br\/roquettepinto\/como-citar-a-revista\/\",\"name\":\"Como citar a revista - Roquette-Pinto\",\"isPartOf\":{\"@id\":\"https:\/\/wp.ufpel.edu.br\/roquettepinto\/#website\"},\"datePublished\":\"2021-10-29T13:20:11+00:00\",\"breadcrumb\":{\"@id\":\"https:\/\/wp.ufpel.edu.br\/roquettepinto\/como-citar-a-revista\/#breadcrumb\"},\"inLanguage\":\"pt-BR\",\"potentialAction\":[{\"@type\":\"ReadAction\",\"target\":[\"https:\/\/wp.ufpel.edu.br\/roquettepinto\/como-citar-a-revista\/\"]}]},{\"@type\":\"BreadcrumbList\",\"@id\":\"https:\/\/wp.ufpel.edu.br\/roquettepinto\/como-citar-a-revista\/#breadcrumb\",\"itemListElement\":[{\"@type\":\"ListItem\",\"position\":1,\"name\":\"In\u00edcio\",\"item\":\"https:\/\/wp.ufpel.edu.br\/roquettepinto\/\"},{\"@type\":\"ListItem\",\"position\":2,\"name\":\"Como citar a revista\"}]},{\"@type\":\"WebSite\",\"@id\":\"https:\/\/wp.ufpel.edu.br\/roquettepinto\/#website\",\"url\":\"https:\/\/wp.ufpel.edu.br\/roquettepinto\/\",\"name\":\"Roquette-Pinto\",\"description\":\"A Revista do V\u00eddeo Estudantil\",\"potentialAction\":[{\"@type\":\"SearchAction\",\"target\":{\"@type\":\"EntryPoint\",\"urlTemplate\":\"https:\/\/wp.ufpel.edu.br\/roquettepinto\/?s={search_term_string}\"},\"query-input\":{\"@type\":\"PropertyValueSpecification\",\"valueRequired\":true,\"valueName\":\"search_term_string\"}}],\"inLanguage\":\"pt-BR\"}]}<\/script>\n<!-- \/ Yoast SEO plugin. -->","yoast_head_json":{"title":"Como citar a revista - Roquette-Pinto","robots":{"index":"index","follow":"follow","max-snippet":"max-snippet:-1","max-image-preview":"max-image-preview:large","max-video-preview":"max-video-preview:-1"},"canonical":"https:\/\/wp.ufpel.edu.br\/roquettepinto\/como-citar-a-revista\/","og_locale":"pt_BR","og_type":"article","og_title":"Como citar a revista - Roquette-Pinto","og_description":"como citar a revista segundo a ABNT: \u00daLTIMO NOME, Primeiro nome do autor do artigo. T\u00edtulo do artigo.\u00a0T\u00edtulo da Revista, local de publica\u00e7\u00e3o, volume do exemplar, n\u00famero do exemplar, p. (p\u00e1gina inicial e final do artigo), m\u00eas, ano de publica\u00e7\u00e3o. Dispon\u00edvel em: link. Acesso em: data de acesso. Exemplo PEREIRA, Josias; DALPONT, V\u00e2nia. A Forma\u00e7\u00e3o... Leia mais","og_url":"https:\/\/wp.ufpel.edu.br\/roquettepinto\/como-citar-a-revista\/","og_site_name":"Roquette-Pinto","twitter_card":"summary_large_image","twitter_misc":{"Est. tempo de leitura":"1 minuto"},"schema":{"@context":"https:\/\/schema.org","@graph":[{"@type":"WebPage","@id":"https:\/\/wp.ufpel.edu.br\/roquettepinto\/como-citar-a-revista\/","url":"https:\/\/wp.ufpel.edu.br\/roquettepinto\/como-citar-a-revista\/","name":"Como citar a revista - Roquette-Pinto","isPartOf":{"@id":"https:\/\/wp.ufpel.edu.br\/roquettepinto\/#website"},"datePublished":"2021-10-29T13:20:11+00:00","breadcrumb":{"@id":"https:\/\/wp.ufpel.edu.br\/roquettepinto\/como-citar-a-revista\/#breadcrumb"},"inLanguage":"pt-BR","potentialAction":[{"@type":"ReadAction","target":["https:\/\/wp.ufpel.edu.br\/roquettepinto\/como-citar-a-revista\/"]}]},{"@type":"BreadcrumbList","@id":"https:\/\/wp.ufpel.edu.br\/roquettepinto\/como-citar-a-revista\/#breadcrumb","itemListElement":[{"@type":"ListItem","position":1,"name":"In\u00edcio","item":"https:\/\/wp.ufpel.edu.br\/roquettepinto\/"},{"@type":"ListItem","position":2,"name":"Como citar a revista"}]},{"@type":"WebSite","@id":"https:\/\/wp.ufpel.edu.br\/roquettepinto\/#website","url":"https:\/\/wp.ufpel.edu.br\/roquettepinto\/","name":"Roquette-Pinto","description":"A Revista do V\u00eddeo Estudantil","potentialAction":[{"@type":"SearchAction","target":{"@type":"EntryPoint","urlTemplate":"https:\/\/wp.ufpel.edu.br\/roquettepinto\/?s={search_term_string}"},"query-input":{"@type":"PropertyValueSpecification","valueRequired":true,"valueName":"search_term_string"}}],"inLanguage":"pt-BR"}]}},"jetpack_sharing_enabled":true,"_links":{"self":[{"href":"https:\/\/wp.ufpel.edu.br\/roquettepinto\/wp-json\/wp\/v2\/pages\/603","targetHints":{"allow":["GET"]}}],"collection":[{"href":"https:\/\/wp.ufpel.edu.br\/roquettepinto\/wp-json\/wp\/v2\/pages"}],"about":[{"href":"https:\/\/wp.ufpel.edu.br\/roquettepinto\/wp-json\/wp\/v2\/types\/page"}],"author":[{"embeddable":true,"href":"https:\/\/wp.ufpel.edu.br\/roquettepinto\/wp-json\/wp\/v2\/users\/578"}],"replies":[{"embeddable":true,"href":"https:\/\/wp.ufpel.edu.br\/roquettepinto\/wp-json\/wp\/v2\/comments?post=603"}],"version-history":[{"count":1,"href":"https:\/\/wp.ufpel.edu.br\/roquettepinto\/wp-json\/wp\/v2\/pages\/603\/revisions"}],"predecessor-version":[{"id":605,"href":"https:\/\/wp.ufpel.edu.br\/roquettepinto\/wp-json\/wp\/v2\/pages\/603\/revisions\/605"}],"wp:attachment":[{"href":"https:\/\/wp.ufpel.edu.br\/roquettepinto\/wp-json\/wp\/v2\/media?parent=603"}],"curies":[{"name":"wp","href":"https:\/\/api.w.org\/{rel}","templated":true}]}}