{"id":574,"date":"2021-10-28T09:18:04","date_gmt":"2021-10-28T12:18:04","guid":{"rendered":"https:\/\/wp.ufpel.edu.br\/roquettepinto\/?page_id=574"},"modified":"2021-10-29T16:26:32","modified_gmt":"2021-10-29T19:26:32","slug":"edicao-atual-2021","status":"publish","type":"page","link":"https:\/\/wp.ufpel.edu.br\/roquettepinto\/edicao-atual-2021\/","title":{"rendered":"5\u00aa Edi\u00e7\u00e3o 2021"},"content":{"rendered":"<p style=\"text-align: justify\">A 5\u00aa edi\u00e7\u00e3o da revista<strong> Roquette-Pinto: A revista do v\u00eddeo estudantil<\/strong>, debate a rela\u00e7\u00e3o da PVE ( Produ\u00e7\u00e3o de V\u00eddeo Estudantil)\u00a0 com a Educa\u00e7\u00e3o B\u00e1sica.<\/p>\n<p>Est\u00e1 aberta a submiss\u00e3o para a Revista Roquette Pinto 6<a href=\"https:\/\/wp.ufpel.edu.br\/roquettepinto\/files\/2021\/10\/Revista-5-Nova-Roquette-Pinto3.pdf\">\u00ba<\/a> edi\u00e7\u00e3o. Mande o seu artigo ou relato de experi\u00eancia!<\/p>\n<p>Este v\u00eddeo pode ajudar a ter ideias para organizar um artigo sobre os v\u00eddeos realizados com\u00a0 seus alunos.<\/p>\n<p>Link do v\u00eddeo &#8211; <a href=\"https:\/\/youtu.be\/mqce-hyWsyQ\" target=\"_blank\" rel=\"noopener\">10 Passos para escrever um relato de experi\u00eancia com base nos v\u00eddeos feitos com seus alunos<\/a><\/p>\n<p>ISSN: <strong>2526-6128<\/strong><\/p>\n<p><a href=\"https:\/\/wp.ufpel.edu.br\/roquettepinto\/files\/2021\/10\/Revista-5-Nova-Roquette-Pinto3.pdf\">Download (PDF) 5\u00ba Edi\u00e7\u00e3o 2021<\/a><\/p>\n<p><a href=\"https:\/\/pt.calameo.com\/read\/00609203016ac61a7a4df\" target=\"_blank\" rel=\"noopener\">Link de Acesso para leitura online<\/a><\/p>\n<figure id=\"attachment_577\" aria-describedby=\"caption-attachment-577\" style=\"width: 312px\" class=\"wp-caption aligncenter\"><a href=\"https:\/\/wp.ufpel.edu.br\/roquettepinto\/files\/2021\/10\/CAPA-NOVA-ROQUETTE-PINTO-5-EDICAO-2.png\"><img loading=\"lazy\" decoding=\"async\" class=\"wp-image-577\" src=\"https:\/\/wp.ufpel.edu.br\/roquettepinto\/files\/2021\/10\/CAPA-NOVA-ROQUETTE-PINTO-5-EDICAO-2.png\" alt=\"\" width=\"312\" height=\"443\" srcset=\"https:\/\/wp.ufpel.edu.br\/roquettepinto\/files\/2021\/10\/CAPA-NOVA-ROQUETTE-PINTO-5-EDICAO-2.png 1748w, https:\/\/wp.ufpel.edu.br\/roquettepinto\/files\/2021\/10\/CAPA-NOVA-ROQUETTE-PINTO-5-EDICAO-2-224x318.png 224w, https:\/\/wp.ufpel.edu.br\/roquettepinto\/files\/2021\/10\/CAPA-NOVA-ROQUETTE-PINTO-5-EDICAO-2-112x159.png 112w, https:\/\/wp.ufpel.edu.br\/roquettepinto\/files\/2021\/10\/CAPA-NOVA-ROQUETTE-PINTO-5-EDICAO-2-768x1090.png 768w, https:\/\/wp.ufpel.edu.br\/roquettepinto\/files\/2021\/10\/CAPA-NOVA-ROQUETTE-PINTO-5-EDICAO-2-1083x1536.png 1083w, https:\/\/wp.ufpel.edu.br\/roquettepinto\/files\/2021\/10\/CAPA-NOVA-ROQUETTE-PINTO-5-EDICAO-2-1444x2048.png 1444w, https:\/\/wp.ufpel.edu.br\/roquettepinto\/files\/2021\/10\/CAPA-NOVA-ROQUETTE-PINTO-5-EDICAO-2-211x300.png 211w\" sizes=\"auto, (max-width: 312px) 100vw, 312px\" \/><\/a><figcaption id=\"caption-attachment-577\" class=\"wp-caption-text\">5\u00ba Edi\u00e7\u00e3o &#8211; Out\/2021<\/figcaption><\/figure>\n<p style=\"text-align: center\"><strong>Sum\u00e1rio<\/strong><\/p>\n<p><a href=\"https:\/\/wp.ufpel.edu.br\/roquettepinto\/files\/2021\/10\/1-A-Alianca-Potente-Entre-uma-Mostra-de-Cinema-e-um-Programa-Educativo-Os-Numeros-e-as-Categorias-de-Filmes-da-Kino-Campinas-6-16.pdf\" target=\"_blank\" rel=\"noopener\">1 &#8211; A Alian\u00e7a Potente Entre uma Mostra de Cinema e um Programa Educativo Os N\u00fameros e as Categorias de Filmes da Kino Campinas<\/a><\/p>\n<p><a href=\"https:\/\/wp.ufpel.edu.br\/roquettepinto\/files\/2021\/10\/2-A-Formacao-de-Professores-na-Producao-de-Video-Estudantil-Importancia-dos-Cursos-de-Licenciatura-se-Abrirem-para-Novas-Metodologias.pdf\" target=\"_blank\" rel=\"noopener\">2 &#8211; A Forma\u00e7\u00e3o de Professores na Produ\u00e7\u00e3o de V\u00eddeo Estudantil Import\u00e2ncia dos Cursos de Licenciatura se Abrirem para Novas Metodologias<\/a><\/p>\n<p>3 &#8211; <a href=\"https:\/\/wp.ufpel.edu.br\/roquettepinto\/files\/2021\/10\/Revista-5-Nova-Roquette-Pinto3-25-31.pdf\" target=\"_blank\" rel=\"noopener\">Quando a Produ\u00e7\u00e3o de V\u00eddeo Cria \u201cOs Invis\u00edveis\u201d Sociais<\/a><\/p>\n<p><a href=\"https:\/\/wp.ufpel.edu.br\/roquettepinto\/files\/2021\/10\/3-A-Participacao-em-Festivais-Estudantis-Para-Alem-da-Competicao.pdf\" target=\"_blank\" rel=\"noopener\">4 &#8211; A Participa\u00e7\u00e3o em Festivais Estudantis Para Al\u00e9m da Competi\u00e7\u00e3o<\/a><\/p>\n<p><a href=\"https:\/\/wp.ufpel.edu.br\/roquettepinto\/files\/2021\/10\/4-Adao-na-Quarentena.pdf\" target=\"_blank\" rel=\"noopener\">5 &#8211; Ad\u00e3o na Quarentena<\/a><\/p>\n<p><a href=\"https:\/\/wp.ufpel.edu.br\/roquettepinto\/files\/2021\/10\/5-Aprendizagem-Audiovisual-na-Pratica-Escolar-da-Educacao-Infantil.pdf\" target=\"_blank\" rel=\"noopener\">6 &#8211; Aprendizagem Audiovisual na Pr\u00e1tica Escolar da Educa\u00e7\u00e3o Infantil<\/a><\/p>\n<p><a href=\"https:\/\/wp.ufpel.edu.br\/roquettepinto\/files\/2021\/10\/6-As-Midias-a-Servico-da-Educacao-um-Desafio-para-Gestores-com-Visao-no-Futuro.pdf\" target=\"_blank\" rel=\"noopener\">7 &#8211; As M\u00eddias a Servi\u00e7o da Educa\u00e7\u00e3o, um Desafio para Gestores com Vis\u00e3o no Futuro<\/a><\/p>\n<p><a href=\"https:\/\/wp.ufpel.edu.br\/roquettepinto\/files\/2021\/10\/7-Exercicios-da-Educacao-Audiovisual-O-Memorial-da-Pandemia.pdf\" target=\"_blank\" rel=\"noopener\">8 &#8211; Exerc\u00edcios da Educa\u00e7\u00e3o Audiovisual O Memorial da Pandemia<\/a><\/p>\n<p><a href=\"https:\/\/wp.ufpel.edu.br\/roquettepinto\/files\/2021\/10\/8-Formacao-Pedagogica-Para-Nao-Licenciados-E-Possivel.pdf\" target=\"_blank\" rel=\"noopener\">9 &#8211; Forma\u00e7\u00e3o Pedag\u00f3gica Para N\u00e3o Licenciados \u00c9 Poss\u00edvel<\/a><\/p>\n<p><a href=\"https:\/\/wp.ufpel.edu.br\/roquettepinto\/files\/2021\/10\/9-Guerra-Do-Contestado-Producao-Interdisciplinar-De-Videos-No-Ensino-Fundamental.pdf\" target=\"_blank\" rel=\"noopener\">10 &#8211; Guerra Do Contestado Produ\u00e7\u00e3o Interdisciplinar De V\u00eddeos No Ensino Fundamental<\/a><\/p>\n<p><a href=\"https:\/\/wp.ufpel.edu.br\/roquettepinto\/files\/2021\/10\/10-Motivaacao-Por-que-fazer-video-estudantil-na-educacao-basica.pdf\" target=\"_blank\" rel=\"noopener\">11 &#8211; Motiva(a\u00e7\u00e3o) Por que fazer v\u00eddeo estudantil na educa\u00e7\u00e3o b\u00e1sica<\/a><\/p>\n<p><a href=\"https:\/\/wp.ufpel.edu.br\/roquettepinto\/files\/2021\/10\/11-Nucleo-de-Cinema-MTC-uma-experiencia-interdisciplinar.pdf\" target=\"_blank\" rel=\"noopener\">12 &#8211; N\u00facleo de Cinema MTC uma experi\u00eancia interdisciplinar<\/a><\/p>\n<p><a href=\"https:\/\/wp.ufpel.edu.br\/roquettepinto\/files\/2021\/10\/12-O-Potencial-Pedagogico-da-Videoaula-no-Aprender-Matematica.pdf\" target=\"_blank\" rel=\"noopener\">13 &#8211; O Potencial Pedag\u00f3gico da Videoaula no Aprender Matem\u00e1tica<\/a><\/p>\n<p><a href=\"https:\/\/wp.ufpel.edu.br\/roquettepinto\/files\/2021\/10\/13-Ressignificando-aulas-de-matematica-no-ensino-fundamental-atraves-da-producao-de-video-estudantil-uma-sintese-da-analise-da-pre-producao-producao-e-pos-producao-de-dois-videos-estudantis.pdf\" target=\"_blank\" rel=\"noopener\">14 &#8211; Ressignificando aulas de matem\u00e1tica no ensino fundamental atrav\u00e9s da produ\u00e7\u00e3o de v\u00eddeo estudantil uma s\u00edntese da an\u00e1lise da pr\u00e9-produ\u00e7\u00e3o, produ\u00e7\u00e3o e p\u00f3s-produ\u00e7\u00e3o de dois v\u00eddeos estudantis<\/a><\/p>\n<p><a href=\"https:\/\/wp.ufpel.edu.br\/roquettepinto\/files\/2021\/10\/14-Karuana-Imagens-da-Liberdade-Quilombola-em-Cameta-Para.pdf\" target=\"_blank\" rel=\"noopener\">15 &#8211; Karuana Imagens da Liberdade Quilombola em Camet\u00e1, Par\u00e1<\/a><\/p>\n","protected":false},"excerpt":{"rendered":"<p>A 5\u00aa edi\u00e7\u00e3o da revista Roquette-Pinto: A revista do v\u00eddeo estudantil, debate a rela\u00e7\u00e3o da PVE ( Produ\u00e7\u00e3o de V\u00eddeo Estudantil)\u00a0 com a Educa\u00e7\u00e3o B\u00e1sica. Est\u00e1 aberta a submiss\u00e3o para a Revista Roquette Pinto 6\u00ba edi\u00e7\u00e3o. Mande o seu artigo ou relato de experi\u00eancia! Este v\u00eddeo pode ajudar a ter ideias para organizar um artigo&#8230; <\/p>\n<div class=\"link-more\"><a href=\"https:\/\/wp.ufpel.edu.br\/roquettepinto\/edicao-atual-2021\/\">Leia mais<\/a><\/div>\n","protected":false},"author":578,"featured_media":0,"parent":0,"menu_order":0,"comment_status":"closed","ping_status":"closed","template":"","meta":{"footnotes":""},"class_list":["post-574","page","type-page","status-publish","hentry"],"yoast_head":"<!-- This site is optimized with the Yoast SEO plugin v26.7 - https:\/\/yoast.com\/wordpress\/plugins\/seo\/ -->\n<title>5\u00aa Edi\u00e7\u00e3o 2021 - Roquette-Pinto<\/title>\n<meta name=\"description\" content=\"Revista que debate a produ\u00e7\u00e3o de v\u00eddeo estudantil no Brasil v\u00e1rios professores e pesquisadores apresentam um olhar sobre a produ\u00e7\u00e3o de v\u00eddeo estudantil no Brasil!\" \/>\n<meta name=\"robots\" content=\"index, follow, max-snippet:-1, max-image-preview:large, max-video-preview:-1\" \/>\n<link rel=\"canonical\" href=\"https:\/\/wp.ufpel.edu.br\/roquettepinto\/edicao-atual-2021\/\" \/>\n<meta property=\"og:locale\" content=\"pt_BR\" \/>\n<meta property=\"og:type\" content=\"article\" \/>\n<meta property=\"og:title\" content=\"5\u00aa Edi\u00e7\u00e3o 2021 - Roquette-Pinto\" \/>\n<meta property=\"og:description\" content=\"Revista que debate a produ\u00e7\u00e3o de v\u00eddeo estudantil no Brasil v\u00e1rios professores e pesquisadores apresentam um olhar sobre a produ\u00e7\u00e3o de v\u00eddeo estudantil no Brasil!\" \/>\n<meta property=\"og:url\" content=\"https:\/\/wp.ufpel.edu.br\/roquettepinto\/edicao-atual-2021\/\" \/>\n<meta property=\"og:site_name\" content=\"Roquette-Pinto\" \/>\n<meta property=\"article:modified_time\" content=\"2021-10-29T19:26:32+00:00\" \/>\n<meta property=\"og:image\" content=\"https:\/\/wp.ufpel.edu.br\/roquettepinto\/files\/2021\/10\/CAPA-NOVA-ROQUETTE-PINTO-5-EDICAO-2.png\" \/>\n<meta name=\"twitter:card\" content=\"summary_large_image\" \/>\n<meta name=\"twitter:label1\" content=\"Est. tempo de leitura\" \/>\n\t<meta name=\"twitter:data1\" content=\"2 minutos\" \/>\n<script type=\"application\/ld+json\" class=\"yoast-schema-graph\">{\"@context\":\"https:\/\/schema.org\",\"@graph\":[{\"@type\":\"WebPage\",\"@id\":\"https:\/\/wp.ufpel.edu.br\/roquettepinto\/edicao-atual-2021\/\",\"url\":\"https:\/\/wp.ufpel.edu.br\/roquettepinto\/edicao-atual-2021\/\",\"name\":\"5\u00aa Edi\u00e7\u00e3o 2021 - Roquette-Pinto\",\"isPartOf\":{\"@id\":\"https:\/\/wp.ufpel.edu.br\/roquettepinto\/#website\"},\"primaryImageOfPage\":{\"@id\":\"https:\/\/wp.ufpel.edu.br\/roquettepinto\/edicao-atual-2021\/#primaryimage\"},\"image\":{\"@id\":\"https:\/\/wp.ufpel.edu.br\/roquettepinto\/edicao-atual-2021\/#primaryimage\"},\"thumbnailUrl\":\"https:\/\/wp.ufpel.edu.br\/roquettepinto\/files\/2021\/10\/CAPA-NOVA-ROQUETTE-PINTO-5-EDICAO-2.png\",\"datePublished\":\"2021-10-28T12:18:04+00:00\",\"dateModified\":\"2021-10-29T19:26:32+00:00\",\"description\":\"Revista que debate a produ\u00e7\u00e3o de v\u00eddeo estudantil no Brasil v\u00e1rios professores e pesquisadores apresentam um olhar sobre a produ\u00e7\u00e3o de v\u00eddeo estudantil no Brasil!\",\"breadcrumb\":{\"@id\":\"https:\/\/wp.ufpel.edu.br\/roquettepinto\/edicao-atual-2021\/#breadcrumb\"},\"inLanguage\":\"pt-BR\",\"potentialAction\":[{\"@type\":\"ReadAction\",\"target\":[\"https:\/\/wp.ufpel.edu.br\/roquettepinto\/edicao-atual-2021\/\"]}]},{\"@type\":\"ImageObject\",\"inLanguage\":\"pt-BR\",\"@id\":\"https:\/\/wp.ufpel.edu.br\/roquettepinto\/edicao-atual-2021\/#primaryimage\",\"url\":\"https:\/\/wp.ufpel.edu.br\/roquettepinto\/files\/2021\/10\/CAPA-NOVA-ROQUETTE-PINTO-5-EDICAO-2.png\",\"contentUrl\":\"https:\/\/wp.ufpel.edu.br\/roquettepinto\/files\/2021\/10\/CAPA-NOVA-ROQUETTE-PINTO-5-EDICAO-2.png\",\"width\":1748,\"height\":2480},{\"@type\":\"BreadcrumbList\",\"@id\":\"https:\/\/wp.ufpel.edu.br\/roquettepinto\/edicao-atual-2021\/#breadcrumb\",\"itemListElement\":[{\"@type\":\"ListItem\",\"position\":1,\"name\":\"In\u00edcio\",\"item\":\"https:\/\/wp.ufpel.edu.br\/roquettepinto\/\"},{\"@type\":\"ListItem\",\"position\":2,\"name\":\"5\u00aa Edi\u00e7\u00e3o 2021\"}]},{\"@type\":\"WebSite\",\"@id\":\"https:\/\/wp.ufpel.edu.br\/roquettepinto\/#website\",\"url\":\"https:\/\/wp.ufpel.edu.br\/roquettepinto\/\",\"name\":\"Roquette-Pinto\",\"description\":\"A Revista do V\u00eddeo Estudantil\",\"potentialAction\":[{\"@type\":\"SearchAction\",\"target\":{\"@type\":\"EntryPoint\",\"urlTemplate\":\"https:\/\/wp.ufpel.edu.br\/roquettepinto\/?s={search_term_string}\"},\"query-input\":{\"@type\":\"PropertyValueSpecification\",\"valueRequired\":true,\"valueName\":\"search_term_string\"}}],\"inLanguage\":\"pt-BR\"}]}<\/script>\n<!-- \/ Yoast SEO plugin. -->","yoast_head_json":{"title":"5\u00aa Edi\u00e7\u00e3o 2021 - Roquette-Pinto","description":"Revista que debate a produ\u00e7\u00e3o de v\u00eddeo estudantil no Brasil v\u00e1rios professores e pesquisadores apresentam um olhar sobre a produ\u00e7\u00e3o de v\u00eddeo estudantil no Brasil!","robots":{"index":"index","follow":"follow","max-snippet":"max-snippet:-1","max-image-preview":"max-image-preview:large","max-video-preview":"max-video-preview:-1"},"canonical":"https:\/\/wp.ufpel.edu.br\/roquettepinto\/edicao-atual-2021\/","og_locale":"pt_BR","og_type":"article","og_title":"5\u00aa Edi\u00e7\u00e3o 2021 - Roquette-Pinto","og_description":"Revista que debate a produ\u00e7\u00e3o de v\u00eddeo estudantil no Brasil v\u00e1rios professores e pesquisadores apresentam um olhar sobre a produ\u00e7\u00e3o de v\u00eddeo estudantil no Brasil!","og_url":"https:\/\/wp.ufpel.edu.br\/roquettepinto\/edicao-atual-2021\/","og_site_name":"Roquette-Pinto","article_modified_time":"2021-10-29T19:26:32+00:00","og_image":[{"url":"https:\/\/wp.ufpel.edu.br\/roquettepinto\/files\/2021\/10\/CAPA-NOVA-ROQUETTE-PINTO-5-EDICAO-2.png","type":"","width":"","height":""}],"twitter_card":"summary_large_image","twitter_misc":{"Est. tempo de leitura":"2 minutos"},"schema":{"@context":"https:\/\/schema.org","@graph":[{"@type":"WebPage","@id":"https:\/\/wp.ufpel.edu.br\/roquettepinto\/edicao-atual-2021\/","url":"https:\/\/wp.ufpel.edu.br\/roquettepinto\/edicao-atual-2021\/","name":"5\u00aa Edi\u00e7\u00e3o 2021 - Roquette-Pinto","isPartOf":{"@id":"https:\/\/wp.ufpel.edu.br\/roquettepinto\/#website"},"primaryImageOfPage":{"@id":"https:\/\/wp.ufpel.edu.br\/roquettepinto\/edicao-atual-2021\/#primaryimage"},"image":{"@id":"https:\/\/wp.ufpel.edu.br\/roquettepinto\/edicao-atual-2021\/#primaryimage"},"thumbnailUrl":"https:\/\/wp.ufpel.edu.br\/roquettepinto\/files\/2021\/10\/CAPA-NOVA-ROQUETTE-PINTO-5-EDICAO-2.png","datePublished":"2021-10-28T12:18:04+00:00","dateModified":"2021-10-29T19:26:32+00:00","description":"Revista que debate a produ\u00e7\u00e3o de v\u00eddeo estudantil no Brasil v\u00e1rios professores e pesquisadores apresentam um olhar sobre a produ\u00e7\u00e3o de v\u00eddeo estudantil no Brasil!","breadcrumb":{"@id":"https:\/\/wp.ufpel.edu.br\/roquettepinto\/edicao-atual-2021\/#breadcrumb"},"inLanguage":"pt-BR","potentialAction":[{"@type":"ReadAction","target":["https:\/\/wp.ufpel.edu.br\/roquettepinto\/edicao-atual-2021\/"]}]},{"@type":"ImageObject","inLanguage":"pt-BR","@id":"https:\/\/wp.ufpel.edu.br\/roquettepinto\/edicao-atual-2021\/#primaryimage","url":"https:\/\/wp.ufpel.edu.br\/roquettepinto\/files\/2021\/10\/CAPA-NOVA-ROQUETTE-PINTO-5-EDICAO-2.png","contentUrl":"https:\/\/wp.ufpel.edu.br\/roquettepinto\/files\/2021\/10\/CAPA-NOVA-ROQUETTE-PINTO-5-EDICAO-2.png","width":1748,"height":2480},{"@type":"BreadcrumbList","@id":"https:\/\/wp.ufpel.edu.br\/roquettepinto\/edicao-atual-2021\/#breadcrumb","itemListElement":[{"@type":"ListItem","position":1,"name":"In\u00edcio","item":"https:\/\/wp.ufpel.edu.br\/roquettepinto\/"},{"@type":"ListItem","position":2,"name":"5\u00aa Edi\u00e7\u00e3o 2021"}]},{"@type":"WebSite","@id":"https:\/\/wp.ufpel.edu.br\/roquettepinto\/#website","url":"https:\/\/wp.ufpel.edu.br\/roquettepinto\/","name":"Roquette-Pinto","description":"A Revista do V\u00eddeo Estudantil","potentialAction":[{"@type":"SearchAction","target":{"@type":"EntryPoint","urlTemplate":"https:\/\/wp.ufpel.edu.br\/roquettepinto\/?s={search_term_string}"},"query-input":{"@type":"PropertyValueSpecification","valueRequired":true,"valueName":"search_term_string"}}],"inLanguage":"pt-BR"}]}},"jetpack_sharing_enabled":true,"_links":{"self":[{"href":"https:\/\/wp.ufpel.edu.br\/roquettepinto\/wp-json\/wp\/v2\/pages\/574","targetHints":{"allow":["GET"]}}],"collection":[{"href":"https:\/\/wp.ufpel.edu.br\/roquettepinto\/wp-json\/wp\/v2\/pages"}],"about":[{"href":"https:\/\/wp.ufpel.edu.br\/roquettepinto\/wp-json\/wp\/v2\/types\/page"}],"author":[{"embeddable":true,"href":"https:\/\/wp.ufpel.edu.br\/roquettepinto\/wp-json\/wp\/v2\/users\/578"}],"replies":[{"embeddable":true,"href":"https:\/\/wp.ufpel.edu.br\/roquettepinto\/wp-json\/wp\/v2\/comments?post=574"}],"version-history":[{"count":10,"href":"https:\/\/wp.ufpel.edu.br\/roquettepinto\/wp-json\/wp\/v2\/pages\/574\/revisions"}],"predecessor-version":[{"id":607,"href":"https:\/\/wp.ufpel.edu.br\/roquettepinto\/wp-json\/wp\/v2\/pages\/574\/revisions\/607"}],"wp:attachment":[{"href":"https:\/\/wp.ufpel.edu.br\/roquettepinto\/wp-json\/wp\/v2\/media?parent=574"}],"curies":[{"name":"wp","href":"https:\/\/api.w.org\/{rel}","templated":true}]}}