{"id":446,"date":"2021-06-07T19:42:54","date_gmt":"2021-06-07T22:42:54","guid":{"rendered":"https:\/\/wp.ufpel.edu.br\/roquettepinto\/?page_id=446"},"modified":"2021-06-13T09:23:30","modified_gmt":"2021-06-13T12:23:30","slug":"revista-03-roquette-pinto","status":"publish","type":"page","link":"https:\/\/wp.ufpel.edu.br\/roquettepinto\/revista-03-roquette-pinto\/","title":{"rendered":"Revista 03 &#8211; Roquette Pinto"},"content":{"rendered":"<p style=\"text-align: justify\"><a href=\"https:\/\/wp.ufpel.edu.br\/roquettepinto\/files\/2020\/02\/roquette3.png\"><img loading=\"lazy\" decoding=\"async\" class=\"size-full wp-image-304 alignleft\" src=\"https:\/\/wp.ufpel.edu.br\/roquettepinto\/files\/2020\/02\/roquette3.png\" alt=\"\" width=\"395\" height=\"562\" srcset=\"https:\/\/wp.ufpel.edu.br\/roquettepinto\/files\/2020\/02\/roquette3.png 395w, https:\/\/wp.ufpel.edu.br\/roquettepinto\/files\/2020\/02\/roquette3-224x318.png 224w, https:\/\/wp.ufpel.edu.br\/roquettepinto\/files\/2020\/02\/roquette3-112x159.png 112w, https:\/\/wp.ufpel.edu.br\/roquettepinto\/files\/2020\/02\/roquette3-211x300.png 211w\" sizes=\"auto, (max-width: 395px) 100vw, 395px\" \/><\/a>A 3\u00aa edi\u00e7\u00e3o da revista<strong>\u00a0Roquette-Pinto: A revista do v\u00eddeo estudantil<\/strong>\u00a0traz a tem\u00e1tica\u00a0<strong>\u201cDiferentes Olhares da P\u00f3s-Gradua\u00e7\u00e3o sobre a Produ\u00e7\u00e3o de V\u00eddeo Estudantil<\/strong>\u201c. A escolha do t\u00edtulo se deu em raz\u00e3o do importante n\u00famero de submiss\u00f5es de artigos e relatos de pesquisadores de P\u00f3s-Gradua\u00e7\u00e3o. Nesse sentido, percebe-se que a P\u00f3s-Gradua\u00e7\u00e3o est\u00e1 cada vez mais interessada na\u00a0Produ\u00e7\u00e3o de V\u00eddeo Estudantil (PVE) como pr\u00e1tica did\u00e1tica. Assim, tem-se buscado\u00a0unir dois universos: o da academia, por meio de pesquisas de professores e alunos da P\u00f3s-Gradua\u00e7\u00e3o, bem como de professores da Educa\u00e7\u00e3o B\u00e1sica que relatam suas pr\u00e1ticas pedag\u00f3gicas no contexto escolar.<\/p>\n<p style=\"text-align: center\"><span style=\"color: #0000ff\"><a style=\"color: #0000ff\" href=\"https:\/\/wp.ufpel.edu.br\/roquettepinto\/files\/2017\/03\/Roquette-Pinto_3.pdf\" target=\"_blank\" rel=\"noopener noreferrer\">Download (PDF) da 3\u00aa edi\u00e7\u00e3o.<\/a><\/span><\/p>\n<p style=\"text-align: center\"><span style=\"color: #0000ff\"><a style=\"color: #0000ff\" href=\"https:\/\/pt.calameo.com\/read\/0060920306e2eec26b0f8\" target=\"_blank\" rel=\"noopener noreferrer\">Link de acesso para leitura online.<\/a><\/span><\/p>\n<p>&nbsp;<\/p>\n<p><strong>SUM\u00c1RIO<\/strong><\/p>\n<p><strong>. <a href=\"https:\/\/wp.ufpel.edu.br\/roquettepinto\/files\/2021\/06\/O-USO-DA-COR-EM-UM-CURTA-METRAGEM-ADAPTADO-DE-UM-POEMA-E-PRODUZIDO-EM-CONTEXTO-DE-AULA-DE-LINGUA-PORTUGUESA.pdf\">O USO DA COR EM UM CURTA-METRAGEM ADAPTADO DE UM POEMA E PRODUZIDO EM CONTEXTO DE AULA DE L\u00cdNGUA PORTUGUESA<\/a> &#8230;&#8230;. 5<\/strong><\/p>\n<p><strong>. <a href=\"https:\/\/wp.ufpel.edu.br\/roquettepinto\/files\/2021\/06\/CINECLUBE-NA-ESCOLA-UMA-EXPERIENCIA-DE-ARTE-EMANCIPACAO-E-CRIACAO-ENTRE-CRIANCAS-E-PROFESSORES.pdf\">CINECLUBE NA ESCOLA: UMA EXPERI\u00caNCIA DE ARTE, EMANCIPA\u00c7\u00c3O E CRIA\u00c7\u00c3O ENTRE CRIAN\u00c7AS E PROFESSORES<\/a> &#8230;&#8230;. 12<\/strong><\/p>\n<p><strong>. <a href=\"https:\/\/wp.ufpel.edu.br\/roquettepinto\/files\/2021\/06\/OS-DESAFIOS-DA-PRODUCAO-DE-UM-MEDIA-METRAGEM.pdf\">OS DESAFIOS DA PRODU\u00c7\u00c3O DE UM M\u00c9DIA-METRAGEM<\/a> &#8230;&#8230;. 31<\/strong><\/p>\n<p><strong>. <a href=\"https:\/\/wp.ufpel.edu.br\/roquettepinto\/files\/2021\/06\/FESTIVAIS-DE-VIDEOS-ESTUDANTIS-ENFASE-NA-PERSPECTIVA-DA-TECNOLOGIA-MOVEL-PARA-EDUCACAO.pdf\">FESTIVAIS DE V\u00cdDEOS ESTUDANTIS: \u00caNFASE NA PERSPECTIVA DA\u00a0 TECNOLOGIA (M\u00d3VEL) PARA EDUCA\u00c7\u00c3O<\/a><\/strong><strong>\u00a0&#8230;&#8230;. 41<\/strong><\/p>\n<p><strong>. <a href=\"https:\/\/wp.ufpel.edu.br\/roquettepinto\/files\/2021\/06\/10-EDICOES-DO-CURTA-5-\u2013-FESTIVAL-ESTUDANTIL-DE-CURTAS.pdf\">10 EDI\u00c7\u00d5ES DO CURTA 5 \u2013 FESTIVAL ESTUDANTIL DE CURTAS<\/a> &#8230;&#8230;. 51<\/strong><\/p>\n<p><strong>. <a href=\"https:\/\/wp.ufpel.edu.br\/roquettepinto\/files\/2021\/06\/FESTIVAL-DE-VIDEOS-DIGITAIS-E-EDUCACAO-MATEMATICA-PROBLEMATIZANDO-SUAS-FUNCOES-SOCIAIS.pdf\">FESTIVAL DE V\u00cdDEOS DIGITAIS E EDUCA\u00c7\u00c3O MATEM\u00c1TICA: PROBLEMATIZANDO SUAS FUN\u00c7\u00d5ES SOCIAIS<\/a><\/strong><strong>\u00a0&#8230;&#8230;. 56<\/strong><\/p>\n<p><strong>. <a href=\"https:\/\/wp.ufpel.edu.br\/roquettepinto\/files\/2021\/06\/FESTIVAL-DE-CINEMA-ESTUDANTIL-DE-GUAIBA.pdf\">FESTIVAL DE CINEMA ESTUDANTIL DE GUA\u00cdBA<\/a><\/strong><strong>\u00a0&#8230;&#8230;. 75<\/strong><\/p>\n<p><strong>. <a href=\"https:\/\/wp.ufpel.edu.br\/roquettepinto\/files\/2021\/06\/CURSO-DE-ROTEIRO-PARA-VIDEO-ESTUDANTIL-CAPACITACAO-ARTISTICA-E-POETICA-PARA-DOCENTES-DA-EDUCACAO-BASICA.pdf\">CURSO DE ROTEIRO PARA V\u00cdDEO ESTUDANTIL: CAPACITA\u00c7\u00c3O ART\u00cdSTICA E PO\u00c9TICA PARA DOCENTES DA EDUCA\u00c7\u00c3O B\u00c1SICA<\/a> &#8230;&#8230;. 79<\/strong><\/p>\n<p><strong>. <a href=\"https:\/\/wp.ufpel.edu.br\/roquettepinto\/files\/2021\/06\/MOSTRA-AUDIOVISUAL-ESTUDANTIL-JOAQUIM-VENANCIO.pdf\">MOSTRA AUDIOVISUAL ESTUDANTIL JOAQUIM VEN\u00c2NCIO<\/a> <\/strong><strong>&#8230;&#8230;. 88<\/strong><\/p>\n<p><strong>. <a href=\"https:\/\/wp.ufpel.edu.br\/roquettepinto\/files\/2021\/06\/PRATICAS-CINEMATOGRAFICAS-NO-CURRICULO-DA-ESCOLA-RURAL.pdf\">PR\u00c1TICAS CINEMATOGR\u00c1FICAS NO CURR\u00cdCULO DA ESCOLA RURAL<\/a> &#8230;&#8230;. 94<\/strong><\/p>\n<p><strong>. <a href=\"https:\/\/wp.ufpel.edu.br\/roquettepinto\/files\/2021\/06\/DOIS-CAMINHOS.pdf\">DOIS CAMINHOS<\/a><\/strong><strong>\u00a0&#8230;&#8230;. 103<\/strong><\/p>\n<p><strong>. <a href=\"https:\/\/wp.ufpel.edu.br\/roquettepinto\/files\/2021\/06\/IMPORTANCIA-DO-CONTATO-CULTURAL-NA-VIDA-ACADEMICA.pdf\">IMPORT\u00c2NCIA DO CONTATO CULTURAL NA VIDA ACAD\u00caMICA?<\/a> &#8230;&#8230;. 107<\/strong><\/p>\n<p><strong>. <a href=\"https:\/\/wp.ufpel.edu.br\/roquettepinto\/files\/2021\/06\/FAZER-CINEMA-NA-ESCOLA-DE-EDUCACAO-BASICA.pdf\">FAZER-CINEMA NA ESCOLA DE EDUCA\u00c7\u00c3O B\u00c1SICA<\/a><\/strong><strong>\u00a0&#8230;&#8230;. 110<\/strong><\/p>\n<p><strong>. <a href=\"https:\/\/wp.ufpel.edu.br\/roquettepinto\/files\/2021\/06\/VIDEO-UMA-PRATICA-CONCEITUAL-NO-AMBIENTE-ESCOLAR.pdf\">V\u00cdDEO: UMA PR\u00c1TICA CONCEITUAL NO AMBIENTE ESCOLAR<\/a> &#8230;&#8230;. 118<\/strong><\/p>\n<p><strong>. <a href=\"https:\/\/wp.ufpel.edu.br\/roquettepinto\/files\/2021\/06\/PARA-VER-E-PRECISO-ENQUADRAR.pdf\">PARA VER \u00c9 PRECISO ENQUADRAR<\/a><\/strong><strong>\u00a0&#8230;&#8230;. 124<\/strong><\/p>\n<p><strong>. <a href=\"https:\/\/wp.ufpel.edu.br\/roquettepinto\/files\/2021\/06\/PRODUCAO-DE-VIDEO-ESTUDANTIL-E-O-CURRICULO-OCULTO.pdf\">PRODU\u00c7\u00c3O DE V\u00cdDEO ESTUDANTIL<\/a> &#8230;&#8230;. 130<\/strong><\/p>\n<p><strong>. <a href=\"https:\/\/wp.ufpel.edu.br\/roquettepinto\/files\/2021\/06\/O-CINEMA-E-A-EDUCACAO-A-LUZ-NA-SALA-ESCURA.pdf\">O CINEMA E A EDUCA\u00c7\u00c3O A LUZ NA SALA ESCURA<\/a><\/strong><strong>\u00a0&#8230;&#8230;. 132<\/strong><\/p>\n<p><strong>. <a href=\"https:\/\/wp.ufpel.edu.br\/roquettepinto\/files\/2021\/06\/PRODUCAO-AUDIOVISUAL-DE-WEBSERIE-PARA-DISCUTIR-ETICA.pdf\">PRODU\u00c7\u00c3O AUDIOVISUAL DE WEBS\u00c9RIE PARA DISCUTIR \u00c9TICA<\/a>\u00a0&#8230;&#8230;. 142<\/strong><\/p>\n<p><strong>. <a href=\"https:\/\/wp.ufpel.edu.br\/roquettepinto\/files\/2021\/06\/O-PROJETO-PRODUCAO-DE-VIDEO-ESTUDANTIL-ACOES-E-REACOES-DENTRO-DO-ESPACO-ESCOLAR.pdf\">O PROJETO PRODU\u00c7\u00c3O DE V\u00cdDEO ESTUDANTIL: A\u00c7\u00d5ES E REA\u00c7\u00d5ES DENTRO DO ESPA\u00c7O ESCOLAR<\/a><\/strong><strong>\u00a0&#8230;&#8230;. 145<\/strong><\/p>\n<p><strong>. <a href=\"https:\/\/wp.ufpel.edu.br\/roquettepinto\/files\/2021\/06\/FAZER-CINEMA-ESTUDANTIL-PARA-QUEM.pdf\">FAZER CINEMA ESTUDANTIL PARA QUEM?<\/a> &#8230;&#8230;. 148<\/strong><\/p>\n<p><strong>. <a href=\"https:\/\/wp.ufpel.edu.br\/roquettepinto\/files\/2021\/06\/O-VIDEO-SISTEMAS-LINEARES-SUBMETIDO-A-UM-FESTIVAL-UM-OLHAR-PARA-O-SEU-PROCESSO-DE-PRODUCAO.pdf\">O V\u00cdDEO \u201cSISTEMAS LINEARES\u201d SUBMETIDO A UM FESTIVAL: UM OLHAR PARA O SEU PROCESSO DE PRODU\u00c7\u00c3O<\/a><\/strong><strong>\u00a0&#8230;&#8230;. 154<\/strong><\/p>\n<p><strong>. <a href=\"https:\/\/wp.ufpel.edu.br\/roquettepinto\/files\/2021\/06\/PRODUCAO-DE-VIDEO-ESTUDANTIL-E-O-CURRICULO-OCULTO.pdf\">PRODU\u00c7\u00c3O DE V\u00cdDEO ESTUDANTIL E O CURR\u00cdCULO OCULTO<\/a> &#8230;&#8230;. 164<\/strong><\/p>\n","protected":false},"excerpt":{"rendered":"<p>A 3\u00aa edi\u00e7\u00e3o da revista\u00a0Roquette-Pinto: A revista do v\u00eddeo estudantil\u00a0traz a tem\u00e1tica\u00a0\u201cDiferentes Olhares da P\u00f3s-Gradua\u00e7\u00e3o sobre a Produ\u00e7\u00e3o de V\u00eddeo Estudantil\u201c. A escolha do t\u00edtulo se deu em raz\u00e3o do importante n\u00famero de submiss\u00f5es de artigos e relatos de pesquisadores de P\u00f3s-Gradua\u00e7\u00e3o. Nesse sentido, percebe-se que a P\u00f3s-Gradua\u00e7\u00e3o est\u00e1 cada vez mais interessada na\u00a0Produ\u00e7\u00e3o de&#8230; <\/p>\n<div class=\"link-more\"><a href=\"https:\/\/wp.ufpel.edu.br\/roquettepinto\/revista-03-roquette-pinto\/\">Leia mais<\/a><\/div>\n","protected":false},"author":578,"featured_media":0,"parent":0,"menu_order":0,"comment_status":"closed","ping_status":"closed","template":"","meta":{"footnotes":""},"class_list":["post-446","page","type-page","status-publish","hentry"],"yoast_head":"<!-- This site is optimized with the Yoast SEO plugin v26.7 - https:\/\/yoast.com\/wordpress\/plugins\/seo\/ -->\n<title>Revista 03 - Roquette Pinto - Roquette-Pinto<\/title>\n<meta name=\"robots\" content=\"index, follow, max-snippet:-1, max-image-preview:large, max-video-preview:-1\" \/>\n<link rel=\"canonical\" href=\"https:\/\/wp.ufpel.edu.br\/roquettepinto\/revista-03-roquette-pinto\/\" \/>\n<meta property=\"og:locale\" content=\"pt_BR\" \/>\n<meta property=\"og:type\" content=\"article\" \/>\n<meta property=\"og:title\" content=\"Revista 03 - Roquette Pinto - Roquette-Pinto\" \/>\n<meta property=\"og:description\" content=\"A 3\u00aa edi\u00e7\u00e3o da revista\u00a0Roquette-Pinto: A revista do v\u00eddeo estudantil\u00a0traz a tem\u00e1tica\u00a0\u201cDiferentes Olhares da P\u00f3s-Gradua\u00e7\u00e3o sobre a Produ\u00e7\u00e3o de V\u00eddeo Estudantil\u201c. A escolha do t\u00edtulo se deu em raz\u00e3o do importante n\u00famero de submiss\u00f5es de artigos e relatos de pesquisadores de P\u00f3s-Gradua\u00e7\u00e3o. Nesse sentido, percebe-se que a P\u00f3s-Gradua\u00e7\u00e3o est\u00e1 cada vez mais interessada na\u00a0Produ\u00e7\u00e3o de... Leia mais\" \/>\n<meta property=\"og:url\" content=\"https:\/\/wp.ufpel.edu.br\/roquettepinto\/revista-03-roquette-pinto\/\" \/>\n<meta property=\"og:site_name\" content=\"Roquette-Pinto\" \/>\n<meta property=\"article:modified_time\" content=\"2021-06-13T12:23:30+00:00\" \/>\n<meta property=\"og:image\" content=\"https:\/\/wp.ufpel.edu.br\/roquettepinto\/files\/2020\/02\/roquette3.png\" \/>\n<meta name=\"twitter:card\" content=\"summary_large_image\" \/>\n<meta name=\"twitter:label1\" content=\"Est. tempo de leitura\" \/>\n\t<meta name=\"twitter:data1\" content=\"2 minutos\" \/>\n<script type=\"application\/ld+json\" class=\"yoast-schema-graph\">{\"@context\":\"https:\/\/schema.org\",\"@graph\":[{\"@type\":\"WebPage\",\"@id\":\"https:\/\/wp.ufpel.edu.br\/roquettepinto\/revista-03-roquette-pinto\/\",\"url\":\"https:\/\/wp.ufpel.edu.br\/roquettepinto\/revista-03-roquette-pinto\/\",\"name\":\"Revista 03 - Roquette Pinto - Roquette-Pinto\",\"isPartOf\":{\"@id\":\"https:\/\/wp.ufpel.edu.br\/roquettepinto\/#website\"},\"primaryImageOfPage\":{\"@id\":\"https:\/\/wp.ufpel.edu.br\/roquettepinto\/revista-03-roquette-pinto\/#primaryimage\"},\"image\":{\"@id\":\"https:\/\/wp.ufpel.edu.br\/roquettepinto\/revista-03-roquette-pinto\/#primaryimage\"},\"thumbnailUrl\":\"https:\/\/wp.ufpel.edu.br\/roquettepinto\/files\/2020\/02\/roquette3.png\",\"datePublished\":\"2021-06-07T22:42:54+00:00\",\"dateModified\":\"2021-06-13T12:23:30+00:00\",\"breadcrumb\":{\"@id\":\"https:\/\/wp.ufpel.edu.br\/roquettepinto\/revista-03-roquette-pinto\/#breadcrumb\"},\"inLanguage\":\"pt-BR\",\"potentialAction\":[{\"@type\":\"ReadAction\",\"target\":[\"https:\/\/wp.ufpel.edu.br\/roquettepinto\/revista-03-roquette-pinto\/\"]}]},{\"@type\":\"ImageObject\",\"inLanguage\":\"pt-BR\",\"@id\":\"https:\/\/wp.ufpel.edu.br\/roquettepinto\/revista-03-roquette-pinto\/#primaryimage\",\"url\":\"https:\/\/wp.ufpel.edu.br\/roquettepinto\/files\/2020\/02\/roquette3.png\",\"contentUrl\":\"https:\/\/wp.ufpel.edu.br\/roquettepinto\/files\/2020\/02\/roquette3.png\",\"width\":395,\"height\":562},{\"@type\":\"BreadcrumbList\",\"@id\":\"https:\/\/wp.ufpel.edu.br\/roquettepinto\/revista-03-roquette-pinto\/#breadcrumb\",\"itemListElement\":[{\"@type\":\"ListItem\",\"position\":1,\"name\":\"In\u00edcio\",\"item\":\"https:\/\/wp.ufpel.edu.br\/roquettepinto\/\"},{\"@type\":\"ListItem\",\"position\":2,\"name\":\"Revista 03 &#8211; Roquette Pinto\"}]},{\"@type\":\"WebSite\",\"@id\":\"https:\/\/wp.ufpel.edu.br\/roquettepinto\/#website\",\"url\":\"https:\/\/wp.ufpel.edu.br\/roquettepinto\/\",\"name\":\"Roquette-Pinto\",\"description\":\"A Revista do V\u00eddeo Estudantil\",\"potentialAction\":[{\"@type\":\"SearchAction\",\"target\":{\"@type\":\"EntryPoint\",\"urlTemplate\":\"https:\/\/wp.ufpel.edu.br\/roquettepinto\/?s={search_term_string}\"},\"query-input\":{\"@type\":\"PropertyValueSpecification\",\"valueRequired\":true,\"valueName\":\"search_term_string\"}}],\"inLanguage\":\"pt-BR\"}]}<\/script>\n<!-- \/ Yoast SEO plugin. -->","yoast_head_json":{"title":"Revista 03 - Roquette Pinto - Roquette-Pinto","robots":{"index":"index","follow":"follow","max-snippet":"max-snippet:-1","max-image-preview":"max-image-preview:large","max-video-preview":"max-video-preview:-1"},"canonical":"https:\/\/wp.ufpel.edu.br\/roquettepinto\/revista-03-roquette-pinto\/","og_locale":"pt_BR","og_type":"article","og_title":"Revista 03 - Roquette Pinto - Roquette-Pinto","og_description":"A 3\u00aa edi\u00e7\u00e3o da revista\u00a0Roquette-Pinto: A revista do v\u00eddeo estudantil\u00a0traz a tem\u00e1tica\u00a0\u201cDiferentes Olhares da P\u00f3s-Gradua\u00e7\u00e3o sobre a Produ\u00e7\u00e3o de V\u00eddeo Estudantil\u201c. A escolha do t\u00edtulo se deu em raz\u00e3o do importante n\u00famero de submiss\u00f5es de artigos e relatos de pesquisadores de P\u00f3s-Gradua\u00e7\u00e3o. Nesse sentido, percebe-se que a P\u00f3s-Gradua\u00e7\u00e3o est\u00e1 cada vez mais interessada na\u00a0Produ\u00e7\u00e3o de... Leia mais","og_url":"https:\/\/wp.ufpel.edu.br\/roquettepinto\/revista-03-roquette-pinto\/","og_site_name":"Roquette-Pinto","article_modified_time":"2021-06-13T12:23:30+00:00","og_image":[{"url":"https:\/\/wp.ufpel.edu.br\/roquettepinto\/files\/2020\/02\/roquette3.png","type":"","width":"","height":""}],"twitter_card":"summary_large_image","twitter_misc":{"Est. tempo de leitura":"2 minutos"},"schema":{"@context":"https:\/\/schema.org","@graph":[{"@type":"WebPage","@id":"https:\/\/wp.ufpel.edu.br\/roquettepinto\/revista-03-roquette-pinto\/","url":"https:\/\/wp.ufpel.edu.br\/roquettepinto\/revista-03-roquette-pinto\/","name":"Revista 03 - Roquette Pinto - Roquette-Pinto","isPartOf":{"@id":"https:\/\/wp.ufpel.edu.br\/roquettepinto\/#website"},"primaryImageOfPage":{"@id":"https:\/\/wp.ufpel.edu.br\/roquettepinto\/revista-03-roquette-pinto\/#primaryimage"},"image":{"@id":"https:\/\/wp.ufpel.edu.br\/roquettepinto\/revista-03-roquette-pinto\/#primaryimage"},"thumbnailUrl":"https:\/\/wp.ufpel.edu.br\/roquettepinto\/files\/2020\/02\/roquette3.png","datePublished":"2021-06-07T22:42:54+00:00","dateModified":"2021-06-13T12:23:30+00:00","breadcrumb":{"@id":"https:\/\/wp.ufpel.edu.br\/roquettepinto\/revista-03-roquette-pinto\/#breadcrumb"},"inLanguage":"pt-BR","potentialAction":[{"@type":"ReadAction","target":["https:\/\/wp.ufpel.edu.br\/roquettepinto\/revista-03-roquette-pinto\/"]}]},{"@type":"ImageObject","inLanguage":"pt-BR","@id":"https:\/\/wp.ufpel.edu.br\/roquettepinto\/revista-03-roquette-pinto\/#primaryimage","url":"https:\/\/wp.ufpel.edu.br\/roquettepinto\/files\/2020\/02\/roquette3.png","contentUrl":"https:\/\/wp.ufpel.edu.br\/roquettepinto\/files\/2020\/02\/roquette3.png","width":395,"height":562},{"@type":"BreadcrumbList","@id":"https:\/\/wp.ufpel.edu.br\/roquettepinto\/revista-03-roquette-pinto\/#breadcrumb","itemListElement":[{"@type":"ListItem","position":1,"name":"In\u00edcio","item":"https:\/\/wp.ufpel.edu.br\/roquettepinto\/"},{"@type":"ListItem","position":2,"name":"Revista 03 &#8211; Roquette Pinto"}]},{"@type":"WebSite","@id":"https:\/\/wp.ufpel.edu.br\/roquettepinto\/#website","url":"https:\/\/wp.ufpel.edu.br\/roquettepinto\/","name":"Roquette-Pinto","description":"A Revista do V\u00eddeo Estudantil","potentialAction":[{"@type":"SearchAction","target":{"@type":"EntryPoint","urlTemplate":"https:\/\/wp.ufpel.edu.br\/roquettepinto\/?s={search_term_string}"},"query-input":{"@type":"PropertyValueSpecification","valueRequired":true,"valueName":"search_term_string"}}],"inLanguage":"pt-BR"}]}},"jetpack_sharing_enabled":true,"_links":{"self":[{"href":"https:\/\/wp.ufpel.edu.br\/roquettepinto\/wp-json\/wp\/v2\/pages\/446","targetHints":{"allow":["GET"]}}],"collection":[{"href":"https:\/\/wp.ufpel.edu.br\/roquettepinto\/wp-json\/wp\/v2\/pages"}],"about":[{"href":"https:\/\/wp.ufpel.edu.br\/roquettepinto\/wp-json\/wp\/v2\/types\/page"}],"author":[{"embeddable":true,"href":"https:\/\/wp.ufpel.edu.br\/roquettepinto\/wp-json\/wp\/v2\/users\/578"}],"replies":[{"embeddable":true,"href":"https:\/\/wp.ufpel.edu.br\/roquettepinto\/wp-json\/wp\/v2\/comments?post=446"}],"version-history":[{"count":6,"href":"https:\/\/wp.ufpel.edu.br\/roquettepinto\/wp-json\/wp\/v2\/pages\/446\/revisions"}],"predecessor-version":[{"id":554,"href":"https:\/\/wp.ufpel.edu.br\/roquettepinto\/wp-json\/wp\/v2\/pages\/446\/revisions\/554"}],"wp:attachment":[{"href":"https:\/\/wp.ufpel.edu.br\/roquettepinto\/wp-json\/wp\/v2\/media?parent=446"}],"curies":[{"name":"wp","href":"https:\/\/api.w.org\/{rel}","templated":true}]}}