{"id":440,"date":"2021-06-07T19:42:15","date_gmt":"2021-06-07T22:42:15","guid":{"rendered":"https:\/\/wp.ufpel.edu.br\/roquettepinto\/?page_id=440"},"modified":"2021-06-14T18:27:49","modified_gmt":"2021-06-14T21:27:49","slug":"revista-01-roquette-pinto","status":"publish","type":"page","link":"https:\/\/wp.ufpel.edu.br\/roquettepinto\/revista-01-roquette-pinto\/","title":{"rendered":"Revista 01 Roquette Pinto"},"content":{"rendered":"<p style=\"text-align: justify\"><img loading=\"lazy\" decoding=\"async\" class=\"size-full wp-image-293 alignleft\" src=\"https:\/\/wp.ufpel.edu.br\/roquettepinto\/files\/2017\/03\/roquette1.png\" alt=\"\" width=\"395\" height=\"560\" srcset=\"https:\/\/wp.ufpel.edu.br\/roquettepinto\/files\/2017\/03\/roquette1.png 395w, https:\/\/wp.ufpel.edu.br\/roquettepinto\/files\/2017\/03\/roquette1-224x318.png 224w, https:\/\/wp.ufpel.edu.br\/roquettepinto\/files\/2017\/03\/roquette1-112x159.png 112w, https:\/\/wp.ufpel.edu.br\/roquettepinto\/files\/2017\/03\/roquette1-212x300.png 212w\" sizes=\"auto, (max-width: 395px) 100vw, 395px\" \/>A 1\u00aa e 2\u00aa edi\u00e7\u00e3o da revista traz artigos, resenhas e relatos de experi\u00eancia que debatem a produ\u00e7\u00e3o de v\u00eddeo estudantil no Brasil, sob a \u00f3tica de pesquisadores (Mestres, Doutores, P\u00f3s-Doutores), bem como de professores e alunos da Educa\u00e7\u00e3o B\u00e1sica.<\/p>\n<p style=\"text-align: center\"><span style=\"color: #0000ff\"><a style=\"color: #0000ff\" href=\"https:\/\/wp.ufpel.edu.br\/roquettepinto\/files\/2017\/03\/Roquette-Pinto_1.pdf\" target=\"_blank\" rel=\"noopener noreferrer\">Download (PDF) da 1\u00aa edi\u00e7\u00e3o<\/a>.<\/span><\/p>\n<p style=\"text-align: center\"><span style=\"color: #0000ff\"><a style=\"color: #0000ff\" href=\"https:\/\/pt.calameo.com\/read\/0060920302a697c45b43e\" target=\"_blank\" rel=\"noopener noreferrer\">Link de acesso para leitura online<\/a>.<\/span><\/p>\n<p>&nbsp;<\/p>\n<p>&nbsp;<\/p>\n<p>&nbsp;<\/p>\n<p>&nbsp;<\/p>\n<p><strong>SUM\u00c1RIO<\/strong><\/p>\n<p><strong>QUADRO GIZ\u00a0<\/strong><\/p>\n<p><strong>. <a href=\"https:\/\/wp.ufpel.edu.br\/roquettepinto\/files\/2021\/06\/PROJETO-DE-OFICINAS-DE-VIDEO-EXPERIMENTAL-DISCENTE.pdf\">PROJETO DE OFICINAS DE V\u00cdDEO EXPERIMENTAL DISCENTE<\/a> &#8230;&#8230;. 6<\/strong><br \/>\nJ\u00e9ssica Tha\u00eds Demarchi<\/p>\n<p><strong>. <a href=\"https:\/\/wp.ufpel.edu.br\/roquettepinto\/files\/2021\/06\/ROQUETTE-PINTO-E-A-PRODUCAO-DE.pdf\" target=\"_blank\" rel=\"noopener\">ROQUETTE-PINTO E A PRODU\u00c7\u00c3O DE V\u00cdDEO ESTUDANTIL<\/a> &#8230;&#8230;. 9<\/strong><br \/>\nV\u00e2nia Dalpont<\/p>\n<p><strong>. <a href=\"https:\/\/wp.ufpel.edu.br\/roquettepinto\/files\/2021\/06\/NEUROCIENCIA-E-A-PRODUCAO-DE-VIDEO-ESTUDANTIL.pdf\">NEUROCI\u00caNCIA E A PRODU\u00c7\u00c3O DE V\u00cdDEO ESTUDANTIL<\/a> &#8230;&#8230;. 13<\/strong><br \/>\nJosias Pereira<\/p>\n<p><strong>SALA DOS PROFESSORES<\/strong><\/p>\n<p><strong>. <a href=\"https:\/\/wp.ufpel.edu.br\/roquettepinto\/files\/2021\/06\/A-PRODUCAO-DE-VIDEO-ESTUDANTIL-\u2013-UM-PROCESSO-DE-APRENDIZAGEM-POSSIVEL-E-SURPREENDENTE.pdf\">A PRODU\u00c7\u00c3O DE V\u00cdDEO ESTUDANTIL: UM PROCESSOPOSS\u00cdVEL E SURPREENDENTE<\/a><\/strong><strong>\u00a0&#8230;&#8230;. 22<\/strong><br \/>\nIzabel Cristina dos Santos<\/p>\n<p><strong>. <a href=\"https:\/\/wp.ufpel.edu.br\/roquettepinto\/files\/2021\/06\/DOM-QUIXOTE-DE-LA-MANCHA-OFICINA-DE-CINEMA-JG.pdf\">DOM QUIXOTE DE LA MANCHA OFICINA DE CINEMA JG<\/a> &#8230;&#8230;. 25<\/strong><br \/>\nAndrea Rodrigues<\/p>\n<p><strong>. <a href=\"https:\/\/wp.ufpel.edu.br\/roquettepinto\/files\/2021\/06\/A-PRODUCAO-DE-VIDEO-ESTUDANTIL-NA-SALA-DA-DIVERSIDADE-FERRAMENTAS-PARA-TRANSFORMACAO.pdf\">A PRODU\u00c7\u00c3O DE V\u00cdDEO ESTUDANTIL NA SALA DA DIVERSIDADE. FERRAMENTAS PARA TRANSFORMA\u00c7\u00c3O<\/a><\/strong><strong>\u00a0&#8230;&#8230;. 28<\/strong><br \/>\nIndiara Tainan Passos dos Santos<\/p>\n<p><strong>. <a href=\"https:\/\/wp.ufpel.edu.br\/roquettepinto\/files\/2021\/06\/AULA-DE-ARTES-PARA-ALEM-DO-DESENHO-AUDIOVISUAL-NA-CONSTRUCAO-COLETIVO-COLABORATIVA.pdf\">AULA DE ARTES PARA AL\u00c9M DO DESENHO AUDIOVISUAL NA CONSTRU\u00c7\u00c3O COLETIVO-COLABORATIVA<\/a><\/strong><strong>\u00a0&#8230;&#8230;. 30<\/strong><br \/>\nKarine Ferreira Sanches<\/p>\n<p><strong>. <a href=\"https:\/\/wp.ufpel.edu.br\/roquettepinto\/files\/2021\/06\/E-PRECISO-TRANSVER-O-MUNDO-COMO.pdf\">\u00c9 PRECISO TRANSVER O MUNDO; COMO?<\/a> &#8230;&#8230;. 32<\/strong><br \/>\nT\u00e2nia Cristina Medeiros Cardoso<\/p>\n<p><strong>. <a href=\"https:\/\/wp.ufpel.edu.br\/roquettepinto\/files\/2021\/06\/MEU-PRIMEIRO-FESTIVAL.pdf\">MEU PRIMEIRO FESTIVAL<\/a><\/strong><strong>\u00a0&#8230;&#8230;. 37<\/strong><br \/>\nMarlon Nunes<\/p>\n<p><strong>. <a href=\"https:\/\/wp.ufpel.edu.br\/roquettepinto\/files\/2021\/06\/DO-CORPO-DE-JURADOS-A-CONDUCAO-DE-OFICINAS.pdf\">DO CORPO DE JURADOS \u00c0 CONDU\u00c7\u00c3O DE OFICINAS: CONSIDERA\u00c7\u00d5ES SOBRE A PRODU\u00c7\u00c3O DE V\u00cdDEO ESTUDANTIL AO LONGO DE TR\u00caS ANOS DE EXPERI\u00caNCIA COM O CINEST<\/a> &#8230;&#8230;. 38<\/strong><br \/>\nCamila dos Santos<\/p>\n<p><strong>. <a href=\"https:\/\/wp.ufpel.edu.br\/roquettepinto\/files\/2021\/06\/O-FESTIVAL-SAO-LEO-EM-CINE-E-AMPARADO-POR-LEI-MUNICIPAL.pdf\">O FESTIVAL S\u00c3O L\u00c9O EM CINE \u00c9 AMPARADO POR LEI MUNICIPAL<\/a><\/strong><strong>\u00a0&#8230;&#8230;. 41<\/strong><br \/>\nEliane Candido<\/p>\n<p><strong>RECREIO<\/strong><\/p>\n<p><strong>. <a href=\"https:\/\/wp.ufpel.edu.br\/roquettepinto\/files\/2021\/06\/PRODUCAO-DE-VIDEO-ESTUDANTIL-QUANDO-O-ALUNO-TEM-VOZ.pdf\">PRODU\u00c7\u00c3O DE V\u00cdDEO ESTUDANTIL QUANDO O ALUNO TEM VOZ<\/a> &#8230;&#8230;. 45<\/strong><br \/>\nS\u00e9rgio Renato Furtado Flores<\/p>\n<p><strong>. <a href=\"https:\/\/wp.ufpel.edu.br\/roquettepinto\/files\/2021\/06\/DESENVOLVENDO-VIDEOS-ESTUDANTIS-NA-ESCOLA-RURAL.pdf\">DESENVOLVENDO V\u00cdDEOS ESTUDANTIS NA ESCOLA RURAL<\/a><\/strong><strong>\u00a0&#8230;&#8230;. 50<\/strong><br \/>\nJosiane de Moraes Brignol<\/p>\n<p><strong>. <a href=\"https:\/\/wp.ufpel.edu.br\/roquettepinto\/files\/2021\/06\/A-PRODUCAO-DE-VIDEO-ESTUDANTIL-NA-VISAO-DOS-ALUNOS.pdf\">A PRODU\u00c7\u00c3O DE V\u00cdDEO ESTUDANTIL NA VIS\u00c3O DOS ALUNOS<\/a> &#8230;&#8230;. 53<\/strong><br \/>\nKora Prince<\/p>\n<p><strong>DEVER DE CASA<\/strong><\/p>\n<p><strong>. <a href=\"https:\/\/wp.ufpel.edu.br\/roquettepinto\/files\/2021\/06\/COMO-DEVERIA-SER-UM-FESTIVAL-DE-CINEMA-ESTUDANTIL.pdf\">COMO DEVERIA SER UM FESTIVAL DE CINEMA ESTUDANTIL<\/a><\/strong><strong>\u00a0&#8230;&#8230;. 56<\/strong><br \/>\nMarlon Nunes<\/p>\n<p><strong>. <a href=\"https:\/\/wp.ufpel.edu.br\/roquettepinto\/files\/2021\/06\/VIDEO-ESTUDANTIL-OU-VIDEO-ESCOLAR.pdf\">V\u00cdDEO ESTUDANTIL OU V\u00cdDEO ESCOLAR<\/a> &#8230;&#8230;. 57<\/strong><br \/>\nJosias Pereira<\/p>\n<p>&nbsp;<\/p>\n","protected":false},"excerpt":{"rendered":"<p>A 1\u00aa e 2\u00aa edi\u00e7\u00e3o da revista traz artigos, resenhas e relatos de experi\u00eancia que debatem a produ\u00e7\u00e3o de v\u00eddeo estudantil no Brasil, sob a \u00f3tica de pesquisadores (Mestres, Doutores, P\u00f3s-Doutores), bem como de professores e alunos da Educa\u00e7\u00e3o B\u00e1sica. Download (PDF) da 1\u00aa edi\u00e7\u00e3o. Link de acesso para leitura online. &nbsp; &nbsp; &nbsp; &nbsp;&#8230; <\/p>\n<div class=\"link-more\"><a href=\"https:\/\/wp.ufpel.edu.br\/roquettepinto\/revista-01-roquette-pinto\/\">Leia mais<\/a><\/div>\n","protected":false},"author":578,"featured_media":0,"parent":0,"menu_order":0,"comment_status":"closed","ping_status":"closed","template":"","meta":{"footnotes":""},"class_list":["post-440","page","type-page","status-publish","hentry"],"yoast_head":"<!-- This site is optimized with the Yoast SEO plugin v26.7 - https:\/\/yoast.com\/wordpress\/plugins\/seo\/ -->\n<title>Revista 01 Roquette Pinto - Roquette-Pinto<\/title>\n<meta name=\"robots\" content=\"index, follow, max-snippet:-1, max-image-preview:large, max-video-preview:-1\" \/>\n<link rel=\"canonical\" href=\"https:\/\/wp.ufpel.edu.br\/roquettepinto\/revista-01-roquette-pinto\/\" \/>\n<meta property=\"og:locale\" content=\"pt_BR\" \/>\n<meta property=\"og:type\" content=\"article\" \/>\n<meta property=\"og:title\" content=\"Revista 01 Roquette Pinto - Roquette-Pinto\" \/>\n<meta property=\"og:description\" content=\"A 1\u00aa e 2\u00aa edi\u00e7\u00e3o da revista traz artigos, resenhas e relatos de experi\u00eancia que debatem a produ\u00e7\u00e3o de v\u00eddeo estudantil no Brasil, sob a \u00f3tica de pesquisadores (Mestres, Doutores, P\u00f3s-Doutores), bem como de professores e alunos da Educa\u00e7\u00e3o B\u00e1sica. Download (PDF) da 1\u00aa edi\u00e7\u00e3o. Link de acesso para leitura online. &nbsp; &nbsp; &nbsp; &nbsp;... Leia mais\" \/>\n<meta property=\"og:url\" content=\"https:\/\/wp.ufpel.edu.br\/roquettepinto\/revista-01-roquette-pinto\/\" \/>\n<meta property=\"og:site_name\" content=\"Roquette-Pinto\" \/>\n<meta property=\"article:modified_time\" content=\"2021-06-14T21:27:49+00:00\" \/>\n<meta property=\"og:image\" content=\"https:\/\/wp.ufpel.edu.br\/roquettepinto\/files\/2017\/03\/roquette1.png\" \/>\n<meta name=\"twitter:card\" content=\"summary_large_image\" \/>\n<meta name=\"twitter:label1\" content=\"Est. tempo de leitura\" \/>\n\t<meta name=\"twitter:data1\" content=\"2 minutos\" \/>\n<script type=\"application\/ld+json\" class=\"yoast-schema-graph\">{\"@context\":\"https:\/\/schema.org\",\"@graph\":[{\"@type\":\"WebPage\",\"@id\":\"https:\/\/wp.ufpel.edu.br\/roquettepinto\/revista-01-roquette-pinto\/\",\"url\":\"https:\/\/wp.ufpel.edu.br\/roquettepinto\/revista-01-roquette-pinto\/\",\"name\":\"Revista 01 Roquette Pinto - Roquette-Pinto\",\"isPartOf\":{\"@id\":\"https:\/\/wp.ufpel.edu.br\/roquettepinto\/#website\"},\"primaryImageOfPage\":{\"@id\":\"https:\/\/wp.ufpel.edu.br\/roquettepinto\/revista-01-roquette-pinto\/#primaryimage\"},\"image\":{\"@id\":\"https:\/\/wp.ufpel.edu.br\/roquettepinto\/revista-01-roquette-pinto\/#primaryimage\"},\"thumbnailUrl\":\"https:\/\/wp.ufpel.edu.br\/roquettepinto\/files\/2017\/03\/roquette1.png\",\"datePublished\":\"2021-06-07T22:42:15+00:00\",\"dateModified\":\"2021-06-14T21:27:49+00:00\",\"breadcrumb\":{\"@id\":\"https:\/\/wp.ufpel.edu.br\/roquettepinto\/revista-01-roquette-pinto\/#breadcrumb\"},\"inLanguage\":\"pt-BR\",\"potentialAction\":[{\"@type\":\"ReadAction\",\"target\":[\"https:\/\/wp.ufpel.edu.br\/roquettepinto\/revista-01-roquette-pinto\/\"]}]},{\"@type\":\"ImageObject\",\"inLanguage\":\"pt-BR\",\"@id\":\"https:\/\/wp.ufpel.edu.br\/roquettepinto\/revista-01-roquette-pinto\/#primaryimage\",\"url\":\"https:\/\/wp.ufpel.edu.br\/roquettepinto\/files\/2017\/03\/roquette1.png\",\"contentUrl\":\"https:\/\/wp.ufpel.edu.br\/roquettepinto\/files\/2017\/03\/roquette1.png\",\"width\":395,\"height\":560},{\"@type\":\"BreadcrumbList\",\"@id\":\"https:\/\/wp.ufpel.edu.br\/roquettepinto\/revista-01-roquette-pinto\/#breadcrumb\",\"itemListElement\":[{\"@type\":\"ListItem\",\"position\":1,\"name\":\"In\u00edcio\",\"item\":\"https:\/\/wp.ufpel.edu.br\/roquettepinto\/\"},{\"@type\":\"ListItem\",\"position\":2,\"name\":\"Revista 01 Roquette Pinto\"}]},{\"@type\":\"WebSite\",\"@id\":\"https:\/\/wp.ufpel.edu.br\/roquettepinto\/#website\",\"url\":\"https:\/\/wp.ufpel.edu.br\/roquettepinto\/\",\"name\":\"Roquette-Pinto\",\"description\":\"A Revista do V\u00eddeo Estudantil\",\"potentialAction\":[{\"@type\":\"SearchAction\",\"target\":{\"@type\":\"EntryPoint\",\"urlTemplate\":\"https:\/\/wp.ufpel.edu.br\/roquettepinto\/?s={search_term_string}\"},\"query-input\":{\"@type\":\"PropertyValueSpecification\",\"valueRequired\":true,\"valueName\":\"search_term_string\"}}],\"inLanguage\":\"pt-BR\"}]}<\/script>\n<!-- \/ Yoast SEO plugin. -->","yoast_head_json":{"title":"Revista 01 Roquette Pinto - Roquette-Pinto","robots":{"index":"index","follow":"follow","max-snippet":"max-snippet:-1","max-image-preview":"max-image-preview:large","max-video-preview":"max-video-preview:-1"},"canonical":"https:\/\/wp.ufpel.edu.br\/roquettepinto\/revista-01-roquette-pinto\/","og_locale":"pt_BR","og_type":"article","og_title":"Revista 01 Roquette Pinto - Roquette-Pinto","og_description":"A 1\u00aa e 2\u00aa edi\u00e7\u00e3o da revista traz artigos, resenhas e relatos de experi\u00eancia que debatem a produ\u00e7\u00e3o de v\u00eddeo estudantil no Brasil, sob a \u00f3tica de pesquisadores (Mestres, Doutores, P\u00f3s-Doutores), bem como de professores e alunos da Educa\u00e7\u00e3o B\u00e1sica. Download (PDF) da 1\u00aa edi\u00e7\u00e3o. Link de acesso para leitura online. &nbsp; &nbsp; &nbsp; &nbsp;... Leia mais","og_url":"https:\/\/wp.ufpel.edu.br\/roquettepinto\/revista-01-roquette-pinto\/","og_site_name":"Roquette-Pinto","article_modified_time":"2021-06-14T21:27:49+00:00","og_image":[{"url":"https:\/\/wp.ufpel.edu.br\/roquettepinto\/files\/2017\/03\/roquette1.png","type":"","width":"","height":""}],"twitter_card":"summary_large_image","twitter_misc":{"Est. tempo de leitura":"2 minutos"},"schema":{"@context":"https:\/\/schema.org","@graph":[{"@type":"WebPage","@id":"https:\/\/wp.ufpel.edu.br\/roquettepinto\/revista-01-roquette-pinto\/","url":"https:\/\/wp.ufpel.edu.br\/roquettepinto\/revista-01-roquette-pinto\/","name":"Revista 01 Roquette Pinto - Roquette-Pinto","isPartOf":{"@id":"https:\/\/wp.ufpel.edu.br\/roquettepinto\/#website"},"primaryImageOfPage":{"@id":"https:\/\/wp.ufpel.edu.br\/roquettepinto\/revista-01-roquette-pinto\/#primaryimage"},"image":{"@id":"https:\/\/wp.ufpel.edu.br\/roquettepinto\/revista-01-roquette-pinto\/#primaryimage"},"thumbnailUrl":"https:\/\/wp.ufpel.edu.br\/roquettepinto\/files\/2017\/03\/roquette1.png","datePublished":"2021-06-07T22:42:15+00:00","dateModified":"2021-06-14T21:27:49+00:00","breadcrumb":{"@id":"https:\/\/wp.ufpel.edu.br\/roquettepinto\/revista-01-roquette-pinto\/#breadcrumb"},"inLanguage":"pt-BR","potentialAction":[{"@type":"ReadAction","target":["https:\/\/wp.ufpel.edu.br\/roquettepinto\/revista-01-roquette-pinto\/"]}]},{"@type":"ImageObject","inLanguage":"pt-BR","@id":"https:\/\/wp.ufpel.edu.br\/roquettepinto\/revista-01-roquette-pinto\/#primaryimage","url":"https:\/\/wp.ufpel.edu.br\/roquettepinto\/files\/2017\/03\/roquette1.png","contentUrl":"https:\/\/wp.ufpel.edu.br\/roquettepinto\/files\/2017\/03\/roquette1.png","width":395,"height":560},{"@type":"BreadcrumbList","@id":"https:\/\/wp.ufpel.edu.br\/roquettepinto\/revista-01-roquette-pinto\/#breadcrumb","itemListElement":[{"@type":"ListItem","position":1,"name":"In\u00edcio","item":"https:\/\/wp.ufpel.edu.br\/roquettepinto\/"},{"@type":"ListItem","position":2,"name":"Revista 01 Roquette Pinto"}]},{"@type":"WebSite","@id":"https:\/\/wp.ufpel.edu.br\/roquettepinto\/#website","url":"https:\/\/wp.ufpel.edu.br\/roquettepinto\/","name":"Roquette-Pinto","description":"A Revista do V\u00eddeo Estudantil","potentialAction":[{"@type":"SearchAction","target":{"@type":"EntryPoint","urlTemplate":"https:\/\/wp.ufpel.edu.br\/roquettepinto\/?s={search_term_string}"},"query-input":{"@type":"PropertyValueSpecification","valueRequired":true,"valueName":"search_term_string"}}],"inLanguage":"pt-BR"}]}},"jetpack_sharing_enabled":true,"_links":{"self":[{"href":"https:\/\/wp.ufpel.edu.br\/roquettepinto\/wp-json\/wp\/v2\/pages\/440","targetHints":{"allow":["GET"]}}],"collection":[{"href":"https:\/\/wp.ufpel.edu.br\/roquettepinto\/wp-json\/wp\/v2\/pages"}],"about":[{"href":"https:\/\/wp.ufpel.edu.br\/roquettepinto\/wp-json\/wp\/v2\/types\/page"}],"author":[{"embeddable":true,"href":"https:\/\/wp.ufpel.edu.br\/roquettepinto\/wp-json\/wp\/v2\/users\/578"}],"replies":[{"embeddable":true,"href":"https:\/\/wp.ufpel.edu.br\/roquettepinto\/wp-json\/wp\/v2\/comments?post=440"}],"version-history":[{"count":24,"href":"https:\/\/wp.ufpel.edu.br\/roquettepinto\/wp-json\/wp\/v2\/pages\/440\/revisions"}],"predecessor-version":[{"id":570,"href":"https:\/\/wp.ufpel.edu.br\/roquettepinto\/wp-json\/wp\/v2\/pages\/440\/revisions\/570"}],"wp:attachment":[{"href":"https:\/\/wp.ufpel.edu.br\/roquettepinto\/wp-json\/wp\/v2\/media?parent=440"}],"curies":[{"name":"wp","href":"https:\/\/api.w.org\/{rel}","templated":true}]}}