{"id":237,"date":"2017-04-18T08:00:47","date_gmt":"2017-04-18T11:00:47","guid":{"rendered":"https:\/\/wp.ufpel.edu.br\/roquettepinto\/?page_id=237"},"modified":"2020-06-11T14:50:40","modified_gmt":"2020-06-11T17:50:40","slug":"edicoes-anteriores","status":"publish","type":"page","link":"https:\/\/wp.ufpel.edu.br\/roquettepinto\/edicoes-anteriores\/","title":{"rendered":"Edi\u00e7\u00f5es anteriores"},"content":{"rendered":"<div class=\"entry-content\">\n<p style=\"text-align: justify\">A 3\u00aa edi\u00e7\u00e3o da revista<strong>\u00a0Roquette-Pinto: A revista do v\u00eddeo estudantil<\/strong>\u00a0traz a tem\u00e1tica\u00a0<strong>\u201cDiferentes Olhares da P\u00f3s-Gradua\u00e7\u00e3o sobre a Produ\u00e7\u00e3o de V\u00eddeo Estudantil<\/strong>\u201c. A escolha do t\u00edtulo se deu em raz\u00e3o do importante n\u00famero de submiss\u00f5es de artigos e relatos de pesquisadores de P\u00f3s-Gradua\u00e7\u00e3o. Nesse sentido, percebe-se que a P\u00f3s-Gradua\u00e7\u00e3o est\u00e1 cada vez mais interessada na\u00a0Produ\u00e7\u00e3o de V\u00eddeo Estudantil (PVE) como pr\u00e1tica did\u00e1tica. Assim, tem-se buscado\u00a0unir dois universos: o da academia, por meio de pesquisas de professores e alunos da P\u00f3s-Gradua\u00e7\u00e3o, bem como de professores da Educa\u00e7\u00e3o B\u00e1sica que relatam suas pr\u00e1ticas pedag\u00f3gicas no contexto escolar.<\/p>\n<p>ISSN:\u00a0<strong>2526-6128<\/strong><\/p>\n<p style=\"text-align: center\"><span style=\"color: #0000ff\"><a style=\"color: #0000ff\" href=\"https:\/\/wp.ufpel.edu.br\/roquettepinto\/files\/2017\/03\/Roquette-Pinto_3.pdf\" target=\"_blank\" rel=\"noopener noreferrer\">Download (PDF) da 3\u00aa edi\u00e7\u00e3o.<\/a><\/span><\/p>\n<p style=\"text-align: center\"><span style=\"color: #0000ff\"><a style=\"color: #0000ff\" href=\"https:\/\/pt.calameo.com\/read\/0060920306e2eec26b0f8\" target=\"_blank\" rel=\"noopener noreferrer\">Link de acesso para leitura online.<\/a><\/span><\/p>\n<figure id=\"attachment_304\" aria-describedby=\"caption-attachment-304\" style=\"width: 300px\" class=\"wp-caption aligncenter\"><a href=\"https:\/\/wp.ufpel.edu.br\/roquettepinto\/files\/2020\/02\/roquette3.png\"><img loading=\"lazy\" decoding=\"async\" class=\"wp-image-304\" src=\"https:\/\/wp.ufpel.edu.br\/roquettepinto\/files\/2020\/02\/roquette3.png\" alt=\"\" width=\"300\" height=\"427\" srcset=\"https:\/\/wp.ufpel.edu.br\/roquettepinto\/files\/2020\/02\/roquette3.png 395w, https:\/\/wp.ufpel.edu.br\/roquettepinto\/files\/2020\/02\/roquette3-224x318.png 224w, https:\/\/wp.ufpel.edu.br\/roquettepinto\/files\/2020\/02\/roquette3-112x159.png 112w, https:\/\/wp.ufpel.edu.br\/roquettepinto\/files\/2020\/02\/roquette3-211x300.png 211w\" sizes=\"auto, (max-width: 300px) 100vw, 300px\" \/><\/a><figcaption id=\"caption-attachment-304\" class=\"wp-caption-text\">3\u00aa Edi\u00e7\u00e3o &#8211; FEV\/2020<\/figcaption><\/figure>\n<p>&nbsp;<\/p>\n<p style=\"text-align: justify\">A 1\u00aa e 2\u00aa edi\u00e7\u00e3o da revista traz artigos, resenhas e relatos de experi\u00eancia que debatem a produ\u00e7\u00e3o de v\u00eddeo estudantil no Brasil, sob a \u00f3tica de pesquisadores (Mestres, Doutores, P\u00f3s-Doutores), bem como de professores e alunos da Educa\u00e7\u00e3o B\u00e1sica.<\/p>\n<p>ISSN:\u00a0<strong>2526-6128<\/strong><\/p>\n<p style=\"text-align: center\"><span style=\"color: #0000ff\"><a style=\"color: #0000ff\" href=\"https:\/\/wp.ufpel.edu.br\/roquettepinto\/files\/2017\/03\/Roquette-Pinto_2.pdf\" target=\"_blank\" rel=\"noopener noreferrer\">Download (PDF) da 2\u00aa edi\u00e7\u00e3o<\/a>.<\/span><\/p>\n<p style=\"text-align: center\"><span style=\"color: #0000ff\"><a style=\"color: #0000ff\" href=\"https:\/\/pt.calameo.com\/read\/0060920302a697c45b43e\" target=\"_blank\" rel=\"noopener noreferrer\">Link de acesso para leitura online<\/a>.<\/span><\/p>\n<figure id=\"attachment_294\" class=\"wp-caption aligncenter\" aria-describedby=\"caption-attachment-294\"><a class=\"cboxElement\" title=\"Edi\u00e7\u00e3o Atual\" href=\"https:\/\/wp.ufpel.edu.br\/roquettepinto\/files\/2017\/03\/roquette2.png\" rel=\"lightbox[297]\"><img loading=\"lazy\" decoding=\"async\" class=\"wp-image-294\" src=\"https:\/\/wp.ufpel.edu.br\/roquettepinto\/files\/2017\/03\/roquette2-224x318.png\" alt=\"\" width=\"300\" height=\"400\" \/><\/a><figcaption id=\"caption-attachment-294\" class=\"wp-caption-text\">2\u00aa Edi\u00e7\u00e3o \u2013 Set\/2018<\/figcaption><\/figure>\n<p>&nbsp;<\/p>\n<p style=\"text-align: center\"><span style=\"color: #0000ff\"><a style=\"color: #0000ff\" href=\"https:\/\/wp.ufpel.edu.br\/roquettepinto\/files\/2017\/03\/Roquette-Pinto_1.pdf\" target=\"_blank\" rel=\"noopener noreferrer\">Download (PDF) da 1\u00aa edi\u00e7\u00e3o<\/a>.<\/span><\/p>\n<p style=\"text-align: center\"><span style=\"color: #0000ff\"><a style=\"color: #0000ff\" href=\"https:\/\/pt.calameo.com\/read\/0060920307f2853520d27\" target=\"_blank\" rel=\"noopener noreferrer\">Link de acesso para leitura online<\/a>.<\/span><\/p>\n<figure id=\"attachment_293\" aria-describedby=\"caption-attachment-293\" style=\"width: 300px\" class=\"wp-caption aligncenter\"><a class=\"cboxElement\" title=\"Edi\u00e7\u00e3o Atual\" href=\"https:\/\/wp.ufpel.edu.br\/roquettepinto\/files\/2017\/03\/roquette1.png\" rel=\"lightbox[297]\"><img loading=\"lazy\" decoding=\"async\" class=\"wp-image-293\" src=\"https:\/\/wp.ufpel.edu.br\/roquettepinto\/files\/2017\/03\/roquette1-224x318.png\" alt=\"\" width=\"300\" height=\"400\" \/><\/a><figcaption id=\"caption-attachment-293\" class=\"wp-caption-text\">1\u00aa Edi\u00e7\u00e3o \u2013 Mar\/2017<\/figcaption><\/figure>\n<figure id=\"attachment_293\" class=\"wp-caption aligncenter\" aria-describedby=\"caption-attachment-293\"><figcaption id=\"caption-attachment-293\" class=\"wp-caption-text\"><\/figcaption><\/figure>\n<p style=\"text-align: center\">\n<\/div>\n<p>&nbsp;<\/p>\n","protected":false},"excerpt":{"rendered":"<p>A 3\u00aa edi\u00e7\u00e3o da revista\u00a0Roquette-Pinto: A revista do v\u00eddeo estudantil\u00a0traz a tem\u00e1tica\u00a0\u201cDiferentes Olhares da P\u00f3s-Gradua\u00e7\u00e3o sobre a Produ\u00e7\u00e3o de V\u00eddeo Estudantil\u201c. A escolha do t\u00edtulo se deu em raz\u00e3o do importante n\u00famero de submiss\u00f5es de artigos e relatos de pesquisadores de P\u00f3s-Gradua\u00e7\u00e3o. Nesse sentido, percebe-se que a P\u00f3s-Gradua\u00e7\u00e3o est\u00e1 cada vez mais interessada na\u00a0Produ\u00e7\u00e3o de&#8230; <\/p>\n<div class=\"link-more\"><a href=\"https:\/\/wp.ufpel.edu.br\/roquettepinto\/edicoes-anteriores\/\">Leia mais<\/a><\/div>\n","protected":false},"author":578,"featured_media":0,"parent":0,"menu_order":0,"comment_status":"closed","ping_status":"closed","template":"","meta":{"footnotes":""},"class_list":["post-237","page","type-page","status-publish","hentry"],"yoast_head":"<!-- This site is optimized with the Yoast SEO plugin v26.7 - https:\/\/yoast.com\/wordpress\/plugins\/seo\/ -->\n<title>Edi\u00e7\u00f5es anteriores - Roquette-Pinto<\/title>\n<meta name=\"robots\" content=\"index, follow, max-snippet:-1, max-image-preview:large, max-video-preview:-1\" \/>\n<link rel=\"canonical\" href=\"https:\/\/wp.ufpel.edu.br\/roquettepinto\/edicoes-anteriores\/\" \/>\n<meta property=\"og:locale\" content=\"pt_BR\" \/>\n<meta property=\"og:type\" content=\"article\" \/>\n<meta property=\"og:title\" content=\"Edi\u00e7\u00f5es anteriores - Roquette-Pinto\" \/>\n<meta property=\"og:description\" content=\"A 3\u00aa edi\u00e7\u00e3o da revista\u00a0Roquette-Pinto: A revista do v\u00eddeo estudantil\u00a0traz a tem\u00e1tica\u00a0\u201cDiferentes Olhares da P\u00f3s-Gradua\u00e7\u00e3o sobre a Produ\u00e7\u00e3o de V\u00eddeo Estudantil\u201c. A escolha do t\u00edtulo se deu em raz\u00e3o do importante n\u00famero de submiss\u00f5es de artigos e relatos de pesquisadores de P\u00f3s-Gradua\u00e7\u00e3o. Nesse sentido, percebe-se que a P\u00f3s-Gradua\u00e7\u00e3o est\u00e1 cada vez mais interessada na\u00a0Produ\u00e7\u00e3o de... Leia mais\" \/>\n<meta property=\"og:url\" content=\"https:\/\/wp.ufpel.edu.br\/roquettepinto\/edicoes-anteriores\/\" \/>\n<meta property=\"og:site_name\" content=\"Roquette-Pinto\" \/>\n<meta property=\"article:modified_time\" content=\"2020-06-11T17:50:40+00:00\" \/>\n<meta property=\"og:image\" content=\"https:\/\/wp.ufpel.edu.br\/roquettepinto\/files\/2020\/02\/roquette3.png\" \/>\n<meta name=\"twitter:card\" content=\"summary_large_image\" \/>\n<meta name=\"twitter:label1\" content=\"Est. tempo de leitura\" \/>\n\t<meta name=\"twitter:data1\" content=\"1 minuto\" \/>\n<script type=\"application\/ld+json\" class=\"yoast-schema-graph\">{\"@context\":\"https:\/\/schema.org\",\"@graph\":[{\"@type\":\"WebPage\",\"@id\":\"https:\/\/wp.ufpel.edu.br\/roquettepinto\/edicoes-anteriores\/\",\"url\":\"https:\/\/wp.ufpel.edu.br\/roquettepinto\/edicoes-anteriores\/\",\"name\":\"Edi\u00e7\u00f5es anteriores - Roquette-Pinto\",\"isPartOf\":{\"@id\":\"https:\/\/wp.ufpel.edu.br\/roquettepinto\/#website\"},\"primaryImageOfPage\":{\"@id\":\"https:\/\/wp.ufpel.edu.br\/roquettepinto\/edicoes-anteriores\/#primaryimage\"},\"image\":{\"@id\":\"https:\/\/wp.ufpel.edu.br\/roquettepinto\/edicoes-anteriores\/#primaryimage\"},\"thumbnailUrl\":\"https:\/\/wp.ufpel.edu.br\/roquettepinto\/files\/2020\/02\/roquette3.png\",\"datePublished\":\"2017-04-18T11:00:47+00:00\",\"dateModified\":\"2020-06-11T17:50:40+00:00\",\"breadcrumb\":{\"@id\":\"https:\/\/wp.ufpel.edu.br\/roquettepinto\/edicoes-anteriores\/#breadcrumb\"},\"inLanguage\":\"pt-BR\",\"potentialAction\":[{\"@type\":\"ReadAction\",\"target\":[\"https:\/\/wp.ufpel.edu.br\/roquettepinto\/edicoes-anteriores\/\"]}]},{\"@type\":\"ImageObject\",\"inLanguage\":\"pt-BR\",\"@id\":\"https:\/\/wp.ufpel.edu.br\/roquettepinto\/edicoes-anteriores\/#primaryimage\",\"url\":\"https:\/\/wp.ufpel.edu.br\/roquettepinto\/files\/2020\/02\/roquette3.png\",\"contentUrl\":\"https:\/\/wp.ufpel.edu.br\/roquettepinto\/files\/2020\/02\/roquette3.png\",\"width\":395,\"height\":562},{\"@type\":\"BreadcrumbList\",\"@id\":\"https:\/\/wp.ufpel.edu.br\/roquettepinto\/edicoes-anteriores\/#breadcrumb\",\"itemListElement\":[{\"@type\":\"ListItem\",\"position\":1,\"name\":\"In\u00edcio\",\"item\":\"https:\/\/wp.ufpel.edu.br\/roquettepinto\/\"},{\"@type\":\"ListItem\",\"position\":2,\"name\":\"Edi\u00e7\u00f5es anteriores\"}]},{\"@type\":\"WebSite\",\"@id\":\"https:\/\/wp.ufpel.edu.br\/roquettepinto\/#website\",\"url\":\"https:\/\/wp.ufpel.edu.br\/roquettepinto\/\",\"name\":\"Roquette-Pinto\",\"description\":\"A Revista do V\u00eddeo Estudantil\",\"potentialAction\":[{\"@type\":\"SearchAction\",\"target\":{\"@type\":\"EntryPoint\",\"urlTemplate\":\"https:\/\/wp.ufpel.edu.br\/roquettepinto\/?s={search_term_string}\"},\"query-input\":{\"@type\":\"PropertyValueSpecification\",\"valueRequired\":true,\"valueName\":\"search_term_string\"}}],\"inLanguage\":\"pt-BR\"}]}<\/script>\n<!-- \/ Yoast SEO plugin. -->","yoast_head_json":{"title":"Edi\u00e7\u00f5es anteriores - Roquette-Pinto","robots":{"index":"index","follow":"follow","max-snippet":"max-snippet:-1","max-image-preview":"max-image-preview:large","max-video-preview":"max-video-preview:-1"},"canonical":"https:\/\/wp.ufpel.edu.br\/roquettepinto\/edicoes-anteriores\/","og_locale":"pt_BR","og_type":"article","og_title":"Edi\u00e7\u00f5es anteriores - Roquette-Pinto","og_description":"A 3\u00aa edi\u00e7\u00e3o da revista\u00a0Roquette-Pinto: A revista do v\u00eddeo estudantil\u00a0traz a tem\u00e1tica\u00a0\u201cDiferentes Olhares da P\u00f3s-Gradua\u00e7\u00e3o sobre a Produ\u00e7\u00e3o de V\u00eddeo Estudantil\u201c. A escolha do t\u00edtulo se deu em raz\u00e3o do importante n\u00famero de submiss\u00f5es de artigos e relatos de pesquisadores de P\u00f3s-Gradua\u00e7\u00e3o. Nesse sentido, percebe-se que a P\u00f3s-Gradua\u00e7\u00e3o est\u00e1 cada vez mais interessada na\u00a0Produ\u00e7\u00e3o de... Leia mais","og_url":"https:\/\/wp.ufpel.edu.br\/roquettepinto\/edicoes-anteriores\/","og_site_name":"Roquette-Pinto","article_modified_time":"2020-06-11T17:50:40+00:00","og_image":[{"url":"https:\/\/wp.ufpel.edu.br\/roquettepinto\/files\/2020\/02\/roquette3.png","type":"","width":"","height":""}],"twitter_card":"summary_large_image","twitter_misc":{"Est. tempo de leitura":"1 minuto"},"schema":{"@context":"https:\/\/schema.org","@graph":[{"@type":"WebPage","@id":"https:\/\/wp.ufpel.edu.br\/roquettepinto\/edicoes-anteriores\/","url":"https:\/\/wp.ufpel.edu.br\/roquettepinto\/edicoes-anteriores\/","name":"Edi\u00e7\u00f5es anteriores - Roquette-Pinto","isPartOf":{"@id":"https:\/\/wp.ufpel.edu.br\/roquettepinto\/#website"},"primaryImageOfPage":{"@id":"https:\/\/wp.ufpel.edu.br\/roquettepinto\/edicoes-anteriores\/#primaryimage"},"image":{"@id":"https:\/\/wp.ufpel.edu.br\/roquettepinto\/edicoes-anteriores\/#primaryimage"},"thumbnailUrl":"https:\/\/wp.ufpel.edu.br\/roquettepinto\/files\/2020\/02\/roquette3.png","datePublished":"2017-04-18T11:00:47+00:00","dateModified":"2020-06-11T17:50:40+00:00","breadcrumb":{"@id":"https:\/\/wp.ufpel.edu.br\/roquettepinto\/edicoes-anteriores\/#breadcrumb"},"inLanguage":"pt-BR","potentialAction":[{"@type":"ReadAction","target":["https:\/\/wp.ufpel.edu.br\/roquettepinto\/edicoes-anteriores\/"]}]},{"@type":"ImageObject","inLanguage":"pt-BR","@id":"https:\/\/wp.ufpel.edu.br\/roquettepinto\/edicoes-anteriores\/#primaryimage","url":"https:\/\/wp.ufpel.edu.br\/roquettepinto\/files\/2020\/02\/roquette3.png","contentUrl":"https:\/\/wp.ufpel.edu.br\/roquettepinto\/files\/2020\/02\/roquette3.png","width":395,"height":562},{"@type":"BreadcrumbList","@id":"https:\/\/wp.ufpel.edu.br\/roquettepinto\/edicoes-anteriores\/#breadcrumb","itemListElement":[{"@type":"ListItem","position":1,"name":"In\u00edcio","item":"https:\/\/wp.ufpel.edu.br\/roquettepinto\/"},{"@type":"ListItem","position":2,"name":"Edi\u00e7\u00f5es anteriores"}]},{"@type":"WebSite","@id":"https:\/\/wp.ufpel.edu.br\/roquettepinto\/#website","url":"https:\/\/wp.ufpel.edu.br\/roquettepinto\/","name":"Roquette-Pinto","description":"A Revista do V\u00eddeo Estudantil","potentialAction":[{"@type":"SearchAction","target":{"@type":"EntryPoint","urlTemplate":"https:\/\/wp.ufpel.edu.br\/roquettepinto\/?s={search_term_string}"},"query-input":{"@type":"PropertyValueSpecification","valueRequired":true,"valueName":"search_term_string"}}],"inLanguage":"pt-BR"}]}},"jetpack_sharing_enabled":true,"_links":{"self":[{"href":"https:\/\/wp.ufpel.edu.br\/roquettepinto\/wp-json\/wp\/v2\/pages\/237","targetHints":{"allow":["GET"]}}],"collection":[{"href":"https:\/\/wp.ufpel.edu.br\/roquettepinto\/wp-json\/wp\/v2\/pages"}],"about":[{"href":"https:\/\/wp.ufpel.edu.br\/roquettepinto\/wp-json\/wp\/v2\/types\/page"}],"author":[{"embeddable":true,"href":"https:\/\/wp.ufpel.edu.br\/roquettepinto\/wp-json\/wp\/v2\/users\/578"}],"replies":[{"embeddable":true,"href":"https:\/\/wp.ufpel.edu.br\/roquettepinto\/wp-json\/wp\/v2\/comments?post=237"}],"version-history":[{"count":17,"href":"https:\/\/wp.ufpel.edu.br\/roquettepinto\/wp-json\/wp\/v2\/pages\/237\/revisions"}],"predecessor-version":[{"id":424,"href":"https:\/\/wp.ufpel.edu.br\/roquettepinto\/wp-json\/wp\/v2\/pages\/237\/revisions\/424"}],"wp:attachment":[{"href":"https:\/\/wp.ufpel.edu.br\/roquettepinto\/wp-json\/wp\/v2\/media?parent=237"}],"curies":[{"name":"wp","href":"https:\/\/api.w.org\/{rel}","templated":true}]}}