{"id":2,"date":"2017-03-16T10:55:37","date_gmt":"2017-03-16T13:55:37","guid":{"rendered":"https:\/\/wp.ufpel.edu.br\/roquettepinto\/?page_id=2"},"modified":"2021-06-14T18:40:42","modified_gmt":"2021-06-14T21:40:42","slug":"normas","status":"publish","type":"page","link":"https:\/\/wp.ufpel.edu.br\/roquettepinto\/normas\/","title":{"rendered":"Normas para Publica\u00e7\u00e3o"},"content":{"rendered":"<p style=\"text-align: justify\">A revista <strong>Roquette-Pinto: A revista do v\u00eddeo estudantil<\/strong> recebe artigos, resenhas, entrevistas e relatos de experi\u00eancia de professores e pesquisadores das mais diversas \u00e1reas da Educa\u00e7\u00e3o B\u00e1sica e Superior com, no m\u00e1ximo, 4 (quatro) autores.\u00a0 Cada autor poder\u00e1 publicar apenas um trabalho, por edi\u00e7\u00e3o. A publica\u00e7\u00e3o da revista \u00e9 de <span style=\"color: #333333\"><strong>fluxo cont\u00ednuo<\/strong><\/span>, ou seja, sempre que tiver textos aprovados e revisados para publica\u00e7\u00e3o estar\u00e1 realizando uma nova edi\u00e7\u00e3o.<\/p>\n<p style=\"text-align: justify\"><strong>A submiss\u00e3o de textos segue as seguintes normas:<\/strong><\/p>\n<p style=\"text-align: justify\">1 \u2013 Artigos, Resenhas, Entrevistas e Relatos de Experi\u00eancia sobre produ\u00e7\u00e3o de v\u00eddeo estudantil;<\/p>\n<p style=\"text-align: justify\">2 \u2013\u00a0<strong>C<\/strong>onversa entre professores, resenha, relato sobre o que est\u00e3o fazendo e como est\u00e3o os projetos de v\u00eddeo estudantil na sua escola, destacando como \u00e9 a sua forma pedag\u00f3gica e t\u00e9cnica de trabalhar o v\u00eddeo;<\/p>\n<p style=\"text-align: justify\">3 \u2013 Entrevista com alunos, pode escrever relato de experi\u00eancia com alunos; neste caso o foco \u00e9 o aluno e o que ele pensa e o que e est\u00e1 fazendo. Pode colocar fotos dos v\u00eddeos que est\u00e3o produzindo e comentar sobre o mesmos;<\/p>\n<p style=\"text-align: justify\">4 \u2013 O que n\u00f3s, educadores, estamos lendo, vendo ou com quem estamos conversando sobre a produ\u00e7\u00e3o de v\u00eddeo estudantil? Aqui o texto n\u00e3o precisa ser t\u00e3o te\u00f3rico, mas questionar,\u00a0 falar de um curta estudantil, analisar um\u00a0 site, questionamentos e d\u00favidas no \u00e2mbito produ\u00e7\u00e3o de v\u00eddeo estudantil.<\/p>\n<p style=\"text-align: justify\"><strong>Estrutura do Trabalho<\/strong><\/p>\n<p style=\"text-align: justify\">Os textos submetidos \u00e0 revista pode ser realizado por professores, pesquisadores ou gestores de qualquer \u00e1rea e n\u00edvel escolar.<\/p>\n<p style=\"text-align: justify\"><strong>Artigos<\/strong> devem apresentar as seguintes se\u00e7\u00f5es de forma direta ou indireta quando necess\u00e1rio:<\/p>\n<ol style=\"text-align: justify\">\n<li>T\u00edtulo<\/li>\n<li>Autor (es) \u2013 identifica\u00e7\u00e3o m\u00ednima, tais como nome do autor (es) do texto, contato, institui\u00e7\u00e3o, localiza\u00e7\u00e3o (cidade, estado, pa\u00eds)<\/li>\n<li>Resumo<\/li>\n<li>Palavras-chave<\/li>\n<li>Introdu\u00e7\u00e3o (contextualiza\u00e7\u00e3o, objetivos e relev\u00e2ncia)<\/li>\n<li>Embasamento Te\u00f3rico<\/li>\n<li>Metodologia do Trabalho<\/li>\n<li>An\u00e1lise \u00a0e Discuss\u00e3o dos Dados<\/li>\n<li>Conclus\u00f5es e\/ou Propostas<\/li>\n<li>Refer\u00eancias Bibliogr\u00e1ficas<\/li>\n<\/ol>\n<p style=\"text-align: justify\"><strong>Resenhas e\u00a0<\/strong><strong style=\"font-size: 1.8rem\">Relatos de Experi\u00eancia<\/strong><strong style=\"font-size: 1.8rem\">\u00a0<\/strong><span style=\"font-size: 1.8rem\"> devem mostrar reflex\u00e3o sobre a pr\u00e1tica e s\u00e3o importantes elementos da produ\u00e7\u00e3o do conhecimento, podendo apontar caminhos para estudos sistem\u00e1ticos, de car\u00e1ter explorat\u00f3rio ou n\u00e3o. Para fins de publica\u00e7\u00e3o, tais relatos devem ter car\u00e1ter n\u00e3o apenas descritivo, mas tamb\u00e9m reflexivo.<\/span><\/p>\n<ol style=\"text-align: justify\">\n<li>T\u00edtulo<\/li>\n<li>Autor (es) \u2013 identifica\u00e7\u00e3o m\u00ednima, tais como nome do autor (es) do texto, contato, institui\u00e7\u00e3o, localiza\u00e7\u00e3o (cidade, estado, pa\u00eds)<\/li>\n<li>Resumo<\/li>\n<li>Introdu\u00e7\u00e3o (contextualiza\u00e7\u00e3o, objetivos e relev\u00e2ncia)<\/li>\n<li>Embasamento Te\u00f3rico<\/li>\n<li>Metodologia do Trabalho<\/li>\n<li>Resultados obtidos (quantitativos e\/ou qualitativos)<\/li>\n<li>Conclus\u00f5es e\/ou Propostas<\/li>\n<li>Refer\u00eancias Bibliogr\u00e1ficas<\/li>\n<\/ol>\n<p style=\"text-align: justify\">Os escritos servem como apresenta\u00e7\u00e3o de dados e\/ou espa\u00e7os de reflex\u00e3o, debate, discuss\u00e3o e apresenta\u00e7\u00e3o de d\u00favidas te\u00f3ricas ou pr\u00e1ticas sobre produ\u00e7\u00e3o de v\u00eddeo estudantil. Sugerimos seguir normas da ABNT, tendo o m\u00ednimo de 5 p\u00e1ginas e o m\u00e1ximo de 10 p\u00e1ginas.<\/p>\n<p style=\"text-align: justify\"><strong>Formatos para Entrega<\/strong><\/p>\n<ul style=\"text-align: justify\">\n<li>Os artigos e os relatos de experi\u00eancias devem ser apresentados em formato .doc ou .docx;<\/li>\n<li>O texto deve ser apresentado na seguinte sequ\u00eancia: t\u00edtulo do trabalho, identifica\u00e7\u00e3o, resumo, palavras-chaves, texto do artigo ou relato de experi\u00eancia;<\/li>\n<li>A identifica\u00e7\u00e3o deve indicar autoria (abaixo do t\u00edtulo), filia\u00e7\u00e3o institucional e titula\u00e7\u00e3o em nota de rodap\u00e9. Os dados dos\/as autores\/as ser\u00e3o suprimidos do texto de revis\u00e3o para envio aos pareceristas, garantindo assim a avalia\u00e7\u00e3o cega pelos pares.<\/li>\n<li>Os resumos devem obedecer as seguintes orienta\u00e7\u00f5es:\n<ul>\n<li>t\u00edtulo em negrito \u00a0alinhado \u00e0 esquerda;<\/li>\n<li>Texto abaixo da palavra \u201cResumo\u201d, fonte Times New Roman, tamanho 12;<\/li>\n<li>espa\u00e7amento 1,5;<\/li>\n<li>texto do resumo com 200 a 220 palavras;<\/li>\n<li>logo abaixo do resumo devem ser apresentadas de 3 a 5 palavras-chave;<\/li>\n<li>Os relatos de experi\u00eancia ou artigos devem ter o m\u00ednimo de 5 p\u00e1ginas e o m\u00e1ximo de 10 (formato A4), excluindo as Refer\u00eancias Bibliogr\u00e1ficas, em fonte Times New Roman, tamanho 12, espa\u00e7amento 1,5, margem superior e esquerda de 3cm, margem inferior e direita de 2cm;<\/li>\n<li>Sempre que poss\u00edvel colocar o link do filme ou v\u00eddeo citado se estiver dispon\u00edvel;<\/li>\n<li>As refer\u00eancias bibliogr\u00e1ficas devem ser apresentadas de acordo com as normas da\u00a0<strong>ABNT;<\/strong><\/li>\n<li><strong>N\u00e3o \u00e9 necess\u00e1ria \u00a0a apresenta\u00e7\u00e3o de abstract;<\/strong><\/li>\n<li>A revis\u00e3o ortogr\u00e1fica e mecanogr\u00e1fica dos textos \u00e9 de responsabilidade dos\/as autores\/as, embora os\/as revisores\/as possam apontar ajustes neste sentido com o parecer enviado;<\/li>\n<li>Imagens \u2013 gr\u00e1ficos, tabelas, fotografias, ilustra\u00e7\u00f5es e etc. \u2013 podem ser acrescentados e n\u00e3o ser\u00e3o computados na extens\u00e3o m\u00e1xima do texto. A obten\u00e7\u00e3o dos direitos de imagem e de reprodu\u00e7\u00e3o est\u00e1 a cargo do autor de cada texto. As imagens devem ser enviadas em seus respectivos lugares, inseridas no texto e em arquivos separados, em formato JPG ou equivalente, nomeadas conforme aparecem referenciadas no texto. Exemplo: \u201cFigura1.jpg\u201d. Imagens com problemas de resolu\u00e7\u00e3o n\u00e3o ser\u00e3o publicadas.<\/li>\n<\/ul>\n<\/li>\n<\/ul>\n<p style=\"text-align: justify\"><strong>Como submeter o trabalho a revista?<\/strong><\/p>\n<p style=\"text-align: justify\"><span style=\"font-size: 1.8rem\">A inscri\u00e7\u00e3o, bem como o envio do arquivo, deve ser realizada por meio do formul\u00e1rio &#8211;<\/span><a style=\"background-color: #ffffff;font-size: 1.8rem\" href=\"https:\/\/docs.google.com\/forms\/d\/e\/1FAIpQLSdtvMaamhm_pdp9Iz7_uLg-cwnzcrLw-_ibZNtcbfncWINGag\/viewform?usp=sf_link\"><span style=\"color: #0000ff\"><strong>\u00a0Inscri\u00e7\u00e3o na revista Roquette-Pinto<\/strong><\/span>.<\/a><\/p>\n<p style=\"text-align: justify\">Sobre o arquivo:<\/p>\n<ul style=\"text-align: justify\">\n<li>deve ser no formato<strong> .doc <\/strong>ou<strong> .docx<\/strong>;<\/li>\n<li><strong>o arquivo deve ser nomeado com o t\u00edtulo do trabalho<\/strong>;<\/li>\n<li><strong>o arquivo<\/strong> deve conter t\u00edtulo do trabalho, nome do autor (es), titula\u00e7\u00e3o, v\u00ednculo profissional \u00a0(cidade\/estado), e-mail, e estar de acordo com as normas para artigo ou relato de experi\u00eancias, apresentadas acima.<\/li>\n<\/ul>\n<p style=\"text-align: justify\">Os autores dos trabalhos (recomendados ou n\u00e3o) ser\u00e3o contatados pela Comiss\u00e3o Editorial da revista, ap\u00f3s a an\u00e1lise de pareceristas.<\/p>\n<p>Qualquer d\u00favida ou contratempo entre em contato pelo email &lt;<span style=\"color: #0000ff\">labpveufpel@gmail.com<\/span>&gt;.<\/p>\n<p style=\"text-align: justify\"><strong>Pol\u00edtica de Privacidade<\/strong><\/p>\n<p style=\"text-align: justify\">Os nomes e endere\u00e7os informados nesta revista ser\u00e3o usados exclusivamente para os servi\u00e7os prestados por esta publica\u00e7\u00e3o, n\u00e3o sendo disponibilizados para outras finalidades.<\/p>\n<p style=\"text-align: justify\">Todos os trabalhos publicados nesta revista ser\u00e3o licenciados segundo a <em>Creative Commons<\/em>.<\/p>\n<p style=\"text-align: justify\">Este trabalho est\u00e1 licenciado com uma Licen\u00e7a\u00a0<a href=\"http:\/\/creativecommons.org\/licenses\/by-nc\/4.0\/\">Creative Commons \u2013 Atribui\u00e7\u00e3o-N\u00e3o Comercial 4.0 Internacional<\/a>.<\/p>\n<p>&nbsp;<\/p>\n<p>&nbsp;<\/p>\n","protected":false},"excerpt":{"rendered":"<p>A revista Roquette-Pinto: A revista do v\u00eddeo estudantil recebe artigos, resenhas, entrevistas e relatos de experi\u00eancia de professores e pesquisadores das mais diversas \u00e1reas da Educa\u00e7\u00e3o B\u00e1sica e Superior com, no m\u00e1ximo, 4 (quatro) autores.\u00a0 Cada autor poder\u00e1 publicar apenas um trabalho, por edi\u00e7\u00e3o. A publica\u00e7\u00e3o da revista \u00e9 de fluxo cont\u00ednuo, ou seja, sempre&#8230; <\/p>\n<div class=\"link-more\"><a href=\"https:\/\/wp.ufpel.edu.br\/roquettepinto\/normas\/\">Leia mais<\/a><\/div>\n","protected":false},"author":578,"featured_media":0,"parent":0,"menu_order":0,"comment_status":"closed","ping_status":"closed","template":"","meta":{"footnotes":""},"class_list":["post-2","page","type-page","status-publish","hentry"],"yoast_head":"<!-- This site is optimized with the Yoast SEO plugin v26.7 - https:\/\/yoast.com\/wordpress\/plugins\/seo\/ -->\n<title>Normas para Publica\u00e7\u00e3o - Roquette-Pinto<\/title>\n<meta name=\"robots\" content=\"index, follow, max-snippet:-1, max-image-preview:large, max-video-preview:-1\" \/>\n<link rel=\"canonical\" href=\"https:\/\/wp.ufpel.edu.br\/roquettepinto\/normas\/\" \/>\n<meta property=\"og:locale\" content=\"pt_BR\" \/>\n<meta property=\"og:type\" content=\"article\" \/>\n<meta property=\"og:title\" content=\"Normas para Publica\u00e7\u00e3o - Roquette-Pinto\" \/>\n<meta property=\"og:description\" content=\"A revista Roquette-Pinto: A revista do v\u00eddeo estudantil recebe artigos, resenhas, entrevistas e relatos de experi\u00eancia de professores e pesquisadores das mais diversas \u00e1reas da Educa\u00e7\u00e3o B\u00e1sica e Superior com, no m\u00e1ximo, 4 (quatro) autores.\u00a0 Cada autor poder\u00e1 publicar apenas um trabalho, por edi\u00e7\u00e3o. A publica\u00e7\u00e3o da revista \u00e9 de fluxo cont\u00ednuo, ou seja, sempre... Leia mais\" \/>\n<meta property=\"og:url\" content=\"https:\/\/wp.ufpel.edu.br\/roquettepinto\/normas\/\" \/>\n<meta property=\"og:site_name\" content=\"Roquette-Pinto\" \/>\n<meta property=\"article:modified_time\" content=\"2021-06-14T21:40:42+00:00\" \/>\n<meta name=\"twitter:card\" content=\"summary_large_image\" \/>\n<meta name=\"twitter:label1\" content=\"Est. tempo de leitura\" \/>\n\t<meta name=\"twitter:data1\" content=\"5 minutos\" \/>\n<script type=\"application\/ld+json\" class=\"yoast-schema-graph\">{\"@context\":\"https:\/\/schema.org\",\"@graph\":[{\"@type\":\"WebPage\",\"@id\":\"https:\/\/wp.ufpel.edu.br\/roquettepinto\/normas\/\",\"url\":\"https:\/\/wp.ufpel.edu.br\/roquettepinto\/normas\/\",\"name\":\"Normas para Publica\u00e7\u00e3o - Roquette-Pinto\",\"isPartOf\":{\"@id\":\"https:\/\/wp.ufpel.edu.br\/roquettepinto\/#website\"},\"datePublished\":\"2017-03-16T13:55:37+00:00\",\"dateModified\":\"2021-06-14T21:40:42+00:00\",\"breadcrumb\":{\"@id\":\"https:\/\/wp.ufpel.edu.br\/roquettepinto\/normas\/#breadcrumb\"},\"inLanguage\":\"pt-BR\",\"potentialAction\":[{\"@type\":\"ReadAction\",\"target\":[\"https:\/\/wp.ufpel.edu.br\/roquettepinto\/normas\/\"]}]},{\"@type\":\"BreadcrumbList\",\"@id\":\"https:\/\/wp.ufpel.edu.br\/roquettepinto\/normas\/#breadcrumb\",\"itemListElement\":[{\"@type\":\"ListItem\",\"position\":1,\"name\":\"In\u00edcio\",\"item\":\"https:\/\/wp.ufpel.edu.br\/roquettepinto\/\"},{\"@type\":\"ListItem\",\"position\":2,\"name\":\"Normas para Publica\u00e7\u00e3o\"}]},{\"@type\":\"WebSite\",\"@id\":\"https:\/\/wp.ufpel.edu.br\/roquettepinto\/#website\",\"url\":\"https:\/\/wp.ufpel.edu.br\/roquettepinto\/\",\"name\":\"Roquette-Pinto\",\"description\":\"A Revista do V\u00eddeo Estudantil\",\"potentialAction\":[{\"@type\":\"SearchAction\",\"target\":{\"@type\":\"EntryPoint\",\"urlTemplate\":\"https:\/\/wp.ufpel.edu.br\/roquettepinto\/?s={search_term_string}\"},\"query-input\":{\"@type\":\"PropertyValueSpecification\",\"valueRequired\":true,\"valueName\":\"search_term_string\"}}],\"inLanguage\":\"pt-BR\"}]}<\/script>\n<!-- \/ Yoast SEO plugin. -->","yoast_head_json":{"title":"Normas para Publica\u00e7\u00e3o - Roquette-Pinto","robots":{"index":"index","follow":"follow","max-snippet":"max-snippet:-1","max-image-preview":"max-image-preview:large","max-video-preview":"max-video-preview:-1"},"canonical":"https:\/\/wp.ufpel.edu.br\/roquettepinto\/normas\/","og_locale":"pt_BR","og_type":"article","og_title":"Normas para Publica\u00e7\u00e3o - Roquette-Pinto","og_description":"A revista Roquette-Pinto: A revista do v\u00eddeo estudantil recebe artigos, resenhas, entrevistas e relatos de experi\u00eancia de professores e pesquisadores das mais diversas \u00e1reas da Educa\u00e7\u00e3o B\u00e1sica e Superior com, no m\u00e1ximo, 4 (quatro) autores.\u00a0 Cada autor poder\u00e1 publicar apenas um trabalho, por edi\u00e7\u00e3o. A publica\u00e7\u00e3o da revista \u00e9 de fluxo cont\u00ednuo, ou seja, sempre... Leia mais","og_url":"https:\/\/wp.ufpel.edu.br\/roquettepinto\/normas\/","og_site_name":"Roquette-Pinto","article_modified_time":"2021-06-14T21:40:42+00:00","twitter_card":"summary_large_image","twitter_misc":{"Est. tempo de leitura":"5 minutos"},"schema":{"@context":"https:\/\/schema.org","@graph":[{"@type":"WebPage","@id":"https:\/\/wp.ufpel.edu.br\/roquettepinto\/normas\/","url":"https:\/\/wp.ufpel.edu.br\/roquettepinto\/normas\/","name":"Normas para Publica\u00e7\u00e3o - Roquette-Pinto","isPartOf":{"@id":"https:\/\/wp.ufpel.edu.br\/roquettepinto\/#website"},"datePublished":"2017-03-16T13:55:37+00:00","dateModified":"2021-06-14T21:40:42+00:00","breadcrumb":{"@id":"https:\/\/wp.ufpel.edu.br\/roquettepinto\/normas\/#breadcrumb"},"inLanguage":"pt-BR","potentialAction":[{"@type":"ReadAction","target":["https:\/\/wp.ufpel.edu.br\/roquettepinto\/normas\/"]}]},{"@type":"BreadcrumbList","@id":"https:\/\/wp.ufpel.edu.br\/roquettepinto\/normas\/#breadcrumb","itemListElement":[{"@type":"ListItem","position":1,"name":"In\u00edcio","item":"https:\/\/wp.ufpel.edu.br\/roquettepinto\/"},{"@type":"ListItem","position":2,"name":"Normas para Publica\u00e7\u00e3o"}]},{"@type":"WebSite","@id":"https:\/\/wp.ufpel.edu.br\/roquettepinto\/#website","url":"https:\/\/wp.ufpel.edu.br\/roquettepinto\/","name":"Roquette-Pinto","description":"A Revista do V\u00eddeo Estudantil","potentialAction":[{"@type":"SearchAction","target":{"@type":"EntryPoint","urlTemplate":"https:\/\/wp.ufpel.edu.br\/roquettepinto\/?s={search_term_string}"},"query-input":{"@type":"PropertyValueSpecification","valueRequired":true,"valueName":"search_term_string"}}],"inLanguage":"pt-BR"}]}},"jetpack_sharing_enabled":true,"_links":{"self":[{"href":"https:\/\/wp.ufpel.edu.br\/roquettepinto\/wp-json\/wp\/v2\/pages\/2","targetHints":{"allow":["GET"]}}],"collection":[{"href":"https:\/\/wp.ufpel.edu.br\/roquettepinto\/wp-json\/wp\/v2\/pages"}],"about":[{"href":"https:\/\/wp.ufpel.edu.br\/roquettepinto\/wp-json\/wp\/v2\/types\/page"}],"author":[{"embeddable":true,"href":"https:\/\/wp.ufpel.edu.br\/roquettepinto\/wp-json\/wp\/v2\/users\/578"}],"replies":[{"embeddable":true,"href":"https:\/\/wp.ufpel.edu.br\/roquettepinto\/wp-json\/wp\/v2\/comments?post=2"}],"version-history":[{"count":16,"href":"https:\/\/wp.ufpel.edu.br\/roquettepinto\/wp-json\/wp\/v2\/pages\/2\/revisions"}],"predecessor-version":[{"id":435,"href":"https:\/\/wp.ufpel.edu.br\/roquettepinto\/wp-json\/wp\/v2\/pages\/2\/revisions\/435"}],"wp:attachment":[{"href":"https:\/\/wp.ufpel.edu.br\/roquettepinto\/wp-json\/wp\/v2\/media?parent=2"}],"curies":[{"name":"wp","href":"https:\/\/api.w.org\/{rel}","templated":true}]}}