{"id":142,"date":"2017-03-31T15:09:02","date_gmt":"2017-03-31T18:09:02","guid":{"rendered":"https:\/\/wp.ufpel.edu.br\/roquettepinto\/?page_id=142"},"modified":"2020-02-05T15:31:49","modified_gmt":"2020-02-05T18:31:49","slug":"expediente","status":"publish","type":"page","link":"https:\/\/wp.ufpel.edu.br\/roquettepinto\/expediente\/","title":{"rendered":"Expediente"},"content":{"rendered":"<p><strong>Editores<\/strong>:<br \/>\nProf. Dr. Josias Pereira \u2013 UFPel<br \/>\nProf\u00aa. Dra. Rozane da Silveira Alves \u2013 UFPel<br \/>\nProf\u00aa Me. Viviane Lino<br \/>\nProf\u00aa Ma. Eliane Candido<br \/>\nProf\u00aa Maria Jeane Candido<br \/>\nRog\u00e9rio Peres &#8211; Rubra Cinematogr\u00e1fca<\/p>\n<p><strong>COMISS\u00c3O CIENT\u00cdFICA<\/strong><\/p>\n<p style=\"margin: 0cm;margin-bottom: .0001pt\"><span style=\"font-family: 'Georgia','serif';color: #333333;background: white\">Dra. Cristina Vermelho<br \/>\nDr. Eduardo Portanova Barros<br \/>\nDra. Lourdes Helena Rodrigues dos Santos<\/span><\/p>\n<p style=\"margin: 0cm;margin-bottom: .0001pt\"><span style=\"font-family: 'Georgia','serif';color: #333333;background: white\">Me. Vagner Vargas<br \/>\nME. Daniela Pedra Mattos<br \/>\nMe. Marcus Tavares<\/span><\/p>\n<p><strong>Produtores da Revista<br \/>\n<\/strong><\/p>\n<p>Rita Martins Vilela;<\/p>\n<p>Maickol Bessa Dilelio;<\/p>\n<p>V\u00e2nia Dal Pont<\/p>\n<p><b><span lang=\"EN\">Diagrama\u00e7\u00e3o e Capa &#8211;<\/span><\/b><span lang=\"EN\"> Rog\u00e9rio Peres e Eliane Candido<\/span><\/p>\n<p><span class=\"text\"><b>Institui\u00e7\u00e3o respons\u00e1vel pela publica\u00e7\u00e3o<\/b><\/span><\/p>\n<p><span class=\"text\"> &#8211; Editora Rubra Cognitiva<\/span><\/p>\n<p><strong>Institui\u00e7\u00e3o respons\u00e1vel pela publica\u00e7\u00e3o<\/strong><\/p>\n<p style=\"margin: 0cm;margin-bottom: .0001pt\"><span style=\"font-family: 'Georgia','serif';color: #333333;background: white\">Universidade Federal de Pelotas<\/span><\/p>\n<p style=\"margin: 0cm;margin-bottom: .0001pt\"><span style=\"font-family: 'Georgia','serif';color: #333333;background: white\">Curso de gradua\u00e7\u00e3o &#8211; Cinema e Audiovisual<\/span><\/p>\n<p style=\"margin: 0cm;margin-bottom: .0001pt\"><span style=\"font-family: 'Georgia','serif';color: #333333;background: white\">Curso de P\u00f3s-Gradua\u00e7\u00e3o &#8211; Educa\u00e7\u00e3o Matem\u00e1tica<\/span><\/p>\n<p style=\"margin: 0cm;margin-bottom: .0001pt\"><span style=\"font-family: 'Georgia','serif';color: #333333;background: white\">Endere\u00e7o: Cel. Alberto Rosa, 62 &#8211; Centro, Pelotas &#8211; RS, 96010-770<\/span><\/p>\n<p>A revista aceita trabalhos no idioma Portugu\u00eas.<\/p>\n<p>A submiss\u00e3o de trabalhos <span style=\"font-size: 1.8rem\">\u00e9 de fluxo cont\u00ednuo, tanto para<\/span><span style=\"font-size: 1.8rem\"> artigos como para<\/span><span style=\"font-size: 1.8rem\"> relatos de experi\u00eancia.\u00a0<\/span><\/p>\n<div class=\"ui--toggle-content\"><\/div>\n","protected":false},"excerpt":{"rendered":"<p>Editores: Prof. Dr. Josias Pereira \u2013 UFPel Prof\u00aa. Dra. Rozane da Silveira Alves \u2013 UFPel Prof\u00aa Me. Viviane Lino Prof\u00aa Ma. Eliane Candido Prof\u00aa Maria Jeane Candido Rog\u00e9rio Peres &#8211; Rubra Cinematogr\u00e1fca COMISS\u00c3O CIENT\u00cdFICA Dra. Cristina Vermelho Dr. Eduardo Portanova Barros Dra. Lourdes Helena Rodrigues dos Santos Me. Vagner Vargas ME. Daniela Pedra Mattos Me&#8230;. <\/p>\n<div class=\"link-more\"><a href=\"https:\/\/wp.ufpel.edu.br\/roquettepinto\/expediente\/\">Leia mais<\/a><\/div>\n","protected":false},"author":578,"featured_media":0,"parent":0,"menu_order":0,"comment_status":"closed","ping_status":"closed","template":"","meta":{"footnotes":""},"class_list":["post-142","page","type-page","status-publish","hentry"],"yoast_head":"<!-- This site is optimized with the Yoast SEO plugin v26.7 - https:\/\/yoast.com\/wordpress\/plugins\/seo\/ -->\n<title>Expediente - Roquette-Pinto<\/title>\n<meta name=\"robots\" content=\"index, follow, max-snippet:-1, max-image-preview:large, max-video-preview:-1\" \/>\n<link rel=\"canonical\" href=\"https:\/\/wp.ufpel.edu.br\/roquettepinto\/expediente\/\" \/>\n<meta property=\"og:locale\" content=\"pt_BR\" \/>\n<meta property=\"og:type\" content=\"article\" \/>\n<meta property=\"og:title\" content=\"Expediente - Roquette-Pinto\" \/>\n<meta property=\"og:description\" content=\"Editores: Prof. Dr. Josias Pereira \u2013 UFPel Prof\u00aa. Dra. Rozane da Silveira Alves \u2013 UFPel Prof\u00aa Me. Viviane Lino Prof\u00aa Ma. Eliane Candido Prof\u00aa Maria Jeane Candido Rog\u00e9rio Peres &#8211; Rubra Cinematogr\u00e1fca COMISS\u00c3O CIENT\u00cdFICA Dra. Cristina Vermelho Dr. Eduardo Portanova Barros Dra. Lourdes Helena Rodrigues dos Santos Me. Vagner Vargas ME. Daniela Pedra Mattos Me.... Leia mais\" \/>\n<meta property=\"og:url\" content=\"https:\/\/wp.ufpel.edu.br\/roquettepinto\/expediente\/\" \/>\n<meta property=\"og:site_name\" content=\"Roquette-Pinto\" \/>\n<meta property=\"article:modified_time\" content=\"2020-02-05T18:31:49+00:00\" \/>\n<meta name=\"twitter:card\" content=\"summary_large_image\" \/>\n<meta name=\"twitter:label1\" content=\"Est. tempo de leitura\" \/>\n\t<meta name=\"twitter:data1\" content=\"1 minuto\" \/>\n<script type=\"application\/ld+json\" class=\"yoast-schema-graph\">{\"@context\":\"https:\/\/schema.org\",\"@graph\":[{\"@type\":\"WebPage\",\"@id\":\"https:\/\/wp.ufpel.edu.br\/roquettepinto\/expediente\/\",\"url\":\"https:\/\/wp.ufpel.edu.br\/roquettepinto\/expediente\/\",\"name\":\"Expediente - Roquette-Pinto\",\"isPartOf\":{\"@id\":\"https:\/\/wp.ufpel.edu.br\/roquettepinto\/#website\"},\"datePublished\":\"2017-03-31T18:09:02+00:00\",\"dateModified\":\"2020-02-05T18:31:49+00:00\",\"breadcrumb\":{\"@id\":\"https:\/\/wp.ufpel.edu.br\/roquettepinto\/expediente\/#breadcrumb\"},\"inLanguage\":\"pt-BR\",\"potentialAction\":[{\"@type\":\"ReadAction\",\"target\":[\"https:\/\/wp.ufpel.edu.br\/roquettepinto\/expediente\/\"]}]},{\"@type\":\"BreadcrumbList\",\"@id\":\"https:\/\/wp.ufpel.edu.br\/roquettepinto\/expediente\/#breadcrumb\",\"itemListElement\":[{\"@type\":\"ListItem\",\"position\":1,\"name\":\"In\u00edcio\",\"item\":\"https:\/\/wp.ufpel.edu.br\/roquettepinto\/\"},{\"@type\":\"ListItem\",\"position\":2,\"name\":\"Expediente\"}]},{\"@type\":\"WebSite\",\"@id\":\"https:\/\/wp.ufpel.edu.br\/roquettepinto\/#website\",\"url\":\"https:\/\/wp.ufpel.edu.br\/roquettepinto\/\",\"name\":\"Roquette-Pinto\",\"description\":\"A Revista do V\u00eddeo Estudantil\",\"potentialAction\":[{\"@type\":\"SearchAction\",\"target\":{\"@type\":\"EntryPoint\",\"urlTemplate\":\"https:\/\/wp.ufpel.edu.br\/roquettepinto\/?s={search_term_string}\"},\"query-input\":{\"@type\":\"PropertyValueSpecification\",\"valueRequired\":true,\"valueName\":\"search_term_string\"}}],\"inLanguage\":\"pt-BR\"}]}<\/script>\n<!-- \/ Yoast SEO plugin. -->","yoast_head_json":{"title":"Expediente - Roquette-Pinto","robots":{"index":"index","follow":"follow","max-snippet":"max-snippet:-1","max-image-preview":"max-image-preview:large","max-video-preview":"max-video-preview:-1"},"canonical":"https:\/\/wp.ufpel.edu.br\/roquettepinto\/expediente\/","og_locale":"pt_BR","og_type":"article","og_title":"Expediente - Roquette-Pinto","og_description":"Editores: Prof. Dr. Josias Pereira \u2013 UFPel Prof\u00aa. Dra. Rozane da Silveira Alves \u2013 UFPel Prof\u00aa Me. Viviane Lino Prof\u00aa Ma. Eliane Candido Prof\u00aa Maria Jeane Candido Rog\u00e9rio Peres &#8211; Rubra Cinematogr\u00e1fca COMISS\u00c3O CIENT\u00cdFICA Dra. Cristina Vermelho Dr. Eduardo Portanova Barros Dra. Lourdes Helena Rodrigues dos Santos Me. Vagner Vargas ME. Daniela Pedra Mattos Me.... Leia mais","og_url":"https:\/\/wp.ufpel.edu.br\/roquettepinto\/expediente\/","og_site_name":"Roquette-Pinto","article_modified_time":"2020-02-05T18:31:49+00:00","twitter_card":"summary_large_image","twitter_misc":{"Est. tempo de leitura":"1 minuto"},"schema":{"@context":"https:\/\/schema.org","@graph":[{"@type":"WebPage","@id":"https:\/\/wp.ufpel.edu.br\/roquettepinto\/expediente\/","url":"https:\/\/wp.ufpel.edu.br\/roquettepinto\/expediente\/","name":"Expediente - Roquette-Pinto","isPartOf":{"@id":"https:\/\/wp.ufpel.edu.br\/roquettepinto\/#website"},"datePublished":"2017-03-31T18:09:02+00:00","dateModified":"2020-02-05T18:31:49+00:00","breadcrumb":{"@id":"https:\/\/wp.ufpel.edu.br\/roquettepinto\/expediente\/#breadcrumb"},"inLanguage":"pt-BR","potentialAction":[{"@type":"ReadAction","target":["https:\/\/wp.ufpel.edu.br\/roquettepinto\/expediente\/"]}]},{"@type":"BreadcrumbList","@id":"https:\/\/wp.ufpel.edu.br\/roquettepinto\/expediente\/#breadcrumb","itemListElement":[{"@type":"ListItem","position":1,"name":"In\u00edcio","item":"https:\/\/wp.ufpel.edu.br\/roquettepinto\/"},{"@type":"ListItem","position":2,"name":"Expediente"}]},{"@type":"WebSite","@id":"https:\/\/wp.ufpel.edu.br\/roquettepinto\/#website","url":"https:\/\/wp.ufpel.edu.br\/roquettepinto\/","name":"Roquette-Pinto","description":"A Revista do V\u00eddeo Estudantil","potentialAction":[{"@type":"SearchAction","target":{"@type":"EntryPoint","urlTemplate":"https:\/\/wp.ufpel.edu.br\/roquettepinto\/?s={search_term_string}"},"query-input":{"@type":"PropertyValueSpecification","valueRequired":true,"valueName":"search_term_string"}}],"inLanguage":"pt-BR"}]}},"jetpack_sharing_enabled":true,"_links":{"self":[{"href":"https:\/\/wp.ufpel.edu.br\/roquettepinto\/wp-json\/wp\/v2\/pages\/142","targetHints":{"allow":["GET"]}}],"collection":[{"href":"https:\/\/wp.ufpel.edu.br\/roquettepinto\/wp-json\/wp\/v2\/pages"}],"about":[{"href":"https:\/\/wp.ufpel.edu.br\/roquettepinto\/wp-json\/wp\/v2\/types\/page"}],"author":[{"embeddable":true,"href":"https:\/\/wp.ufpel.edu.br\/roquettepinto\/wp-json\/wp\/v2\/users\/578"}],"replies":[{"embeddable":true,"href":"https:\/\/wp.ufpel.edu.br\/roquettepinto\/wp-json\/wp\/v2\/comments?post=142"}],"version-history":[{"count":11,"href":"https:\/\/wp.ufpel.edu.br\/roquettepinto\/wp-json\/wp\/v2\/pages\/142\/revisions"}],"predecessor-version":[{"id":309,"href":"https:\/\/wp.ufpel.edu.br\/roquettepinto\/wp-json\/wp\/v2\/pages\/142\/revisions\/309"}],"wp:attachment":[{"href":"https:\/\/wp.ufpel.edu.br\/roquettepinto\/wp-json\/wp\/v2\/media?parent=142"}],"curies":[{"name":"wp","href":"https:\/\/api.w.org\/{rel}","templated":true}]}}