{"id":31,"date":"2015-12-11T10:38:54","date_gmt":"2015-12-11T12:38:54","guid":{"rendered":"https:\/\/wp.ufpel.edu.br\/rodrigofernandez\/?page_id=31"},"modified":"2025-04-12T10:03:01","modified_gmt":"2025-04-12T13:03:01","slug":"inicio","status":"publish","type":"page","link":"https:\/\/wp.ufpel.edu.br\/rodrigofernandez\/","title":{"rendered":"In\u00edcio"},"content":{"rendered":"<p style=\"text-align: justify;\" align=\"justify\">Este \u00e9 meu site pessoal. Sou professor Associado do curso de Ci\u00eancias Econ\u00f4micas da Universidade Federal de Pelotas. Adicionalmente atuo como docente no Programa de P\u00f3s-Gradua\u00e7\u00e3o em Organiza\u00e7\u00f5es e Mercados, mestrado e doutorado em economia aplicada. Na gradua\u00e7\u00e3o e na p\u00f3s ministro disciplinas do campo da Economia Matem\u00e1tica e Microeconomia (Organiza\u00e7\u00e3o Industrial).\u00a0 Meus temas interesse na pesquisa s\u00e3o: Parcerias P\u00fablico-Privadas, Concess\u00f5es, Contratos, Regula\u00e7\u00e3o, Infraestrutura e Econometria Aplicada.<\/p>\n","protected":false},"excerpt":{"rendered":"<p>Este \u00e9 meu site pessoal. Sou professor Associado do curso de Ci\u00eancias Econ\u00f4micas da Universidade Federal de Pelotas. Adicionalmente atuo como docente no Programa de P\u00f3s-Gradua\u00e7\u00e3o em Organiza\u00e7\u00f5es e Mercados, mestrado e doutorado em economia aplicada. Na gradua\u00e7\u00e3o e na p\u00f3s ministro disciplinas do campo da Economia Matem\u00e1tica e Microeconomia (Organiza\u00e7\u00e3o Industrial).\u00a0 Meus temas interesse [&hellip;]<\/p>\n","protected":false},"author":602,"featured_media":0,"parent":0,"menu_order":0,"comment_status":"closed","ping_status":"closed","template":"","meta":{"footnotes":""},"class_list":["post-31","page","type-page","status-publish","hentry"],"_links":{"self":[{"href":"https:\/\/wp.ufpel.edu.br\/rodrigofernandez\/wp-json\/wp\/v2\/pages\/31","targetHints":{"allow":["GET"]}}],"collection":[{"href":"https:\/\/wp.ufpel.edu.br\/rodrigofernandez\/wp-json\/wp\/v2\/pages"}],"about":[{"href":"https:\/\/wp.ufpel.edu.br\/rodrigofernandez\/wp-json\/wp\/v2\/types\/page"}],"author":[{"embeddable":true,"href":"https:\/\/wp.ufpel.edu.br\/rodrigofernandez\/wp-json\/wp\/v2\/users\/602"}],"replies":[{"embeddable":true,"href":"https:\/\/wp.ufpel.edu.br\/rodrigofernandez\/wp-json\/wp\/v2\/comments?post=31"}],"version-history":[{"count":3,"href":"https:\/\/wp.ufpel.edu.br\/rodrigofernandez\/wp-json\/wp\/v2\/pages\/31\/revisions"}],"predecessor-version":[{"id":231,"href":"https:\/\/wp.ufpel.edu.br\/rodrigofernandez\/wp-json\/wp\/v2\/pages\/31\/revisions\/231"}],"wp:attachment":[{"href":"https:\/\/wp.ufpel.edu.br\/rodrigofernandez\/wp-json\/wp\/v2\/media?parent=31"}],"curies":[{"name":"wp","href":"https:\/\/api.w.org\/{rel}","templated":true}]}}