{"id":80,"date":"2022-02-08T11:09:33","date_gmt":"2022-02-08T14:09:33","guid":{"rendered":"https:\/\/wp.ufpel.edu.br\/rodrigocantu\/?page_id=80"},"modified":"2025-05-16T14:41:19","modified_gmt":"2025-05-16T17:41:19","slug":"projetos","status":"publish","type":"page","link":"https:\/\/wp.ufpel.edu.br\/rodrigocantu\/projetos\/","title":{"rendered":"Projetos"},"content":{"rendered":"<p>Neste espa\u00e7o, voc\u00ea encontra a lista de projetos de pesquisa e extens\u00e3o em andamento, nos quais o Prof. Rodrigo Cantu \u00e9 coordenador ou participante.<\/p>\n<p><strong>Projetos em execu\u00e7\u00e3o:<\/strong><\/p>\n<p><a href=\"https:\/\/institucional.ufpel.edu.br\/projetos\/id\/u6752\">A onda conservadora e as clivagens empresariais no Brasil<\/a><\/p>\n<p><a href=\"https:\/\/institucional.ufpel.edu.br\/projetos\/id\/u7978\">World Elite Database &#8211; Perfil das Elites Econ\u00f4micas do Brasil<\/a> (Para o projeto global, ver <a href=\"https:\/\/worldelitedatabase.org\/\">https:\/\/worldelitedatabase.org\/<\/a>)<\/p>\n<p><strong>Projetos encerrados:<\/strong><\/p>\n<p>Projeto de pesquisa: <strong><a href=\"https:\/\/institucional.ufpel.edu.br\/projetos\/id\/u5139\">As origens das variedades fiscais na Am\u00e9rica Latina: uma sociologia hist\u00f3rica das finan\u00e7as p\u00fablicas<\/a>. <\/strong>Projeto financiado pelo edital Fapergs Pesquisador Ga\u00facho, vig\u00eancia 2022 &#8211; 2025.<\/p>\n<p>Projeto de extens\u00e3o: <strong><a href=\"https:\/\/institucional.ufpel.edu.br\/projetos\/id\/u3764\">Blog do Labemus<\/a>. <\/strong>O <a href=\"https:\/\/blogdolabemus.com\/\">blog<\/a> (e seu <a href=\"https:\/\/www.youtube.com\/channel\/UC9ZpO5_sFGd4Sv-HFI2TmLw\">canal no YouTube<\/a>) \u00e9 um portal de divulga\u00e7\u00e3o e debate das ci\u00eancias humanas e sociais.<\/p>\n","protected":false},"excerpt":{"rendered":"<p>Neste espa\u00e7o, voc\u00ea encontra a lista de projetos de pesquisa e extens\u00e3o em andamento, nos quais o Prof. Rodrigo Cantu \u00e9 coordenador ou participante. Projetos em execu\u00e7\u00e3o: A onda conservadora e as clivagens empresariais no Brasil World Elite Database &#8211; Perfil das Elites Econ\u00f4micas do Brasil (Para o projeto global, ver https:\/\/worldelitedatabase.org\/) Projetos encerrados: Projeto [&hellip;]<\/p>\n","protected":false},"author":1216,"featured_media":0,"parent":0,"menu_order":5,"comment_status":"closed","ping_status":"closed","template":"","meta":{"footnotes":""},"class_list":["post-80","page","type-page","status-publish","hentry"],"_links":{"self":[{"href":"https:\/\/wp.ufpel.edu.br\/rodrigocantu\/wp-json\/wp\/v2\/pages\/80","targetHints":{"allow":["GET"]}}],"collection":[{"href":"https:\/\/wp.ufpel.edu.br\/rodrigocantu\/wp-json\/wp\/v2\/pages"}],"about":[{"href":"https:\/\/wp.ufpel.edu.br\/rodrigocantu\/wp-json\/wp\/v2\/types\/page"}],"author":[{"embeddable":true,"href":"https:\/\/wp.ufpel.edu.br\/rodrigocantu\/wp-json\/wp\/v2\/users\/1216"}],"replies":[{"embeddable":true,"href":"https:\/\/wp.ufpel.edu.br\/rodrigocantu\/wp-json\/wp\/v2\/comments?post=80"}],"version-history":[{"count":3,"href":"https:\/\/wp.ufpel.edu.br\/rodrigocantu\/wp-json\/wp\/v2\/pages\/80\/revisions"}],"predecessor-version":[{"id":131,"href":"https:\/\/wp.ufpel.edu.br\/rodrigocantu\/wp-json\/wp\/v2\/pages\/80\/revisions\/131"}],"wp:attachment":[{"href":"https:\/\/wp.ufpel.edu.br\/rodrigocantu\/wp-json\/wp\/v2\/media?parent=80"}],"curies":[{"name":"wp","href":"https:\/\/api.w.org\/{rel}","templated":true}]}}