{"id":22,"date":"2022-02-07T15:31:17","date_gmt":"2022-02-07T18:31:17","guid":{"rendered":"https:\/\/wp.ufpel.edu.br\/rodrigocantu\/?page_id=22"},"modified":"2022-02-07T15:57:17","modified_gmt":"2022-02-07T18:57:17","slug":"lefee-laboratorio-de-estudos-sociais-das-financas-estado-e-economia","status":"publish","type":"page","link":"https:\/\/wp.ufpel.edu.br\/rodrigocantu\/lefee-laboratorio-de-estudos-sociais-das-financas-estado-e-economia\/","title":{"rendered":"LEFEE"},"content":{"rendered":"<p>O Prof. Rodrigo Cantu \u00e9 o l\u00edder do grupo de pesquisas <a href=\"http:\/\/dgp.cnpq.br\/dgp\/espelhogrupo\/3707920884035981\">LEFEE &#8211; Laborat\u00f3rio de estudos sociais das finan\u00e7as, estado e economia<\/a>. O grupo tem o objetivo de promover a discuss\u00e3o sobre sociologia econ\u00f4mica, sociologia fiscal, estado de bem-estar, financeiriza\u00e7\u00e3o, capitalismo e ideias econ\u00f4micas. Novidades sobre as atividades do grupo s\u00e3o noticiadas na p\u00e1gina principal.<\/p>\n","protected":false},"excerpt":{"rendered":"<p>O Prof. Rodrigo Cantu \u00e9 o l\u00edder do grupo de pesquisas LEFEE &#8211; Laborat\u00f3rio de estudos sociais das finan\u00e7as, estado e economia. O grupo tem o objetivo de promover a discuss\u00e3o sobre sociologia econ\u00f4mica, sociologia fiscal, estado de bem-estar, financeiriza\u00e7\u00e3o, capitalismo e ideias econ\u00f4micas. Novidades sobre as atividades do grupo s\u00e3o noticiadas na p\u00e1gina principal.<\/p>\n","protected":false},"author":1216,"featured_media":0,"parent":0,"menu_order":4,"comment_status":"closed","ping_status":"closed","template":"","meta":{"footnotes":""},"class_list":["post-22","page","type-page","status-publish","hentry"],"_links":{"self":[{"href":"https:\/\/wp.ufpel.edu.br\/rodrigocantu\/wp-json\/wp\/v2\/pages\/22","targetHints":{"allow":["GET"]}}],"collection":[{"href":"https:\/\/wp.ufpel.edu.br\/rodrigocantu\/wp-json\/wp\/v2\/pages"}],"about":[{"href":"https:\/\/wp.ufpel.edu.br\/rodrigocantu\/wp-json\/wp\/v2\/types\/page"}],"author":[{"embeddable":true,"href":"https:\/\/wp.ufpel.edu.br\/rodrigocantu\/wp-json\/wp\/v2\/users\/1216"}],"replies":[{"embeddable":true,"href":"https:\/\/wp.ufpel.edu.br\/rodrigocantu\/wp-json\/wp\/v2\/comments?post=22"}],"version-history":[{"count":4,"href":"https:\/\/wp.ufpel.edu.br\/rodrigocantu\/wp-json\/wp\/v2\/pages\/22\/revisions"}],"predecessor-version":[{"id":47,"href":"https:\/\/wp.ufpel.edu.br\/rodrigocantu\/wp-json\/wp\/v2\/pages\/22\/revisions\/47"}],"wp:attachment":[{"href":"https:\/\/wp.ufpel.edu.br\/rodrigocantu\/wp-json\/wp\/v2\/media?parent=22"}],"curies":[{"name":"wp","href":"https:\/\/api.w.org\/{rel}","templated":true}]}}