{"id":19,"date":"2022-02-07T15:16:00","date_gmt":"2022-02-07T18:16:00","guid":{"rendered":"https:\/\/wp.ufpel.edu.br\/rodrigocantu\/?page_id=19"},"modified":"2022-06-17T18:36:54","modified_gmt":"2022-06-17T21:36:54","slug":"orientacoes","status":"publish","type":"page","link":"https:\/\/wp.ufpel.edu.br\/rodrigocantu\/orientacoes\/","title":{"rendered":"Orienta\u00e7\u00f5es"},"content":{"rendered":"<p>O Prof. Rodrigo Cantu orienta trabalhos de conclus\u00e3o nos n\u00edveis de gradua\u00e7\u00e3o e p\u00f3s-gradua\u00e7\u00e3o (no <a href=\"https:\/\/wp.ufpel.edu.br\/ppgs\/\">Programa em P\u00f3s-Gradua\u00e7\u00e3o em Sociologia da UFPel<\/a>). Abaixo, voc\u00ea encontra uma lista de suas \u00e1reas de interesse para orienta\u00e7\u00e3o, seguidas de sugest\u00f5es bibliogr\u00e1ficas para estimular a reda\u00e7\u00e3o de projetos de pesquisa dos estudantes:<\/p>\n<p>&nbsp;<\/p>\n<p><strong>\u00a0&#8211; SOCIOLOGIA ECON\u00d4MICA: abordagem sociol\u00f3gica de fen\u00f4menos econ\u00f4micos, constru\u00e7\u00e3o de mercados, pol\u00edtica das arenas econ\u00f4micas<br \/>\n<\/strong><\/p>\n<p><a href=\"https:\/\/www.scielo.br\/j\/ts\/a\/dvSxLM8hKX5dKCQzK6xtQbq\/?lang=pt\">SWEDBERG, Richard. Sociologia econ\u00f4mica: hoje e amanh\u00e3. <em>Tempo Social<\/em>, v. 16, p. 7-34, 2004<\/a>.<\/p>\n<p><a href=\"https:\/\/rbs.sbsociologia.com.br\/index.php\/rbs\/article\/download\/836\/386\">NIEDERLE, Paulo Andr\u00e9; DOS SANTOS, Rodrigo Salles Pereira; MONTEIRO, Cristiano Fonseca. Interpreta\u00e7\u00f5es institucionalistas sobre as transforma\u00e7\u00f5es dos capitalismos brasileiros: da pretens\u00e3o neodesenvolvimentista \u00e0 preda\u00e7\u00e3o. <em>Revista Brasileira de Sociologia-RBS<\/em>, v. 9, n. 22, p. 9-44, 2021<\/a>.<\/p>\n<p>&nbsp;<\/p>\n<p><strong>&#8211; SOCIOLOGIA FISCAL E FORMA\u00c7\u00c3O DO ESTADO: Constru\u00e7\u00e3o hist\u00f3rica das finan\u00e7as p\u00fablicas, disputas sociopol\u00edticas expressas no or\u00e7amento, efeitos distributivos da tributa\u00e7\u00e3o e despesa<br \/>\n<\/strong><\/p>\n<p><a href=\"https:\/\/www.academia.edu\/50306558\/Crises_e_trajet%C3%B3rias_fiscais_dos_estados_latino_americanos\">CANTU, R.; HONORIO, K.; CUEVAS, B. Crises e trajet\u00f3rias fiscais dos estados latino-americanos. Anais do 20\u00ba Congresso Brasileiro de Sociologia, 2021<\/a>.<\/p>\n<p><a href=\"https:\/\/www.academia.edu\/39816035\/Ensaios_sobre_as_transforma%C3%A7%C3%B5es_das_finan%C3%A7as_p%C3%BAblicas_brasileiras\">CANTU, Rodrigo. Ensaios sobre as transforma\u00e7\u00f5es das finan\u00e7as p\u00fablicas brasileiras. 2016. 177 f. Tese (Doutorado em Sociologia) &#8211; Instituto de Estudos Sociais e Pol\u00edticos, Universidade do Estado do Rio de Janeiro, Rio de Janeiro, 2016<\/a>.<\/p>\n<p><a href=\"https:\/\/repositorio.uam.es\/bitstream\/handle\/10486\/678494\/RI_5_8.pdf?sequence=1\">TILLY, Charles. Guerra y construcci\u00f3n del estado como crimen organizado. <em>Relaciones Internacionales<\/em>, n. 5, p. 1-26, 2007<\/a>. <a href=\"https:\/\/revista.an.gov.br\/index.php\/revistaacervo\/article\/view\/319\/319\">CORR\u00caA, Maria Let\u00edcia; MARTINS, Maria Fernanda Vieira. Para uma leitura te\u00f3rica da historiografia sobre a forma\u00e7\u00e3o do Estado no Brasil. <em>Acervo<\/em>, v. 25, n. 2, p. 17-30, 2012.<\/a><\/p>\n<p>&nbsp;<\/p>\n<p><strong>&#8211; REGIMES DE PROTE\u00c7\u00c3O SOCIAL: compara\u00e7\u00e3o internacional entre modelos de pol\u00edtica social, suas origens e consequ\u00eancias sociais e pol\u00edticas<\/strong><\/p>\n<p><a href=\"https:\/\/www.scielo.br\/j\/se\/a\/HqQhmQVBbw4RxcR9D6fmVxg\/?lang=pt\">CANTU, Rodrigo. Depois das reformas: os regimes de prote\u00e7\u00e3o social latino-americanos na d\u00e9cada de 2000. <em>Revista de Sociologia e Pol\u00edtica<\/em>, v. 23, n. 56, p. 45-73, 2015<\/a>.<\/p>\n<p><a href=\"https:\/\/www.researchgate.net\/publication\/324805251_KERSTENETZKY_Celia_-_O_Estado_do_Bem-Estar_Social_na_Idade_da_Razao_2012\">KERSTENETZKY, Celia. <em>O estado do bem-estar social na era da raz\u00e3o<\/em>. Rio de Janeiro: Elsevier, 2012<\/a>.<\/p>\n<p><a href=\"https:\/\/www.scielo.br\/j\/ln\/a\/99DPRg4vVqLrQ4XbpBRHc5H\/?lang=pt\">ESPING-ANDERSEN, Gosta. As tr\u00eas economias pol\u00edticas do Welfare State. <em>Lua Nova<\/em>, n. 24, p. 85-116, 1991<\/a>.<\/p>\n<p>&nbsp;<\/p>\n<p><strong>&#8211; FINANCEIRIZA\u00c7\u00c3O: ascen\u00e7\u00e3o da l\u00f3gica financeira em diferentes n\u00edveis: macroecon\u00f4mico, no mundo corporativo e no mundo vivido<\/strong><\/p>\n<p><a href=\"https:\/\/www.scielo.br\/j\/ecos\/i\/2017.v26nspe\/\"><em>Economia e Sociedade<\/em>, Volume: 26, 2017, N\u00famero Especial: Financeiriza\u00e7\u00e3o<\/a>.<\/p>\n<p><a href=\"https:\/\/edisciplinas.usp.br\/pluginfile.php\/4854794\/mod_resource\/content\/0\/ZWAN%2C%20N.%20v.%20d%20%282014%29.%20Making%20sense%20of%20Financialization.pdf\">VAN DER ZWAN, Natascha. Making sense of financialization. <em>Socio-economic review<\/em>, v. 12, n. 1, p. 99-129, 2014<\/a>.<\/p>\n<p><a href=\"https:\/\/www.scielo.br\/j\/ts\/a\/yffZxfPTbCwrgC9FPjrdy3C\/?format=pdf&amp;lang=pt\">GR\u00dcN, Roberto. A domina\u00e7\u00e3o financeira no Brasil contempor\u00e2neo. <em>Tempo social,<\/em> v. 25, n. 1, p. 179-213, 2013<\/a>.<\/p>\n<p>&nbsp;<\/p>\n<p><strong>&#8211; VARIEDADES DE CAPITALISMO E SISTEMA-MUNDO CAPITALISTA: as bases institucionais do capitalismo em perspectiva comparada e as din\u00e2micas da rela\u00e7\u00e3o centro-periferia no capitalismo global<br \/>\n<\/strong><\/p>\n<p><a href=\"https:\/\/wp.ufpel.edu.br\/rodrigocantu\/files\/2022\/02\/hall_soskice_2006_variedades-del-capitalismo.pdf\">HALL, P.; SOSKICE, D. Variedades de capitalismo: Algunos aspectos fundamentales. Desarrollo Econ\u00f3mico. vol.45, n.180, pp.573-590, 2006<\/a>.<\/p>\n<p><a href=\"https:\/\/www.scielo.br\/j\/dados\/a\/K5pRcpLpVX8yPT6JmHdCqdS\/?format=html&amp;lang=pt\">DELGADO, Ignacio Godinho et al. Cen\u00e1rios da diversidade: variedades de capitalismo e pol\u00edtica industrial nos EUA, Alemanha, Espanha, Coreia, Argentina, M\u00e9xico e Brasil (1998-2008). <em>Dados<\/em>, v. 53, p. 959-1008, 2010<\/a>.<\/p>\n<p><a href=\"https:\/\/edisciplinas.usp.br\/pluginfile.php\/5294717\/mod_resource\/content\/1\/ARRIGHI%2C%20Giovanni.%20O%20longo%20s%C3%A9culo%20XX%20dinheiro%2C%20poder%20e%20as%20origens%20do%20nosso%20tempo.%20Rio%20de%20Janeiro%20Contraponto%3B%20S%C3%A3o%20Paulo%20Editora%20Unesp%2C%201996.%20Cap%C3%ADtulo%20%E2%80%9CAs%20tr%C3%AAs%20hegemonias%20do%20capitalismo%20hist%C3%B3rico%2C%20pp.%2027-86%20.pdf\" target=\"_blank\" rel=\"noopener\">ARRIGHI, Giovanni. <em>O longo s\u00e9culo XX: dinheiro, poder e as origens do nosso tempo<\/em>. Rio de Janeiro: Contraponto, 1996.<\/a><\/p>\n<p><span lang=\"EN-US\"><span lang=\"PT-BR\"><a href=\"https:\/\/e-aula.ufpel.edu.br\/pluginfile.php\/820516\/course\/section\/91105\/El%20ascenso%20y%20futura%20decadencia%20del%20sistema-mundo%20capitalista.pdf\">WALLERSTEIN, Immanuel. El ascenso y futura decadencia del sistema-mundo capitalista: conceptos para un an\u00e1lisis comparativo. In: <em>Capitalismo hist\u00f3rico y movimientos antisist\u00e9micos<\/em>. Akal, Madrid, pp. 85-114, 2004 (1972)<\/a>.<\/span><\/span><\/p>\n<p><a href=\"https:\/\/periodicos.ufes.br\/simbiotica\/article\/view\/36813\/24079\">CANTU, Rodrigo. A crise da Covid-19 e o sistema mundo: perspectivas sobre epidemias na hist\u00f3ria e desigualdades globais. <em>Simbi\u00f3tica<\/em>, v. 8, p. 81-102, 2021<\/a>.<\/p>\n<p>&nbsp;<\/p>\n<p><strong>&#8211; SOCIOLOGIA DOS ECONOMISTAS: forma\u00e7\u00e3o e transforma\u00e7\u00f5es da comunidade dos economistas, disputas entre ortodoxia e heterodoxia e papel das ideias econ\u00f4micas na din\u00e2mica capitalista<br \/>\n<\/strong><\/p>\n<p><a href=\"https:\/\/bibanpocs.emnuvens.com.br\/revista\/article\/view\/361\">KL\u00dcGER, Elisa. As sociologias da ci\u00eancia econ\u00f4mica. <em>BIB-Revista Brasileira de Informa\u00e7\u00e3o Bibliogr\u00e1fica em Ci\u00eancias Sociais<\/em>, n. 72, p. 101-116, 2011<\/a>.<\/p>\n<p><a href=\"https:\/\/periodicos.ufpel.edu.br\/ojs2\/index.php\/NORUS\/article\/viewFile\/21940\/13984\">CANTU, Rodrigo. Os valores da intransig\u00eancia: premissas normativas e controv\u00e9rsias econ\u00f4micas no Brasil. <em>NORUS &#8211; Novos Rumos Sociol\u00f3gicos<\/em>, v. 9, n. 16, p. 12-51, 2021<\/a>.<\/p>\n<p><a href=\"https:\/\/www.scielo.br\/j\/rsocp\/a\/vDH5jfjYvGVF7yzmwFQWJGv\/?lang=pt\">PERISSINOTTO, Renato; STUMM, Michelli Gon\u00e7alves. A virada ideacional: quando e como ideias importam. <em>Revista de Sociologia e Pol\u00edtica<\/em>, v. 25, p. 121-148, 2017<\/a>.<\/p>\n","protected":false},"excerpt":{"rendered":"<p>O Prof. Rodrigo Cantu orienta trabalhos de conclus\u00e3o nos n\u00edveis de gradua\u00e7\u00e3o e p\u00f3s-gradua\u00e7\u00e3o (no Programa em P\u00f3s-Gradua\u00e7\u00e3o em Sociologia da UFPel). Abaixo, voc\u00ea encontra uma lista de suas \u00e1reas de interesse para orienta\u00e7\u00e3o, seguidas de sugest\u00f5es bibliogr\u00e1ficas para estimular a reda\u00e7\u00e3o de projetos de pesquisa dos estudantes: &nbsp; \u00a0&#8211; SOCIOLOGIA ECON\u00d4MICA: abordagem sociol\u00f3gica de [&hellip;]<\/p>\n","protected":false},"author":1216,"featured_media":0,"parent":0,"menu_order":2,"comment_status":"closed","ping_status":"closed","template":"","meta":{"footnotes":""},"class_list":["post-19","page","type-page","status-publish","hentry"],"_links":{"self":[{"href":"https:\/\/wp.ufpel.edu.br\/rodrigocantu\/wp-json\/wp\/v2\/pages\/19","targetHints":{"allow":["GET"]}}],"collection":[{"href":"https:\/\/wp.ufpel.edu.br\/rodrigocantu\/wp-json\/wp\/v2\/pages"}],"about":[{"href":"https:\/\/wp.ufpel.edu.br\/rodrigocantu\/wp-json\/wp\/v2\/types\/page"}],"author":[{"embeddable":true,"href":"https:\/\/wp.ufpel.edu.br\/rodrigocantu\/wp-json\/wp\/v2\/users\/1216"}],"replies":[{"embeddable":true,"href":"https:\/\/wp.ufpel.edu.br\/rodrigocantu\/wp-json\/wp\/v2\/comments?post=19"}],"version-history":[{"count":9,"href":"https:\/\/wp.ufpel.edu.br\/rodrigocantu\/wp-json\/wp\/v2\/pages\/19\/revisions"}],"predecessor-version":[{"id":90,"href":"https:\/\/wp.ufpel.edu.br\/rodrigocantu\/wp-json\/wp\/v2\/pages\/19\/revisions\/90"}],"wp:attachment":[{"href":"https:\/\/wp.ufpel.edu.br\/rodrigocantu\/wp-json\/wp\/v2\/media?parent=19"}],"curies":[{"name":"wp","href":"https:\/\/api.w.org\/{rel}","templated":true}]}}