{"id":941,"date":"2020-04-08T09:42:17","date_gmt":"2020-04-08T12:42:17","guid":{"rendered":"https:\/\/wp.ufpel.edu.br\/ri\/?page_id=941"},"modified":"2024-07-27T16:18:05","modified_gmt":"2024-07-27T19:18:05","slug":"revistas-cientificas","status":"publish","type":"page","link":"https:\/\/wp.ufpel.edu.br\/ri\/links-uteis\/revistas-cientificas\/","title":{"rendered":"Sele\u00e7\u00e3o de revistas cient\u00edficas na \u00e1rea de RI"},"content":{"rendered":"<h4 style=\"text-align: center;\"><span style=\"color: #808080;\"><strong>Revistas cient\u00edficas nacionais<\/strong><\/span><\/h4>\n<div>\n<hr \/>\n<\/div>\n<ul>\n<li class=\"gmail_default\">Revista Brasileira de Pol\u00edtica Internacional &#8211; RBPI (IBRI)<\/li>\n<\/ul>\n<div><span style=\"color: #0000ff;\"><a style=\"color: #0000ff;\" href=\"http:\/\/www.scielo.br\/scielo.php?script=sci_serial&amp;pid=0034-7329&amp;lng=en&amp;nrm=iso\">http:\/\/www.scielo.br\/scielo.php?script=sci_serial&amp;pid=0034-7329&amp;lng=en&amp;nrm=iso<\/a><\/span><\/div>\n<div>\n<hr \/>\n<\/div>\n<ul>\n<li class=\"gmail_default\">Contexto Internacional (PUC Rio)<\/li>\n<\/ul>\n<div><span style=\"color: #0000ff;\"><a style=\"color: #0000ff;\" href=\"http:\/\/www.scielo.br\/scielo.php?script=sci_serial&amp;pid=0102-8529\">http:\/\/www.scielo.br\/scielo.php?script=sci_serial&amp;pid=0102-8529<\/a><\/span><\/div>\n<div>\n<hr \/>\n<\/div>\n<ul>\n<li>Carta Internacional (ABRI)<\/li>\n<\/ul>\n<div><span style=\"color: #0000ff;\"><a style=\"color: #0000ff;\" href=\"https:\/\/cartainternacional.abri.org.br\">https:\/\/cartainternacional.abri.org.br<\/a><\/span><\/div>\n<div>\n<hr \/>\n<\/div>\n<ul>\n<li class=\"gmail_default\">Conjuntura Internacional (PUC Minas)<\/li>\n<\/ul>\n<div><span style=\"color: #0000ff;\"><a style=\"color: #0000ff;\" href=\"http:\/\/periodicos.pucminas.br\/index.php\/conjuntura\">http:\/\/periodicos.pucminas.br\/index.php\/conjuntura<\/a><\/span><\/div>\n<div>\n<hr \/>\n<\/div>\n<ul>\n<li class=\"gmail_default\">Estudos Internacionais: Revista de Rela\u00e7\u00f5es Internacionais (UEPB)<\/li>\n<\/ul>\n<p><span style=\"color: #0000ff;\"><a style=\"color: #0000ff;\" href=\"http:\/\/www.revistadeestudosinternacionais.com\/uepb\/index.php\/rei\">http:\/\/www.revistadeestudosinternacionais.com\/uepb\/index.php\/rei<\/a><\/span><\/p>\n<div>\n<hr \/>\n<\/div>\n<ul>\n<li class=\"gmail_default\">Revista Estudos Internacionais (PUC Minas)<\/li>\n<\/ul>\n<p><span style=\"color: #0000ff;\"><a style=\"color: #0000ff;\" href=\"http:\/\/periodicos.pucminas.br\/index.php\/estudosinternacionais\/index\">http:\/\/periodicos.pucminas.br\/index.php\/estudosinternacionais\/index<\/a><\/span><\/p>\n<div>\n<hr \/>\n<\/div>\n<ul>\n<li class=\"gmail_default\">Revista Conjuntura Austral (UFRGS)<\/li>\n<\/ul>\n<div><span style=\"color: #0000ff;\"><a style=\"color: #0000ff;\" href=\"https:\/\/seer.ufrgs.br\/ConjunturaAustral\">https:\/\/seer.ufrgs.br\/ConjunturaAustral<\/a><\/span><\/div>\n<div class=\"gmail_default\">\n<hr \/>\n<\/div>\n<ul>\n<li class=\"gmail_default\">Meridiano 47 (UnB)<\/li>\n<\/ul>\n<div><span style=\"color: #0000ff;\"><a style=\"color: #0000ff;\" href=\"http:\/\/periodicos.unb.br\/index.php\/MED\/index\">http:\/\/periodicos.unb.br\/index.php\/MED\/index<\/a><\/span><\/div>\n<div>\n<hr \/>\n<\/div>\n<ul>\n<li class=\"gmail_default\">Revista Mural Internacional (UERJ)<\/li>\n<\/ul>\n<p><span style=\"color: #0000ff;\"><a style=\"color: #0000ff;\" href=\"https:\/\/www.e-publicacoes.uerj.br\/index.php\/muralinternacional\/index\">https:\/\/www.e-publicacoes.uerj.br\/index.php\/muralinternacional\/index<\/a><\/span><\/p>\n<div>\n<hr \/>\n<\/div>\n<ul>\n<li class=\"gmail_default\">Revista Mon\u00e7\u00f5es (UFGD)<\/li>\n<\/ul>\n<p><span style=\"color: #0000ff;\"><a style=\"color: #0000ff;\" href=\"http:\/\/ojs.ufgd.edu.br\/index.php\/moncoes\/index\">http:\/\/ojs.ufgd.edu.br\/index.php\/moncoes\/index<\/a><\/span><\/p>\n<div>\n<hr \/>\n<\/div>\n<ul>\n<li class=\"gmail_default\">Revista Sul-Americana de Ci\u00eancia Pol\u00edtica (UFPel)<\/li>\n<\/ul>\n<p><span style=\"color: #0000ff;\"><a style=\"color: #0000ff;\" href=\"https:\/\/periodicos.ufpel.edu.br\/ojs2\/index.php\/rsulacp\">https:\/\/periodicos.ufpel.edu.br\/ojs2\/index.php\/rsulacp<\/a><\/span><\/p>\n<hr \/>\n<ul>\n<li><span style=\"font-weight: 400;\">Revista Intellector (CENEGRI)<\/span><\/li>\n<\/ul>\n<p><span style=\"color: #0000ff;\"><a style=\"color: #0000ff;\" href=\"http:\/\/www.revistaintellector.cenegri.org.br\">www.revistaintellector.cenegri.org.br<\/a><\/span><\/p>\n<div class=\"gmail_default\">\n<hr \/>\n<h4 style=\"text-align: center;\"><span style=\"color: #808080;\"><strong>Revistas cient\u00edficas nacionais que publicam artigos discentes<\/strong><\/span><\/h4>\n<hr \/>\n<\/div>\n<ul>\n<li class=\"gmail_default\">Revista de Inicia\u00e7\u00e3o Cient\u00edfica em Rela\u00e7\u00f5es Internacionais (UFPB)<\/li>\n<\/ul>\n<div><span style=\"color: #0000ff;\"><a style=\"color: #0000ff;\" href=\"https:\/\/periodicos.ufpb.br\/ojs\/index.php\/ricri\/index\">https:\/\/periodicos.ufpb.br\/ojs\/index.php\/ricri\/index<\/a><\/span><\/div>\n<div>\n<hr \/>\n<\/div>\n<ul>\n<li class=\"v1elementToProof\">Revista Hoplos (Universidade Federal Fluminense)<\/li>\n<\/ul>\n<p class=\"v1elementToProof\"><span style=\"color: #0000ff;\"><a id=\"v1LPNoLPOWALinkPreview_2\" style=\"color: #0000ff;\" href=\"https:\/\/periodicos.uff.br\/hoplos\" target=\"_blank\" rel=\"noopener noreferrer\">https:\/\/periodicos.uff.br\/hoplos<\/a><\/span><\/p>\n<hr \/>\n<ul>\n<li>Fronteira: Revista de Inicia\u00e7\u00e3o Cient\u00edfica em Rela\u00e7\u00f5es Internacionais (PUC Minas)<\/li>\n<\/ul>\n<div><span style=\"color: #0000ff;\"><a style=\"color: #0000ff;\" href=\"http:\/\/periodicos.pucminas.br\/index.php\/fronteira\">http:\/\/periodicos.pucminas.br\/index.php\/fronteira<\/a><\/span><\/div>\n<div>\n<hr \/>\n<\/div>\n<ul>\n<li class=\"gmail_default\">Revista Perspectiva: reflex\u00f5es sobre a tem\u00e1tica internacional (UFRGS)<\/li>\n<\/ul>\n<div><span style=\"color: #0000ff;\"><a style=\"color: #0000ff;\" href=\"https:\/\/seer.ufrgs.br\/RevistaPerspectiva\">https:\/\/seer.ufrgs.br\/RevistaPerspectiva<\/a><\/span><\/div>\n<div>\n<hr \/>\n<\/div>\n<ul>\n<li class=\"gmail_default\">Mundorama (UnB)<\/li>\n<\/ul>\n<p><span style=\"color: #0000ff;\"><a style=\"color: #0000ff;\" href=\"https:\/\/mundorama.net\">https:\/\/mundorama.net\/\u00a0<\/a><\/span><\/p>\n<hr \/>\n<ul>\n<li>Revista Cedepem &#8211; Centro de Estudos Estrat\u00e9gicos e Planejamento Espacial Marinho<\/li>\n<\/ul>\n<p><span style=\"color: #0000ff;\"><a style=\"color: #0000ff;\" href=\"https:\/\/wp.ufpel.edu.br\/cedepem\/publicacoes\/revista-cedepem\/\">https:\/\/wp.ufpel.edu.br\/cedepem\/publicacoes\/revista-cedepem\/<\/a><\/span><\/p>\n<hr \/>\n<hr \/>\n<h4 style=\"text-align: center;\"><span style=\"color: #808080;\"><strong>Outras sugest\u00f5es de publica\u00e7\u00f5es<\/strong><\/span><\/h4>\n<hr \/>\n<ul>\n<li>Iberoam\u00e9rica (Instituto de Am\u00e9rica Latina da Academia de Ci\u00eancias da R\u00fassia)<\/li>\n<\/ul>\n<p><span style=\"color: #0000ff;\"><a style=\"color: #0000ff;\" href=\"https:\/\/iberoamericajournal.ru\/es\">https:\/\/iberoamericajournal.ru\/es<\/a><\/span><\/p>\n<ul>\n<li><span style=\"font-weight: 400;\">Vestnik RUDN International Relations (Universidade Russa para a Amizade com os Povos)<\/span><\/li>\n<\/ul>\n<p><span style=\"color: #0000ff;\"><a style=\"color: #0000ff;\" href=\"http:\/\/journals.rudn.ru\/international-relations\"><span style=\"font-weight: 400;\">http:\/\/journals.rudn.ru\/international-relations<\/span><\/a><\/span><\/p>\n<ul>\n<li><span style=\"font-weight: 400;\">Revista de Relaciones Internacionales IRI\u00a0 (Universidad Nacional de La Plata &#8211; ARG)<\/span><\/li>\n<\/ul>\n<p><span style=\"color: #0000ff;\"><a style=\"color: #0000ff;\" href=\"https:\/\/revistas.unlp.edu.ar\/RRII-IRI\"><span style=\"font-weight: 400;\">https:\/\/revistas.unlp.edu.ar\/RRII-IRI<\/span><\/a><\/span><\/p>\n","protected":false},"excerpt":{"rendered":"<p>Revistas cient\u00edficas nacionais Revista Brasileira de Pol\u00edtica Internacional &#8211; RBPI (IBRI) http:\/\/www.scielo.br\/scielo.php?script=sci_serial&amp;pid=0034-7329&amp;lng=en&amp;nrm=iso Contexto Internacional (PUC Rio) http:\/\/www.scielo.br\/scielo.php?script=sci_serial&amp;pid=0102-8529 Carta Internacional (ABRI) https:\/\/cartainternacional.abri.org.br Conjuntura Internacional (PUC Minas) http:\/\/periodicos.pucminas.br\/index.php\/conjuntura Estudos Internacionais: Revista de Rela\u00e7\u00f5es Internacionais (UEPB) http:\/\/www.revistadeestudosinternacionais.com\/uepb\/index.php\/rei Revista Estudos Internacionais (PUC Minas) http:\/\/periodicos.pucminas.br\/index.php\/estudosinternacionais\/index Revista Conjuntura Austral (UFRGS) https:\/\/seer.ufrgs.br\/ConjunturaAustral Meridiano 47 (UnB) http:\/\/periodicos.unb.br\/index.php\/MED\/index Revista Mural Internacional (UERJ) https:\/\/www.e-publicacoes.uerj.br\/index.php\/muralinternacional\/index Revista [&hellip;]<\/p>\n","protected":false},"author":194,"featured_media":0,"parent":848,"menu_order":0,"comment_status":"closed","ping_status":"closed","template":"","meta":{"footnotes":""},"class_list":["post-941","page","type-page","status-publish","hentry"],"jetpack_sharing_enabled":true,"_links":{"self":[{"href":"https:\/\/wp.ufpel.edu.br\/ri\/wp-json\/wp\/v2\/pages\/941","targetHints":{"allow":["GET"]}}],"collection":[{"href":"https:\/\/wp.ufpel.edu.br\/ri\/wp-json\/wp\/v2\/pages"}],"about":[{"href":"https:\/\/wp.ufpel.edu.br\/ri\/wp-json\/wp\/v2\/types\/page"}],"author":[{"embeddable":true,"href":"https:\/\/wp.ufpel.edu.br\/ri\/wp-json\/wp\/v2\/users\/194"}],"replies":[{"embeddable":true,"href":"https:\/\/wp.ufpel.edu.br\/ri\/wp-json\/wp\/v2\/comments?post=941"}],"version-history":[{"count":29,"href":"https:\/\/wp.ufpel.edu.br\/ri\/wp-json\/wp\/v2\/pages\/941\/revisions"}],"predecessor-version":[{"id":5201,"href":"https:\/\/wp.ufpel.edu.br\/ri\/wp-json\/wp\/v2\/pages\/941\/revisions\/5201"}],"up":[{"embeddable":true,"href":"https:\/\/wp.ufpel.edu.br\/ri\/wp-json\/wp\/v2\/pages\/848"}],"wp:attachment":[{"href":"https:\/\/wp.ufpel.edu.br\/ri\/wp-json\/wp\/v2\/media?parent=941"}],"curies":[{"name":"wp","href":"https:\/\/api.w.org\/{rel}","templated":true}]}}