{"id":882,"date":"2020-04-07T19:57:36","date_gmt":"2020-04-07T22:57:36","guid":{"rendered":"https:\/\/wp.ufpel.edu.br\/ri\/?page_id=882"},"modified":"2020-04-17T17:32:20","modified_gmt":"2020-04-17T20:32:20","slug":"sites-de-interesse-de-ri","status":"publish","type":"page","link":"https:\/\/wp.ufpel.edu.br\/ri\/sites-de-interesse-de-ri\/","title":{"rendered":"Sites de interesse em RI"},"content":{"rendered":"<ul>\n<li><strong>International Studies Association (ISA)<\/strong><\/li>\n<\/ul>\n<p><a href=\"http:\/\/www.isanet.org\/\">http:\/\/www.isanet.org\/<\/a><\/p>\n<p>&nbsp;<\/p>\n<ul>\n<li><strong>Asociaci\u00f3n Latinoamericana de Ciencia Pol\u00edtica (ALACIP)<\/strong><\/li>\n<\/ul>\n<p><a href=\"https:\/\/alacip.org\/\">https:\/\/alacip.org\/<\/a><\/p>\n<p>&nbsp;<\/p>\n<ul>\n<li><strong>Latin American Studies Association (LASA)<\/strong><\/li>\n<\/ul>\n<p><a href=\"https:\/\/lasaweb.org\/pt\/\">https:\/\/lasaweb.org\/pt\/<\/a><\/p>\n<p>&nbsp;<\/p>\n<ul>\n<li><strong>Associa\u00e7\u00e3o Brasileira de Rela\u00e7\u00f5es Internacionais (ABRI)<\/strong><\/li>\n<\/ul>\n<p><a href=\"http:\/\/www.abri.org.br\/\">http:\/\/www.abri.org.br\/<\/a><\/p>\n<p>&nbsp;<\/p>\n<ul>\n<li><strong>Instituto Brasileiro de Rela\u00e7\u00f5es Internacionais (IBRI)<\/strong><\/li>\n<\/ul>\n<p><a href=\"https:\/\/www.ibri-rbpi.org\"><span style=\"font-weight: 400\">https:\/\/www.ibri-rbpi.org<\/span><\/a><\/p>\n<p>&nbsp;<\/p>\n<ul>\n<li><strong>Associa\u00e7\u00e3o Brasileira de Ci\u00eancia Pol\u00edtica (ABCP)<\/strong><\/li>\n<\/ul>\n<p><a href=\"https:\/\/cienciapolitica.org.br\/\">https:\/\/cienciapolitica.org.br\/<\/a><\/p>\n<p>&nbsp;<\/p>\n<ul>\n<li><strong>Associa\u00e7\u00e3o Nacional de P\u00f3s-Gradua\u00e7\u00e3o e Pesquisa em Ci\u00eancias Sociais (Anpocs)<\/strong><\/li>\n<\/ul>\n<p><a href=\"http:\/\/anpocs.com\/index.php\/universo\/sobre-a-anpocs\">http:\/\/anpocs.com\/index.php\/universo\/sobre-a-anpocs<\/a><\/p>\n<p>&nbsp;<\/p>\n<ul>\n<li><strong>Associa\u00e7\u00e3o Brasileira de Geopol\u00edtica (ASBRAGEO)<\/strong><\/li>\n<\/ul>\n<p><a href=\"http:\/\/www.asbrageo.org.br\"><span style=\"font-weight: 400\">www.asbrageo.org.br<\/span><\/a><\/p>\n<p>&nbsp;<\/p>\n<ul>\n<li><strong>Associa\u00e7\u00e3o Nacional dos Profissionais de Rela\u00e7\u00f5es Internacionais (ANAPRI)<\/strong><\/li>\n<\/ul>\n<p><a href=\"http:\/\/www.anapri.org.br\">www.anapri.org.br<\/a><\/p>\n<p>&nbsp;<\/p>\n<ul>\n<li><strong>Centro de Estudos em Geopol\u00edtica e Rela\u00e7\u00f5es Internacionais (CENEGRI)<\/strong><\/li>\n<\/ul>\n<p><a href=\"http:\/\/www.cenegri.org.br\/portal\"><span style=\"font-weight: 400\">www.cenegri.org.br\/portal<\/span><\/a><\/p>\n","protected":false},"excerpt":{"rendered":"<p>International Studies Association (ISA) http:\/\/www.isanet.org\/ &nbsp; Asociaci\u00f3n Latinoamericana de Ciencia Pol\u00edtica (ALACIP) https:\/\/alacip.org\/ &nbsp; Latin American Studies Association (LASA) https:\/\/lasaweb.org\/pt\/ &nbsp; Associa\u00e7\u00e3o Brasileira de Rela\u00e7\u00f5es Internacionais (ABRI) http:\/\/www.abri.org.br\/ &nbsp; Instituto Brasileiro de Rela\u00e7\u00f5es Internacionais (IBRI) https:\/\/www.ibri-rbpi.org &nbsp; Associa\u00e7\u00e3o Brasileira de Ci\u00eancia Pol\u00edtica (ABCP) https:\/\/cienciapolitica.org.br\/ &nbsp; Associa\u00e7\u00e3o Nacional de P\u00f3s-Gradua\u00e7\u00e3o e Pesquisa em Ci\u00eancias Sociais (Anpocs) [&hellip;]<\/p>\n","protected":false},"author":194,"featured_media":0,"parent":0,"menu_order":0,"comment_status":"closed","ping_status":"closed","template":"","meta":{"footnotes":""},"class_list":["post-882","page","type-page","status-publish","hentry"],"jetpack_sharing_enabled":true,"_links":{"self":[{"href":"https:\/\/wp.ufpel.edu.br\/ri\/wp-json\/wp\/v2\/pages\/882","targetHints":{"allow":["GET"]}}],"collection":[{"href":"https:\/\/wp.ufpel.edu.br\/ri\/wp-json\/wp\/v2\/pages"}],"about":[{"href":"https:\/\/wp.ufpel.edu.br\/ri\/wp-json\/wp\/v2\/types\/page"}],"author":[{"embeddable":true,"href":"https:\/\/wp.ufpel.edu.br\/ri\/wp-json\/wp\/v2\/users\/194"}],"replies":[{"embeddable":true,"href":"https:\/\/wp.ufpel.edu.br\/ri\/wp-json\/wp\/v2\/comments?post=882"}],"version-history":[{"count":8,"href":"https:\/\/wp.ufpel.edu.br\/ri\/wp-json\/wp\/v2\/pages\/882\/revisions"}],"predecessor-version":[{"id":1071,"href":"https:\/\/wp.ufpel.edu.br\/ri\/wp-json\/wp\/v2\/pages\/882\/revisions\/1071"}],"wp:attachment":[{"href":"https:\/\/wp.ufpel.edu.br\/ri\/wp-json\/wp\/v2\/media?parent=882"}],"curies":[{"name":"wp","href":"https:\/\/api.w.org\/{rel}","templated":true}]}}