{"id":848,"date":"2020-04-07T17:32:49","date_gmt":"2020-04-07T20:32:49","guid":{"rendered":"https:\/\/wp.ufpel.edu.br\/ri\/?page_id=848"},"modified":"2023-05-03T10:27:03","modified_gmt":"2023-05-03T13:27:03","slug":"links-uteis","status":"publish","type":"page","link":"https:\/\/wp.ufpel.edu.br\/ri\/links-uteis\/","title":{"rendered":"LINKS \u00daTEIS"},"content":{"rendered":"<p><img class=\"aligncenter\" src=\"https:\/\/wp.ufpel.edu.br\/ri\/wp-content\/themes\/UFPel2.0\/imagens\/capa\/3.jpg\" width=\"769\" height=\"172\" \/><\/p>\n<p style=\"text-align: center;\"><strong>Clique na aba LINKS \u00daTEIS no MENU acima para ver as informa\u00e7\u00f5es!<\/strong><\/p>\n","protected":false},"excerpt":{"rendered":"<p>Clique na aba LINKS \u00daTEIS no MENU acima para ver as informa\u00e7\u00f5es!<\/p>\n","protected":false},"author":194,"featured_media":0,"parent":0,"menu_order":0,"comment_status":"closed","ping_status":"closed","template":"","meta":{"footnotes":""},"class_list":["post-848","page","type-page","status-publish","hentry"],"jetpack_sharing_enabled":true,"_links":{"self":[{"href":"https:\/\/wp.ufpel.edu.br\/ri\/wp-json\/wp\/v2\/pages\/848","targetHints":{"allow":["GET"]}}],"collection":[{"href":"https:\/\/wp.ufpel.edu.br\/ri\/wp-json\/wp\/v2\/pages"}],"about":[{"href":"https:\/\/wp.ufpel.edu.br\/ri\/wp-json\/wp\/v2\/types\/page"}],"author":[{"embeddable":true,"href":"https:\/\/wp.ufpel.edu.br\/ri\/wp-json\/wp\/v2\/users\/194"}],"replies":[{"embeddable":true,"href":"https:\/\/wp.ufpel.edu.br\/ri\/wp-json\/wp\/v2\/comments?post=848"}],"version-history":[{"count":16,"href":"https:\/\/wp.ufpel.edu.br\/ri\/wp-json\/wp\/v2\/pages\/848\/revisions"}],"predecessor-version":[{"id":4537,"href":"https:\/\/wp.ufpel.edu.br\/ri\/wp-json\/wp\/v2\/pages\/848\/revisions\/4537"}],"wp:attachment":[{"href":"https:\/\/wp.ufpel.edu.br\/ri\/wp-json\/wp\/v2\/media?parent=848"}],"curies":[{"name":"wp","href":"https:\/\/api.w.org\/{rel}","templated":true}]}}