{"id":833,"date":"2020-04-07T17:12:56","date_gmt":"2020-04-07T20:12:56","guid":{"rendered":"https:\/\/wp.ufpel.edu.br\/ri\/?page_id=833"},"modified":"2024-08-27T17:18:19","modified_gmt":"2024-08-27T20:18:19","slug":"gestao-do-curso-colegiado-e-nde","status":"publish","type":"page","link":"https:\/\/wp.ufpel.edu.br\/ri\/gestao-do-curso-colegiado-e-nde\/","title":{"rendered":"Gest\u00e3o do curso"},"content":{"rendered":"<p style=\"text-align: justify;\"><span style=\"font-weight: 400;\">Os \u00f3rg\u00e3os decisores <\/span><span style=\"font-weight: 400;\">do curso de <\/span><span style=\"font-weight: 400;\">Rela\u00e7\u00f5es Internacionais s\u00e3o o <strong>Colegiado<\/strong> e o <strong>N\u00facleo Docente Estruturante (NDE)<\/strong>.\u00a0 A natureza e atribui\u00e7\u00f5es de cada \u00f3rg\u00e3o, conforme previsto no <a href=\"https:\/\/wp.ufpel.edu.br\/scs\/regimento\/\">Regimento Geral da UFPel <\/a><\/span>e na <a href=\"https:\/\/wp.ufpel.edu.br\/scs\/files\/2018\/08\/Res.-Cocepe-22.2018.pdf\">Resolu\u00e7\u00e3o COCEPE, de 22 de julho de 2018<\/a> s\u00e3o:<\/p>\n<p style=\"text-align: justify;\"><strong>1) Colegiado: <\/strong><span style=\"font-weight: 400;\">\u00e9 o \u00f3rg\u00e3o de coordena\u00e7\u00e3o did\u00e1tica que tem por finalidade superintender o ensino, no \u00e2mbito de cada curso.\u00a0 \u00c9 formado pelo(a) coordenador(a);\u00a0 pelos professores(as) representantes das \u00e1reas b\u00e1sicas e dos Departamentos que contribuem com o curso; e\u00a0 pela representa\u00e7\u00e3o discente. A atual composi\u00e7\u00e3o do Colegiado do Curso de Rela\u00e7\u00f5es Internacionais consta da <a href=\"https:\/\/wp.ufpel.edu.br\/ri\/files\/2024\/05\/SEI_UFPel-2606088-Portaria-InternaColegiado.pdf\">PORTARIA N\u00ba 20, DE 02 DE MAIO DE 2024<\/a><\/span><span style=\"font-weight: 400;\">.\u00a0<\/span><span style=\"font-weight: 400;\">Segundo o Regimento Geral, Art. 126, s\u00e3o atribui\u00e7\u00f5es do Colegiado:\u00a0<\/span><\/p>\n<ul style=\"text-align: justify;\">\n<li><span style=\"font-weight: 400;\">I. coordenar e supervisionar o curso;<\/span><\/li>\n<li><span style=\"font-weight: 400;\">II. receber reclama\u00e7\u00f5es e recursos na \u00e1rea do ensino;<\/span><\/li>\n<li><span style=\"font-weight: 400;\">III. apreciar os pedidos de transfer\u00eancia e estudar os casos de equival\u00eancia de disciplinas de outras Universidades ou Unidades de Ensino para efeitos de transfer\u00eancia;<\/span><\/li>\n<li><span style=\"font-weight: 400;\">IV. elaborar ou rever o curr\u00edculo, submetendo-o ao Conselho Coordenador do Ensino da Pesquisa e da Extens\u00e3o;<\/span><\/li>\n<li><span style=\"font-weight: 400;\">V. propor ao Conselho Coordenador do Ensino da Pesquisa e da Extens\u00e3o, a organiza\u00e7\u00e3o curricular dos cursos correspondentes;<\/span><\/li>\n<li><span style=\"font-weight: 400;\">VI. emitir parecer sobre os processos relativos a aproveitamento de estudos e adapta\u00e7\u00e3o, mediante requerimento dos interessados;<\/span><\/li>\n<li><span style=\"font-weight: 400;\">VII. assegurar a articula\u00e7\u00e3o entre o ciclo b\u00e1sico e o ciclo profissional do curso correspondente;<\/span><\/li>\n<li><span style=\"font-weight: 400;\">VIII. estabelecer normas para o desempenho dos professores orientadores;<\/span><\/li>\n<li><span style=\"font-weight: 400;\">IX. emitir parecer sobre recursos ou representa\u00e7\u00f5es de alunos sobre mat\u00e9ria did\u00e1tica;<\/span><\/li>\n<li><span style=\"font-weight: 400;\">X. aprovar o Plano de Ensino das disciplinas do curso correspondente;<\/span><\/li>\n<li><span style=\"font-weight: 400;\">XI. aprovar a lista de ofertas das disciplinas do curso correspondente para cada per\u00edodo letivo;<\/span><\/li>\n<li><span style=\"font-weight: 400;\">XII. propor aos Departamentos correspondentes os hor\u00e1rios mais convenientes para as disciplinas de seu interesse;<\/span><\/li>\n<li><span style=\"font-weight: 400;\">XIII. elaborar seu Regimento, para aprova\u00e7\u00e3o pelo Conselho Coordenador do Ensino da Pesquisa e da Extens\u00e3o.<\/span><\/li>\n<\/ul>\n<p style=\"text-align: justify;\"><strong>2) N\u00facleo Docente Estruturante (NDE):<\/strong> \u00e9 o \u00f3rg\u00e3o respons\u00e1vel por conceber e consolidar o projeto pedag\u00f3gico de curso,\u200b\u200b bem como, zelar por seu desenvolvimento permanente. <span style=\"font-weight: 400;\">\u00c9 composto por professores(as) vinculados ao curso. A atual composi\u00e7\u00e3o do NDE do Curso de Rela\u00e7\u00f5es Internacionais consta da<span style=\"color: #0000ff;\"> <a style=\"color: #0000ff;\" href=\"https:\/\/wp.ufpel.edu.br\/ri\/files\/2024\/08\/SEI_UFPel-2720548-Portaria-Interna.pdf\">PORTARIA N\u00ba 41, DE 24 DE AGOSTO DE 2024<\/a>.\u00a0<\/span><\/span><span style=\"font-weight: 400;\">Conforme o Art. 2\u00ba da Resolu\u00e7\u00e3o do COCEPE, s\u00e3o atribui\u00e7\u00f5es do NDE:\u00a0<\/span><\/p>\n<ul>\n<li style=\"text-align: justify;\"><span style=\"font-weight: 400;\">I. Propor, organizar e encaminhar, em regime de colabora\u00e7\u00e3o, a elabora\u00e7\u00e3o, reestrutura\u00e7\u00e3o e atualiza\u00e7\u00e3o do Projeto Pedag\u00f3gico do Curso (PPC), definindo concep\u00e7\u00f5es e fundamentos;<\/span><\/li>\n<li style=\"text-align: justify;\"><span style=\"font-weight: 400;\">II. Promover melhorias no Curr\u00edculo do Curso tendo em vista a sua flexibiliza\u00e7\u00e3o e a promo\u00e7\u00e3o de pol\u00edticas que visem sua efetividade;\u00a0<\/span><\/li>\n<li style=\"text-align: justify;\"><span style=\"font-weight: 400;\">III. Contribuir para consolida\u00e7\u00e3o do perfil profissional do egresso e melhora geral da qualidade do Curso ao qual se vincula, realizando estudos e atualiza\u00e7\u00f5es peri\u00f3dicas do PPC, verificando o impacto do sistema de avalia\u00e7\u00e3o de aprendizagem na forma\u00e7\u00e3o do estudante e an\u00e1lise da adequa\u00e7\u00e3o do perfil do egresso, considerando as Diretrizes Curriculares Nacionais e as novas demandas do mundo do trabalho e da sociedade;\u00a0<\/span><\/li>\n<li style=\"text-align: justify;\"><span style=\"font-weight: 400;\">IV. Acompanhar o desenvolvimento do PPC, referendando, por meio de relat\u00f3rio redigido e assinado por todos os seus membros, a adequa\u00e7\u00e3o das bibliografias b\u00e1sicas e complementares do curso, de modo a garantir compatibilidade, em cada bibliografia b\u00e1sica e complementar da unidade curricular, entre n\u00famero de vagas autorizadas (do pr\u00f3prio curso e de outros cursos que utilizem os t\u00edtulos) e a quantidade de exemplares por t\u00edtulo (ou assinatura de acesso) dispon\u00edvel no acervo, seja f\u00edsico ou virtual;<\/span><\/li>\n<li style=\"text-align: justify;\"><span style=\"font-weight: 400;\">V. Zelar pelo cumprimento das Diretrizes Nacionais para os cursos de gradua\u00e7\u00e3o e demais legisla\u00e7\u00f5es relacionadas;\u00a0<\/span><\/li>\n<li style=\"text-align: justify;\"><span style=\"font-weight: 400;\">VI. Acompanhar e apoiar o cumprimento das normas de gradua\u00e7\u00e3o da UFPel e demais normas institucionais aplic\u00e1veis;\u00a0<\/span><\/li>\n<li style=\"text-align: justify;\"><span style=\"font-weight: 400;\">VII. Estudar pol\u00edticas que visem \u00e0 integra\u00e7\u00e3o do ensino de gradua\u00e7\u00e3o, da pesquisa e p\u00f3s-gradua\u00e7\u00e3o e da extens\u00e3o, considerando o aprimoramento da \u00e1rea de conhecimento do curso;\u00a0<\/span><\/li>\n<li style=\"text-align: justify;\"><span style=\"font-weight: 400;\">VIII. Encaminhar \u00e0 Dire\u00e7\u00e3o da Unidade as demandas referentes \u00e0 aquisi\u00e7\u00e3o de t\u00edtulos virtuais ou f\u00edsicos, para adequa\u00e7\u00e3o das refer\u00eancias bibliogr\u00e1ficas ao PPC do Curso;<\/span><\/li>\n<li style=\"text-align: justify;\"><span style=\"font-weight: 400;\">IX. Disponibilizar o relat\u00f3rio referendado de bibliografias aos avaliadores do INEP\/MEC, durante as visitas in loco para fins de autoriza\u00e7\u00e3o, reconhecimento, renova\u00e7\u00e3o de reconhecimento de curso ou recredenciamento institucional;\u00a0<\/span><\/li>\n<li style=\"text-align: justify;\"><span style=\"font-weight: 400;\">X. Acompanhar e apoiar os processos de avalia\u00e7\u00e3o e regula\u00e7\u00e3o do Curso.\u00a0<\/span><\/li>\n<\/ul>\n","protected":false},"excerpt":{"rendered":"<p>Os \u00f3rg\u00e3os decisores do curso de Rela\u00e7\u00f5es Internacionais s\u00e3o o Colegiado e o N\u00facleo Docente Estruturante (NDE).\u00a0 A natureza e atribui\u00e7\u00f5es de cada \u00f3rg\u00e3o, conforme previsto no Regimento Geral da UFPel e na Resolu\u00e7\u00e3o COCEPE, de 22 de julho de 2018 s\u00e3o: 1) Colegiado: \u00e9 o \u00f3rg\u00e3o de coordena\u00e7\u00e3o did\u00e1tica que tem por finalidade superintender [&hellip;]<\/p>\n","protected":false},"author":194,"featured_media":0,"parent":0,"menu_order":0,"comment_status":"closed","ping_status":"closed","template":"","meta":{"footnotes":""},"class_list":["post-833","page","type-page","status-publish","hentry"],"jetpack_sharing_enabled":true,"_links":{"self":[{"href":"https:\/\/wp.ufpel.edu.br\/ri\/wp-json\/wp\/v2\/pages\/833","targetHints":{"allow":["GET"]}}],"collection":[{"href":"https:\/\/wp.ufpel.edu.br\/ri\/wp-json\/wp\/v2\/pages"}],"about":[{"href":"https:\/\/wp.ufpel.edu.br\/ri\/wp-json\/wp\/v2\/types\/page"}],"author":[{"embeddable":true,"href":"https:\/\/wp.ufpel.edu.br\/ri\/wp-json\/wp\/v2\/users\/194"}],"replies":[{"embeddable":true,"href":"https:\/\/wp.ufpel.edu.br\/ri\/wp-json\/wp\/v2\/comments?post=833"}],"version-history":[{"count":28,"href":"https:\/\/wp.ufpel.edu.br\/ri\/wp-json\/wp\/v2\/pages\/833\/revisions"}],"predecessor-version":[{"id":5264,"href":"https:\/\/wp.ufpel.edu.br\/ri\/wp-json\/wp\/v2\/pages\/833\/revisions\/5264"}],"wp:attachment":[{"href":"https:\/\/wp.ufpel.edu.br\/ri\/wp-json\/wp\/v2\/media?parent=833"}],"curies":[{"name":"wp","href":"https:\/\/api.w.org\/{rel}","templated":true}]}}