{"id":828,"date":"2020-04-07T17:08:41","date_gmt":"2020-04-07T20:08:41","guid":{"rendered":"https:\/\/wp.ufpel.edu.br\/ri\/?page_id=828"},"modified":"2025-07-01T23:09:39","modified_gmt":"2025-07-02T02:09:39","slug":"ensino","status":"publish","type":"page","link":"https:\/\/wp.ufpel.edu.br\/ri\/projetos\/ensino\/","title":{"rendered":"Projetos de Ensino"},"content":{"rendered":"<h4>T\u00cdTULO: PARA AL\u00c9M DAS FRONTEIRAS: VIDEOCONFER\u00caNCIAS EM RI<\/h4>\n<p><strong>Coordenador:<\/strong> Prof. Dr. William Daldegan<\/p>\n<p><strong>Vig\u00eancia:<\/strong> 09\/03\/2020-18\/07\/2020; 07\/04\/2021-07\/04\/2025.<\/p>\n<p><strong>RESUMO<\/strong>:\u00a0&#8220;Para al\u00e9m das Fronteiras: videoconfer\u00eancias em RI&#8221; \u00e9 um projeto por meio de parcerias com grandes centros de estudos nacionais e internacionais e com o aux\u00edlio de recursos de comunica\u00e7\u00e3o digitais, oferece videoconfer\u00eancias com pesquisadores renomados acerca de temas ligados as rela\u00e7\u00f5es internacionais. Aberto a toda a comunidade acad\u00eamica e da regi\u00e3o. \u00c9 promovido pelo Grupo de Pesquisa &#8220;Economia Pol\u00edtica do Desenvolvimento&#8221; ligado ao curso de gradu\u00e7\u00e3o em Rela\u00e7\u00f5es Internacionais e ao Instituto de Filosofia, Sociologia e Pol\u00edtica (IFISP) da UFPel.<\/p>\n<p>Canal do Projeto no Youtube:\u00a0<a href=\"http:\/\/www.youtube.com\/@EPDIGrupodePesquisaRIUFPel\">http:\/\/www.youtube.com\/@EPDIGrupodePesquisaRIUFPel<\/a><\/p>\n<hr \/>\n<h4>T\u00cdTULO:\u00a0<strong>LABGRIMA &#8211; LABORAT\u00d3RIO DE GEOPOL\u00cdTICA E RELA\u00c7\u00d5ES INTERNACIONAIS<\/strong><\/h4>\n<p><strong>Coordenador<\/strong>: Prof. Dr. Charles Pennaforte<\/p>\n<p><strong>Vig\u00eancia<\/strong>: 03\/08\/2020-01\/08\/2028<\/p>\n<p><strong>RESUMO:<\/strong> O projeto visa instrumentalizar os alunos na pr\u00e1tica de pesquisa por meio de atua\u00e7\u00e3o orientada pelos coordenadores.<\/p>\n<p>Link:\u00a0<a href=\"https:\/\/wp.ufpel.edu.br\/labgrima\/\">https:\/\/wp.ufpel.edu.br\/labgrima\/<\/a><\/p>\n<hr \/>\n<h4>T\u00cdTULO:\u00a0\u00a0<strong>POL\u00cdTICA EXTERNA EM DEBATE<\/strong><\/h4>\n<p><strong>Vig\u00eancia<\/strong>: 10\/07\/2024-10\/07\/2026<\/p>\n<p><strong>Coordenadora: <\/strong>Profa. Dra. Fernanda de Moura Fernandes<\/p>\n<p><strong>RESUMO:<\/strong> O projeto tem como objetivo aprofundar os estudos discentes acerca da pol\u00edtica externa, considerando sua crescente presen\u00e7a nos ve\u00edculos de comunica\u00e7\u00e3o, na opini\u00e3o p\u00fablica e no debate pol\u00edtico nacional. Pouco conhecida e discutida pelo p\u00fablico brasileiro, observa-se que as quest\u00f5es internacionais e a pr\u00f3pria pol\u00edtica externa, enquanto pol\u00edtica p\u00fablica, ainda s\u00e3o tratadas recorrentemente como assuntos de &#8220;alta pol\u00edtica&#8221; (MILANI; PINHEIRO, 2013), ou seja, de baixo interesse dos demais atores p\u00fablicos, sociais e privados. Considerando o processo de democratiza\u00e7\u00e3o nas rela\u00e7\u00f5es externas, pretende-se refletir acerca da presen\u00e7a da diplomacia e da agenda de pol\u00edtica externa em diferentes meios de comunica\u00e7\u00e3o, bem como seu impacto nas diferentes opini\u00f5es e percep\u00e7\u00f5es da popula\u00e7\u00e3o acerca da atua\u00e7\u00e3o internacional do Brasil.<\/p>\n<p>Site: <a href=\"https:\/\/wp.ufpel.edu.br\/politicaexterna\/\">https:\/\/wp.ufpel.edu.br\/politicaexterna\/\u00a0<\/a><\/p>\n<hr \/>\n<h4>T\u00cdTULO:\u00a0 ORGANIZA\u00c7\u00d5ES INTERNACIONAIS: Conhecendo a Aladi e o Mercosul<\/h4>\n<p><strong>Vig\u00eancia<\/strong>:: 29\/02\/2024 &#8211; 01\/10\/2024 <strong>(Finalizado)\u00a0<\/strong><\/p>\n<p><strong>Coordenadora: <\/strong>Prof.\u00aa Dra. Silvana Schimanski<\/p>\n<p><strong>RESUMO:<\/strong> O projeto de ensino visa estimular os acad\u00eamicos acerca do papel das Organiza\u00e7\u00f5es Internacionais, a partir do conhecimento sobre as din\u00e2micas e intera\u00e7\u00f5es que ocorrem nesses ambientes e das oportunidades de atua\u00e7\u00e3o profissional. As atividades propostas no \u00e2mbito deste projeto, representam uma oportunidade para aprofundar os conhecimentos discutidos em sala de aula, nos componentes curriculares obrigat\u00f3rios Regimes e Organiza\u00e7\u00f5es Internacionais e Estudos de Integra\u00e7\u00e3o. Por meio de metodologias diversas (grupos de estudos, palestras, visitas t\u00e9cnicas), duas organiza\u00e7\u00f5es internacionais espec\u00edficas, com sede em Montevid\u00e9u ser\u00e3o objeto de estudos: A Associa\u00e7\u00e3o Latino-Americana de Integra\u00e7\u00e3o (ALADI) e o Mercosul. Mediante a orienta\u00e7\u00e3o da docente respons\u00e1vel pela disciplina, as atividades ser\u00e3o desenvolvidas ativamente pelos estudantes colaboradores do projeto. Trata-se de uma atividade em n\u00edvel de gradua\u00e7\u00e3o, sem fins lucrativos, que estimula a realiza\u00e7\u00e3o de atividades complementares e a troca de experi\u00eancias, contribuindo para o desenvolvimento das habilidades e compet\u00eancias previstas no Projeto Pedag\u00f3gico do Curso (PPC) do Bacharelado em Rela\u00e7\u00f5es Internacionais.<\/p>\n<p>Entre as atividades do Projeto, a visita t\u00e9cnica foi organizada pelos colaboradores do projeto e ocorreu em abril de 2024.\u00a0A visita foi registrada nas redes das institui\u00e7\u00f5es:<\/p>\n<p>@mercosurint\u00a0 :\u00a0<a href=\"https:\/\/www.instagram.com\/p\/C59BPVlOgWu\/\">https:\/\/www.instagram.com\/p\/C59BPVlOgWu\/<\/a><\/p>\n<p>@aladi_sg:\u00a0<a href=\"https:\/\/www.instagram.com\/p\/C6HXsQ1pwFq\/\">https:\/\/www.instagram.com\/p\/C6HXsQ1pwFq\/<\/a><\/p>\n<p>* Todas as atividades foram realizadas com recursos pr\u00f3prios, sem \u00f4nus para a UFPel.<\/p>\n<hr \/>\n<h4>T\u00cdTULO: RELA\u00c7\u00d5ES INTERNACIONAIS DA UFPEL: seus 10 anos e novas perspectivas<\/h4>\n<p><strong>Coordenadora<\/strong>: Prof.\u00aa Dra. Silvana Schimanski<br \/>\n<strong>Coordenadora adjunta<\/strong>: Prof.\u00aa Dra. Fernanda de Moura Fernandes <strong>(Finalizado)\u00a0<\/strong><br \/>\n<strong>Vig\u00eancia<\/strong>: 01\/07\/2020-30\/04\/2025.<\/p>\n<p><strong>RESUMO<\/strong>:\u00a0Embora o Curso de Rela\u00e7\u00f5es Internacionais da UFPel j\u00e1 tenha completado sua primeira d\u00e9cada de atua\u00e7\u00e3o, ainda n\u00e3o foram realizadas a\u00e7\u00f5es estruturadas para o levantamento de dados que respondam muitas perguntas, as quais norteiam o aprimoramento da forma\u00e7\u00e3o acad\u00eamica e cientifica, bem como a\u00e7\u00f5es de gest\u00e3o universit\u00e1ria de qualidade. Nesse contexto, busca-se institucionalizar e estruturar a\u00e7\u00f5es que permitam tanto conhecer o perfil do curso e de seus egressos, bem como criar oportunidades de inova\u00e7\u00e3o e de melhorias das atividades de ensino, pesquisa e extens\u00e3o. Com este projeto, pretende-se responder perguntas, como: Qual \u00e9 o perfil dos egressos do Curso de Rela\u00e7\u00f5es Internacionais da UFPel? Qual \u00e9 o perfil da produ\u00e7\u00e3o das pesquisas dos trabalhos de conclus\u00e3o no Curso de Rela\u00e7\u00f5es Internacionais da UFPel? Qual \u00e9 o alinhamento da forma\u00e7\u00e3o, experi\u00eancia e das pesquisas do corpo docente com os eixos de forma\u00e7\u00e3o (estruturante, interdisciplinar e profissional) propostos pelas Diretrizes Curriculares Nacionais? Em que medida as Diretrizes Curriculares Nacionais para Educa\u00e7\u00e3o das Rela\u00e7\u00f5es \u00c9tnico-Raciais e para o Ensino de Hist\u00f3ria e Cultura Afro-Brasileira, Africana e Ind\u00edgena est\u00e3o implementadas nas atividades do Curso? Quais as metodologias de ensino e aprendizagem presentes no Curso de Rela\u00e7\u00f5es Internacionais da UFPel? Em que medida as a\u00e7\u00f5es de internacionaliza\u00e7\u00e3o universit\u00e1ria est\u00e3o presentes no Curso de Rela\u00e7\u00f5es Internacionais da UFPel? Como promover a intera\u00e7\u00e3o entre docentes, discentes e egressos no Curso de Rela\u00e7\u00f5es Internacionais da UFPel? Como promover o Curso e seus acad\u00eamicos junto \u00e0 comunidade interna e externa? Como promover a orienta\u00e7\u00e3o discente, no que diz respeito \u00e0 sua forma\u00e7\u00e3o profissional e poss\u00edveis \u00e1reas de atua\u00e7\u00e3o?<\/p>\n<p>Canal do Projeto no Youtube:\u00a0<a href=\"https:\/\/www.youtube.com\/@riufpel10anos37\/featured\">https:\/\/www.youtube.com\/@riufpel10anos37\/featured<\/a><\/p>\n<hr \/>\n<h4>T\u00cdTULO:\u00a0 \u00a0SEMANA ACAD\u00caMICA DE RELA\u00c7\u00d5ES INTERNACIONAIS (SARI)<\/h4>\n<p><strong>Vig\u00eancia:<\/strong>\u00a0 a definir entre Professor(a) e Colaboradores (as).<\/p>\n<p><strong>Coordenador:<\/strong> definido em reuni\u00e3o de Colegiado, de forma rotativa, entre os(as) docentes do Curso.<\/p>\n<p><strong>RESUMO:<\/strong> A Semana Acad\u00eamica representa um momento privilegiado no Curso de Bacharelado em Rela\u00e7\u00f5es Internacionais, pois permite que um evento cient\u00edfico seja organizado colaborativamente, com a participa\u00e7\u00e3o direta dos estudantes, com a orienta\u00e7\u00e3o e apoio dos docentes do curso, para a discuss\u00e3o de assuntos relacionados ao campo e \u00e0 forma\u00e7\u00e3o.. Trata-se de um evento acad\u00eamico sem fins lucrativos, que estimula a realiza\u00e7\u00e3o de atividades extracurriculares e a troca de experi\u00eancias contribuindo para a forma\u00e7\u00e3o do perfil dos egressos proposta pelo Projeto Pedag\u00f3gico do curso.<\/p>\n<p><strong>As \u00faltimas edi\u00e7\u00f5es do evento foram:\u00a0<\/strong><\/p>\n<p>IX Semana Acad\u00eamica de Rela\u00e7\u00f5es Internacionais (SARI) &#8211; 2024: Multipolaridade e Movimentos de Contesta\u00e7\u00e3o no Sistema Internacional do s\u00e9culo XXI &#8211; Coord. Rafael Assump\u00e7\u00e3o Rocha: <a href=\"https:\/\/www.instagram.com\/sari.ufpel\/\">https:\/\/www.instagram.com\/sari.ufpel\/\u00a0<\/a><\/p>\n<p>VIII Semana Acad\u00eamica de Rela\u00e7\u00f5es Internacionais (SARI) &#8211; 2023: Novas Perspectivas da Ordem Internacional Contempor\u00e2nea &#8211;\u00a0Coord. Fernanda de Moura Fernandes: <a href=\"https:\/\/www.instagram.com\/sari.ufpel\/\">https:\/\/www.instagram.com\/sari.ufpel\/<\/a><\/p>\n<p>VII Semana Acad\u00eamica de Rela\u00e7\u00f5es Internacionais (SARI) &#8211; 2022: Amplia\u00e7\u00e3o das Agendas e dos Atores nas Rela\u00e7\u00f5es Internacionais contempor\u00e2neas &#8211;\u00a0Coord. Silvana Schimanski:\u00a0<a href=\"https:\/\/wp.ufpel.edu.br\/sari\/\">https:\/\/wp.ufpel.edu.br\/sari\/<\/a><\/p>\n<p>VI Semana Acad\u00eamica de Rela\u00e7\u00f5es Internacionais (SARI) &#8211; 2019: Fim das Democracias Liberais? Perspectivas da Pol\u00edtica Internacional &#8211;\u00a0Coord. Luciana Ballestrin: <a href=\"https:\/\/www.instagram.com\/ufpelsari\/\">https:\/\/www.instagram.com\/ufpelsari\/<\/a><\/p>\n","protected":false},"excerpt":{"rendered":"<p>T\u00cdTULO: PARA AL\u00c9M DAS FRONTEIRAS: VIDEOCONFER\u00caNCIAS EM RI Coordenador: Prof. Dr. William Daldegan Vig\u00eancia: 09\/03\/2020-18\/07\/2020; 07\/04\/2021-07\/04\/2025. RESUMO:\u00a0&#8220;Para al\u00e9m das Fronteiras: videoconfer\u00eancias em RI&#8221; \u00e9 um projeto por meio de parcerias com grandes centros de estudos nacionais e internacionais e com o aux\u00edlio de recursos de comunica\u00e7\u00e3o digitais, oferece videoconfer\u00eancias com pesquisadores renomados acerca de temas [&hellip;]<\/p>\n","protected":false},"author":194,"featured_media":0,"parent":60,"menu_order":0,"comment_status":"closed","ping_status":"closed","template":"","meta":{"footnotes":""},"class_list":["post-828","page","type-page","status-publish","hentry"],"jetpack_sharing_enabled":true,"_links":{"self":[{"href":"https:\/\/wp.ufpel.edu.br\/ri\/wp-json\/wp\/v2\/pages\/828","targetHints":{"allow":["GET"]}}],"collection":[{"href":"https:\/\/wp.ufpel.edu.br\/ri\/wp-json\/wp\/v2\/pages"}],"about":[{"href":"https:\/\/wp.ufpel.edu.br\/ri\/wp-json\/wp\/v2\/types\/page"}],"author":[{"embeddable":true,"href":"https:\/\/wp.ufpel.edu.br\/ri\/wp-json\/wp\/v2\/users\/194"}],"replies":[{"embeddable":true,"href":"https:\/\/wp.ufpel.edu.br\/ri\/wp-json\/wp\/v2\/comments?post=828"}],"version-history":[{"count":34,"href":"https:\/\/wp.ufpel.edu.br\/ri\/wp-json\/wp\/v2\/pages\/828\/revisions"}],"predecessor-version":[{"id":5698,"href":"https:\/\/wp.ufpel.edu.br\/ri\/wp-json\/wp\/v2\/pages\/828\/revisions\/5698"}],"up":[{"embeddable":true,"href":"https:\/\/wp.ufpel.edu.br\/ri\/wp-json\/wp\/v2\/pages\/60"}],"wp:attachment":[{"href":"https:\/\/wp.ufpel.edu.br\/ri\/wp-json\/wp\/v2\/media?parent=828"}],"curies":[{"name":"wp","href":"https:\/\/api.w.org\/{rel}","templated":true}]}}