{"id":73,"date":"2013-08-13T18:51:12","date_gmt":"2013-08-13T21:51:12","guid":{"rendered":"https:\/\/wp.ufpel.edu.br\/ri\/?page_id=73"},"modified":"2025-02-25T23:56:03","modified_gmt":"2025-02-26T02:56:03","slug":"extensao","status":"publish","type":"page","link":"https:\/\/wp.ufpel.edu.br\/ri\/projetos\/extensao\/","title":{"rendered":"Projetos de Extens\u00e3o"},"content":{"rendered":"<h4>T\u00cdTULO:\u00a0 PELOTAS MODEL UNITED NATIONS (PELOTAS MUN)<\/h4>\n<p><strong>Coordenador<\/strong>: Prof. Dr. William Daldegan<br \/>\n<strong>Vig\u00eancia<\/strong>: 08\/06\/2020 &#8211; 31\/12\/2027<\/p>\n<p><strong>RESUMO<\/strong>:\u00a0O Pelotas Model United Nations \u00e9 um projeto realizado pelos alunos do curso de Rela\u00e7\u00f5es Internacionais da Universidade Federal de Pelotas. O projeto tem o intuito de simular os comit\u00eas da Organiza\u00e7\u00e3o das Na\u00e7\u00f5es Unidas (ONU). T\u00f3picos emergentes da agenda mundial s\u00e3o discutidos pelos participantes durante o execu\u00e7\u00e3o do projeto &#8211; geralmente no m\u00eas de outubro de todo ano. Al\u00e9m de difundir conhecimento sobre o pr\u00f3prio funcionamento do sistema da ONU evidencia debates sobre problemas internacionais contempor\u00e2neos.<\/p>\n<p>Link: <a href=\"https:\/\/wp.ufpel.edu.br\/pelotasmun\/\">https:\/\/wp.ufpel.edu.br\/pelotasmun\/<\/a><\/p>\n<p>Instagram:\u00a0<a href=\"https:\/\/www.instagram.com\/pelotasmun\/\">https:\/\/www.instagram.com\/pelotasmun\/<\/a><\/p>\n<hr \/>\n<h4>T\u00cdTULO: VOZES CR\u00cdTICAS \u00ad- CAF\u00c9 GEOPOL\u00cdTICO<\/h4>\n<p><strong>Coordenador<\/strong>: Prof. Dr. Charles Pennaforte<\/p>\n<p><strong>Coordenadora Adjunta<\/strong>: Profa. Dra Silvana Schimanski<\/p>\n<p><strong>Vig\u00eancia: <\/strong>01\/08\/2023 &#8211; 31\/07\/2026<\/p>\n<p><strong>RESUMO:\u00a0<\/strong>O projeto visa proporcionar ao seu p\u00fablico-alvo embasamento te\u00f3rico-anal\u00edtico cr\u00edtico dos grandes temas da atualidade que envolvem as Rela\u00e7\u00f5es Internacionais, a Geopol\u00edtica e os aspectos da Cultura contempor\u00e2nea.<\/p>\n<p>Link\u00a0<a href=\"https:\/\/wp.ufpel.edu.br\/cafegeopolitico\/\">https:\/\/wp.ufpel.edu.br\/cafegeopolitico\/<\/a><\/p>\n<p>Instragram:\u00a0<a href=\"https:\/\/www.instagram.com\/cafe_geopolitico\/\">https:\/\/www.instagram.com\/cafe_geopolitico\/<\/a><\/p>\n<hr \/>\n<h4>T\u00cdTULO:\u00a0 VOZES DO MUNDO<\/h4>\n<p><strong>Coordenador:<\/strong> Prof. Dr. F\u00e1bio Duval<\/p>\n<p><strong>Vig\u00eancia:<\/strong> 13\/03\/2019-16\/12\/2020; 14\/09\/2022-02\/12\/2027<\/p>\n<p><strong>RESUMO: <\/strong>O projeto de extens\u00e3o Vozes do Mundo refere-se ao programa de r\u00e1dio hom\u00f4nimo que ser\u00e1 levado ao ar nas quartas-feiras, das 13 \u00e0s 14 horas, pela RadioCom Pelotas, 104.5 FM. O programa de r\u00e1dio Vozes do Mundo foi ao ar pela primeira vez em mar\u00e7o de 2018, ainda vinculado a outro projeto de extens\u00e3o, o ConjuntuRI, sob minha coordena\u00e7\u00e3o. Em 2019 e 2020, mesmo durante a pandemia, o programa de r\u00e1dio funcionou como projeto de extens\u00e3o aut\u00f4nomo no \u00e2mbito da UFPel. Esta proposta de projeto de extens\u00e3o visa a retomar as atividades do referido programa de r\u00e1dio. O programa Vozes do Mundo tem como objetivo apresentar para a comunidade em geral, da cidade de Pelotas, adjac\u00eancias e nacionalmente, os temas relacionados \u00e0 pol\u00edtica internacional, em uma linguagem acess\u00edvel e palat\u00e1vel ao grande p\u00fablico. Ademais, o projeto tem como objetivo, tamb\u00e9m, proporcionar aos alunos a forma\u00e7\u00e3o necess\u00e1ria e a experi\u00eancia na fala p\u00fablica e em ve\u00edculos midi\u00e1ticos. Outrossim, o projeto tamb\u00e9m visa a, complementarmente, tornar o campo de estudos das Rela\u00e7\u00f5es Internacionais e o curso de Rela\u00e7\u00f5es Internacionais da UFPel conhecidos do grande p\u00fablico, de modo contribuir para tornar este uma refer\u00eancia regional e nacional nos temas afeitos \u00e0 pol\u00edtica internacional.<\/p>\n<p>Instagram:\u00a0<a href=\"https:\/\/www.instagram.com\/vozesdomundofm\/\">https:\/\/www.instagram.com\/vozesdomundofm\/<\/a><\/p>\n<hr \/>\n<h4>T\u00cdTULO: CIDADES &#8211; IRM\u00c3S<\/h4>\n<p><strong>Coordenadora<\/strong>: Prof.\u00aa Dra. Silvana Schimanski<br \/>\n<strong>Vig\u00eancia<\/strong>: Agosto\/2021 &#8211; Agosto\/2025<\/p>\n<p><strong>RESUMO<\/strong>: O objetivo geral do projeto \u00e9 a promo\u00e7\u00e3o das cidades-irm\u00e3s internacionais de Pelotas (RS), sob a \u00f3tica das Rela\u00e7\u00f5es Internacionais. O munic\u00edpio de Pelotas possui tr\u00eas cidades irm\u00e3s no exterior: Suzu (Jap\u00e3o), Aveiro (Portugal) e Col\u00f4nia de Sacramento (Uruguai).\u00a0\u00a0Este projeto prev\u00ea diversas a\u00e7\u00f5es para a coleta de informa\u00e7\u00f5es, promo\u00e7\u00e3o e divulga\u00e7\u00e3o dos instrumentos e atividades j\u00e1 realizadas. Tamb\u00e9m s\u00e3o previstas a\u00e7\u00f5es de estreitamento de rela\u00e7\u00f5es bem como, de prospec\u00e7\u00e3o de novos instrumentos.<\/p>\n<p>Espera-se que os colaboradores do projeto trabalhem em pesquisas documentais, produ\u00e7\u00e3o de textos, realiza\u00e7\u00e3o de entrevistas semiestruturadas com atores relevantes para os referidos instrumentos, promo\u00e7\u00e3o de eventos, entre outros.\u00a0O projeto contribui diretamente para o perfil do egresso proposto no Projeto Pedag\u00f3gico do Curso, tanto para as compet\u00eancias e habilidades relacionadas \u00e0s atividades com interface internacional, quanto para o Eixo de Forma\u00e7\u00e3o voltado \u00e0 atividade profissional (previsto nas Diretrizes Curriculares Nacionais do Curso de Rela\u00e7\u00f5es Internacionais).<\/p>\n<p>Link:\u00a0<a href=\"https:\/\/wp.ufpel.edu.br\/cidadesirmas\/\">https:\/\/wp.ufpel.edu.br\/cidadesirmas\/<\/a><\/p>\n<p>Instagram:\u00a0<a href=\"https:\/\/www.instagram.com\/projetocidadesirmas\/\">https:\/\/www.instagram.com\/projetocidadesirmas\/<\/a><\/p>\n<hr \/>\n<h4><strong>T\u00cdTULO: SUL-SUR FAIRTRADE &#8211; COOPERATIVA J\u00daNIOR (2024-2025)<\/strong><\/h4>\n<p><strong>Coordenador:<\/strong> Prof. Dr. Antonio Carlos Martins da Cruz<\/p>\n<p><strong>Vig\u00eancia: <\/strong>29\/01\/2024-19\/12\/2025.<\/p>\n<p><strong>RESUMO<\/strong>: &#8216;Fair Trade International&#8217; \u00e9 um movimento que articula (i) organiza\u00e7\u00f5es econ\u00f4micas de pequenos produtores (associa\u00e7\u00f5es e cooperativas, rurais e urbanas) da Am\u00e9rica Latina, \u00c1frica e \u00c1sia, e (ii) organiza\u00e7\u00f5es diversas de consumidores (associa\u00e7\u00f5es, ONG&#8217;s) dos pa\u00edses &#8216;desenvolvidos&#8217;, com o objetivo de promover formas de com\u00e9rcio internacional baseadas em valores \u00e9ticos relacionados ao desenvolvimento humano: solidariedade internacional, desenvolvimento local, sustentabilidade, promo\u00e7\u00e3o da cidadania, diversidade, empoderamento feminino, direitos sociais e humanos. A pauta de produtos comercializados \u00e9 variada, mas a maioria deles tem origem nas \u00e1reas da agroecologia (produ\u00e7\u00e3o org\u00e2nica) e artesanato. Suas primeiras experi\u00eancias remontam \u00e0 d\u00e9cada de 1950, mas sua estrutura\u00e7\u00e3o em organiza\u00e7\u00f5es internacionais amplas e reconhecidas ocorreu a partir da d\u00e9cada de 1980, com a funda\u00e7\u00e3o da &#8216;World Fair Trade Organization&#8217; (WFTO) [2], em 1989, e da &#8216;Fairtrade Labelling Organizations International&#8217; (FLO-International) [3], em 1997. Atualmente, o Fair Trade agrupa cerca de 1900 organiza\u00e7\u00f5es produtivas, com cerca de 2,1 milh\u00f5es de fam\u00edlias, movimentando aproximadamente 8 bilh\u00f5es de euros anualmente em exporta\u00e7\u00f5es destinadas a &#8216;lojas de com\u00e9rcio justo&#8217; (cerca de 750) e espa\u00e7os convencionais de com\u00e9rcio, presentes em cerca de 25 pa\u00edses da Am\u00e9rica do Norte, Europa, Jap\u00e3o e Oceania [2]. No Brasil, h\u00e1 apenas cerca de 50 organiza\u00e7\u00f5es produtivas certificadas, embora o potencial de participa\u00e7\u00e3o seja muito maior, j\u00e1 que o \u00faltimo levantamento oficial (2013) identificou cerca de 19,1 mil empreendimentos econ\u00f4micos solid\u00e1rios, comportando aproximadamente 2,2 milh\u00f5es de associadas\/dos [4]. H\u00e1 uma numerosa e relevante literatura cient\u00edfica sobre o tema, especialmente na Europa e Am\u00e9rica do Norte, mas tamb\u00e9m nos pa\u00edses &#8216;em desenvolvimento&#8217;, al\u00e9m de pol\u00edticas p\u00fablicas. Por outro lado, a forma\u00e7\u00e3o da CLAC (&#8216;Coordinadora Latinoamericana de Comercio Justo&#8217;), fundada em 2004, estabeleceu como uma de suas metas a amplia\u00e7\u00e3o do &#8216;com\u00e9rcio justo sul-sul&#8217;, com o objetivo de alargar as oportunidades de mercado das organiza\u00e7\u00f5es de produtores latino-americanos e reduzir sua depend\u00eancia frente \u00e0 solidariedade dos consumidores do &#8216;norte global&#8217;. Mas houve poucos avan\u00e7os nesta \u00e1rea [5]. A constitui\u00e7\u00e3o da &#8216;Sul-Sur Fair Trade &#8211; Cooperativa J\u00fanior&#8217;, como &#8216;empresa j\u00fanior&#8217; regulada nos termos da Resolu\u00e7\u00e3o 26\/2019 do CONSUN, visa oportunizar experi\u00eancias acad\u00eamicas e profissionais relacionadas ao com\u00e9rcio internacional, no \u00e2mbito do &#8216;Movimento Fair Trade&#8217;, a partir de parcerias com universidades de outros pa\u00edses do Mercosul, bem como com cooperativas de produtores solid\u00e1rios e com organiza\u00e7\u00f5es de consumidores \u00e9ticos do Brasil e dos pa\u00edses vizinhos.<\/p>\n<hr \/>\n<h4><strong>T\u00cdTULO:\u00a0 CONNEX 2024<\/strong><\/h4>\n<p><strong>Coordenadora: <\/strong>Prof.\u00aa Dra. Silvana Schimanski<\/p>\n<p><strong>Vig\u00eancia: <\/strong>08\/03\/2024 &#8211; 13\/12\/2024 <strong>(Finalizado)\u00a0<\/strong><\/p>\n<div class=\"ficha-label\" style=\"text-align: justify;\"><strong>RESUMO:\u00a0\u00a0<\/strong>O projeto registra as a\u00e7\u00f5es do Curso de Bacharelado em Rela\u00e7\u00f5es Internacionais em apoio \u00e0 realiza\u00e7\u00e3o do encontro internacional Connex 2024, sediado em Pelotas-RS. O evento \u00e9 promovido pela Frente Nacional de Prefeitos, pela Prefeitura Municipal de Pelotas e Governo do Estado reunindo agentes e gestores p\u00fablicos, organiza\u00e7\u00f5es do Terceiro Setor, institui\u00e7\u00f5es de ensino, empresas e membros da sociedade, com o prop\u00f3sito de compartilhar e promover as melhores pr\u00e1ticas em seguran\u00e7a p\u00fablica e preven\u00e7\u00e3o \u00e0s viol\u00eancias. Ao colaborar com a organiza\u00e7\u00e3o do evento no munic\u00edpio, as a\u00e7\u00f5es do projeto contribuem para a promo\u00e7\u00e3o de atividades extensionistas, com interface internacional, para os docentes e discentes da comunidade acad\u00eamica, fomentando a realiza\u00e7\u00e3o de a\u00e7\u00f5es extensionistas na \u00e1rea espec\u00edfica de forma\u00e7\u00e3o. Al\u00e9m disso, o projeto busca estimular a intera\u00e7\u00e3o entre a Universidade e outros setores da sociedade.<\/div>\n<div>Informa\u00e7\u00f5es:\u00a0<a href=\"https:\/\/www.connexpelotas.com.br\/\">https:\/\/www.connexpelotas.com.br\/<\/a><\/div>\n<hr \/>\n<h4><strong>T\u00cdTULO:<\/strong> Rela\u00e7\u00f5es Internacionais e mercado de trabalho &#8211; Preparando o corpo discente para o futuro<\/h4>\n<p><strong>Coordenador<\/strong>: Prof. Dr. Bruno Sadeck<br \/>\n<strong>Vig\u00eancia<\/strong> 31\/05\/2021 &#8211; 31\/05\/2022\u00a0 <strong>(Finalizado)\u00a0<\/strong><\/p>\n<p><strong>RESUMO<\/strong>:\u00a0O projeto busca propiciar um espa\u00e7o de di\u00e1logo e interc\u00e2mbio entre o corpo discente do curso de Rela\u00e7\u00f5es Internacionais da UFPel e profissionais da \u00e1rea internacional em diversos setores, a fim de mostrar aos alunos os desafios do mercado de trabalho, bem como prepar\u00e1-los para o futuro. Em 2021, o curso de Rela\u00e7\u00f5es Internacionais da UFPel completa 11 anos de sua cria\u00e7\u00e3o e sua implementa\u00e7\u00e3o na cidade de Pelotas. Diante desse momento e dos desafios existentes do mercado de trabalho atual, \u00e9 importante fomentar ao corpo discente um espa\u00e7o de di\u00e1logo, de interc\u00e2mbio e troca de experi\u00eancias com profissionais que atuam no dia a dia com a tem\u00e1tica internacional, nos mais variados setores como: Diplomacia, Paradiplomacia, Com\u00e9rcio Exterior, Organismos Internacionais, Universidades, Assessoria e Consultoria dentre outros.<\/p>\n<hr \/>\n<h4><strong>T\u00cdTULO: <\/strong>A UFPel e a Agenda dos Objetivos do Desenvolvimento Sustent\u00e1vel (ODS) &#8211; Semeando um mundo melhor<\/h4>\n<p><strong>Coordenador<\/strong>: Prof. Dr. Bruno Sadeck<br \/>\n<strong>Vig\u00eancia<\/strong>: 01\/08\/2021 &#8211; 01\/08\/2023 <strong>(Finalizado)\u00a0<\/strong><\/p>\n<p><strong>RESUMO<\/strong>:\u00a0O presente projeto visa verificar o conhecimento da Agenda dos Objetivos de Desenvolvimento Sustent\u00e1vel &#8211; ODS 2015-2030, em 10 (dez) munic\u00edpios ga\u00fachos (Caxias do Sul, Passo Fundo. Pelotas, Porto Alegre, Santa Maria, Rio Grande, Jaguar\u00e3o, Santana do Livramento, S\u00e3o Borja e Uruguaiana), bem como no Governo Estadual do Rio Grande do Sul e suas poss\u00edveis iniciativas vinculadas aos ODS.<br \/>\nA escolha desses munic\u00edpios dar-se-\u00e1 pela import\u00e2ncia pol\u00edtica, econ\u00f4mica, geogr\u00e1fica e estrat\u00e9gica para o RS, al\u00e9m de representar diferentes regi\u00f5es do Estado, bem como para a regi\u00e3o Sul, para o Brasil e para as rela\u00e7\u00f5es internacionais do pa\u00eds, por enquadrar cidades localizadas em regi\u00e3o de fronteira.<\/p>\n<hr \/>\n<h4>T\u00cdTULO: ARC\u00c1DIA CONSULTORIA INTERNACIONAL<\/h4>\n<p><strong>Coordenador<\/strong>: Prof. Dr. F\u00e1bio Duval<br \/>\n<strong>Vig\u00eancia:<\/strong> 12\/06\/2018 &#8211; \u00a018\/06\/2021 <strong>(Finalizado)\u00a0<\/strong><\/p>\n<p><strong>RESUMO<\/strong>:\u00a0A Arc\u00e1dia \u00e9 uma empresa j\u00fanior destinada \u00e0 presta\u00e7\u00e3o de consultoria internacional a pequenas e m\u00e9dias empresas, empreendedores individuais, governos e organiza\u00e7\u00f5es de interesse p\u00fablico, preferencialmente, pass\u00edveis de passarem por processos de internacionaliza\u00e7\u00e3o. Tem como objetivos espec\u00edficos:<\/p>\n<p>I \u2013 Proporcionar a seus Membros condi\u00e7\u00f5es necess\u00e1rias \u00e0 aplica\u00e7\u00e3o pr\u00e1tica de conhecimentos te\u00f3ricos relativos aos aprendizados do curso de Rela\u00e7\u00f5es Internacionais;<br \/>\nII \u2013 Auxiliar a coloca\u00e7\u00e3o de seus Membros Efetivos no mercado de trabalho, treinando-os para o exerc\u00edcio da futura profiss\u00e3o, sempre com respaldo t\u00e9cnico-profissional competente;<br \/>\nIII \u2013 Realizar estudos e elaborar diagn\u00f3sticos e relat\u00f3rios sobre assuntos espec\u00edficos de para-diplomacia, internacionaliza\u00e7\u00e3o de empresas e consultoria em rela\u00e7\u00f5es internacionais;<br \/>\nIV \u2013 Assessorar a implanta\u00e7\u00e3o de solu\u00e7\u00f5es indicadas para os problemas diagnosticados por parte de clientes, parceiros, apoiadores;<br \/>\nV \u2013 Viabilizar o reconhecimento profissional e acad\u00eamico dos alunos e professores do curso de Rela\u00e7\u00f5es Internacionais da Universidade Federal de Pelotas, dentro da Universidade; e<br \/>\nVI \u2013 Desenvolver as habilidades intrapessoais e de lideran\u00e7a, visando a gest\u00e3o de pessoas e incentivando sempre o trabalho em equipe.<\/p>\n<hr \/>\n<h4>T\u00cdTULO:\u00a0 CONJUNTURI &#8211; AN\u00c1LISE DE CONJUNTURA INTERNACIONAL<\/h4>\n<p><strong>Coordenador<\/strong>: Prof. Dr. F\u00e1bio Duval<br \/>\n<strong>Vig\u00eancia:<\/strong> 21\/03\/2019 &#8211; 17\/12\/2020 <strong>(Finalizado)<\/strong><\/p>\n<p><strong>RESUMO:\u00a0<\/strong>O projeto tem como objetivo incentivar a reflex\u00e3o sobre temas da agenda internacional e suas intera\u00e7\u00f5es com os planos interno, regional e local junto \u00e0 comunidade local e aos alunos da rede p\u00fablica de ensino m\u00e9dio. Para atingir este objetivo o projeto conta com dois instrumentos: a organiza\u00e7\u00e3o de palestras abertas \u00e0 comunidade no Centro de Integra\u00e7\u00e3o do Mercosul e a apresenta\u00e7\u00e3o de ciclos de palestras junto \u00e0s escolas de ensino m\u00e9dio da rede p\u00fablica de Pelotas. Este projeto vem ganhando for\u00e7a e ampliando suas \u00e1reas de atua\u00e7\u00e3o desde sua primeira vers\u00e3o, em 2013. As palestras abertas \u00e0 comunidade s\u00e3o organizadas em tr\u00eas eventos por ano, nos quais se traz algum intelectual com not\u00f3rio conhecimento no tema. Estas s\u00e3o abertas a toda a comunidade. E junto \u00e0s escolas de ensino m\u00e9dio da rede p\u00fablica de Pelotas, s\u00e3o apresentados ciclos de quatro palestras aos alunos de ensino m\u00e9dio, com vistas a contribuir para seu conhecimento de temas internacionais candentes e auxili\u00e1-los na prepara\u00e7\u00e3o para o Exame Nacional do Ensino M\u00e9dio (ENEM).<\/p>\n","protected":false},"excerpt":{"rendered":"<p>T\u00cdTULO:\u00a0 PELOTAS MODEL UNITED NATIONS (PELOTAS MUN) Coordenador: Prof. Dr. William Daldegan Vig\u00eancia: 08\/06\/2020 &#8211; 31\/12\/2027 RESUMO:\u00a0O Pelotas Model United Nations \u00e9 um projeto realizado pelos alunos do curso de Rela\u00e7\u00f5es Internacionais da Universidade Federal de Pelotas. O projeto tem o intuito de simular os comit\u00eas da Organiza\u00e7\u00e3o das Na\u00e7\u00f5es Unidas (ONU). T\u00f3picos emergentes da [&hellip;]<\/p>\n","protected":false},"author":194,"featured_media":0,"parent":60,"menu_order":0,"comment_status":"closed","ping_status":"closed","template":"","meta":{"footnotes":""},"class_list":["post-73","page","type-page","status-publish","hentry"],"jetpack_sharing_enabled":true,"_links":{"self":[{"href":"https:\/\/wp.ufpel.edu.br\/ri\/wp-json\/wp\/v2\/pages\/73","targetHints":{"allow":["GET"]}}],"collection":[{"href":"https:\/\/wp.ufpel.edu.br\/ri\/wp-json\/wp\/v2\/pages"}],"about":[{"href":"https:\/\/wp.ufpel.edu.br\/ri\/wp-json\/wp\/v2\/types\/page"}],"author":[{"embeddable":true,"href":"https:\/\/wp.ufpel.edu.br\/ri\/wp-json\/wp\/v2\/users\/194"}],"replies":[{"embeddable":true,"href":"https:\/\/wp.ufpel.edu.br\/ri\/wp-json\/wp\/v2\/comments?post=73"}],"version-history":[{"count":42,"href":"https:\/\/wp.ufpel.edu.br\/ri\/wp-json\/wp\/v2\/pages\/73\/revisions"}],"predecessor-version":[{"id":5583,"href":"https:\/\/wp.ufpel.edu.br\/ri\/wp-json\/wp\/v2\/pages\/73\/revisions\/5583"}],"up":[{"embeddable":true,"href":"https:\/\/wp.ufpel.edu.br\/ri\/wp-json\/wp\/v2\/pages\/60"}],"wp:attachment":[{"href":"https:\/\/wp.ufpel.edu.br\/ri\/wp-json\/wp\/v2\/media?parent=73"}],"curies":[{"name":"wp","href":"https:\/\/api.w.org\/{rel}","templated":true}]}}