{"id":62,"date":"2013-07-24T10:44:02","date_gmt":"2013-07-24T13:44:02","guid":{"rendered":"https:\/\/wp.ufpel.edu.br\/ri\/?page_id=62"},"modified":"2020-05-18T22:03:39","modified_gmt":"2020-05-19T01:03:39","slug":"biblioteca-4","status":"publish","type":"page","link":"https:\/\/wp.ufpel.edu.br\/ri\/curso\/biblioteca-4\/","title":{"rendered":"Biblioteca"},"content":{"rendered":"<p>O acervo do curso de Rela\u00e7\u00f5es Internacionais encontra-se dispon\u00edvel para consulta na <strong>Biblioteca Setorial de Ci\u00eancias Humanas e Sociais<\/strong> do Centro de P\u00f3s-Gradua\u00e7\u00e3o e Pesquisas em Ci\u00eancias Humanas, Sociais, Sociais Aplicadas, Artes e Linguagem (CEHUS).<\/p>\n<p><span style=\"font-weight: 400\">A UFPel tamb\u00e9m disponibiliza, por meio do Sistema de Bibliotecas (<a href=\"https:\/\/wp.ufpel.edu.br\/sisbi\/\">https:\/\/wp.ufpel.edu.br\/sisbi\/<\/a>), acesso a bases de dados de revistas cient\u00edficas\u00a0 nacionais e internacionais (a exemplo do Portal de Peri\u00f3dicos da Capes), bem como diversas plataformas de e-books.\u00a0<\/span><\/p>\n<p>Acesse aqui o\u00a0 <a href=\"https:\/\/wp.ufpel.edu.br\/sisbi\/files\/2019\/06\/Manual.pdf\">Manual de Normas UFPel para trabalhos acad\u00eamicos.<\/a><\/p>\n<p>&nbsp;<\/p>\n<p><strong>Endere\u00e7o:<\/strong> Rua Cel. Alberto Rosa, 117, Centro, Pelotas &#8211; RS, 96010-770<\/p>\n<p><strong>Hor\u00e1rio de Funcionamento<\/strong>: <span style=\"font-size: 12pt\">Segunda a sexta-feira, das 8h \u00e0s 20h, sem fechar no hor\u00e1rio de almo\u00e7o.<\/span><\/p>\n<p>&nbsp;<\/p>\n<p>&nbsp;<\/p>\n","protected":false},"excerpt":{"rendered":"<p>O acervo do curso de Rela\u00e7\u00f5es Internacionais encontra-se dispon\u00edvel para consulta na Biblioteca Setorial de Ci\u00eancias Humanas e Sociais do Centro de P\u00f3s-Gradua\u00e7\u00e3o e Pesquisas em Ci\u00eancias Humanas, Sociais, Sociais Aplicadas, Artes e Linguagem (CEHUS). A UFPel tamb\u00e9m disponibiliza, por meio do Sistema de Bibliotecas (https:\/\/wp.ufpel.edu.br\/sisbi\/), acesso a bases de dados de revistas cient\u00edficas\u00a0 nacionais [&hellip;]<\/p>\n","protected":false},"author":194,"featured_media":0,"parent":13,"menu_order":4,"comment_status":"closed","ping_status":"closed","template":"","meta":{"footnotes":""},"class_list":["post-62","page","type-page","status-publish","hentry"],"jetpack_sharing_enabled":true,"_links":{"self":[{"href":"https:\/\/wp.ufpel.edu.br\/ri\/wp-json\/wp\/v2\/pages\/62","targetHints":{"allow":["GET"]}}],"collection":[{"href":"https:\/\/wp.ufpel.edu.br\/ri\/wp-json\/wp\/v2\/pages"}],"about":[{"href":"https:\/\/wp.ufpel.edu.br\/ri\/wp-json\/wp\/v2\/types\/page"}],"author":[{"embeddable":true,"href":"https:\/\/wp.ufpel.edu.br\/ri\/wp-json\/wp\/v2\/users\/194"}],"replies":[{"embeddable":true,"href":"https:\/\/wp.ufpel.edu.br\/ri\/wp-json\/wp\/v2\/comments?post=62"}],"version-history":[{"count":15,"href":"https:\/\/wp.ufpel.edu.br\/ri\/wp-json\/wp\/v2\/pages\/62\/revisions"}],"predecessor-version":[{"id":1194,"href":"https:\/\/wp.ufpel.edu.br\/ri\/wp-json\/wp\/v2\/pages\/62\/revisions\/1194"}],"up":[{"embeddable":true,"href":"https:\/\/wp.ufpel.edu.br\/ri\/wp-json\/wp\/v2\/pages\/13"}],"wp:attachment":[{"href":"https:\/\/wp.ufpel.edu.br\/ri\/wp-json\/wp\/v2\/media?parent=62"}],"curies":[{"name":"wp","href":"https:\/\/api.w.org\/{rel}","templated":true}]}}