{"id":5142,"date":"2024-05-14T16:44:59","date_gmt":"2024-05-14T19:44:59","guid":{"rendered":"https:\/\/wp.ufpel.edu.br\/ri\/?page_id=5142"},"modified":"2024-05-14T16:46:18","modified_gmt":"2024-05-14T19:46:18","slug":"titulos-dos-tccs-do-curso","status":"publish","type":"page","link":"https:\/\/wp.ufpel.edu.br\/ri\/titulos-dos-tccs-do-curso\/","title":{"rendered":"T\u00edtulos dos TCCs do Curso"},"content":{"rendered":"<p><img class=\"aligncenter wp-image-4893\" src=\"https:\/\/wp.ufpel.edu.br\/ri\/files\/2023\/11\/Marca-vertical-Graduacao-Relacoes-Internacionais-Bacharelado-01.png\" alt=\"\" width=\"242\" height=\"250\" srcset=\"https:\/\/wp.ufpel.edu.br\/ri\/files\/2023\/11\/Marca-vertical-Graduacao-Relacoes-Internacionais-Bacharelado-01.png 417w, https:\/\/wp.ufpel.edu.br\/ri\/files\/2023\/11\/Marca-vertical-Graduacao-Relacoes-Internacionais-Bacharelado-01-387x400.png 387w\" sizes=\"(max-width: 242px) 100vw, 242px\" \/><\/p>\n<p style=\"text-align: center;\"><strong>Acesse<\/strong>: <a href=\"https:\/\/docs.google.com\/spreadsheets\/d\/1OqVtm_Et7tL2pxVc2bbns_t9cQl2MX0R\/edit#gid=1699495662\">T\u00edtulos dos TCCs do Curso 2013-2023<\/a><\/p>\n<p style=\"text-align: center;\">Os trabalhos ficam sob a guarda da Biblioteca. Desde 2020, os textos s\u00e3o acess\u00edveis pelo <a href=\"https:\/\/pergamum.ufpel.edu.br\/\">Sistema Pergamum<\/a> &#8211; na \u00edntegra ou em partes, conforme autoriza\u00e7\u00e3o dos(as) autores.<\/p>\n","protected":false},"excerpt":{"rendered":"<p>Acesse: T\u00edtulos dos TCCs do Curso 2013-2023 Os trabalhos ficam sob a guarda da Biblioteca. Desde 2020, os textos s\u00e3o acess\u00edveis pelo Sistema Pergamum &#8211; na \u00edntegra ou em partes, conforme autoriza\u00e7\u00e3o dos(as) autores.<\/p>\n","protected":false},"author":1247,"featured_media":0,"parent":0,"menu_order":0,"comment_status":"closed","ping_status":"closed","template":"","meta":{"footnotes":""},"class_list":["post-5142","page","type-page","status-publish","hentry"],"jetpack_sharing_enabled":true,"_links":{"self":[{"href":"https:\/\/wp.ufpel.edu.br\/ri\/wp-json\/wp\/v2\/pages\/5142","targetHints":{"allow":["GET"]}}],"collection":[{"href":"https:\/\/wp.ufpel.edu.br\/ri\/wp-json\/wp\/v2\/pages"}],"about":[{"href":"https:\/\/wp.ufpel.edu.br\/ri\/wp-json\/wp\/v2\/types\/page"}],"author":[{"embeddable":true,"href":"https:\/\/wp.ufpel.edu.br\/ri\/wp-json\/wp\/v2\/users\/1247"}],"replies":[{"embeddable":true,"href":"https:\/\/wp.ufpel.edu.br\/ri\/wp-json\/wp\/v2\/comments?post=5142"}],"version-history":[{"count":3,"href":"https:\/\/wp.ufpel.edu.br\/ri\/wp-json\/wp\/v2\/pages\/5142\/revisions"}],"predecessor-version":[{"id":5145,"href":"https:\/\/wp.ufpel.edu.br\/ri\/wp-json\/wp\/v2\/pages\/5142\/revisions\/5145"}],"wp:attachment":[{"href":"https:\/\/wp.ufpel.edu.br\/ri\/wp-json\/wp\/v2\/media?parent=5142"}],"curies":[{"name":"wp","href":"https:\/\/api.w.org\/{rel}","templated":true}]}}