{"id":4954,"date":"2023-11-14T15:07:04","date_gmt":"2023-11-14T18:07:04","guid":{"rendered":"https:\/\/wp.ufpel.edu.br\/ri\/?page_id=4954"},"modified":"2023-11-14T15:10:13","modified_gmt":"2023-11-14T18:10:13","slug":"formulario-de-solicitacao-discente","status":"publish","type":"page","link":"https:\/\/wp.ufpel.edu.br\/ri\/formulario-de-solicitacao-discente\/","title":{"rendered":"Formul\u00e1rio de solicita\u00e7\u00e3o discente"},"content":{"rendered":"<p>Para tratar de assuntos discentes oficiais direcionados ao colegiado, o discente deve preencher o formul\u00e1rio disponibilizado abaixo, e entregar no colegiado do curso.<\/p>\n<p><a href=\"https:\/\/wp.ufpel.edu.br\/ri\/files\/2020\/07\/Formul\u00e1rio-de-solicita\u00e7\u00e3o-discente.doc\">Formul\u00e1rio de solicita\u00e7\u00e3o discente &#8211; clique para fazer download do arquivo (DOC)<\/a><\/p>\n<p><strong>Importante<\/strong>: muitos processos que antes eram tratados atrav\u00e9s do colegiado foram automatizados e s\u00e3o feitos diretamente no cobalto. Por favor, antes de enviar sua solicita\u00e7\u00e3o, verifique se sua quest\u00e3o est\u00e1 detalhada na <a href=\"https:\/\/wp.ufpel.edu.br\/cra\/informacoes-academicas\/\">p\u00e1gina do CRA<\/a>.<\/p>\n","protected":false},"excerpt":{"rendered":"<p>Para tratar de assuntos discentes oficiais direcionados ao colegiado, o discente deve preencher o formul\u00e1rio disponibilizado abaixo, e entregar no colegiado do curso. Formul\u00e1rio de solicita\u00e7\u00e3o discente &#8211; clique para fazer download do arquivo (DOC) Importante: muitos processos que antes eram tratados atrav\u00e9s do colegiado foram automatizados e s\u00e3o feitos diretamente no cobalto. Por favor, [&hellip;]<\/p>\n","protected":false},"author":1247,"featured_media":0,"parent":0,"menu_order":0,"comment_status":"closed","ping_status":"closed","template":"","meta":{"footnotes":""},"class_list":["post-4954","page","type-page","status-publish","hentry"],"jetpack_sharing_enabled":true,"_links":{"self":[{"href":"https:\/\/wp.ufpel.edu.br\/ri\/wp-json\/wp\/v2\/pages\/4954","targetHints":{"allow":["GET"]}}],"collection":[{"href":"https:\/\/wp.ufpel.edu.br\/ri\/wp-json\/wp\/v2\/pages"}],"about":[{"href":"https:\/\/wp.ufpel.edu.br\/ri\/wp-json\/wp\/v2\/types\/page"}],"author":[{"embeddable":true,"href":"https:\/\/wp.ufpel.edu.br\/ri\/wp-json\/wp\/v2\/users\/1247"}],"replies":[{"embeddable":true,"href":"https:\/\/wp.ufpel.edu.br\/ri\/wp-json\/wp\/v2\/comments?post=4954"}],"version-history":[{"count":3,"href":"https:\/\/wp.ufpel.edu.br\/ri\/wp-json\/wp\/v2\/pages\/4954\/revisions"}],"predecessor-version":[{"id":4958,"href":"https:\/\/wp.ufpel.edu.br\/ri\/wp-json\/wp\/v2\/pages\/4954\/revisions\/4958"}],"wp:attachment":[{"href":"https:\/\/wp.ufpel.edu.br\/ri\/wp-json\/wp\/v2\/media?parent=4954"}],"curies":[{"name":"wp","href":"https:\/\/api.w.org\/{rel}","templated":true}]}}