{"id":4932,"date":"2023-11-13T18:43:25","date_gmt":"2023-11-13T21:43:25","guid":{"rendered":"https:\/\/wp.ufpel.edu.br\/ri\/?page_id=4932"},"modified":"2023-11-13T18:43:25","modified_gmt":"2023-11-13T21:43:25","slug":"curriculo","status":"publish","type":"page","link":"https:\/\/wp.ufpel.edu.br\/ri\/curriculo\/","title":{"rendered":"Curr\u00edculo"},"content":{"rendered":"<p><img class=\"aligncenter wp-image-4893\" src=\"https:\/\/wp.ufpel.edu.br\/ri\/files\/2023\/11\/Marca-vertical-Graduacao-Relacoes-Internacionais-Bacharelado-01.png\" alt=\"\" width=\"200\" height=\"207\" srcset=\"https:\/\/wp.ufpel.edu.br\/ri\/files\/2023\/11\/Marca-vertical-Graduacao-Relacoes-Internacionais-Bacharelado-01.png 417w, https:\/\/wp.ufpel.edu.br\/ri\/files\/2023\/11\/Marca-vertical-Graduacao-Relacoes-Internacionais-Bacharelado-01-387x400.png 387w\" sizes=\"(max-width: 200px) 100vw, 200px\" \/><\/p>\n<h4>Abaixo apresentamos a matriz curricular atual do curso de Rela\u00e7\u00f5es Internacionais. Clique no nome da disciplina para ver a caracteriza\u00e7\u00e3o:<\/h4>\n<table class=\"dados-cobalto tabela-disciplinas\"><tr><th colspan=\"5\" class=\"tabela-quebra\">1\u00ba Semestre<\/th><\/tr><tr><th>C\u00f3digo<\/th><th>Disciplina \/ Pr\u00e9-requisitos<\/th><th>Car\u00e1ter<\/th><th>Cr.<\/th><th>Horas<\/th><\/tr><tr><td>06740047<\/td><td><a href=\"https:\/\/institucional.ufpel.edu.br\/disciplinas\/id\/36880\" target=\"_blank\">FUNDAMENTOS DE ECONOMIA<\/a><\/td><td>Obrigat\u00f3ria<\/td><td>4<\/td><td>60<\/td><\/tr><tr><td>06740046<\/td><td><a href=\"https:\/\/institucional.ufpel.edu.br\/disciplinas\/id\/36877\" target=\"_blank\">INTRODU\u00c7\u00c3O \u00c0 CI\u00caNCIA POL\u00cdTICA<\/a><\/td><td>Obrigat\u00f3ria<\/td><td>4<\/td><td>60<\/td><\/tr><tr><td>06730309<\/td><td><a href=\"https:\/\/institucional.ufpel.edu.br\/disciplinas\/id\/36878\" target=\"_blank\">INTRODU\u00c7\u00c3O \u00c0 FILOSOFIA<\/a><\/td><td>Obrigat\u00f3ria<\/td><td>4<\/td><td>60<\/td><\/tr><tr><td>06740090<\/td><td><a href=\"https:\/\/institucional.ufpel.edu.br\/disciplinas\/id\/37643\" target=\"_blank\">INTRODU\u00c7\u00c3O \u00c0S RELA\u00c7\u00d5ES INTERNACIONAIS<\/a><\/td><td>Obrigat\u00f3ria<\/td><td>4<\/td><td>60<\/td><\/tr><tr><td>06560133<\/td><td><a href=\"https:\/\/institucional.ufpel.edu.br\/disciplinas\/id\/36879\" target=\"_blank\">SOCIOLOGIA<\/a><\/td><td>Obrigat\u00f3ria<\/td><td>4<\/td><td>60<\/td><\/tr><tr><th colspan=\"5\" class=\"tabela-quebra\">2\u00ba Semestre<\/th><\/tr><tr><th>C\u00f3digo<\/th><th>Disciplina \/ Pr\u00e9-requisitos<\/th><th>Car\u00e1ter<\/th><th>Cr.<\/th><th>Horas<\/th><\/tr><tr><td>06740052<\/td><td><a href=\"https:\/\/institucional.ufpel.edu.br\/disciplinas\/id\/36885\" target=\"_blank\">FORMA\u00c7\u00c3O ECON\u00d4MICA DO BRASIL<\/a><\/td><td>Obrigat\u00f3ria<\/td><td>4<\/td><td>60<\/td><\/tr><tr><td>06740050<\/td><td><a href=\"https:\/\/institucional.ufpel.edu.br\/disciplinas\/id\/36883\" target=\"_blank\">GEOPOL\u00cdTICA<\/a><\/td><td>Obrigat\u00f3ria<\/td><td>4<\/td><td>60<\/td><\/tr><tr><td>06740048<\/td><td><a href=\"https:\/\/institucional.ufpel.edu.br\/disciplinas\/id\/36881\" target=\"_blank\">HIST\u00d3RIA DAS RELA\u00c7\u00d5ES INTERNACIONAIS<\/a><div class=\"tabela-detalhe-info\">06740090 - INTRODU\u00c7\u00c3O \u00c0S RELA\u00c7\u00d5ES INTERNACIONAIS<\/div><\/td><td>Obrigat\u00f3ria<\/td><td>4<\/td><td>60<\/td><\/tr><tr><td>06740051<\/td><td><a href=\"https:\/\/institucional.ufpel.edu.br\/disciplinas\/id\/36884\" target=\"_blank\">NO\u00c7\u00d5ES DE COM\u00c9RCIO EXTERIOR<\/a><div class=\"tabela-detalhe-info\">06740047 - FUNDAMENTOS DE ECONOMIA<\/div><\/td><td>Obrigat\u00f3ria<\/td><td>4<\/td><td>60<\/td><\/tr><tr><td>06740049<\/td><td><a href=\"https:\/\/institucional.ufpel.edu.br\/disciplinas\/id\/36882\" target=\"_blank\">TEORIA POL\u00cdTICA I<\/a><div class=\"tabela-detalhe-info\">06740046 - INTRODU\u00c7\u00c3O \u00c0 CI\u00caNCIA POL\u00cdTICA<\/div><\/td><td>Obrigat\u00f3ria<\/td><td>4<\/td><td>60<\/td><\/tr><tr><th colspan=\"5\" class=\"tabela-quebra\">3\u00ba Semestre<\/th><\/tr><tr><th>C\u00f3digo<\/th><th>Disciplina \/ Pr\u00e9-requisitos<\/th><th>Car\u00e1ter<\/th><th>Cr.<\/th><th>Horas<\/th><\/tr><tr><td>06740095<\/td><td><a href=\"https:\/\/institucional.ufpel.edu.br\/disciplinas\/id\/37658\" target=\"_blank\">DIREITO INTERNACIONAL I<\/a><\/td><td>Obrigat\u00f3ria<\/td><td>4<\/td><td>60<\/td><\/tr><tr><td>06740021<\/td><td><a href=\"https:\/\/institucional.ufpel.edu.br\/disciplinas\/id\/35072\" target=\"_blank\">ECONOMIA INTERNACIONAL<\/a><div class=\"tabela-detalhe-info\">06740047 - FUNDAMENTOS DE ECONOMIA<\/div><\/td><td>Obrigat\u00f3ria<\/td><td>4<\/td><td>60<\/td><\/tr><tr><td>06740053<\/td><td><a href=\"https:\/\/institucional.ufpel.edu.br\/disciplinas\/id\/36886\" target=\"_blank\">HIST\u00d3RIA DA POL\u00cdTICA EXTERNA BRASILEIRA I<\/a><div class=\"tabela-detalhe-info\">06740048 - HIST\u00d3RIA DAS RELA\u00c7\u00d5ES INTERNACIONAIS<\/div><\/td><td>Obrigat\u00f3ria<\/td><td>4<\/td><td>60<\/td><\/tr><tr><td>06740091<\/td><td><a href=\"https:\/\/institucional.ufpel.edu.br\/disciplinas\/id\/37644\" target=\"_blank\">TEORIA DAS RELA\u00c7\u00d5ES INTERNACIONAIS I<\/a><div class=\"tabela-detalhe-info\">06740090 - INTRODU\u00c7\u00c3O \u00c0S RELA\u00c7\u00d5ES INTERNACIONAIS<\/div><\/td><td>Obrigat\u00f3ria<\/td><td>4<\/td><td>60<\/td><\/tr><tr><td>06740054<\/td><td><a href=\"https:\/\/institucional.ufpel.edu.br\/disciplinas\/id\/36887\" target=\"_blank\">TEORIA POL\u00cdTICA II<\/a><div class=\"tabela-detalhe-info\">06740049 - TEORIA POL\u00cdTICA I<\/div><\/td><td>Obrigat\u00f3ria<\/td><td>4<\/td><td>60<\/td><\/tr><tr><th colspan=\"5\" class=\"tabela-quebra\">4\u00ba Semestre<\/th><\/tr><tr><th>C\u00f3digo<\/th><th>Disciplina \/ Pr\u00e9-requisitos<\/th><th>Car\u00e1ter<\/th><th>Cr.<\/th><th>Horas<\/th><\/tr><tr><td>06740014<\/td><td><a href=\"https:\/\/institucional.ufpel.edu.br\/disciplinas\/id\/35065\" target=\"_blank\">DIREITO INTERNACIONAL II<\/a><div class=\"tabela-detalhe-info\">06740095 - DIREITO INTERNACIONAL I<\/div><\/td><td>Obrigat\u00f3ria<\/td><td>4<\/td><td>60<\/td><\/tr><tr><td>06740056<\/td><td><a href=\"https:\/\/institucional.ufpel.edu.br\/disciplinas\/id\/36889\" target=\"_blank\">ESTUDOS DE INTEGRA\u00c7\u00c3O<\/a><div class=\"tabela-detalhe-info\">06740021 - ECONOMIA INTERNACIONAL<\/div><div class=\"tabela-detalhe-info\">06740091 - TEORIA DAS RELA\u00c7\u00d5ES INTERNACIONAIS I<\/div><\/td><td>Obrigat\u00f3ria<\/td><td>4<\/td><td>60<\/td><\/tr><tr><td>06740055<\/td><td><a href=\"https:\/\/institucional.ufpel.edu.br\/disciplinas\/id\/36888\" target=\"_blank\">HIST\u00d3RIA DA POL\u00cdTICA EXTERNA BRASILEIRA II<\/a><div class=\"tabela-detalhe-info\">06740053 - HIST\u00d3RIA DA POL\u00cdTICA EXTERNA BRASILEIRA I<\/div><\/td><td>Obrigat\u00f3ria<\/td><td>4<\/td><td>60<\/td><\/tr><tr><td>06560134<\/td><td><a href=\"https:\/\/institucional.ufpel.edu.br\/disciplinas\/id\/36890\" target=\"_blank\">METODOLOGIA DAS CI\u00caNCIAS SOCIAIS<\/a><div class=\"tabela-detalhe-info\">06560133 - SOCIOLOGIA<\/div><\/td><td>Obrigat\u00f3ria<\/td><td>4<\/td><td>60<\/td><\/tr><tr><td>06740092<\/td><td><a href=\"https:\/\/institucional.ufpel.edu.br\/disciplinas\/id\/37650\" target=\"_blank\">TEORIA DAS RELA\u00c7\u00d5ES INTERNACIONAIS II<\/a><div class=\"tabela-detalhe-info\">06740091 - TEORIA DAS RELA\u00c7\u00d5ES INTERNACIONAIS I<\/div><\/td><td>Obrigat\u00f3ria<\/td><td>4<\/td><td>60<\/td><\/tr><tr><th colspan=\"5\" class=\"tabela-quebra\">5\u00ba Semestre<\/th><\/tr><tr><th>C\u00f3digo<\/th><th>Disciplina \/ Pr\u00e9-requisitos<\/th><th>Car\u00e1ter<\/th><th>Cr.<\/th><th>Horas<\/th><\/tr><tr><td>06740093<\/td><td><a href=\"https:\/\/institucional.ufpel.edu.br\/disciplinas\/id\/37655\" target=\"_blank\">METODOLOGIA APLICADA \u00c0S RELA\u00c7\u00d5ES INTERNACIONAIS<\/a><div class=\"tabela-detalhe-info\">06740092 - TEORIA DAS RELA\u00c7\u00d5ES INTERNACIONAIS II<\/div><div class=\"tabela-detalhe-info\">06560134 - METODOLOGIA DAS CI\u00caNCIAS SOCIAIS<\/div><\/td><td>Obrigat\u00f3ria<\/td><td>4<\/td><td>60<\/td><\/tr><tr><td>06740018<\/td><td><a href=\"https:\/\/institucional.ufpel.edu.br\/disciplinas\/id\/35069\" target=\"_blank\">PROTE\u00c7\u00c3O INTERNACIONAL DA PESSOA HUMANA<\/a><div class=\"tabela-detalhe-info\">06740014 - DIREITO INTERNACIONAL II<\/div><\/td><td>Obrigat\u00f3ria<\/td><td>4<\/td><td>60<\/td><\/tr><tr><td>06740057<\/td><td><a href=\"https:\/\/institucional.ufpel.edu.br\/disciplinas\/id\/36891\" target=\"_blank\">REGIMES E ORGANIZA\u00c7\u00d5ES INTERNACIONAIS<\/a><div class=\"tabela-detalhe-info\">06740092 - TEORIA DAS RELA\u00c7\u00d5ES INTERNACIONAIS II<\/div><div class=\"tabela-detalhe-info\">06740095 - DIREITO INTERNACIONAL I<\/div><\/td><td>Obrigat\u00f3ria<\/td><td>4<\/td><td>60<\/td><\/tr><tr><td>06740058<\/td><td><a href=\"https:\/\/institucional.ufpel.edu.br\/disciplinas\/id\/36892\" target=\"_blank\">SEGURAN\u00c7A INTERNACIONAL E POL\u00cdTICAS DE DEFESA<\/a><div class=\"tabela-detalhe-info\">06740092 - TEORIA DAS RELA\u00c7\u00d5ES INTERNACIONAIS II<\/div><\/td><td>Obrigat\u00f3ria<\/td><td>4<\/td><td>60<\/td><\/tr><tr><th colspan=\"5\" class=\"tabela-quebra\">6\u00ba Semestre<\/th><\/tr><tr><th>C\u00f3digo<\/th><th>Disciplina \/ Pr\u00e9-requisitos<\/th><th>Car\u00e1ter<\/th><th>Cr.<\/th><th>Horas<\/th><\/tr><tr><td>06740059<\/td><td><a href=\"https:\/\/institucional.ufpel.edu.br\/disciplinas\/id\/36893\" target=\"_blank\">AN\u00c1LISE DE POL\u00cdTICA EXTERNA<\/a><div class=\"tabela-detalhe-info\">06740092 - TEORIA DAS RELA\u00c7\u00d5ES INTERNACIONAIS II<\/div><\/td><td>Obrigat\u00f3ria<\/td><td>4<\/td><td>60<\/td><\/tr><tr><td>06740060<\/td><td><a href=\"https:\/\/institucional.ufpel.edu.br\/disciplinas\/id\/36894\" target=\"_blank\">ECONOMIA POL\u00cdTICA INTERNACIONAL<\/a><div class=\"tabela-detalhe-info\">06740021 - ECONOMIA INTERNACIONAL<\/div><div class=\"tabela-detalhe-info\">06740092 - TEORIA DAS RELA\u00c7\u00d5ES INTERNACIONAIS II<\/div><\/td><td>Obrigat\u00f3ria<\/td><td>4<\/td><td>60<\/td><\/tr><tr><td>06740061<\/td><td><a href=\"https:\/\/institucional.ufpel.edu.br\/disciplinas\/id\/36895\" target=\"_blank\">NEGOCIA\u00c7\u00d5ES INTERNACIONAIS<\/a><div class=\"tabela-detalhe-info\">06740057 - REGIMES E ORGANIZA\u00c7\u00d5ES INTERNACIONAIS<\/div><\/td><td>Obrigat\u00f3ria<\/td><td>4<\/td><td>60<\/td><\/tr><tr><th colspan=\"5\" class=\"tabela-quebra\">7\u00ba Semestre<\/th><\/tr><tr><th>C\u00f3digo<\/th><th>Disciplina \/ Pr\u00e9-requisitos<\/th><th>Car\u00e1ter<\/th><th>Cr.<\/th><th>Horas<\/th><\/tr><tr><td>06740094<\/td><td><a href=\"https:\/\/institucional.ufpel.edu.br\/disciplinas\/id\/37657\" target=\"_blank\">AN\u00c1LISE DE CONJUNTURA INTERNACIONAL<\/a><div class=\"tabela-detalhe-info\">06740093 - METODOLOGIA APLICADA \u00c0S RELA\u00c7\u00d5ES INTERNACIONAIS<\/div><\/td><td>Obrigat\u00f3ria<\/td><td>4<\/td><td>60<\/td><\/tr><tr><td>06740062<\/td><td><a href=\"https:\/\/institucional.ufpel.edu.br\/disciplinas\/id\/36896\" target=\"_blank\">TRABALHO DE CONCLUS\u00c3O DE CURSO I<\/a><div class=\"tabela-detalhe-info\">Todas Disciplinas at\u00e9 o 6 semestre<\/div><\/td><td>Obrigat\u00f3ria<\/td><td>4<\/td><td>60<\/td><\/tr><tr><th colspan=\"5\" class=\"tabela-quebra\">8\u00ba Semestre<\/th><\/tr><tr><th>C\u00f3digo<\/th><th>Disciplina \/ Pr\u00e9-requisitos<\/th><th>Car\u00e1ter<\/th><th>Cr.<\/th><th>Horas<\/th><\/tr><tr><td>06740063<\/td><td><a href=\"https:\/\/institucional.ufpel.edu.br\/disciplinas\/id\/36897\" target=\"_blank\">TRABALHO DE CONCLUS\u00c3O DE CURSO II<\/a><div class=\"tabela-detalhe-info\">Todas Disciplinas at\u00e9 o 7 semestre<\/div><\/td><td>Obrigat\u00f3ria<\/td><td>8<\/td><td>120<\/td><\/tr><tr><th colspan=\"5\" class=\"tabela-quebra\">COMPLEMENTARES<\/th><\/tr><tr><th>C\u00f3digo<\/th><th>Disciplina \/ Pr\u00e9-requisitos<\/th><th>Car\u00e1ter<\/th><th>Cr.<\/th><th>Horas<\/th><\/tr><tr><td>06740065<\/td><td><a href=\"https:\/\/institucional.ufpel.edu.br\/disciplinas\/id\/36899\" target=\"_blank\">ATIVIDADES COMPLEMENTARES<\/a><\/td><td>Atividade complementar<\/td><td>14<\/td><td>210<\/td><\/tr><tr><td>06740089<\/td><td><a href=\"https:\/\/institucional.ufpel.edu.br\/disciplinas\/id\/36951\" target=\"_blank\">ATIVIDADES CURRICULARES EM EXTENS\u00c3O<\/a><\/td><td>Obrigat\u00f3ria<\/td><td>18<\/td><td>270<\/td><\/tr><tr><th colspan=\"5\" class=\"tabela-quebra\">OPTATIVAS<\/th><\/tr><tr><th>C\u00f3digo<\/th><th>Disciplina \/ Pr\u00e9-requisitos<\/th><th>Car\u00e1ter<\/th><th>Cr.<\/th><th>Horas<\/th><\/tr><tr><td>08970079<\/td><td><a href=\"https:\/\/institucional.ufpel.edu.br\/disciplinas\/id\/28762\" target=\"_blank\">AGRONEG\u00d3CIO<\/a><\/td><td>Optativa<\/td><td>4<\/td><td>60<\/td><\/tr><tr><td>10910138<\/td><td><a href=\"https:\/\/institucional.ufpel.edu.br\/disciplinas\/id\/34830\" target=\"_blank\">ANTROPOLOGIA EM CONTEXTO DE CONFLITO<\/a><\/td><td>Optativa<\/td><td>4<\/td><td>60<\/td><\/tr><tr><td>10910025<\/td><td><a href=\"https:\/\/institucional.ufpel.edu.br\/disciplinas\/id\/28894\" target=\"_blank\">ANTROPOLOGIA POL\u00cdTICA<\/a><\/td><td>Optativa<\/td><td>4<\/td><td>60<\/td><\/tr><tr><td>06740075<\/td><td><a href=\"https:\/\/institucional.ufpel.edu.br\/disciplinas\/id\/36910\" target=\"_blank\">COM\u00c9RCIO INTERNACIONAL<\/a><div class=\"tabela-detalhe-info\">06740092 - TEORIA DAS RELA\u00c7\u00d5ES INTERNACIONAIS II<\/div><\/td><td>Optativa<\/td><td>4<\/td><td>60<\/td><\/tr><tr><td>06740071<\/td><td><a href=\"https:\/\/institucional.ufpel.edu.br\/disciplinas\/id\/36906\" target=\"_blank\">COOPERA\u00c7\u00c3O INTERNACIONAL<\/a><div class=\"tabela-detalhe-info\">06740092 - TEORIA DAS RELA\u00c7\u00d5ES INTERNACIONAIS II<\/div><\/td><td>Optativa<\/td><td>4<\/td><td>60<\/td><\/tr><tr><td>10900043<\/td><td><a href=\"https:\/\/institucional.ufpel.edu.br\/disciplinas\/id\/30423\" target=\"_blank\">CULTURA BRASILEIRA E IDENTIDADE NACIONAL<\/a><\/td><td>Optativa<\/td><td>4<\/td><td>60<\/td><\/tr><tr><td>06740073<\/td><td><a href=\"https:\/\/institucional.ufpel.edu.br\/disciplinas\/id\/36908\" target=\"_blank\">DESENVOLVIMENTO INTERNACIONAL<\/a><div class=\"tabela-detalhe-info\">06740092 - TEORIA DAS RELA\u00c7\u00d5ES INTERNACIONAIS II<\/div><\/td><td>Optativa<\/td><td>4<\/td><td>60<\/td><\/tr><tr><td>06740069<\/td><td><a href=\"https:\/\/institucional.ufpel.edu.br\/disciplinas\/id\/36904\" target=\"_blank\">DIN\u00c2MICA GEOPOL\u00cdTICA CONTEMPOR\u00c2NEA<\/a><div class=\"tabela-detalhe-info\">06740092 - TEORIA DAS RELA\u00c7\u00d5ES INTERNACIONAIS II<\/div><\/td><td>Optativa<\/td><td>4<\/td><td>60<\/td><\/tr><tr><td>11100062<\/td><td><a href=\"https:\/\/institucional.ufpel.edu.br\/disciplinas\/id\/30547\" target=\"_blank\">ESTAT\u00cdSTICA I<\/a><\/td><td>Optativa<\/td><td>2<\/td><td>30<\/td><\/tr><tr><td>11100063<\/td><td><a href=\"https:\/\/institucional.ufpel.edu.br\/disciplinas\/id\/30548\" target=\"_blank\">ESTAT\u00cdSTICA II<\/a><\/td><td>Optativa<\/td><td>4<\/td><td>60<\/td><\/tr><tr><td>06730310<\/td><td><a href=\"https:\/\/institucional.ufpel.edu.br\/disciplinas\/id\/36900\" target=\"_blank\">\u00c9TICA E RELA\u00c7\u00d5ES INTERNACIONAIS<\/a><\/td><td>Optativa<\/td><td>4<\/td><td>60<\/td><\/tr><tr><td>06740066<\/td><td><a href=\"https:\/\/institucional.ufpel.edu.br\/disciplinas\/id\/36901\" target=\"_blank\">ETNICIDADE E RELA\u00c7\u00d5ES INTERNACIONAIS<\/a><div class=\"tabela-detalhe-info\">06740092 - TEORIA DAS RELA\u00c7\u00d5ES INTERNACIONAIS II<\/div><\/td><td>Optativa<\/td><td>4<\/td><td>60<\/td><\/tr><tr><td>08970047<\/td><td><a href=\"https:\/\/institucional.ufpel.edu.br\/disciplinas\/id\/28730\" target=\"_blank\">GEST\u00c3O AMBIENTAL<\/a><\/td><td>Optativa<\/td><td>4<\/td><td>60<\/td><\/tr><tr><td>08970117<\/td><td><a href=\"https:\/\/institucional.ufpel.edu.br\/disciplinas\/id\/28800\" target=\"_blank\">GEST\u00c3O AMBIENTAL E SUSTENTABILIDADE<\/a><\/td><td>Optativa<\/td><td>4<\/td><td>60<\/td><\/tr><tr><td>08970186<\/td><td><a href=\"https:\/\/institucional.ufpel.edu.br\/disciplinas\/id\/28869\" target=\"_blank\">GEST\u00c3O DE PROJETOS<\/a><\/td><td>Optativa<\/td><td>5<\/td><td>75<\/td><\/tr><tr><td>10900036<\/td><td><a href=\"https:\/\/institucional.ufpel.edu.br\/disciplinas\/id\/30416\" target=\"_blank\">HIST\u00d3RIA DA \u00c1FRICA<\/a><\/td><td>Optativa<\/td><td>4<\/td><td>60<\/td><\/tr><tr><td>10900091<\/td><td><a href=\"https:\/\/institucional.ufpel.edu.br\/disciplinas\/id\/30471\" target=\"_blank\">HIST\u00d3RIA DA \u00c1FRICA COLONIAL<\/a><\/td><td>Optativa<\/td><td>4<\/td><td>60<\/td><\/tr><tr><td>10900092<\/td><td><a href=\"https:\/\/institucional.ufpel.edu.br\/disciplinas\/id\/30472\" target=\"_blank\">HIST\u00d3RIA DA \u00c1FRICA CONTEMPOR\u00c2NEA<\/a><\/td><td>Optativa<\/td><td>4<\/td><td>60<\/td><\/tr><tr><td>10900064<\/td><td><a href=\"https:\/\/institucional.ufpel.edu.br\/disciplinas\/id\/30444\" target=\"_blank\">HIST\u00d3RIA DA \u00c1FRICA LUS\u00d3FONA<\/a><\/td><td>Optativa<\/td><td>4<\/td><td>60<\/td><\/tr><tr><td>10900028<\/td><td><a href=\"https:\/\/institucional.ufpel.edu.br\/disciplinas\/id\/30408\" target=\"_blank\">HIST\u00d3RIA DA AM\u00c9RICA I<\/a><\/td><td>Optativa<\/td><td>4<\/td><td>60<\/td><\/tr><tr><td>10900031<\/td><td><a href=\"https:\/\/institucional.ufpel.edu.br\/disciplinas\/id\/30411\" target=\"_blank\">HIST\u00d3RIA DA AM\u00c9RICA II<\/a><\/td><td>Optativa<\/td><td>4<\/td><td>60<\/td><\/tr><tr><td>1660051<\/td><td><a href=\"https:\/\/institucional.ufpel.edu.br\/disciplinas\/id\/10476\" target=\"_blank\">HIST\u00d3RIA PLATINA<\/a><\/td><td>Optativa<\/td><td>4<\/td><td>68<\/td><\/tr><tr><td>22000060<\/td><td><a href=\"https:\/\/institucional.ufpel.edu.br\/disciplinas\/id\/26831\" target=\"_blank\">J C: CRIT. READ. AND EVAL. OF SCIENT. PAPERS<\/a><\/td><td>Optativa<\/td><td>4<\/td><td>60<\/td><\/tr><tr><td>20000084<\/td><td><a href=\"https:\/\/institucional.ufpel.edu.br\/disciplinas\/id\/28026\" target=\"_blank\">L\u00cdNGUA BRASILEIRA DE SINAIS I ( LIBRAS I )<\/a><\/td><td>Optativa<\/td><td>4<\/td><td>60<\/td><\/tr><tr><td>20000584<\/td><td><a href=\"https:\/\/institucional.ufpel.edu.br\/disciplinas\/id\/35095\" target=\"_blank\">LINGUA ESPANHOLA I<\/a><\/td><td>Optativa<\/td><td>4<\/td><td>60<\/td><\/tr><tr><td>20000585<\/td><td><a href=\"https:\/\/institucional.ufpel.edu.br\/disciplinas\/id\/35096\" target=\"_blank\">L\u00cdNGUA ESPANHOLA II<\/a><div class=\"tabela-detalhe-info\">20000584 - LINGUA ESPANHOLA I<\/div><\/td><td>Optativa<\/td><td>4<\/td><td>60<\/td><\/tr><tr><td>20000586<\/td><td><a href=\"https:\/\/institucional.ufpel.edu.br\/disciplinas\/id\/35097\" target=\"_blank\">L\u00cdNGUA ESPANHOLA III<\/a><div class=\"tabela-detalhe-info\">20000585 - L\u00cdNGUA ESPANHOLA II<\/div><\/td><td>Optativa<\/td><td>4<\/td><td>60<\/td><\/tr><tr><td>20000587<\/td><td><a href=\"https:\/\/institucional.ufpel.edu.br\/disciplinas\/id\/35098\" target=\"_blank\">L\u00cdNGUA ESPANHOLA IV<\/a><div class=\"tabela-detalhe-info\">20000586 - L\u00cdNGUA ESPANHOLA III<\/div><\/td><td>Optativa<\/td><td>4<\/td><td>60<\/td><\/tr><tr><td>20000032<\/td><td><a href=\"https:\/\/institucional.ufpel.edu.br\/disciplinas\/id\/27974\" target=\"_blank\">L\u00cdNGUA ESTRANGEIRA INSTRUMENTAL II - INGL\u00caS<\/a><\/td><td>Optativa<\/td><td>4<\/td><td>60<\/td><\/tr><tr><td>20000031<\/td><td><a href=\"https:\/\/institucional.ufpel.edu.br\/disciplinas\/id\/27973\" target=\"_blank\">L\u00cdNGUA ESTRANGEIRA INSTRUMENTAL I - INGL\u00caS <\/a><\/td><td>Optativa<\/td><td>4<\/td><td>60<\/td><\/tr><tr><td>06740074<\/td><td><a href=\"https:\/\/institucional.ufpel.edu.br\/disciplinas\/id\/36909\" target=\"_blank\">NEG\u00d3CIOS INTERNACIONAIS<\/a><div class=\"tabela-detalhe-info\">06740092 - TEORIA DAS RELA\u00c7\u00d5ES INTERNACIONAIS II<\/div><\/td><td>Optativa<\/td><td>4<\/td><td>60<\/td><\/tr><tr><td>06740067<\/td><td><a href=\"https:\/\/institucional.ufpel.edu.br\/disciplinas\/id\/36902\" target=\"_blank\">POL\u00cdTICA COMPARADA<\/a><div class=\"tabela-detalhe-info\">06740092 - TEORIA DAS RELA\u00c7\u00d5ES INTERNACIONAIS II<\/div><\/td><td>Optativa<\/td><td>4<\/td><td>60<\/td><\/tr><tr><td>06740070<\/td><td><a href=\"https:\/\/institucional.ufpel.edu.br\/disciplinas\/id\/36905\" target=\"_blank\">POL\u00cdTICA EXTERNA BRASILEIRA CONTEMPOR\u00c2NEA<\/a><div class=\"tabela-detalhe-info\">06740092 - TEORIA DAS RELA\u00c7\u00d5ES INTERNACIONAIS II<\/div><\/td><td>Optativa<\/td><td>4<\/td><td>60<\/td><\/tr><tr><td>06560089<\/td><td><a href=\"https:\/\/institucional.ufpel.edu.br\/disciplinas\/id\/31053\" target=\"_blank\">RA\u00c7A E G\u00caNERO NAS CI\u00caNCIAS SOCIAIS<\/a><\/td><td>Optativa<\/td><td>4<\/td><td>60<\/td><\/tr><tr><td>06740068<\/td><td><a href=\"https:\/\/institucional.ufpel.edu.br\/disciplinas\/id\/36903\" target=\"_blank\">RELA\u00c7\u00d5ES INTERNACIONAIS DA \u00c1FRICA<\/a><div class=\"tabela-detalhe-info\">06740092 - TEORIA DAS RELA\u00c7\u00d5ES INTERNACIONAIS II<\/div><\/td><td>Optativa<\/td><td>4<\/td><td>60<\/td><\/tr><tr><td>06740072<\/td><td><a href=\"https:\/\/institucional.ufpel.edu.br\/disciplinas\/id\/36907\" target=\"_blank\">SISTEMA FINANCEIRO INTERNACIONAL<\/a><div class=\"tabela-detalhe-info\">06740092 - TEORIA DAS RELA\u00c7\u00d5ES INTERNACIONAIS II<\/div><\/td><td>Optativa<\/td><td>4<\/td><td>60<\/td><\/tr><tr><td>06560090<\/td><td><a href=\"https:\/\/institucional.ufpel.edu.br\/disciplinas\/id\/31054\" target=\"_blank\">SOCIOLOGIA DA GLOBALIZA\u00c7\u00c3O<\/a><\/td><td>Optativa<\/td><td>4<\/td><td>60<\/td><\/tr><tr><td>06560088<\/td><td><a href=\"https:\/\/institucional.ufpel.edu.br\/disciplinas\/id\/31052\" target=\"_blank\">SOCIOLOGIA, SOCIEDADE E MEIO AMBIENTE<\/a><\/td><td>Optativa<\/td><td>4<\/td><td>60<\/td><\/tr><tr><td>08970125<\/td><td><a href=\"https:\/\/institucional.ufpel.edu.br\/disciplinas\/id\/28808\" target=\"_blank\">T\u00d3PICOS EM ADMINISTRA\u00c7\u00c3O P\u00daBLICA<\/a><\/td><td>Optativa<\/td><td>5<\/td><td>75<\/td><\/tr><tr><td>06740079<\/td><td><a href=\"https:\/\/institucional.ufpel.edu.br\/disciplinas\/id\/36914\" target=\"_blank\">T\u00d3PICOS ESPECIAIS EM CI\u00caNCIA POL\u00cdTICA<\/a><div class=\"tabela-detalhe-info\">06740092 - TEORIA DAS RELA\u00c7\u00d5ES INTERNACIONAIS II<\/div><\/td><td>Optativa<\/td><td>4<\/td><td>60<\/td><\/tr><tr><td>06740078<\/td><td><a href=\"https:\/\/institucional.ufpel.edu.br\/disciplinas\/id\/36913\" target=\"_blank\">T\u00d3PICOS ESPECIAIS EM DIREITO INTERNACIONAL<\/a><div class=\"tabela-detalhe-info\">06740092 - TEORIA DAS RELA\u00c7\u00d5ES INTERNACIONAIS II<\/div><\/td><td>Optativa<\/td><td>4<\/td><td>60<\/td><\/tr><tr><td>06740076<\/td><td><a href=\"https:\/\/institucional.ufpel.edu.br\/disciplinas\/id\/36911\" target=\"_blank\">T\u00d3PICOS ESPECIAIS EM ECONOMIA POL\u00cdTICA INTERNACIONAL<\/a><div class=\"tabela-detalhe-info\">06740092 - TEORIA DAS RELA\u00c7\u00d5ES INTERNACIONAIS II<\/div><\/td><td>Optativa<\/td><td>4<\/td><td>60<\/td><\/tr><tr><td>06740085<\/td><td><a href=\"https:\/\/institucional.ufpel.edu.br\/disciplinas\/id\/36920\" target=\"_blank\">T\u00d3PICOS ESPECIAIS EM ESTRAT\u00c9GIA E DEFESA<\/a><div class=\"tabela-detalhe-info\">06740092 - TEORIA DAS RELA\u00c7\u00d5ES INTERNACIONAIS II<\/div><\/td><td>Optativa<\/td><td>4<\/td><td>60<\/td><\/tr><tr><td>06740080<\/td><td><a href=\"https:\/\/institucional.ufpel.edu.br\/disciplinas\/id\/36915\" target=\"_blank\">T\u00d3PICOS ESPECIAIS EM GOVERNAN\u00c7A GLOBAL<\/a><div class=\"tabela-detalhe-info\">06740092 - TEORIA DAS RELA\u00c7\u00d5ES INTERNACIONAIS II<\/div><\/td><td>Optativa<\/td><td>4<\/td><td>60<\/td><\/tr><tr><td>06740084<\/td><td><a href=\"https:\/\/institucional.ufpel.edu.br\/disciplinas\/id\/36919\" target=\"_blank\">T\u00d3PICOS ESPECIAIS EM HIST\u00d3RIA DAS RELA\u00c7\u00d5ES INTERNACIONAIS<\/a><div class=\"tabela-detalhe-info\">06740092 - TEORIA DAS RELA\u00c7\u00d5ES INTERNACIONAIS II<\/div><\/td><td>Optativa<\/td><td>4<\/td><td>60<\/td><\/tr><tr><td>06740082<\/td><td><a href=\"https:\/\/institucional.ufpel.edu.br\/disciplinas\/id\/36917\" target=\"_blank\">T\u00d3PICOS ESPECIAIS EM ORGANIZA\u00c7\u00d5ES INTERNACIONAIS<\/a><div class=\"tabela-detalhe-info\">06740092 - TEORIA DAS RELA\u00c7\u00d5ES INTERNACIONAIS II<\/div><\/td><td>Optativa<\/td><td>4<\/td><td>60<\/td><\/tr><tr><td>06740083<\/td><td><a href=\"https:\/\/institucional.ufpel.edu.br\/disciplinas\/id\/36918\" target=\"_blank\">T\u00d3PICOS ESPECIAIS EM POL\u00cdTICA EXTERNA<\/a><div class=\"tabela-detalhe-info\">06740092 - TEORIA DAS RELA\u00c7\u00d5ES INTERNACIONAIS II<\/div><\/td><td>Optativa<\/td><td>4<\/td><td>60<\/td><\/tr><tr><td>06740077<\/td><td><a href=\"https:\/\/institucional.ufpel.edu.br\/disciplinas\/id\/36912\" target=\"_blank\">T\u00d3PICOS ESPECIAIS EM PROTE\u00c7\u00c3O INTERNACIONAL DA PESSOA HUMANA<\/a><div class=\"tabela-detalhe-info\">06740092 - TEORIA DAS RELA\u00c7\u00d5ES INTERNACIONAIS II<\/div><\/td><td>Optativa<\/td><td>4<\/td><td>60<\/td><\/tr><tr><td>06740081<\/td><td><a href=\"https:\/\/institucional.ufpel.edu.br\/disciplinas\/id\/36916\" target=\"_blank\">T\u00d3PICOS ESPECIAIS EM REGIMES INTERNACIONAIS<\/a><div class=\"tabela-detalhe-info\">06740092 - TEORIA DAS RELA\u00c7\u00d5ES INTERNACIONAIS II<\/div><\/td><td>Optativa<\/td><td>4<\/td><td>60<\/td><\/tr><tr><td>06740086<\/td><td><a href=\"https:\/\/institucional.ufpel.edu.br\/disciplinas\/id\/36921\" target=\"_blank\">T\u00d3PICOS ESPECIAIS EM SEGURAN\u00c7A INTERNACIONAL<\/a><div class=\"tabela-detalhe-info\">06740092 - TEORIA DAS RELA\u00c7\u00d5ES INTERNACIONAIS II<\/div><\/td><td>Optativa<\/td><td>4<\/td><td>60<\/td><\/tr><tr><td>06740088<\/td><td><a href=\"https:\/\/institucional.ufpel.edu.br\/disciplinas\/id\/36923\" target=\"_blank\">T\u00d3PICOS ESPECIAIS EM TEORIA DAS RELA\u00c7\u00d5ES INTERNACIONAIS I<\/a><div class=\"tabela-detalhe-info\">06740092 - TEORIA DAS RELA\u00c7\u00d5ES INTERNACIONAIS II<\/div><\/td><td>Optativa<\/td><td>4<\/td><td>60<\/td><\/tr><tr><td>06740087<\/td><td><a href=\"https:\/\/institucional.ufpel.edu.br\/disciplinas\/id\/36922\" target=\"_blank\">T\u00d3PICOS ESPECIAIS EM TEORIA DAS RELA\u00c7\u00d5ES INTERNACIONAIS II<\/a><div class=\"tabela-detalhe-info\">06740092 - TEORIA DAS RELA\u00c7\u00d5ES INTERNACIONAIS II<\/div><\/td><td>Optativa<\/td><td>4<\/td><td>60<\/td><\/tr><\/table>\n","protected":false},"excerpt":{"rendered":"<p>Abaixo apresentamos a matriz curricular atual do curso de Rela\u00e7\u00f5es Internacionais. Clique no nome da disciplina para ver a caracteriza\u00e7\u00e3o:<\/p>\n","protected":false},"author":1247,"featured_media":0,"parent":0,"menu_order":0,"comment_status":"closed","ping_status":"closed","template":"","meta":{"footnotes":""},"class_list":["post-4932","page","type-page","status-publish","hentry"],"jetpack_sharing_enabled":true,"_links":{"self":[{"href":"https:\/\/wp.ufpel.edu.br\/ri\/wp-json\/wp\/v2\/pages\/4932","targetHints":{"allow":["GET"]}}],"collection":[{"href":"https:\/\/wp.ufpel.edu.br\/ri\/wp-json\/wp\/v2\/pages"}],"about":[{"href":"https:\/\/wp.ufpel.edu.br\/ri\/wp-json\/wp\/v2\/types\/page"}],"author":[{"embeddable":true,"href":"https:\/\/wp.ufpel.edu.br\/ri\/wp-json\/wp\/v2\/users\/1247"}],"replies":[{"embeddable":true,"href":"https:\/\/wp.ufpel.edu.br\/ri\/wp-json\/wp\/v2\/comments?post=4932"}],"version-history":[{"count":6,"href":"https:\/\/wp.ufpel.edu.br\/ri\/wp-json\/wp\/v2\/pages\/4932\/revisions"}],"predecessor-version":[{"id":4938,"href":"https:\/\/wp.ufpel.edu.br\/ri\/wp-json\/wp\/v2\/pages\/4932\/revisions\/4938"}],"wp:attachment":[{"href":"https:\/\/wp.ufpel.edu.br\/ri\/wp-json\/wp\/v2\/media?parent=4932"}],"curies":[{"name":"wp","href":"https:\/\/api.w.org\/{rel}","templated":true}]}}