{"id":4914,"date":"2023-11-13T17:50:51","date_gmt":"2023-11-13T20:50:51","guid":{"rendered":"https:\/\/wp.ufpel.edu.br\/ri\/?page_id=4914"},"modified":"2025-10-06T16:19:03","modified_gmt":"2025-10-06T19:19:03","slug":"secretaria","status":"publish","type":"page","link":"https:\/\/wp.ufpel.edu.br\/ri\/secretaria\/","title":{"rendered":"Secretaria"},"content":{"rendered":"<p><img class=\"aligncenter wp-image-4893\" src=\"https:\/\/wp.ufpel.edu.br\/ri\/files\/2023\/11\/Marca-vertical-Graduacao-Relacoes-Internacionais-Bacharelado-01.png\" alt=\"\" width=\"200\" height=\"207\" srcset=\"https:\/\/wp.ufpel.edu.br\/ri\/files\/2023\/11\/Marca-vertical-Graduacao-Relacoes-Internacionais-Bacharelado-01.png 417w, https:\/\/wp.ufpel.edu.br\/ri\/files\/2023\/11\/Marca-vertical-Graduacao-Relacoes-Internacionais-Bacharelado-01-387x400.png 387w\" sizes=\"(max-width: 200px) 100vw, 200px\" \/><\/p>\n<hr \/>\n<h3 style=\"text-align: center;\">Secretaria do curso de Rela\u00e7\u00f5es Internacionais<\/h3>\n<hr \/>\n<p>T\u00e9cnicos Administrativos em Educa\u00e7\u00e3o: <a href=\"https:\/\/institucional.ufpel.edu.br\/servidores\/id\/26669\">Andr\u00e9 Hecktheuer<\/a>,\u00a0<a href=\"https:\/\/institucional.ufpel.edu.br\/servidores\/id\/144963\">Bruno Piedras<\/a>,\u00a0<a href=\"https:\/\/institucional.ufpel.edu.br\/servidores\/id\/146128\">Nicholas da Rosa<\/a><\/p>\n<p><span style=\"font-size: 10pt; color: #808080;\"><span style=\"color: #000000; font-size: 12pt;\">CCHS &#8211; Campus das Ci\u00eancias Humanas e Sociais<\/span><\/span><br \/>\nR. Alberto Rosa, 154 &#8211; Sala 208<\/p>\n<p><span style=\"font-size: 10pt; color: #808080;\">TELEFONE <\/span><br \/>\n(53) 3284 5545<\/p>\n<p><span style=\"font-size: 10pt; color: #808080;\">E-MAIL<\/span><br \/>\nri@ufpel.edu.br<\/p>\n<p><span style=\"font-size: 10pt; color: #808080;\">HOR\u00c1RIO DE ATENDIMENTO<\/span><br \/>\nSegunda \u00e0 sexta-feira, das 08:00 \u00e0s 12:00 | das 13:30 \u00e0s 19:30.<\/p>\n","protected":false},"excerpt":{"rendered":"<p>Secretaria do curso de Rela\u00e7\u00f5es Internacionais T\u00e9cnicos Administrativos em Educa\u00e7\u00e3o: Andr\u00e9 Hecktheuer,\u00a0Bruno Piedras,\u00a0Nicholas da Rosa CCHS &#8211; Campus das Ci\u00eancias Humanas e Sociais R. Alberto Rosa, 154 &#8211; Sala 208 TELEFONE (53) 3284 5545 E-MAIL ri@ufpel.edu.br HOR\u00c1RIO DE ATENDIMENTO Segunda \u00e0 sexta-feira, das 08:00 \u00e0s 12:00 | das 13:30 \u00e0s 19:30.<\/p>\n","protected":false},"author":1247,"featured_media":0,"parent":0,"menu_order":0,"comment_status":"closed","ping_status":"closed","template":"","meta":{"footnotes":""},"class_list":["post-4914","page","type-page","status-publish","hentry"],"jetpack_sharing_enabled":true,"_links":{"self":[{"href":"https:\/\/wp.ufpel.edu.br\/ri\/wp-json\/wp\/v2\/pages\/4914","targetHints":{"allow":["GET"]}}],"collection":[{"href":"https:\/\/wp.ufpel.edu.br\/ri\/wp-json\/wp\/v2\/pages"}],"about":[{"href":"https:\/\/wp.ufpel.edu.br\/ri\/wp-json\/wp\/v2\/types\/page"}],"author":[{"embeddable":true,"href":"https:\/\/wp.ufpel.edu.br\/ri\/wp-json\/wp\/v2\/users\/1247"}],"replies":[{"embeddable":true,"href":"https:\/\/wp.ufpel.edu.br\/ri\/wp-json\/wp\/v2\/comments?post=4914"}],"version-history":[{"count":4,"href":"https:\/\/wp.ufpel.edu.br\/ri\/wp-json\/wp\/v2\/pages\/4914\/revisions"}],"predecessor-version":[{"id":5784,"href":"https:\/\/wp.ufpel.edu.br\/ri\/wp-json\/wp\/v2\/pages\/4914\/revisions\/5784"}],"wp:attachment":[{"href":"https:\/\/wp.ufpel.edu.br\/ri\/wp-json\/wp\/v2\/media?parent=4914"}],"curies":[{"name":"wp","href":"https:\/\/api.w.org\/{rel}","templated":true}]}}