{"id":4025,"date":"2022-07-29T15:12:59","date_gmt":"2022-07-29T18:12:59","guid":{"rendered":"https:\/\/wp.ufpel.edu.br\/ri\/?page_id=4025"},"modified":"2024-08-06T16:42:42","modified_gmt":"2024-08-06T19:42:42","slug":"proximos-eventos-do-calendario-academico","status":"publish","type":"page","link":"https:\/\/wp.ufpel.edu.br\/ri\/proximos-eventos-do-calendario-academico\/","title":{"rendered":"Pr\u00f3ximos Eventos do Calend\u00e1rio Acad\u00eamico"},"content":{"rendered":"<div class=\"dados-cobalto cobalto-eventos cobalto-eventos-layout-h cobalto-eventos-3-colunas\"><div class=\"cobalto-evento-container\"><div class=\"cobalto-evento-data\"><span class=\"cobalto-evento-mes\" style=\"background:#FF7537\">Mai<\/span><span class=\"cobalto-evento-dia\"><strong>10<\/strong><\/span><span class=\"cobalto-evento-dow\">Domingo<\/span><\/div><div class=\"cobalto-evento-descricao\">Suspenso temporariamente em raz\u00e3o da greve \u2014 Publica\u00e7\u00e3o do Edital de Transfer\u00eancia, Reop\u00e7\u00e3o, Reingresso, Retomada de Estudos e Ingresso de Portador de T\u00edtulo para 2026\/2.<\/div><\/div><div class=\"cobalto-evento-container\"><div class=\"cobalto-evento-data\"><span class=\"cobalto-evento-mes\" style=\"background:#9FE1E7\">Mai<\/span><span class=\"cobalto-evento-dia\"><strong>11<\/strong><\/span><span class=\"cobalto-evento-dow\">Segunda<\/span><\/div><div class=\"cobalto-evento-descricao\">FIM: Per\u00edodo para trancamentos de componentes curriculares (disciplinas) \u2013 Sistema Acad\u00eamico Cobalto.<\/div><\/div><div class=\"cobalto-evento-container\"><div class=\"cobalto-evento-data\"><a href=\"https:\/\/wp.ufpel.edu.br\/mostradecursos\/\"><span class=\"cobalto-evento-mes\" style=\"background:#FF7537\">Mai<\/span><span class=\"cobalto-evento-dia\"><strong>13<\/strong><\/span><span class=\"cobalto-evento-dow\">Quarta<\/span><\/a><\/div><div class=\"cobalto-evento-descricao\"><a href=\"https:\/\/wp.ufpel.edu.br\/mostradecursos\/\">Mostra de Cursos<\/a><\/div><\/div><\/div> <!-- .dados-cobalto -->\n","protected":false},"excerpt":{"rendered":"","protected":false},"author":194,"featured_media":0,"parent":0,"menu_order":0,"comment_status":"closed","ping_status":"closed","template":"","meta":{"footnotes":""},"class_list":["post-4025","page","type-page","status-publish","hentry"],"jetpack_sharing_enabled":true,"_links":{"self":[{"href":"https:\/\/wp.ufpel.edu.br\/ri\/wp-json\/wp\/v2\/pages\/4025","targetHints":{"allow":["GET"]}}],"collection":[{"href":"https:\/\/wp.ufpel.edu.br\/ri\/wp-json\/wp\/v2\/pages"}],"about":[{"href":"https:\/\/wp.ufpel.edu.br\/ri\/wp-json\/wp\/v2\/types\/page"}],"author":[{"embeddable":true,"href":"https:\/\/wp.ufpel.edu.br\/ri\/wp-json\/wp\/v2\/users\/194"}],"replies":[{"embeddable":true,"href":"https:\/\/wp.ufpel.edu.br\/ri\/wp-json\/wp\/v2\/comments?post=4025"}],"version-history":[{"count":6,"href":"https:\/\/wp.ufpel.edu.br\/ri\/wp-json\/wp\/v2\/pages\/4025\/revisions"}],"predecessor-version":[{"id":4032,"href":"https:\/\/wp.ufpel.edu.br\/ri\/wp-json\/wp\/v2\/pages\/4025\/revisions\/4032"}],"wp:attachment":[{"href":"https:\/\/wp.ufpel.edu.br\/ri\/wp-json\/wp\/v2\/media?parent=4025"}],"curies":[{"name":"wp","href":"https:\/\/api.w.org\/{rel}","templated":true}]}}